{"id":42,"date":"2024-05-22T21:24:56","date_gmt":"2024-05-22T19:24:56","guid":{"rendered":"https:\/\/fb8feff000.nxcli.io\/contact-us\/"},"modified":"2026-02-09T08:05:59","modified_gmt":"2026-02-09T07:05:59","slug":"kontakt-oss","status":"publish","type":"page","link":"https:\/\/fiskegull.no\/zh\/kontakt-oss\/","title":{"rendered":"\u8054\u7cfb\u6211\u4eec"},"content":{"rendered":"\t\t<div data-elementor-type=\"wp-page\" data-elementor-id=\"42\" class=\"elementor elementor-42\" data-elementor-post-type=\"page\">\n\t\t\t\t<div class=\"elementor-element elementor-element-4223b652 e-con-full e-flex e-con e-parent\" data-id=\"4223b652\" data-element_type=\"container\" data-e-type=\"container\">\n\t\t<div class=\"elementor-element elementor-element-61a315a6 e-con-full e-flex e-con e-child\" data-id=\"61a315a6\" data-element_type=\"container\" data-e-type=\"container\" data-settings=\"{&quot;background_background&quot;:&quot;classic&quot;,&quot;background_motion_fx_motion_fx_scrolling&quot;:&quot;yes&quot;,&quot;background_motion_fx_translateY_effect&quot;:&quot;yes&quot;,&quot;background_motion_fx_translateY_direction&quot;:&quot;negative&quot;,&quot;background_motion_fx_translateY_speed&quot;:{&quot;unit&quot;:&quot;px&quot;,&quot;size&quot;:1.5,&quot;sizes&quot;:[]},&quot;background_motion_fx_translateY_affectedRange&quot;:{&quot;unit&quot;:&quot;%&quot;,&quot;size&quot;:&quot;&quot;,&quot;sizes&quot;:{&quot;start&quot;:0,&quot;end&quot;:100}},&quot;background_motion_fx_devices&quot;:[&quot;desktop&quot;,&quot;tablet&quot;,&quot;mobile&quot;]}\">\n\t\t\t\t<\/div>\n\t\t<div class=\"elementor-element elementor-element-ca27718 e-con-full e-flex e-con e-child\" data-id=\"ca27718\" data-element_type=\"container\" data-e-type=\"container\">\n\t\t\t\t<div class=\"elementor-element elementor-element-7790c0e elementor-widget elementor-widget-heading\" data-id=\"7790c0e\" data-element_type=\"widget\" data-e-type=\"widget\" data-widget_type=\"heading.default\">\n\t\t\t\t<div class=\"elementor-widget-container\">\n\t\t\t\t\t<h2 class=\"elementor-heading-title elementor-size-default\">Kontakt<\/h2>\t\t\t\t<\/div>\n\t\t\t\t<\/div>\n\t\t\t\t<div class=\"elementor-element elementor-element-157e1dc elementor-widget elementor-widget-heading\" data-id=\"157e1dc\" data-element_type=\"widget\" data-e-type=\"widget\" data-widget_type=\"heading.default\">\n\t\t\t\t<div class=\"elementor-widget-container\">\n\t\t\t\t\t<h2 class=\"elementor-heading-title elementor-size-default\">oss<\/h2>\t\t\t\t<\/div>\n\t\t\t\t<\/div>\n\t\t\t\t<div class=\"elementor-element elementor-element-327795fe elementor-widget elementor-widget-text-editor\" data-id=\"327795fe\" data-element_type=\"widget\" data-e-type=\"widget\" data-widget_type=\"text-editor.default\">\n\t\t\t\t<div class=\"elementor-widget-container\">\n\t\t\t\t\t\t\t\t\t<p>Send oss noen ord om hva du lurer p\u00e5, s\u00e5 tar vi kontakt<\/p>\t\t\t\t\t\t\t\t<\/div>\n\t\t\t\t<\/div>\n\t\t\t\t<div class=\"elementor-element elementor-element-638ad5a5 elementor-button-align-start elementor-tablet-button-align-center elementor-widget elementor-widget-form\" data-id=\"638ad5a5\" data-element_type=\"widget\" data-e-type=\"widget\" data-settings=\"{&quot;step_next_label&quot;:&quot;Next&quot;,&quot;step_previous_label&quot;:&quot;Previous&quot;,&quot;button_width&quot;:&quot;100&quot;,&quot;step_type&quot;:&quot;number_text&quot;,&quot;step_icon_shape&quot;:&quot;circle&quot;}\" data-widget_type=\"form.default\">\n\t\t\t\t<div class=\"elementor-widget-container\">\n\t\t\t\t\t\t\t<form class=\"elementor-form\" method=\"post\" name=\"New Form\" aria-label=\"New Form\">\n\t\t\t<input type=\"hidden\" name=\"post_id\" value=\"42\"\/>\n\t\t\t<input type=\"hidden\" name=\"form_id\" value=\"638ad5a5\"\/>\n\t\t\t<input type=\"hidden\" name=\"referer_title\" value=\"Kontakt oss - Fiskegull\" \/>\n\n\t\t\t\t\t\t\t<input type=\"hidden\" name=\"queried_id\" value=\"42\"\/>\n\t\t\t\n\t\t\t<div class=\"elementor-form-fields-wrapper elementor-labels-\">\n\t\t\t\t\t\t\t\t<div class=\"elementor-field-type-text elementor-field-group elementor-column elementor-field-group-navn elementor-col-100 elementor-field-required\">\n\t\t\t\t\t\t\t\t\t\t\t\t<label for=\"form-field-navn\" class=\"elementor-field-label elementor-screen-only\">\n\t\t\t\t\t\t\t\tNavn\t\t\t\t\t\t\t<\/label>\n\t\t\t\t\t\t\t\t\t\t\t\t\t\t<input size=\"1\" type=\"text\" name=\"form_fields[navn]\" id=\"form-field-navn\" class=\"elementor-field elementor-size-sm  elementor-field-textual\" placeholder=\"Navn\" required=\"required\">\n\t\t\t\t\t\t\t\t\t\t\t<\/div>\n\t\t\t\t\t\t\t\t<div class=\"elementor-field-type-tel elementor-field-group elementor-column elementor-field-group-telefon elementor-col-100 elementor-field-required\">\n\t\t\t\t\t\t\t\t\t\t\t\t<label for=\"form-field-telefon\" class=\"elementor-field-label elementor-screen-only\">\n\t\t\t\t\t\t\t\tTelefon\t\t\t\t\t\t\t<\/label>\n\t\t\t\t\t\t\t\t<input size=\"1\" type=\"tel\" name=\"form_fields[telefon]\" id=\"form-field-telefon\" class=\"elementor-field elementor-size-sm  elementor-field-textual\" placeholder=\"Telefon\" required=\"required\" pattern=\"[0-9()#&amp;+*-=.]+\" title=\"Only numbers and phone characters (#, -, *, etc) are accepted.\">\n\n\t\t\t\t\t\t<\/div>\n\t\t\t\t\t\t\t\t<div class=\"elementor-field-type-email elementor-field-group elementor-column elementor-field-group-Epost elementor-col-100\">\n\t\t\t\t\t\t\t\t\t\t\t\t<label for=\"form-field-Epost\" class=\"elementor-field-label elementor-screen-only\">\n\t\t\t\t\t\t\t\tEpost\t\t\t\t\t\t\t<\/label>\n\t\t\t\t\t\t\t\t\t\t\t\t\t\t<input size=\"1\" type=\"email\" name=\"form_fields[Epost]\" id=\"form-field-Epost\" class=\"elementor-field elementor-size-sm  elementor-field-textual\" placeholder=\"Mailadresse\">\n\t\t\t\t\t\t\t\t\t\t\t<\/div>\n\t\t\t\t\t\t\t\t<div class=\"elementor-field-type-textarea elementor-field-group elementor-column elementor-field-group-Sporsmal elementor-col-100 elementor-field-required\">\n\t\t\t\t\t\t\t\t\t\t\t\t<label for=\"form-field-Sporsmal\" class=\"elementor-field-label elementor-screen-only\">\n\t\t\t\t\t\t\t\tSp\u00f8rsm\u00e5l til oss\t\t\t\t\t\t\t<\/label>\n\t\t\t\t\t\t<textarea class=\"elementor-field-textual elementor-field  elementor-size-sm\" name=\"form_fields[Sporsmal]\" id=\"form-field-Sporsmal\" rows=\"2\" placeholder=\"Sp\u00f8rsm\u00e5l til oss\" required=\"required\"><\/textarea>\t\t\t\t<\/div>\n\t\t\t\t\t\t\t\t<div class=\"elementor-field-group elementor-column elementor-field-type-submit elementor-col-100 e-form__buttons\">\n\t\t\t\t\t<button class=\"elementor-button elementor-size-xs\" type=\"submit\">\n\t\t\t\t\t\t<span class=\"elementor-button-content-wrapper\">\n\t\t\t\t\t\t\t\t\t\t\t\t\t\t\t\t\t\t\t\t\t\t<span class=\"elementor-button-text\">Send<\/span>\n\t\t\t\t\t\t\t\t\t\t\t\t\t<\/span>\n\t\t\t\t\t<\/button>\n\t\t\t\t<\/div>\n\t\t\t<\/div>\n\t\t<\/form>\n\t\t\t\t\t\t<\/div>\n\t\t\t\t<\/div>\n\t\t\t\t<\/div>\n\t\t\t\t<\/div>\n\t\t<div class=\"elementor-element elementor-element-39f08d6 e-flex e-con-boxed e-con e-parent\" data-id=\"39f08d6\" data-element_type=\"container\" data-e-type=\"container\">\n\t\t\t\t\t<div class=\"e-con-inner\">\n\t\t<div class=\"elementor-element elementor-element-23be13c e-con-full e-flex e-con e-child\" data-id=\"23be13c\" data-element_type=\"container\" data-e-type=\"container\">\n\t\t\t\t<div class=\"elementor-element elementor-element-ba3f6fb elementor-widget elementor-widget-text-editor\" data-id=\"ba3f6fb\" data-element_type=\"widget\" data-e-type=\"widget\" data-widget_type=\"text-editor.default\">\n\t\t\t\t<div class=\"elementor-widget-container\">\n\t\t\t\t\t\t\t\t\t<p><strong>Kontakt oss:<\/strong><\/p>\n<ul>\n<li><strong>E-post:<\/strong> <a target=\"_new\" rel=\"noreferrer\">post@fiskegull.no<\/a><\/li>\n<li><strong>Telefon:<\/strong> +47 930 36 228<\/li>\n<li><strong>Adresse:<\/strong> Titanveien 3D, 3154 Tolvsr\u00f8d, Norge<\/li>\n<\/ul>\n<div><br><\/div>\n<div><br><\/div>\n<p>F\u00f8lg oss p\u00e5 sosiale medier:<\/p>\n<ul>\n<li><a href=\"https:\/\/www.facebook.com\/fiskegull\" target=\"_blank\" rel=\"noopener\">Facebook<\/a><\/li>\n<li><a href=\"https:\/\/www.instagram.com\/fiskegull\/\" target=\"_blank\" rel=\"noopener\">Instagram<\/a><\/li>\n<li><a href=\"https:\/\/www.linkedin.com\/company\/seafoodnorway\" target=\"_blank\" rel=\"noopener\">Linkedin<\/a><\/li>\n<li><a href=\"https:\/\/www.tiktok.com\/@fiskegull.no\">TikTok<\/a><\/li>\n<\/ul>\t\t\t\t\t\t\t\t<\/div>\n\t\t\t\t<\/div>\n\t\t\t\t<\/div>\n\t\t<div class=\"elementor-element elementor-element-25f2587 e-con-full e-flex e-con e-child\" data-id=\"25f2587\" data-element_type=\"container\" data-e-type=\"container\">\n\t\t\t\t<div class=\"elementor-element elementor-element-0b0d64c elementor-widget elementor-widget-image\" data-id=\"0b0d64c\" data-element_type=\"widget\" data-e-type=\"widget\" data-widget_type=\"image.default\">\n\t\t\t\t<div class=\"elementor-widget-container\">\n\t\t\t\t\t\t\t\t\t\t\t\t\t\t\t<img fetchpriority=\"high\" decoding=\"async\" width=\"1344\" height=\"1920\" src=\"https:\/\/eadn-wc02-16313031.nxedge.io\/wp-content\/uploads\/2024\/05\/Fiskegull-Tranebaer.webp\" class=\"elementor-animation-grow attachment-full size-full wp-image-1073\" alt=\"Fiskegull Traneb\u00e6r\" srcset=\"https:\/\/eadn-wc02-16313031.nxedge.io\/wp-content\/uploads\/2024\/05\/Fiskegull-Tranebaer.webp 1344w, https:\/\/eadn-wc02-16313031.nxedge.io\/wp-content\/uploads\/2024\/05\/Fiskegull-Tranebaer-600x857.webp 600w, https:\/\/eadn-wc02-16313031.nxedge.io\/wp-content\/uploads\/2024\/05\/Fiskegull-Tranebaer-210x300.webp 210w, https:\/\/eadn-wc02-16313031.nxedge.io\/wp-content\/uploads\/2024\/05\/Fiskegull-Tranebaer-717x1024.webp 717w, https:\/\/eadn-wc02-16313031.nxedge.io\/wp-content\/uploads\/2024\/05\/Fiskegull-Tranebaer-768x1097.webp 768w, https:\/\/eadn-wc02-16313031.nxedge.io\/wp-content\/uploads\/2024\/05\/Fiskegull-Tranebaer-1075x1536.webp 1075w, https:\/\/eadn-wc02-16313031.nxedge.io\/wp-content\/uploads\/2024\/05\/Fiskegull-Tranebaer-1320x1886.webp 1320w\" sizes=\"(max-width: 1344px) 100vw, 1344px\" \/>\t\t\t\t\t\t\t\t\t\t\t\t\t\t\t<\/div>\n\t\t\t\t<\/div>\n\t\t\t\t<\/div>\n\t\t\t\t\t<\/div>\n\t\t\t\t<\/div>\n\t\t<div class=\"elementor-element elementor-element-313f98a e-flex e-con-boxed e-con e-parent\" data-id=\"313f98a\" data-element_type=\"container\" data-e-type=\"container\">\n\t\t\t\t\t<div class=\"e-con-inner\">\n\t\t\t\t<div class=\"elementor-element elementor-element-e03d309 elementor-align-center elementor-widget elementor-widget-button\" data-id=\"e03d309\" data-element_type=\"widget\" data-e-type=\"widget\" data-widget_type=\"button.default\">\n\t\t\t\t<div class=\"elementor-widget-container\">\n\t\t\t\t\t\t\t\t\t<div class=\"elementor-button-wrapper\">\n\t\t\t\t\t<a class=\"elementor-button elementor-button-link elementor-size-sm\" href=\"https:\/\/fiskegull.no\/bli-medeier-i-fiskegull\/\">\n\t\t\t\t\t\t<span class=\"elementor-button-content-wrapper\">\n\t\t\t\t\t\t\t\t\t<span class=\"elementor-button-text\">Bli medeier<\/span>\n\t\t\t\t\t<\/span>\n\t\t\t\t\t<\/a>\n\t\t\t\t<\/div>\n\t\t\t\t\t\t\t\t<\/div>\n\t\t\t\t<\/div>\n\t\t\t\t\t<\/div>\n\t\t\t\t<\/div>\n\t\t<div class=\"elementor-element elementor-element-f1f572c e-flex e-con-boxed e-con e-parent\" data-id=\"f1f572c\" data-element_type=\"container\" data-e-type=\"container\">\n\t\t\t\t\t<div class=\"e-con-inner\">\n\t\t\t\t<div class=\"elementor-element elementor-element-0e8d424 elementor-widget elementor-widget-image\" data-id=\"0e8d424\" data-element_type=\"widget\" data-e-type=\"widget\" data-widget_type=\"image.default\">\n\t\t\t\t<div class=\"elementor-widget-container\">\n\t\t\t\t\t\t\t\t\t\t\t\t<figure class=\"wp-caption\">\n\t\t\t\t\t\t\t\t\t\t\t<a href=\"https:\/\/fiskegull.no\/\" target=\"_blank\">\n\t\t\t\t\t\t\t<img decoding=\"async\" width=\"1950\" height=\"994\" src=\"https:\/\/eadn-wc02-16313031.nxedge.io\/wp-content\/uploads\/2026\/02\/Fiskegull-AS-\u2013-Innovativ-og-smakfull-bruk-av-lakseskinn-e1770620711653.png\" class=\"attachment-full size-full wp-image-2992\" alt=\"Fiskegull AS \u2013 Innovativ og smakfull bruk av lakseskinn\" srcset=\"https:\/\/eadn-wc02-16313031.nxedge.io\/wp-content\/uploads\/2026\/02\/Fiskegull-AS-\u2013-Innovativ-og-smakfull-bruk-av-lakseskinn-e1770620711653.png 1950w, https:\/\/eadn-wc02-16313031.nxedge.io\/wp-content\/uploads\/2026\/02\/Fiskegull-AS-\u2013-Innovativ-og-smakfull-bruk-av-lakseskinn-e1770620711653-300x153.png 300w, https:\/\/eadn-wc02-16313031.nxedge.io\/wp-content\/uploads\/2026\/02\/Fiskegull-AS-\u2013-Innovativ-og-smakfull-bruk-av-lakseskinn-e1770620711653-1024x522.png 1024w, https:\/\/eadn-wc02-16313031.nxedge.io\/wp-content\/uploads\/2026\/02\/Fiskegull-AS-\u2013-Innovativ-og-smakfull-bruk-av-lakseskinn-e1770620711653-768x391.png 768w, https:\/\/eadn-wc02-16313031.nxedge.io\/wp-content\/uploads\/2026\/02\/Fiskegull-AS-\u2013-Innovativ-og-smakfull-bruk-av-lakseskinn-e1770620711653-1536x783.png 1536w, https:\/\/eadn-wc02-16313031.nxedge.io\/wp-content\/uploads\/2026\/02\/Fiskegull-AS-\u2013-Innovativ-og-smakfull-bruk-av-lakseskinn-e1770620711653-1320x673.png 1320w, https:\/\/eadn-wc02-16313031.nxedge.io\/wp-content\/uploads\/2026\/02\/Fiskegull-AS-\u2013-Innovativ-og-smakfull-bruk-av-lakseskinn-e1770620711653-600x306.png 600w\" sizes=\"(max-width: 1950px) 100vw, 1950px\" \/>\t\t\t\t\t\t\t\t<\/a>\n\t\t\t\t\t\t\t\t\t\t\t<figcaption class=\"widget-image-caption wp-caption-text\">Fiskegull AS \u2013 Innovativ og smakfull bruk av lakseskinn<\/figcaption>\n\t\t\t\t\t\t\t\t\t\t<\/figure>\n\t\t\t\t\t\t\t\t\t<\/div>\n\t\t\t\t<\/div>\n\t\t\t\t\t<\/div>\n\t\t\t\t<\/div>\n\t\t\t\t<\/div>\n\t\t","protected":false},"excerpt":{"rendered":"<p>Kontakt oss Send oss noen ord om hva du lurer p\u00e5, s\u00e5 tar vi kontakt Kontakt oss: E-post: post@fiskegull.no Telefon: +47 930 36 228 Adresse: Titanveien 3D, 3154 Tolvsr\u00f8d, Norge F\u00f8lg oss p\u00e5 sosiale medier: Facebook Instagram Linkedin TikTok Bli medeier Fiskegull AS \u2013 Innovativ og smakfull bruk av lakseskinn<\/p>","protected":false},"author":1,"featured_media":0,"parent":0,"menu_order":0,"comment_status":"closed","ping_status":"closed","template":"elementor_header_footer","meta":{"footnotes":""},"class_list":["post-42","page","type-page","status-publish","hentry"],"jetpack-related-posts":[],"jetpack_sharing_enabled":true,"_links":{"self":[{"href":"https:\/\/fiskegull.no\/zh\/wp-json\/wp\/v2\/pages\/42","targetHints":{"allow":["GET"]}}],"collection":[{"href":"https:\/\/fiskegull.no\/zh\/wp-json\/wp\/v2\/pages"}],"about":[{"href":"https:\/\/fiskegull.no\/zh\/wp-json\/wp\/v2\/types\/page"}],"author":[{"embeddable":true,"href":"https:\/\/fiskegull.no\/zh\/wp-json\/wp\/v2\/users\/1"}],"replies":[{"embeddable":true,"href":"https:\/\/fiskegull.no\/zh\/wp-json\/wp\/v2\/comments?post=42"}],"version-history":[{"count":3,"href":"https:\/\/fiskegull.no\/zh\/wp-json\/wp\/v2\/pages\/42\/revisions"}],"predecessor-version":[{"id":2996,"href":"https:\/\/fiskegull.no\/zh\/wp-json\/wp\/v2\/pages\/42\/revisions\/2996"}],"wp:attachment":[{"href":"https:\/\/fiskegull.no\/zh\/wp-json\/wp\/v2\/media?parent=42"}],"curies":[{"name":"wp","href":"https:\/\/api.w.org\/{rel}","templated":true}]}}