{"id":2463,"date":"2025-01-03T10:51:48","date_gmt":"2025-01-03T09:51:48","guid":{"rendered":"https:\/\/fb8feff000.nxcli.io\/?page_id=2463"},"modified":"2026-02-22T22:33:14","modified_gmt":"2026-02-22T21:33:14","slug":"betingelser","status":"publish","type":"page","link":"https:\/\/fiskegull.no\/zh\/betingelser\/","title":{"rendered":"\u72b6\u51b5"},"content":{"rendered":"<div data-elementor-type=\"wp-page\" data-elementor-id=\"2463\" class=\"elementor elementor-2463\" data-elementor-post-type=\"page\">\n\t\t\t\t<div class=\"elementor-element elementor-element-619422d e-flex e-con-boxed e-con e-parent\" data-id=\"619422d\" data-element_type=\"container\" data-e-type=\"container\">\n\t\t\t\t\t<div class=\"e-con-inner\">\n\t\t\t\t<div class=\"elementor-element elementor-element-3c982209 elementor-widget elementor-widget-text-editor\" data-id=\"3c982209\" data-element_type=\"widget\" data-e-type=\"widget\" data-widget_type=\"text-editor.default\">\n\t\t\t\t<div class=\"elementor-widget-container\">\n\t\t\t\t\t\t\t\t\t<h2 data-pm-slice=\"1 1 []\">Fiskegull AS \u9500\u552e\u6761\u6b3e \u2013 \u5b89\u5168\u5728\u7ebf\u8d2d\u4e70\u9c7c\u96f6\u98df<\/h2>\n<p>\u6b22\u8fce\u6765\u5230Fiskegull\uff01\u60a8\u53ef\u4ee5\u5728\u8fd9\u91cc\u627e\u5230\u6211\u4eec\u5728\u7ebf\u5546\u5e97\u8d2d\u4e70\u9c7c\u96f6\u98df\u3001\u9c7c\u8089\u5236\u54c1\u53ca\u5176\u4ed6\u4ea7\u54c1\u7684\u5b8c\u6574\u6761\u6b3e\u548c\u6761\u4ef6\u3002\u8fd9\u4e9b\u6761\u6b3e\u548c\u6761\u4ef6\u65e8\u5728\u4fdd\u969c\u60a8\u4f5c\u4e3a\u6d88\u8d39\u8005\u5728\u7f51\u4e0a\u8d2d\u7269\u65f6\u7684\u5404\u9879\u6743\u76ca\u3002<\/p>\n<h2>\u60a8\u5728\u7f51\u4e0a\u8d2d\u4e70\u9c7c\u96f6\u98df\u65f6\u7684\u6743\u5229<\/h2>\n<p>\u672c\u6b21\u8d2d\u4e70\u53d7\u632a\u5a01\u6d88\u8d39\u8005\u6cd5\u5f8b\u6cd5\u89c4\u7684\u7ea6\u675f\uff0c\u5305\u62ec\u300a\u5408\u540c\u6cd5\u300b\u3001\u300a\u6d88\u8d39\u8005\u8d2d\u4e70\u6cd5\u300b\u3001\u300a\u5e02\u573a\u8425\u9500\u6cd5\u300b\u3001\u300a\u64a4\u56de\u6743\u6cd5\u300b\u548c\u300a\u7535\u5b50\u5546\u52a1\u6cd5\u300b\u3002\u8fd9\u4e9b\u6cd5\u5f8b\u8d4b\u4e88\u60a8\u4f5c\u4e3a\u6d88\u8d39\u8005\u5728\u7f51\u4e0a\u8d2d\u4e70\u98df\u54c1\u548c\u96f6\u98df\u65f6\u4eab\u6709\u7684\u5f3a\u5927\u6743\u5229\u3002<\/p>\n<p>\u9500\u552e\u6761\u6b3e\u6839\u636e\u632a\u5a01\u6d88\u8d39\u8005\u7ba1\u7406\u5c40\u7684\u5efa\u8bae\u5236\u5b9a\uff0c\u65e8\u5728\u786e\u4fdd\u4ea4\u6613\u5b89\u5168\u3002\u4e86\u89e3\u66f4\u591a\u5173\u4e8e\u60a8\u7684\u6743\u5229\uff0c\u8bf7\u8bbf\u95ee[\u6b64\u5904\u63d2\u5165\u94fe\u63a5]\u3002 <a class=\"text-blue-600 underline hover:text-blue-800 transition-colors\" href=\"https:\/\/www.forbrukertilsynet.no\" target=\"_blank\" rel=\"noopener noreferrer nofollow\">\u6d88\u8d39\u8005\u7ba1\u7406\u5c40\u7f51\u7ad9<\/a>.<\/p>\n<h2>1. \u8be5\u534f\u8bae\u6db5\u76d6\u54ea\u4e9b\u5185\u5bb9\uff1f<\/h2>\n<p>\u5728 Fiskegull \u8d2d\u4e70\u9c7c\u8089\u96f6\u98df\u65f6\uff0c\u534f\u8bae\u5185\u5bb9\u5305\u62ec\uff1a<\/p>\n<ul>\n<li>\n<p>\u8fd9\u4e9b\u9500\u552e\u6761\u6b3e\u548c\u6761\u4ef6<\/p>\n<\/li>\n<li>\n<p>\u8ba2\u8d2d\u89e3\u51b3\u65b9\u6848\u4e2d\u63d0\u4f9b\u7684\u4fe1\u606f<\/p>\n<\/li>\n<li>\n<p>\u4efb\u4f55\u5355\u72ec\u7ea6\u5b9a\u7684\u6761\u6b3e<\/p>\n<\/li>\n<\/ul>\n<p>\u5982\u53d1\u751f\u51b2\u7a81\uff0c\u4ee5\u53cc\u65b9\u660e\u786e\u7ea6\u5b9a\u7684\u5185\u5bb9\u4e3a\u51c6\uff0c\u4f46\u4ee5\u4e0d\u4e0e\u5f3a\u5236\u6027\u6cd5\u5f8b\u76f8\u62b5\u89e6\u4e3a\u9650\u3002\u672c\u534f\u8bae\u8fd8\u5e94\u4ee5\u6d88\u8d39\u8005\u8d2d\u4e70\u76f8\u5173\u7684\u6cd5\u5f8b\u89c4\u5b9a\u4f5c\u4e3a\u8865\u5145\u3002<\/p>\n<h2>2. \u8054\u7cfb\u65b9\u5f0f<\/h2>\n<p><strong>\u5356\u65b9\uff1a<\/strong><\/p>\n<ul>\n<li>\n<p>\u516c\u53f8\u540d\u79f0\uff1aFISKEGULL AS<\/p>\n<\/li>\n<li>\n<p>\u5730\u5740\uff1aTitanveien 3D, 3154 Tolvsr\u00f8d<\/p>\n<\/li>\n<li>\n<p>\u7535\u5b50\u90ae\u4ef6\uff1a <a class=\"text-blue-600 underline hover:text-blue-800 transition-colors\" href=\"mailto:post@fiskegull.no\" target=\"_blank\" rel=\"noopener noreferrer nofollow\">post@fiskegull.no<\/a><\/p>\n<\/li>\n<li>\n<p>\u7535\u8bdd\uff1a93036228<\/p>\n<\/li>\n<li>\n<p>\u7ec4\u7ec7\u7f16\u53f7\uff1a923365974<\/p>\n<\/li>\n<\/ul>\n<p><strong>\u4e70\u65b9\uff1a<\/strong> \u5728\u6211\u4eec\u7f51\u4e0a\u5546\u5e97\u4e0b\u5355\u7684\u6d88\u8d39\u8005\u3002<\/p>\n<h2>3. \u9c7c\u7c7b\u96f6\u98df\u548c\u4ea7\u54c1\u7684\u4ef7\u683c<\/h2>\n<p>\u6211\u4eec\u7f51\u4e0a\u5546\u5e97\u7684\u6240\u6709\u4ef7\u683c\u5747\u4ee5\u632a\u5a01\u514b\u6717\u6807\u4ef7\uff0c\u5e76\u5305\u542b\uff1a<\/p>\n<ul>\n<li>\n<p>\u589e\u503c\u7a0e\uff08VAT\uff09<\/p>\n<\/li>\n<li>\n<p>\u6240\u6709\u8d39\u7528<\/p>\n<\/li>\n<li>\n<p>\u989d\u5916\u8d39\u7528<\/p>\n<\/li>\n<\/ul>\n<p>\u60a8\u770b\u5230\u7684\u603b\u4ef7\u5c31\u662f\u60a8\u6700\u7ec8\u652f\u4ed8\u7684\u4ef7\u683c\u3002\u6240\u6709\u8fd0\u8d39\u5c06\u5728\u60a8\u5b8c\u6210\u8d2d\u4e70\u524d\u6e05\u6670\u663e\u793a\u3002\u60a8\u65e0\u9700\u652f\u4ed8\u4efb\u4f55\u6211\u4eec\u672a\u5728\u8d2d\u4e70\u524d\u544a\u77e5\u60a8\u7684\u8d39\u7528\u3002<\/p>\n<h2>4. \u8d2d\u4e70\u5408\u540c\u4f55\u65f6\u751f\u6548\uff1f<\/h2>\n<p>\u4e00\u65e6\u60a8\u5411\u6211\u4eec\u53d1\u9001\u4e86\u8ba2\u5355\uff0c\u8be5\u534f\u8bae\u5373\u5bf9\u53cc\u65b9\u5177\u6709\u7ea6\u675f\u529b\u3002<\/p>\n<p><strong>\u4f8b\u5916\uff1a<\/strong> \u5982\u679c\u4ef7\u683c\u6216\u4ea7\u54c1\u4fe1\u606f\u4e2d\u51fa\u73b0\u660e\u663e\u7684\u6253\u5b57\u9519\u8bef\u6216\u62fc\u5199\u9519\u8bef\uff0c\u800c\u53e6\u4e00\u65b9\u5df2\u7ecf\u610f\u8bc6\u5230\u6216\u5e94\u8be5\u610f\u8bc6\u5230\u8be5\u9519\u8bef\uff0c\u5219\u8be5\u534f\u8bae\u4e0d\u5177\u6709\u7ea6\u675f\u529b\u3002<\/p>\n<h2>5. \u4ed8\u6b3e\u65b9\u5f0f<\/h2>\n<p>\u6211\u4eec\u63d0\u4f9b\u4ee5\u4e0b\u51e0\u79cd\u9c7c\u8089\u5c0f\u5403\u4ed8\u6b3e\u65b9\u5f0f\uff1a<\/p>\n<p><strong>\u4fe1\u7528\u5361\uff08Visa\/Mastercard\/Vipps\uff09\uff1a<\/strong><\/p>\n<ul>\n<li>\n<p>\u4e0b\u5355\u540e\uff0c\u8d2d\u4e70\u4ef7\u683c\u5373\u88ab\u4fdd\u7559\u3002<\/p>\n<\/li>\n<li>\n<p>\u5546\u54c1\u53d1\u8d27\u65f6\u624d\u4f1a\u4ece\u5361\u4e2d\u6263\u6b3e\u3002<\/p>\n<\/li>\n<\/ul>\n<p><strong>\u53d1\u7968\uff1a<\/strong><\/p>\n<ul>\n<li>\n<p>\u53d1\u7968\u5c06\u5728\u53d1\u8d27\u65f6\u5f00\u5177\u3002<\/p>\n<\/li>\n<li>\n<p>\u4ed8\u6b3e\u671f\u9650\uff1a\u81ea\u6536\u5230\u8d27\u7269\u4e4b\u65e5\u8d77\u81f3\u5c11 14 \u5929<\/p>\n<\/li>\n<li>\n<p>\u672a\u6ee118\u5c81\u7684\u4e70\u5bb6\u4e0d\u5f97\u8d2d\u4e70<\/p>\n<\/li>\n<\/ul>\n<p>\u6211\u4eec\u53ef\u80fd\u4f1a\u5728\u5546\u54c1\u53d1\u8d27\u65f6\u8981\u6c42\u4ed8\u6b3e\u3002<\/p>\n<h2>6. \u9c7c\u7247\u5c0f\u5403\u914d\u9001<\/h2>\n<p><strong>\u4ea4\u8d27\u65f6\u95f4\uff1a<\/strong><\/p>\n<ul>\n<li>\n<p>\u901a\u5e38\u60c5\u51b5\u4e0b\uff0c\u8ba2\u5355\u53d1\u51fa\u540e2-5\u4e2a\u5de5\u4f5c\u65e5\u5185\u53d1\u8d27\u3002<\/p>\n<\/li>\n<li>\n<p>\u9664\u975e\u53e6\u6709\u7ea6\u5b9a\uff0c\u6700\u957f\u4e0d\u8d85\u8fc730\u5929\u3002<\/p>\n<\/li>\n<\/ul>\n<p><strong>\u9001\u8d27\u5730\u70b9\uff1a<\/strong> \u9664\u975e\u53e6\u6709\u7ea6\u5b9a\uff0c\u5426\u5219\u5c06\u5bc4\u9001\u5230\u60a8\u63d0\u4f9b\u7684\u5730\u5740\u3002<\/p>\n<p><strong>\u4f55\u65f6\u53d1\u8d27\uff1f<\/strong> \u5f53\u60a8\u6216\u60a8\u7684\u4ee3\u8868\u6536\u5230\u9c7c\u96f6\u98df\u5305\u88c5\u65f6\u3002<\/p>\n<h2>7. \u8fd0\u8f93\u8fc7\u7a0b\u4e2d\u8d27\u7269\u7684\u8d23\u4efb<\/h2>\n<p>\u8d27\u7269\u98ce\u9669\u5728\u60a8\u6216\u60a8\u7684\u4ee3\u8868\u6536\u5230\u8d27\u7269\u65f6\u8f6c\u79fb\u7ed9\u60a8\u3002\u5728\u6b64\u4e4b\u524d\uff0c\u6211\u4eec\u627f\u62c5\u8d27\u7269\u7684\u8d23\u4efb\u3002<\/p>\n<h2>8. \u9000\u8d27\u6743 \u2013 14 \u5929\u9000\u8d27\u653f\u7b56<\/h2>\n<p>\u4f60\u6709 <strong>14\u5929\u64a4\u56de\u6743<\/strong> \u4ece Fiskegull \u8d2d\u4e70\u9c7c\u96f6\u98df\u548c\u5176\u4ed6\u5546\u54c1\u3002<\/p>\n<h3>\u5982\u4f55\u884c\u4f7f\u64a4\u56de\u6743\uff1a<\/h3>\n<p><strong>\u53d6\u6d88\u671f\u9650\uff1a<\/strong><\/p>\n<ul>\n<li>\n<p>\u81ea\u60a8\u6536\u5230\u5546\u54c1\u4e4b\u65e5\u8d77 14 \u5929\u5185<\/p>\n<\/li>\n<li>\n<p>\u5305\u62ec\u6240\u6709\u65e5\u5386\u65e5<\/p>\n<\/li>\n<li>\n<p>\u901a\u77e5\u5fc5\u987b\u5728\u622a\u6b62\u65e5\u671f\u524d\u53d1\u51fa\u3002<\/p>\n<\/li>\n<\/ul>\n<p><strong>\u5982\u4f55\u884c\u4f7f\u64a4\u56de\u6743\uff1a<\/strong> \u53d1\u9001\u6d88\u606f\u81f3 <a class=\"text-blue-600 underline hover:text-blue-800 transition-colors\" href=\"mailto:post@fiskegull.no\" target=\"_blank\" rel=\"noopener noreferrer nofollow\">post@fiskegull.no<\/a> \u548c\uff1a<\/p>\n<ul>\n<li>\n<p>\u8ba2\u5355\u53f7<\/p>\n<\/li>\n<li>\n<p>\u4f60\u540e\u6094\u4e70\u4e86\u54ea\u4e9b\u4e1c\u897f\uff1f<\/p>\n<\/li>\n<li>\n<p>\u5df2\u7533\u8bf7\u9000\u6b3e<\/p>\n<\/li>\n<\/ul>\n<p><strong>\u8fd4\u56de\uff1a<\/strong><\/p>\n<ul>\n<li>\n<p>\u5fc5\u987b\u5728\u6536\u5230\u901a\u77e5\u540e14\u5929\u5185\u9000\u56de\u8be5\u7269\u54c1\uff0c\u4e0d\u5f97\u65e0\u6545\u62d6\u5ef6\u3002<\/p>\n<\/li>\n<li>\n<p>\u60a8\u9700\u627f\u62c5\u9000\u8d27\u8d39\u7528\u3002<\/p>\n<\/li>\n<li>\n<p>\u53d1\u9001\u81f3\uff1aFis\u200b\u200bkegull AS, Titanveien 3D, 3154 Tolvsr\u00f8d<\/p>\n<\/li>\n<\/ul>\n<p><strong>\u7269\u54c1\u72b6\u51b5\uff1a<\/strong><\/p>\n<ul>\n<li>\n<p>\u60a8\u53ef\u4ee5\u4ed4\u7ec6\u6d4b\u8bd5\u4ea7\u54c1\u4ee5\u8bc4\u4f30\u5176\u8d28\u91cf\u3002<\/p>\n<\/li>\n<li>\n<p>\u5546\u54c1\u5fc5\u987b\u4ee5\u57fa\u672c\u76f8\u540c\u7684\u72b6\u6001\u9000\u56de\u3002<\/p>\n<\/li>\n<li>\n<p>\u6b63\u5e38\u68c0\u6d4b\u7ed3\u679c\u4e0d\u5f71\u54cd\u64a4\u56de\u6743<\/p>\n<\/li>\n<li>\n<p>\u672a\u5f00\u5c01\u7684\u9c7c\u8089\u96f6\u98df\u5305\u88c5\u9700\u4ee5\u539f\u5305\u88c5\u9000\u56de\u3002<\/p>\n<\/li>\n<\/ul>\n<p><strong>\u9000\u6b3e\uff1a<\/strong> \u6211\u4eec\u5c06\u5728\u6536\u5230\u9000\u56de\u7684\u5546\u54c1\u6216\u5df2\u5bc4\u51fa\u5546\u54c1\u7684\u8bc1\u660e\u6587\u4ef6\u540e\u7684 14 \u5929\u5185\u9000\u8fd8\u8d2d\u4e70\u4ef7\u6b3e\u3002<\/p>\n<h3>\u5ef6\u957f\u53d6\u6d88\u671f\u9650\uff1a<\/h3>\n<p>\u5982\u679c\u6211\u4eec\u5728\u60a8\u8d2d\u4e70\u524d\u672a\u544a\u77e5\u60a8\u64a4\u56de\u6743\uff0c\u5219\u671f\u9650\u5ef6\u957f\u81f312\u4e2a\u6708\u3002\u5982\u679c\u6211\u4eec\u5728\u8fd912\u4e2a\u6708\u5185\u5411\u60a8\u63d0\u4f9b\u76f8\u5173\u4fe1\u606f\uff0c\u60a8\u81ea\u6536\u5230\u4fe1\u606f\u4e4b\u65e5\u8d77\u670914\u5929\u7684\u65f6\u95f4\u884c\u4f7f\u64a4\u56de\u6743\u3002<\/p>\n<h2>9. \u5ef6\u8fdf\u4ea4\u4ed8\u2014\u2014\u60a8\u7684\u6743\u5229<\/h2>\n<p>\u5982\u679c\u6211\u4eec\u672a\u80fd\u6309\u7ea6\u5b9a\u65f6\u95f4\u4ea4\u4ed8\u9c7c\u5757\u6216\u5176\u4ed6\u8d27\u7269\uff0c\u4e14\u8fd9\u5e76\u975e\u60a8\u7684\u8fc7\u9519\uff0c\u60a8\u4eab\u6709\u4ee5\u4e0b\u6743\u5229\uff1a<\/p>\n<p><strong>\u5c65\u884c\uff1a<\/strong><\/p>\n<ul>\n<li>\n<p>\u60a8\u53ef\u4ee5\u8981\u6c42\u6211\u4eec\u9001\u8d27\u4e0a\u95e8\u3002<\/p>\n<\/li>\n<li>\n<p>\u8bbe\u5b9a\u5408\u7406\u7684\u5ef6\u671f\u671f\u9650<\/p>\n<\/li>\n<\/ul>\n<p><strong>\u63d0\u9ad8\uff1a<\/strong><\/p>\n<ul>\n<li>\n<p>\u5982\u679c\u6211\u4eec\u672a\u80fd\u5728\u5ef6\u957f\u671f\u9650\u5185\u4ea4\u4ed8\uff0c\u60a8\u53ef\u4ee5\u53d6\u6d88\u8d2d\u4e70\u3002<\/p>\n<\/li>\n<li>\n<p>\u5982\u679c\u6211\u4eec\u62d2\u7edd\u9001\u8d27\uff0c\u5219\u7acb\u5373\u53d6\u6d88\u8ba2\u5355\u3002<\/p>\n<\/li>\n<li>\n<p>\u5982\u679c\u4ea4\u8d27\u65f6\u95f4\u5bf9\u8d2d\u4e70\u81f3\u5173\u91cd\u8981<\/p>\n<\/li>\n<\/ul>\n<p><strong>\u8d54\u507f\uff1a<\/strong> \u9664\u975e\u5ef6\u8bef\u662f\u7531\u4e8e\u6211\u4eec\u65e0\u6cd5\u63a7\u5236\u7684\u60c5\u51b5\u9020\u6210\u7684\uff0c\u5426\u5219\u60a8\u53ef\u4ee5\u5c31\u5ef6\u8bef\u9020\u6210\u7684\u635f\u5931\u8981\u6c42\u8d54\u507f\u3002<\/p>\n<h2>10. \u7f3a\u9677\u6295\u8bc9<\/h2>\n<h3>\u98df\u54c1\u6295\u8bc9\u622a\u6b62\u65e5\u671f\uff1a<\/h3>\n<ul>\n<li>\n<p><strong>2\u4e2a\u6708<\/strong> \u4ece\u4f60\u53d1\u73b0\u6216\u5e94\u8be5\u53d1\u73b0\u7f3a\u9677\u4e4b\u65f6\u8d77\u7b97\u3002<\/p>\n<\/li>\n<li>\n<p><strong>2\u5e74<\/strong> \u81ea\u60a8\u6536\u5230\u8d27\u7269\u4e4b\u65e5\u8d77\uff08\u4e00\u822c\u6295\u8bc9\u671f\u9650\uff09<\/p>\n<\/li>\n<li>\n<p>\u98df\u54c1\u4e5f\u9002\u7528\u4fdd\u8d28\u671f\u89c4\u5b9a\u3002<\/p>\n<\/li>\n<\/ul>\n<h3>\u53d1\u751f\u7f3a\u9677\u65f6\u60a8\u7684\u6743\u5229\uff1a<\/h3>\n<p><strong>\u66f4\u6b63\u6216\u91cd\u65b0\u63d0\u4ea4\uff1a<\/strong> \u60a8\u53ef\u4ee5\u9009\u62e9\u4fee\u590d\u7f3a\u9677\u6216\u66f4\u6362\u7c7b\u4f3c\u4ea7\u54c1\u3002\u5982\u679c\u4fee\u590d\u6216\u66f4\u6362\u4ea7\u54c1\u4e0d\u53ef\u80fd\u6216\u8d39\u7528\u8fc7\u9ad8\uff0c\u6211\u4eec\u53ef\u80fd\u4f1a\u63d0\u51fa\u5f02\u8bae\u3002<\/p>\n<p><strong>\u964d\u4ef7\uff1a<\/strong> \u5982\u679c\u7269\u54c1\u65e0\u6cd5\u7ef4\u4fee\u6216\u66f4\u6362\uff0c\u60a8\u53ef\u4ee5\u8981\u6c42\u51cf\u4ef7\uff0c\u51cf\u4ef7\u5e45\u5ea6\u7b49\u4e8e\u7269\u54c1\u4ef7\u503c\u7684\u51cf\u5c11\u989d\u3002<\/p>\n<p><strong>\u63d0\u9ad8\uff1a<\/strong> \u5982\u679c\u5546\u54c1\u5b58\u5728\u91cd\u5927\u7f3a\u9677\uff0c\u4e14\u672a\u5f97\u5230\u7ef4\u4fee\u6216\u66f4\u6362\uff0c\u60a8\u53ef\u4ee5\u53d6\u6d88\u8d2d\u4e70\u3002<\/p>\n<p><strong>\u5982\u4f55\u6295\u653e\u5e7f\u544a\uff1a<\/strong> \u53d1\u9001\u7535\u5b50\u90ae\u4ef6\u81f3 <a class=\"text-blue-600 underline hover:text-blue-800 transition-colors\" href=\"mailto:post@fiskegull.no\" target=\"_blank\" rel=\"noopener noreferrer nofollow\">post@fiskegull.no<\/a> \u548c\uff1a<\/p>\n<ul>\n<li>\n<p>\u8ba2\u5355\u53f7<\/p>\n<\/li>\n<li>\n<p>\u7f3a\u9677\u63cf\u8ff0<\/p>\n<\/li>\n<li>\n<p>\u5982\u6709\u56fe\u7247\uff0c\u8bf7\u63d0\u4f9b\u76f8\u5173\u4fe1\u606f<\/p>\n<\/li>\n<li>\n<p>\u4ea7\u54c1\u4e0a\u7684\u6709\u6548\u671f<\/p>\n<\/li>\n<li>\n<p>\u7406\u60f3\u89e3\u51b3\u65b9\u6848<\/p>\n<\/li>\n<\/ul>\n<h2>11. \u8fdd\u7ea6\u60c5\u51b5\u4e0b\u6211\u65b9\u7684\u6743\u5229<\/h2>\n<p>\u5982\u679c\u60a8\u4e0d\u4ed8\u6b3e\u6216\u4e0d\u5c65\u884c\u60a8\u7684\u4e49\u52a1\uff0c\u6211\u4eec\u53ef\u80fd\u4f1a\uff1a<\/p>\n<p><strong>\u5c65\u884c\uff1a<\/strong> \u8981\u6c42\u60a8\u652f\u4ed8\u8d2d\u4e70\u4ef7\u683c<\/p>\n<p><strong>\u63d0\u9ad8\uff1a<\/strong> \u82e5\u53d1\u751f\u91cd\u5927\u4ed8\u6b3e\u8fdd\u7ea6\uff0c\u5219\u7ec8\u6b62\u672c\u534f\u8bae\u3002<\/p>\n<p><strong>\u903e\u671f\u4ed8\u6b3e\u5229\u606f\uff1a<\/strong> \u6839\u636e\u300a\u903e\u671f\u4ed8\u6b3e\u5229\u606f\u6cd5\u300b\uff0c\u5bf9\u903e\u671f\u4ed8\u6b3e\u6536\u53d6\u5229\u606f\u3002<\/p>\n<p><strong>\u503a\u52a1\u50ac\u6536\uff1a<\/strong> \u4e8b\u5148\u901a\u77e5\u540e\uff0c\u5c06\u7d22\u8d54\u8bf7\u6c42\u8f6c\u4ea4\u7ed9\u503a\u52a1\u50ac\u6536\u673a\u6784\u3002<\/p>\n<p><strong>\u672a\u6536\u56de\u8d27\u7269\u8d39\u7528\uff1a<\/strong> \u5982\u679c\u60a8\u672a\u6536\u5230\u8ba2\u8d2d\u7684\u5546\u54c1\uff0c\u6211\u4eec\u5c06\u5411\u60a8\u6536\u53d6\u5b9e\u9645\u8d39\u7528\uff08\u4e0d\u9002\u7528\u4e8e 18 \u5c81\u4ee5\u4e0b\u7684\u4e70\u5bb6\uff09\u3002<\/p>\n<h2>12. \u4ea7\u54c1\u4fdd\u4fee<\/h2>\n<p>\u6211\u4eec\u6216\u5236\u9020\u5546\u63d0\u4f9b\u7684\u4efb\u4f55\u4fdd\u8bc1\u5747\u4e0d\u5f71\u54cd\u60a8\u7684\u6cd5\u5b9a\u6743\u5229\u3002\u8be5\u4fdd\u8bc1\u4e0d\u9650\u5236\u60a8\u5c31\u5ef6\u8bef\u6216\u7f3a\u9677\u63d0\u51fa\u7d22\u8d54\u7684\u6743\u5229\u3002<\/p>\n<h2>13. \u9690\u79c1\u548c\u4e2a\u4eba\u6570\u636e\u5904\u7406<\/h2>\n<p>Fiskegull AS \u662f\u60a8\u4e2a\u4eba\u6570\u636e\u7684\u63a7\u5236\u8005\u3002<\/p>\n<p><strong>\u6211\u4eec\u6536\u96c6\u4ec0\u4e48\uff1f<\/strong><\/p>\n<ul>\n<li>\n<p>\u59d3\u540d\u3001\u5730\u5740\u548c\u8054\u7cfb\u65b9\u5f0f<\/p>\n<\/li>\n<li>\n<p>\u8ba2\u5355\u4fe1\u606f<\/p>\n<\/li>\n<li>\n<p>\u4ec5\u9700\u5b8c\u6210\u8d2d\u4e70\u6240\u5fc5\u9700\u7684\u4fe1\u606f\u3002<\/p>\n<\/li>\n<\/ul>\n<p><strong>\u4f60\u7684\u6743\u5229\uff1a<\/strong> \u6211\u4eec\u9075\u5b88\u300a\u901a\u7528\u6570\u636e\u4fdd\u62a4\u6761\u4f8b\u300b(GDPR)\u3002\u60a8\u7684\u4fe1\u606f\u4ec5\u4f1a\u5728\u5c65\u884c\u534f\u8bae\u6240\u5fc5\u9700\u6216\u6cd5\u5f8b\u8981\u6c42\u7684\u60c5\u51b5\u4e0b\u624d\u4f1a\u62ab\u9732\u3002<\/p>\n<p>\u8bf7\u9605\u8bfb\u6211\u4eec\u7684\u5b8c\u6574\u9690\u79c1\u653f\u7b56\u4e86\u89e3\u66f4\u591a\u4fe1\u606f\u3002<\/p>\n<h2>14.\u6295\u8bc9\u548c\u4e89\u8bae\u89e3\u51b3<\/h2>\n<p><strong>\u8bf7\u5148\u8054\u7cfb\u6211\u4eec\uff1a<\/strong> \u5982\u679c\u60a8\u5bf9\u8ba2\u8d2d\u7684\u9c7c\u8089\u5c0f\u5403\u6709\u4efb\u4f55\u95ee\u9898\uff0c\u8bf7\u8054\u7cfb\u6211\u4eec\u3002 <a class=\"text-blue-600 underline hover:text-blue-800 transition-colors\" href=\"mailto:post@fiskegull.no\" target=\"_blank\" rel=\"noopener noreferrer nofollow\">post@fiskegull.no<\/a> \u6216\u81f4\u753593036228\u3002\u6211\u4eec\u80fd\u5feb\u901f\u8f7b\u677e\u5730\u89e3\u51b3\u5927\u591a\u6570\u6848\u4ef6\u3002<\/p>\n<p><strong>\u6d88\u8d39\u8005\u59d4\u5458\u4f1a\uff1a<\/strong> \u5982\u679c\u6211\u4eec\u65e0\u6cd5\u8fbe\u6210\u534f\u8bae\uff0c\u60a8\u53ef\u4ee5\u8054\u7cfb\u632a\u5a01\u6d88\u8d39\u8005\u59d4\u5458\u4f1a\u8fdb\u884c\u514d\u8d39\u8c03\u89e3\uff1a<\/p>\n<ul>\n<li>\n<p>\u7535\u8bdd\uff1a23 400 500<\/p>\n<\/li>\n<li>\n<p>\u7f51\u7ad9\uff1a <a class=\"text-blue-600 underline hover:text-blue-800 transition-colors\" href=\"http:\/\/www.forbrukerradet.no\" target=\"_blank\" rel=\"noopener noreferrer nofollow\">www.forbrukerradet.no<\/a><\/p>\n<\/li>\n<\/ul>\n<p><strong>\u6b27\u76df\u6295\u8bc9\u95e8\u6237\u7f51\u7ad9\uff1a<\/strong> \u5bf9\u4e8e\u5c45\u4f4f\u5728\u5176\u4ed6\u6b27\u76df\u56fd\u5bb6\u7684\u6d88\u8d39\u8005\uff1a <a class=\"text-blue-600 underline hover:text-blue-800 transition-colors\" href=\"http:\/\/ec.europa.eu\/odr\" target=\"_blank\" rel=\"noopener noreferrer nofollow\">http:\/\/ec.europa.eu\/odr<\/a><\/p>\n<hr \/>\n<h2>\u5173\u4e8e\u8d2d\u4e70\u9c7c\u8089\u96f6\u98df\u7684\u5e38\u89c1\u95ee\u9898<\/h2>\n<p><strong>Fiskegull\u7684\u9c7c\u96f6\u98df\u9700\u8981\u591a\u957f\u65f6\u95f4\u624d\u80fd\u9001\u5230\uff1f<\/strong> \u632a\u5a01\u5883\u5185\u901a\u5e38\u9700\u8981 2-5 \u4e2a\u5de5\u4f5c\u65e5\u3002<\/p>\n<p><strong>\u5df2\u5f00\u5c01\u7684\u9c7c\u8089\u96f6\u98df\u53ef\u4ee5\u9000\u8d27\u5417\uff1f<\/strong> \u662f\u7684\uff0c\u5728\u884c\u4f7f\u64a4\u56de\u6743\u540e\u7684 14 \u5929\u5185\uff0c\u53ea\u8981\u5546\u54c1\u57fa\u672c\u4fdd\u6301\u539f\u72b6\u4e14\u53ef\u4ee5\u5b89\u5168\u9000\u56de\uff0c\u5373\u53ef\u9000\u8d27\u3002<\/p>\n<p><strong>\u9c7c\u8089\u96f6\u98df\u7684\u8fd0\u8d39\u662f\u591a\u5c11\uff1f<\/strong> \u8fd0\u8d39\u4f1a\u5728\u60a8\u5b8c\u6210\u8d2d\u4e70\u524d\u5728\u8ba2\u8d2d\u9875\u9762\u4e2d\u6e05\u6670\u663e\u793a\u3002<\/p>\n<p><strong>\u6211\u53ef\u4ee5\u4e3a\u98df\u54c1\u4ea7\u54c1\u505a\u5e7f\u544a\u591a\u4e45\uff1f<\/strong> \u81ea\u6536\u5230\u5546\u54c1\u4e4b\u65e5\u8d77\u4e24\u5e74\u5185\u6709\u6548\u3002\u98df\u54c1\u8fd8\u9700\u9075\u5b88\u4fdd\u8d28\u671f\u89c4\u5b9a\u3002<\/p>\n<p><strong>Fiskegull \u7684\u9c7c\u8089\u96f6\u98df\u9002\u5408\u8fc7\u654f\u4f53\u8d28\u7684\u4eba\u98df\u7528\u5417\uff1f<\/strong> \u8bf7\u67e5\u770b\u4ea7\u54c1\u4fe1\u606f\u4e86\u89e3\u8fc7\u654f\u539f\u4fe1\u606f\u3002\u5982\u6709\u4efb\u4f55\u5173\u4e8e\u8fc7\u654f\u539f\u7684\u95ee\u9898\uff0c\u8bf7\u8054\u7cfb\u6211\u4eec\u3002<\/p>\n<p><strong>\u9c7c\u8089\u96f6\u98df\u5e94\u8be5\u5982\u4f55\u50a8\u5b58\uff1f<\/strong> \u4e3a\u4e86\u83b7\u5f97\u6700\u4f73\u54c1\u8d28\u548c\u5ef6\u957f\u4fdd\u8d28\u671f\uff0c\u8bf7\u9075\u5faa\u4ea7\u54c1\u5305\u88c5\u4e0a\u7684\u50a8\u5b58\u8bf4\u660e\u3002<\/p>\n<hr \/>\n<p><em>\u6700\u540e\u66f4\u65b0\u65f6\u95f4\uff1a2025\u5e7411\u6708<\/em><\/p>\n<p><strong>\u8054\u7cfb Fiskegull AS\uff1a<\/strong> \u7535\u5b50\u90ae\u4ef6\uff1a <a class=\"text-blue-600 underline hover:text-blue-800 transition-colors\" href=\"mailto:post@fiskegull.no\" target=\"_blank\" rel=\"noopener noreferrer nofollow\">post@fiskegull.no<\/a> \u7535\u8bdd\uff1a93036228 | \u5730\u5740\uff1aTitanveien 3D, 3154 Tolvsr\u00f8d<\/p>\n<p><strong>\u5728\u7ebf\u5b89\u5168\u8d2d\u4e70\u9c7c\u96f6\u98df<\/strong> \u6211\u4eec\u5411\u632a\u5a01\u5404\u5730\u4f9b\u5e94\u5065\u5eb7\u7f8e\u5473\u7684\u9c7c\u7c7b\u4ea7\u54c1\u3002<\/p>\t\t\t\t\t\t\t\t<\/div>\n\t\t\t\t<\/div>\n\t\t\t\t<div class=\"elementor-element elementor-element-7d3f065 elementor-widget elementor-widget-image\" data-id=\"7d3f065\" data-element_type=\"widget\" data-e-type=\"widget\" data-widget_type=\"image.default\">\n\t\t\t\t<div class=\"elementor-widget-container\">\n\t\t\t\t\t\t\t\t\t\t\t\t<figure class=\"wp-caption\">\n\t\t\t\t\t\t\t\t\t\t<img fetchpriority=\"high\" decoding=\"async\" width=\"1950\" height=\"1244\" src=\"https:\/\/eadn-wc02-16313031.nxedge.io\/wp-content\/uploads\/2026\/02\/Bli-kjent-med-Fiskegull.png\" class=\"attachment-full size-full wp-image-3281\" alt=\"\u4e86\u89e3\u4e00\u4e0b\u91d1\u9c7c\" srcset=\"https:\/\/eadn-wc02-16313031.nxedge.io\/wp-content\/uploads\/2026\/02\/Bli-kjent-med-Fiskegull.png 1950w, https:\/\/eadn-wc02-16313031.nxedge.io\/wp-content\/uploads\/2026\/02\/Bli-kjent-med-Fiskegull-300x191.png 300w, https:\/\/eadn-wc02-16313031.nxedge.io\/wp-content\/uploads\/2026\/02\/Bli-kjent-med-Fiskegull-1024x653.png 1024w, https:\/\/eadn-wc02-16313031.nxedge.io\/wp-content\/uploads\/2026\/02\/Bli-kjent-med-Fiskegull-768x490.png 768w, https:\/\/eadn-wc02-16313031.nxedge.io\/wp-content\/uploads\/2026\/02\/Bli-kjent-med-Fiskegull-1536x980.png 1536w, https:\/\/eadn-wc02-16313031.nxedge.io\/wp-content\/uploads\/2026\/02\/Bli-kjent-med-Fiskegull-18x12.png 18w, https:\/\/eadn-wc02-16313031.nxedge.io\/wp-content\/uploads\/2026\/02\/Bli-kjent-med-Fiskegull-1320x842.png 1320w, https:\/\/eadn-wc02-16313031.nxedge.io\/wp-content\/uploads\/2026\/02\/Bli-kjent-med-Fiskegull-600x383.png 600w\" sizes=\"(max-width: 1950px) 100vw, 1950px\" \/>\t\t\t\t\t\t\t\t\t\t\t<figcaption class=\"widget-image-caption wp-caption-text\">\u4e86\u89e3\u4e00\u4e0b\u91d1\u9c7c<\/figcaption>\n\t\t\t\t\t\t\t\t\t\t<\/figure>\n\t\t\t\t\t\t\t\t\t<\/div>\n\t\t\t\t<\/div>\n\t\t\t\t\t<\/div>\n\t\t\t\t<\/div>\n\t\t\t\t<\/div>","protected":false},"excerpt":{"rendered":"<p>Salgsbetingelser for Fiskegull AS &#8211; Trygg Netthandel av Fiskesnacks Velkommen til Fiskegull! Her finner du v\u00e5re komplette salgsbetingelser for kj\u00f8p av fiskesnacks, fiskegodbiter og andre produkter i v\u00e5r nettbutikk. Disse vilk\u00e5rene sikrer dine rettigheter som forbruker ved netthandel. Dine Rettigheter ved Kj\u00f8p av Fiskesnacks Online Dette kj\u00f8pet er regulert av norsk forbrukerlovgivning, inkludert avtaleloven, forbrukerkj\u00f8psloven, [&hellip;]<\/p>\n","protected":false},"author":1,"featured_media":2809,"parent":0,"menu_order":0,"comment_status":"closed","ping_status":"closed","template":"","meta":{"footnotes":""},"class_list":["post-2463","page","type-page","status-publish","has-post-thumbnail","hentry"],"jetpack-related-posts":[],"jetpack_sharing_enabled":true,"_links":{"self":[{"href":"https:\/\/fiskegull.no\/zh\/wp-json\/wp\/v2\/pages\/2463","targetHints":{"allow":["GET"]}}],"collection":[{"href":"https:\/\/fiskegull.no\/zh\/wp-json\/wp\/v2\/pages"}],"about":[{"href":"https:\/\/fiskegull.no\/zh\/wp-json\/wp\/v2\/types\/page"}],"author":[{"embeddable":true,"href":"https:\/\/fiskegull.no\/zh\/wp-json\/wp\/v2\/users\/1"}],"replies":[{"embeddable":true,"href":"https:\/\/fiskegull.no\/zh\/wp-json\/wp\/v2\/comments?post=2463"}],"version-history":[{"count":13,"href":"https:\/\/fiskegull.no\/zh\/wp-json\/wp\/v2\/pages\/2463\/revisions"}],"predecessor-version":[{"id":3394,"href":"https:\/\/fiskegull.no\/zh\/wp-json\/wp\/v2\/pages\/2463\/revisions\/3394"}],"wp:featuredmedia":[{"embeddable":true,"href":"https:\/\/fiskegull.no\/zh\/wp-json\/wp\/v2\/media\/2809"}],"wp:attachment":[{"href":"https:\/\/fiskegull.no\/zh\/wp-json\/wp\/v2\/media?parent=2463"}],"curies":[{"name":"wp","href":"https:\/\/api.w.org\/{rel}","templated":true}]}}