{"id":1864,"date":"2024-06-17T10:47:07","date_gmt":"2024-06-17T08:47:07","guid":{"rendered":"https:\/\/fb8feff000.nxcli.io\/?page_id=1864"},"modified":"2024-07-19T20:30:51","modified_gmt":"2024-07-19T18:30:51","slug":"laksesnacks","status":"publish","type":"page","link":"https:\/\/fiskegull.no\/zh\/laksesnacks\/","title":{"rendered":"Laksesnacks"},"content":{"rendered":"<div data-elementor-type=\"wp-page\" data-elementor-id=\"1864\" class=\"elementor elementor-1864\" data-elementor-post-type=\"page\">\n\t\t\t\t<div class=\"elementor-element elementor-element-d6618eb e-flex e-con-boxed e-con e-parent\" data-id=\"d6618eb\" data-element_type=\"container\" data-e-type=\"container\">\n\t\t\t\t\t<div class=\"e-con-inner\">\n\t\t\t\t<div class=\"elementor-element elementor-element-e15865b elementor-widget elementor-widget-heading\" data-id=\"e15865b\" data-element_type=\"widget\" data-e-type=\"widget\" data-widget_type=\"heading.default\">\n\t\t\t\t<div class=\"elementor-widget-container\">\n\t\t\t\t\t<h2 class=\"elementor-heading-title elementor-size-default\">Laksesnacks<\/h2>\t\t\t\t<\/div>\n\t\t\t\t<\/div>\n\t\t\t\t<div class=\"elementor-element elementor-element-c8bbd25 elementor-widget elementor-widget-theme-post-featured-image elementor-widget-image\" data-id=\"c8bbd25\" data-element_type=\"widget\" data-e-type=\"widget\" data-widget_type=\"theme-post-featured-image.default\">\n\t\t\t\t<div class=\"elementor-widget-container\">\n\t\t\t\t\t\t\t\t\t\t\t\t\t\t\t<img fetchpriority=\"high\" decoding=\"async\" width=\"960\" height=\"640\" src=\"https:\/\/eadn-wc02-16313031.nxedge.io\/wp-content\/uploads\/2024\/06\/Laksesnacks.png\" class=\"attachment-full size-full wp-image-1870\" alt=\"\" srcset=\"https:\/\/eadn-wc02-16313031.nxedge.io\/wp-content\/uploads\/2024\/06\/Laksesnacks.png 960w, https:\/\/eadn-wc02-16313031.nxedge.io\/wp-content\/uploads\/2024\/06\/Laksesnacks-600x400.png 600w, https:\/\/eadn-wc02-16313031.nxedge.io\/wp-content\/uploads\/2024\/06\/Laksesnacks-300x200.png 300w, https:\/\/eadn-wc02-16313031.nxedge.io\/wp-content\/uploads\/2024\/06\/Laksesnacks-768x512.png 768w\" sizes=\"(max-width: 960px) 100vw, 960px\" \/>\t\t\t\t\t\t\t\t\t\t\t\t\t\t\t<\/div>\n\t\t\t\t<\/div>\n\t\t\t\t<div class=\"elementor-element elementor-element-f333156 elementor-widget elementor-widget-text-editor\" data-id=\"f333156\" data-element_type=\"widget\" data-e-type=\"widget\" data-widget_type=\"text-editor.default\">\n\t\t\t\t<div class=\"elementor-widget-container\">\n\t\t\t\t\t\t\t\t\t<h2>Fiskegull: Deilig og Sunn Snacks fra Havet!<\/h2><p><strong>Produksjonsprosess og Utvikling:<\/strong>\u00a0Vi i Fiskegull har brukt mye tid p\u00e5 pr\u00f8veproduksjon og testing av ulike smaker for \u00e5 sikre at v\u00e5r fiskesnacks er spr\u00f8 og smaker likt hver gang. N\u00e5 er vi i gang med en emisjonsrunde for \u00e5 starte salget og bringe v\u00e5r deilige chips ut til forbrukerne.<\/p><p><strong>Smaksvarianter:<\/strong><\/p><ul><li><strong>Lettsaltet Fiskegull<\/strong><\/li><li><strong>\u9c7c\u67f3\u914d\u86cb\u9ec4<\/strong><\/li><li><strong>Under Utvikling:<\/strong><ul><li><strong>\u82a5\u672b\u9c7c\u7247<\/strong><\/li><li><strong>\u8513\u8d8a\u8393\u91d1\u9c7c<\/strong><\/li><\/ul><\/li><\/ul><p><strong>B\u00e6rekraft og Ern\u00e6ring:<\/strong>\u00a0V\u00e5re produkter er laget av b\u00e6rekraftig dyrket lakseskinn, som er b\u00e5de deilig og n\u00e6ringsrikt. Lakseskinn er rikt p\u00e5 proteiner, vitamin B og D, mineraler som niacin og fosfor, samt omega-3-fettsyrer. Disse n\u00e6ringsstoffene stimulerer hjernen, st\u00f8tter hjertet og beskytter nervesystemet.<\/p><p><strong>Fordeler ved \u00e5 bruke hele fisken:<\/strong>\u00a0N\u00e5r laksen vi spiser er h\u00f8stet p\u00e5 en etisk, ren, sporbar og b\u00e6rekraftig m\u00e5te, er det viktig \u00e5 bruke s\u00e5 mange deler av fisken som mulig. Tilberedt riktig, er lakseskinn en ern\u00e6ringsbombe med en herlig tekstur.<\/p><p><strong>Barn og Familier:<\/strong>\u00a0Laksechips er en flott introduksjon for barn til den rike kulinariske verdenen av lakseskinn. Disse snacksene er laget av 100 % luftt\u00f8rket laks, og er et h\u00f8ykvalitetsprotein fullpakket med nyttige omega-3-fettsyrer som hjelper til med generell helse.<\/p><p><strong>Naturlig Variasjon:<\/strong>\u00a0V\u00e6r oppmerksom p\u00e5 at dette er et naturprodukt, s\u00e5 farge og st\u00f8rrelse kan variere litt.<\/p><p><strong>Bruksm\u00e5ter:<\/strong>\u00a0Laksechips er utrolig spr\u00f8 og deilig, og kan brukes som en sunn sj\u00f8matsnacks, sm\u00f8rbr\u00f8dtilsetning eller salattopping. Dette \u00absj\u00f8matbaconet\u00bb er en flott vri p\u00e5 bacon og egg for en pescatarisk frokost. Produktet er naturlig glutenfritt og en fin m\u00e5te \u00e5 redusere matsvinn p\u00e5. Det er enkelt \u00e5 lage og tar bare noen f\u00e5 minutter.<\/p><p><strong>Sammendrag:<\/strong>\u00a0Fiskegull er ikke bare en velsmakende snacks, men ogs\u00e5 et b\u00e6rekraftig og n\u00e6ringsrikt valg for hele familien. Med flere smaksvarianter under utvikling, jobber vi hardt for \u00e5 bringe dere den beste fiskechipsen, som vil bli familiens nye favorittmatbit!<\/p>\t\t\t\t\t\t\t\t<\/div>\n\t\t\t\t<\/div>\n\t\t\t\t\t<\/div>\n\t\t\t\t<\/div>\n\t\t\t\t<\/div>","protected":false},"excerpt":{"rendered":"<p>Laksesnacks Fiskegull: Deilig og Sunn Snacks fra Havet! Produksjonsprosess og Utvikling:\u00a0Vi i Fiskegull har brukt mye tid p\u00e5 pr\u00f8veproduksjon og testing av ulike smaker for \u00e5 sikre at v\u00e5r fiskesnacks er spr\u00f8 og smaker likt hver gang. N\u00e5 er vi i gang med en emisjonsrunde for \u00e5 starte salget og bringe v\u00e5r deilige chips ut [&hellip;]<\/p>\n","protected":false},"author":1,"featured_media":1870,"parent":0,"menu_order":0,"comment_status":"closed","ping_status":"closed","template":"","meta":{"footnotes":""},"class_list":["post-1864","page","type-page","status-publish","has-post-thumbnail","hentry"],"jetpack-related-posts":[],"jetpack_sharing_enabled":true,"_links":{"self":[{"href":"https:\/\/fiskegull.no\/zh\/wp-json\/wp\/v2\/pages\/1864","targetHints":{"allow":["GET"]}}],"collection":[{"href":"https:\/\/fiskegull.no\/zh\/wp-json\/wp\/v2\/pages"}],"about":[{"href":"https:\/\/fiskegull.no\/zh\/wp-json\/wp\/v2\/types\/page"}],"author":[{"embeddable":true,"href":"https:\/\/fiskegull.no\/zh\/wp-json\/wp\/v2\/users\/1"}],"replies":[{"embeddable":true,"href":"https:\/\/fiskegull.no\/zh\/wp-json\/wp\/v2\/comments?post=1864"}],"version-history":[{"count":0,"href":"https:\/\/fiskegull.no\/zh\/wp-json\/wp\/v2\/pages\/1864\/revisions"}],"wp:featuredmedia":[{"embeddable":true,"href":"https:\/\/fiskegull.no\/zh\/wp-json\/wp\/v2\/media\/1870"}],"wp:attachment":[{"href":"https:\/\/fiskegull.no\/zh\/wp-json\/wp\/v2\/media?parent=1864"}],"curies":[{"name":"wp","href":"https:\/\/api.w.org\/{rel}","templated":true}]}}