{"id":1645,"date":"2024-06-01T13:18:10","date_gmt":"2024-06-01T11:18:10","guid":{"rendered":"https:\/\/fb8feff000.nxcli.io\/?page_id=1645"},"modified":"2024-06-01T13:29:59","modified_gmt":"2024-06-01T11:29:59","slug":"baconsvor-er-en-spro-opplevelse","status":"publish","type":"page","link":"https:\/\/fiskegull.no\/zh\/baconsvor-er-en-spro-opplevelse\/","title":{"rendered":"Baconsvor er en spr\u00f8 opplevelse."},"content":{"rendered":"<div data-elementor-type=\"wp-page\" data-elementor-id=\"1645\" class=\"elementor elementor-1645\" data-elementor-post-type=\"page\">\n\t\t\t\t<div class=\"elementor-element elementor-element-0969642 e-flex e-con-boxed e-con e-parent\" data-id=\"0969642\" data-element_type=\"container\" data-e-type=\"container\">\n\t\t\t\t\t<div class=\"e-con-inner\">\n\t\t\t\t<div class=\"elementor-element elementor-element-ab22c04 elementor-widget elementor-widget-heading\" data-id=\"ab22c04\" data-element_type=\"widget\" data-e-type=\"widget\" data-widget_type=\"heading.default\">\n\t\t\t\t<div class=\"elementor-widget-container\">\n\t\t\t\t\t<h2 class=\"elementor-heading-title elementor-size-default\">Baconsvor er en spr\u00f8 opplevelse.<\/h2>\t\t\t\t<\/div>\n\t\t\t\t<\/div>\n\t\t\t\t<div class=\"elementor-element elementor-element-c085220 elementor-widget elementor-widget-image\" data-id=\"c085220\" data-element_type=\"widget\" data-e-type=\"widget\" data-widget_type=\"image.default\">\n\t\t\t\t<div class=\"elementor-widget-container\">\n\t\t\t\t\t\t\t\t\t\t\t\t\t\t\t<img fetchpriority=\"high\" decoding=\"async\" width=\"768\" height=\"1097\" src=\"https:\/\/eadn-wc02-16313031.nxedge.io\/wp-content\/uploads\/2024\/05\/3-poser-Fiskegull-768x1097.webp\" class=\"attachment-medium_large size-medium_large wp-image-1218\" alt=\"3 poser Fiskegull\" srcset=\"https:\/\/eadn-wc02-16313031.nxedge.io\/wp-content\/uploads\/2024\/05\/3-poser-Fiskegull-768x1097.webp 768w, https:\/\/eadn-wc02-16313031.nxedge.io\/wp-content\/uploads\/2024\/05\/3-poser-Fiskegull-600x857.webp 600w, https:\/\/eadn-wc02-16313031.nxedge.io\/wp-content\/uploads\/2024\/05\/3-poser-Fiskegull-210x300.webp 210w, https:\/\/eadn-wc02-16313031.nxedge.io\/wp-content\/uploads\/2024\/05\/3-poser-Fiskegull-717x1024.webp 717w, https:\/\/eadn-wc02-16313031.nxedge.io\/wp-content\/uploads\/2024\/05\/3-poser-Fiskegull-1075x1536.webp 1075w, https:\/\/eadn-wc02-16313031.nxedge.io\/wp-content\/uploads\/2024\/05\/3-poser-Fiskegull-1320x1886.webp 1320w, https:\/\/eadn-wc02-16313031.nxedge.io\/wp-content\/uploads\/2024\/05\/3-poser-Fiskegull.webp 1344w\" sizes=\"(max-width: 768px) 100vw, 768px\" \/>\t\t\t\t\t\t\t\t\t\t\t\t\t\t\t<\/div>\n\t\t\t\t<\/div>\n\t\t\t\t<div class=\"elementor-element elementor-element-77b12b7 elementor-widget elementor-widget-text-editor\" data-id=\"77b12b7\" data-element_type=\"widget\" data-e-type=\"widget\" data-widget_type=\"text-editor.default\">\n\t\t\t\t<div class=\"elementor-widget-container\">\n\t\t\t\t\t\t\t\t\t<p>Baconsvor er en spr\u00f8 opplevelse og du kjenner sikkert til den herlige smaken?\u00a0<\/p><p>Hvis du er en fan av baconsvor, s\u00e5 vet du hvor deilig spr\u00f8tt og smakfullt det kan v\u00e6re. Men visste du at det finnes et sunnere og mer b\u00e6rekraftig alternativ laget av fisk? La oss introdusere deg for <strong>\u91d1\u9c7c<\/strong>, en herlig snacks laget av lakseskinn.<\/p><p><span style=\"color: var( --e-global-color-text ); font-family: var( --e-global-typography-text-font-family ), Sans-serif; font-size: var( --e-global-typography-text-font-size ); font-style: var( --e-global-typography-text-font-style ); font-weight: var( --e-global-typography-text-font-weight ); letter-spacing: var( --e-global-typography-text-letter-spacing ); text-transform: var( --e-global-typography-text-text-transform ); word-spacing: var( --e-global-typography-text-word-spacing ); text-align: var(--text-align);\">For optimal helse, anbefales det at omtrent halvparten av fiskekonsumet er fet fisk. Dette skyldes at fet fisk og annen sj\u00f8mat er assosiert med redusert risiko for blant annet hjerte- og karsykdommer. Den riktige balansen av n\u00e6ringsstoffer i kostholdet, som lite karbohydrater, mye protein og langkjedede omega-3 fettsyrer (DHA og EPA) som finnes i fisk, kan ha betydelige helsemessige fordeler<\/span><\/p><p>Er fiskegull, Baconcrisp eller Bacongull sunt?<\/p><p>N\u00e5r man er i ketose s\u00e5 kan den \u201dlystp\u00e5nokka\u201d v\u00e6re en indikasjon p\u00e5 at man f\u00e5r i seg for lite fett.<\/p><p>Fiskegull er proteinrikt, rik p\u00e5 sunne fettsyrer som Omega3<\/p><p>Fiskegull er ikke bare sunt, men ogs\u00e5 utrolig smakfullt. Det smaker som verdens beste fiskechips, og du vil bli positivt overrasket over hvor godt det er. \u00c5 velge fiskegull som ditt favoritt snacks kan gj\u00f8re det enklere og mer behagelig \u00e5 f\u00e5 i seg de n\u00f8dvendige n\u00e6ringsstoffene fra fisk.<\/p>\t\t\t\t\t\t\t\t<\/div>\n\t\t\t\t<\/div>\n\t\t\t\t\t<\/div>\n\t\t\t\t<\/div>\n\t\t<div class=\"elementor-element elementor-element-49cefa4 e-flex e-con-boxed e-con e-parent\" data-id=\"49cefa4\" data-element_type=\"container\" data-e-type=\"container\">\n\t\t\t\t\t<div class=\"e-con-inner\">\n\t\t\t\t<div class=\"elementor-element elementor-element-c9613e2 elementor-widget elementor-widget-image\" data-id=\"c9613e2\" data-element_type=\"widget\" data-e-type=\"widget\" data-widget_type=\"image.default\">\n\t\t\t\t<div class=\"elementor-widget-container\">\n\t\t\t\t\t\t\t\t\t\t\t\t\t\t\t<img decoding=\"async\" width=\"960\" height=\"953\" src=\"https:\/\/eadn-wc02-16313031.nxedge.io\/wp-content\/uploads\/2024\/06\/Baconsvor-Er-En-Spro-Opplevelse.\u200b.png\" class=\"attachment-full size-full wp-image-1648\" alt=\"Baconsvor Er En Spr\u00f8 Opplevelse.\u200b\" srcset=\"https:\/\/eadn-wc02-16313031.nxedge.io\/wp-content\/uploads\/2024\/06\/Baconsvor-Er-En-Spro-Opplevelse.\u200b.png 960w, https:\/\/eadn-wc02-16313031.nxedge.io\/wp-content\/uploads\/2024\/06\/Baconsvor-Er-En-Spro-Opplevelse.\u200b-100x100.png 100w, https:\/\/eadn-wc02-16313031.nxedge.io\/wp-content\/uploads\/2024\/06\/Baconsvor-Er-En-Spro-Opplevelse.\u200b-600x596.png 600w, https:\/\/eadn-wc02-16313031.nxedge.io\/wp-content\/uploads\/2024\/06\/Baconsvor-Er-En-Spro-Opplevelse.\u200b-300x298.png 300w, https:\/\/eadn-wc02-16313031.nxedge.io\/wp-content\/uploads\/2024\/06\/Baconsvor-Er-En-Spro-Opplevelse.\u200b-150x150.png 150w, https:\/\/eadn-wc02-16313031.nxedge.io\/wp-content\/uploads\/2024\/06\/Baconsvor-Er-En-Spro-Opplevelse.\u200b-768x762.png 768w\" sizes=\"(max-width: 960px) 100vw, 960px\" \/>\t\t\t\t\t\t\t\t\t\t\t\t\t\t\t<\/div>\n\t\t\t\t<\/div>\n\t\t\t\t\t<\/div>\n\t\t\t\t<\/div>\n\t\t\t\t<\/div>","protected":false},"excerpt":{"rendered":"<p>Baconsvor er en spr\u00f8 opplevelse. Baconsvor er en spr\u00f8 opplevelse og du kjenner sikkert til den herlige smaken?\u00a0 Hvis du er en fan av baconsvor, s\u00e5 vet du hvor deilig spr\u00f8tt og smakfullt det kan v\u00e6re. Men visste du at det finnes et sunnere og mer b\u00e6rekraftig alternativ laget av fisk? La oss introdusere deg [&hellip;]<\/p>\n","protected":false},"author":1,"featured_media":0,"parent":0,"menu_order":0,"comment_status":"closed","ping_status":"closed","template":"","meta":{"footnotes":""},"class_list":["post-1645","page","type-page","status-publish","hentry"],"jetpack-related-posts":[],"jetpack_sharing_enabled":true,"_links":{"self":[{"href":"https:\/\/fiskegull.no\/zh\/wp-json\/wp\/v2\/pages\/1645","targetHints":{"allow":["GET"]}}],"collection":[{"href":"https:\/\/fiskegull.no\/zh\/wp-json\/wp\/v2\/pages"}],"about":[{"href":"https:\/\/fiskegull.no\/zh\/wp-json\/wp\/v2\/types\/page"}],"author":[{"embeddable":true,"href":"https:\/\/fiskegull.no\/zh\/wp-json\/wp\/v2\/users\/1"}],"replies":[{"embeddable":true,"href":"https:\/\/fiskegull.no\/zh\/wp-json\/wp\/v2\/comments?post=1645"}],"version-history":[{"count":0,"href":"https:\/\/fiskegull.no\/zh\/wp-json\/wp\/v2\/pages\/1645\/revisions"}],"wp:attachment":[{"href":"https:\/\/fiskegull.no\/zh\/wp-json\/wp\/v2\/media?parent=1645"}],"curies":[{"name":"wp","href":"https:\/\/api.w.org\/{rel}","templated":true}]}}