{"id":1600,"date":"2024-05-31T23:34:17","date_gmt":"2024-05-31T21:34:17","guid":{"rendered":"https:\/\/fb8feff000.nxcli.io\/?page_id=1600"},"modified":"2026-02-17T01:02:54","modified_gmt":"2026-02-17T00:02:54","slug":"sjochips","status":"publish","type":"page","link":"https:\/\/fiskegull.no\/zh\/sjochips\/","title":{"rendered":"\u6d77\u85af\u7247\uff0c\u6765\u81ea\u5ce1\u6e7e\u7684\u5065\u5eb7\u73af\u4fdd\u9c7c\u96f6\u98df"},"content":{"rendered":"<div data-elementor-type=\"wp-page\" data-elementor-id=\"1600\" class=\"elementor elementor-1600\" data-elementor-post-type=\"page\">\n\t\t\t\t<div class=\"elementor-element elementor-element-56d9020 e-flex e-con-boxed e-con e-parent\" data-id=\"56d9020\" data-element_type=\"container\" data-e-type=\"container\">\n\t\t\t\t\t<div class=\"e-con-inner\">\n\t\t\t\t<div class=\"elementor-element elementor-element-15c3dfd elementor-widget elementor-widget-heading\" data-id=\"15c3dfd\" data-element_type=\"widget\" data-e-type=\"widget\" data-widget_type=\"heading.default\">\n\t\t\t\t<div class=\"elementor-widget-container\">\n\t\t\t\t\t<h2 class=\"elementor-heading-title elementor-size-default\">\u6d77\u85af\u7247\u2014\u2014\u6765\u81ea\u5ce1\u6e7e\u7684\u5065\u5eb7\u73af\u4fdd\u9c7c\u96f6\u98df<\/h2>\t\t\t\t<\/div>\n\t\t\t\t<\/div>\n\t\t\t\t\t<\/div>\n\t\t\t\t<\/div>\n\t\t<div class=\"elementor-element elementor-element-c833cb0 e-flex e-con-boxed e-con e-parent\" data-id=\"c833cb0\" data-element_type=\"container\" data-e-type=\"container\" data-settings=\"{&quot;background_background&quot;:&quot;classic&quot;}\">\n\t\t\t\t\t<div class=\"e-con-inner\">\n\t\t\t\t<div class=\"elementor-element elementor-element-d71cdda elementor-widget elementor-widget-text-editor\" data-id=\"d71cdda\" data-element_type=\"widget\" data-e-type=\"widget\" data-widget_type=\"text-editor.default\">\n\t\t\t\t<div class=\"elementor-widget-container\">\n\t\t\t\t\t\t\t\t\t<p>\u6d77\u85af\u7247\u2014\u2014\u6765\u81ea\u5ce1\u6e7e\u7684\u5065\u5eb7\u73af\u4fdd\u9c7c\u8089\u96f6\u98df\u2014\u2014\u7f8e\u5473\u4f9d\u65e7\uff0c\u5065\u5eb7\u5f97\u591a<\/p><p>Sj\u00f8chips \u662f\u4e00\u6b3e\u72ec\u7279\u7684\u98df\u54c1\uff0c\u91c7\u7528 100% \u632a\u5a01\u4e09\u6587\u9c7c\u5236\u6210\u3002\u8fd9\u6b3e\u96f6\u98df\u5bcc\u542b\u86cb\u767d\u8d28\u548c omega-3 \u8102\u80aa\u9178\uff0c\u4e14\u5b8c\u5168\u4e0d\u542b\u6dfb\u52a0\u5242\u3002Sj\u00f8chips \u662f\u85af\u7247\u548c\u57f9\u6839\u8106\u7247\u7b49\u4f20\u7edf\u96f6\u98df\u7684\u5065\u5eb7\u66ff\u4ee3\u54c1\u3002<\/p>\t\t\t\t\t\t\t\t<\/div>\n\t\t\t\t<\/div>\n\t\t\t\t<div class=\"elementor-element elementor-element-43e4c1a elementor-widget elementor-widget-image\" data-id=\"43e4c1a\" data-element_type=\"widget\" data-e-type=\"widget\" data-widget_type=\"image.default\">\n\t\t\t\t<div class=\"elementor-widget-container\">\n\t\t\t\t\t\t\t\t\t\t\t\t\t\t\t<img fetchpriority=\"high\" decoding=\"async\" width=\"768\" height=\"1097\" src=\"https:\/\/eadn-wc02-16313031.nxedge.io\/wp-content\/uploads\/2024\/05\/Sjochips-768x1097.png\" class=\"attachment-medium_large size-medium_large wp-image-1603\" alt=\"\u6d77\u85fb\" srcset=\"https:\/\/eadn-wc02-16313031.nxedge.io\/wp-content\/uploads\/2024\/05\/Sjochips-768x1097.png 768w, https:\/\/eadn-wc02-16313031.nxedge.io\/wp-content\/uploads\/2024\/05\/Sjochips-600x857.png 600w, https:\/\/eadn-wc02-16313031.nxedge.io\/wp-content\/uploads\/2024\/05\/Sjochips-210x300.png 210w, https:\/\/eadn-wc02-16313031.nxedge.io\/wp-content\/uploads\/2024\/05\/Sjochips-717x1024.png 717w, https:\/\/eadn-wc02-16313031.nxedge.io\/wp-content\/uploads\/2024\/05\/Sjochips-1075x1536.png 1075w, https:\/\/eadn-wc02-16313031.nxedge.io\/wp-content\/uploads\/2024\/05\/Sjochips-1434x2048.png 1434w, https:\/\/eadn-wc02-16313031.nxedge.io\/wp-content\/uploads\/2024\/05\/Sjochips-1320x1886.png 1320w\" sizes=\"(max-width: 768px) 100vw, 768px\" \/>\t\t\t\t\t\t\t\t\t\t\t\t\t\t\t<\/div>\n\t\t\t\t<\/div>\n\t\t\t\t\t<\/div>\n\t\t\t\t<\/div>\n\t\t<div class=\"elementor-element elementor-element-aecbddd e-flex e-con-boxed e-con e-parent\" data-id=\"aecbddd\" data-element_type=\"container\" data-e-type=\"container\">\n\t\t\t\t\t<div class=\"e-con-inner\">\n\t\t\t\t<div class=\"elementor-element elementor-element-2845dbd elementor-widget elementor-widget-text-editor\" data-id=\"2845dbd\" data-element_type=\"widget\" data-e-type=\"widget\" data-widget_type=\"text-editor.default\">\n\t\t\t\t<div class=\"elementor-widget-container\">\n\t\t\t\t\t\t\t\t\t<h3>\u4e3a\u4ec0\u4e48\u9009\u62e9\u6d77\u85fb\u4f5c\u4e3a\u9c7c\u9972\u6599\uff1f<\/h3><p><strong>\u8425\u517b\u5065\u5eb7\uff1a<\/strong><\/p><ul><li><strong>\u86cb\u767d\u8d28\uff1a<\/strong> \u6d77\u85fb\u662f\u4f18\u8d28\u86cb\u767d\u8d28\u7684\u6765\u6e90\uff0c\u8fd9\u5bf9\u808c\u8089\u751f\u957f\u548c\u6574\u4f53\u5065\u5eb7\u975e\u5e38\u91cd\u8981\u3002<\/li><li><strong>Omega-3\u8102\u80aa\u9178\uff1a<\/strong> \u5df2\u77e5\u8fd9\u4e9b\u5fc5\u9700\u8102\u80aa\u9178\u80fd\u591f\u4fc3\u8fdb\u5fc3\u810f\u5065\u5eb7\u3001\u5927\u8111\u529f\u80fd\u5e76\u51cf\u5c11\u708e\u75c7\u3002<\/li><li><strong>\u7ef4\u751f\u7d20E\uff1a<\/strong> \u6709\u52a9\u4e8e\u4fdd\u6301\u76ae\u80a4\u5065\u5eb7\uff0c\u5e76\u4fdd\u62a4\u7ec6\u80de\u514d\u53d7\u6c27\u5316\u5e94\u6fc0\u3002<\/li><li><strong>\u80f6\u539f\uff1a<\/strong> \u6709\u52a9\u4e8e\u4fdd\u6301\u76ae\u80a4\u5f39\u6027\uff0c\u7ef4\u62a4\u5173\u8282\u5065\u5eb7\u3002<\/li><\/ul><p><strong>\u73af\u4fdd\u4e14\u53ef\u6301\u7eed\uff1a<\/strong><\/p><ul><li>\u901a\u8fc7\u4f7f\u7528\u6e14\u4e1a\u526f\u4ea7\u54c1\u2014\u2014\u9c7c\u76ae\uff0c\u6211\u4eec\u51cf\u5c11\u4e86\u98df\u7269\u6d6a\u8d39\uff0c\u5e76\u4e3a\u66f4\u53ef\u6301\u7eed\u7684\u98df\u54c1\u751f\u4ea7\u505a\u51fa\u8d21\u732e\u3002Sj\u00f8chips \u4f7f\u7528\u7684\u9c7c\u76ae\u6765\u81ea\u53ef\u6301\u7eed\u517b\u6b96\u573a\uff0c\u8fd9\u4e9b\u517b\u6b96\u573a\u7684\u9c7c\u76ae\u6765\u6e90\u53ef\u8ffd\u6eaf\uff0c\u4e14\u6355\u635e\u8fc7\u7a0b\u7b26\u5408\u4f26\u7406\u9053\u5fb7\u3002<\/li><\/ul><p><strong>\u591a\u624d\u591a\u827a\u7684\uff1a<\/strong><\/p><ul><li>\u6d77\u76d0\u85af\u7247\u53ef\u4ee5\u76f4\u63a5\u4f5c\u4e3a\u5065\u5eb7\u96f6\u98df\u4eab\u7528\uff0c\u4e5f\u53ef\u4ee5\u6492\u5728\u6c99\u62c9\u6216\u4e09\u660e\u6cbb\u4e0a\uff0c\u6216\u4f5c\u4e3a\u5404\u79cd\u83dc\u80b4\u7684\u7f8e\u5473\u914d\u6599\u3002\u8be5\u4ea7\u54c1\u5929\u7136\u4e0d\u542b\u9eb8\u8d28\uff0c\u56e0\u6b64\u5bf9\u4e8e\u9eb8\u8d28\u4e0d\u8010\u53d7\u8005\u6765\u8bf4\u662f\u4e00\u4e2a\u5b89\u5168\u7684\u9009\u62e9\u3002<\/li><\/ul><h3>\u5b89\u5168\u4e0e\u8d28\u91cf<\/h3><p><strong>\u6c5e\u548c\u6c61\u67d3\u7269\uff1a<\/strong><\/p><ul><li>\u867d\u7136\u9c7c\u7c7b\u53ef\u80fd\u542b\u6709\u6c5e\u548c\u5176\u4ed6\u6bd2\u7d20\uff0c\u4f46\u6211\u4eec\u9009\u62e9\u7684\u9c7c\u7c7b\u5747\u6765\u81ea\u8fd9\u4e9b\u7269\u8d28\u542b\u91cf\u8f83\u4f4e\u7684\u4ea7\u5730\u3002\u9009\u62e9\u5df2\u77e5\u6c5e\u542b\u91cf\u4f4e\u7684\u9c7c\u7c7b\u81f3\u5173\u91cd\u8981\uff0c\u8fd9\u6837\u624d\u80fd\u786e\u4fdd\u5065\u5eb7\u76ca\u5904\uff0c\u540c\u65f6\u907f\u514d\u6c61\u67d3\u98ce\u9669\u3002<\/li><\/ul><h3>\u751f\u4ea7\u8fc7\u7a0b<\/h3><p><strong>\u6e05\u6d01\u548c\u51c6\u5907\uff1a<\/strong><\/p><ul><li>\u6211\u4eec\u9009\u7528\u65b0\u9c9c\u7684\u9c7c\u76ae\uff0c\u5e76\u786e\u4fdd\u5f7b\u5e95\u6e05\u6d01\uff0c\u5305\u62ec\u5185\u90e8\u548c\u5916\u90e8\uff0c\u53bb\u9664\u9c7c\u9cde\u3002<\/li><\/ul><p><strong>\u9999\u6599\u548c\u8c03\u5473\u6599\uff1a<\/strong><\/p><ul><li>\u9c7c\u76ae\u4f1a\u7528\u7cbe\u5fc3\u6311\u9009\u7684\u76d0\u548c\u5176\u4ed6\u9999\u6599\u6df7\u5408\u7269\u8fdb\u884c\u8c03\u5473\uff0c\u4f7f\u5176\u8fbe\u5230\u5b8c\u7f8e\u7684\u53e3\u611f\u3002\u85af\u7247\u6709\u591a\u79cd\u53e3\u5473\uff0c\u5305\u62ec\u6de1\u76d0\u5473\u3001\u86cb\u9ec4\u5473\u3001\u82a5\u672b\u5473\u548c\u8513\u8d8a\u8393\u5473\u3002<\/li><\/ul><p><strong>\u70d8\u5e72\u548c\u6cb9\u70b8\uff1a<\/strong><\/p><ul><li>\u4e3a\u4e86\u8fbe\u5230\u7406\u60f3\u7684\u53e3\u611f\uff0c\u9c7c\u76ae\u53ef\u4ee5\u70d8\u5e72\u6216\u6cb9\u70b8\u3002\u70d8\u5e72\u540e\u7684\u9c7c\u76ae\u9165\u8106\u53ef\u53e3\uff0c\u662f\u4e00\u79cd\u5065\u5eb7\u7684\u96f6\u98df\uff0c\u800c\u6cb9\u70b8\u5219\u80fd\u4f7f\u5176\u53e3\u611f\u66f4\u52a0\u9165\u8106\u3002<\/li><\/ul><h3>\u9c7c\u76ae\u7684\u76ca\u5904<\/h3><p><strong>\u808c\u8089\u751f\u957f\u4e0e\u514d\u75ab\u529b\uff1a<\/strong><\/p><ul><li>\u9c7c\u76ae\u542b\u6709\u5bf9\u808c\u8089\u751f\u957f\u548c\u514d\u75ab\u9632\u5fa1\u81f3\u5173\u91cd\u8981\u7684\u86cb\u767d\u8d28\u3002\u9c7c\u76ae\u4e2d\u7684\u7ec4\u86cb\u767d\u548c\u8f6c\u94c1\u86cb\u767d\u7b49\u86cb\u767d\u8d28\u6709\u52a9\u4e8e\u589e\u5f3a\u514d\u75ab\u529b\u3002<\/li><\/ul><p><strong>\u5fc3\u810f\u5065\u5eb7\uff1a<\/strong><\/p><ul><li>\u9c7c\u76ae\u4e2d\u7684\u03c9-3\u8102\u80aa\u9178\u53ef\u4ee5\u4fdd\u62a4\u5fc3\u810f\uff0c\u4fc3\u8fdb\u5065\u5eb7\u598a\u5a20\uff0c\u5e76\u964d\u4f4e\u60a3\u8111\u90e8\u75be\u75c5\u7684\u98ce\u9669\u3002<\/li><\/ul><p><strong>\u4ee4\u4eba\u4f5c\u5455\uff1a<\/strong><\/p><ul><li>\u9c7c\u76ae\u4e2d\u7684\u80f6\u539f\u86cb\u767d\u548c\u7ef4\u751f\u7d20E\u6709\u52a9\u4e8e\u4fdd\u6301\u76ae\u80a4\u5065\u5eb7\uff0c\u5e76\u80fd\u6539\u5584\u76ae\u80a4\u5f39\u6027\u548c\u5916\u89c2\u3002<\/li><\/ul><p><strong>\u4f4e\u78b3\u6c34\u5316\u5408\u7269\u542b\u91cf\uff1a<\/strong><\/p><ul><li>\u9c7c\u76ae\u78b3\u6c34\u5316\u5408\u7269\u542b\u91cf\u4f4e\uff0c\u6709\u5229\u4e8e\u80fd\u91cf\u5e73\u8861\uff0c\u907f\u514d\u4f53\u5185\u8102\u80aa\u8fc7\u5ea6\u5806\u79ef\u3002<\/li><\/ul><h3>\u6982\u62ec<\/h3><p><strong>\u6d77\u85fb<\/strong> Sj\u00f8chips \u662f\u4e00\u6b3e\u5065\u5eb7\u3001\u53ef\u6301\u7eed\u4e14\u7f8e\u5473\u65e0\u6bd4\u7684\u96f6\u98df\uff0c\u5bcc\u542b\u591a\u79cd\u5065\u5eb7\u76ca\u5904\u3002\u5b83\u91c7\u7528 100% \u632a\u5a01\u4e09\u6587\u9c7c\u5236\u6210\uff0c\u4e0d\u542b\u4efb\u4f55\u6dfb\u52a0\u5242\uff0c\u662f\u85af\u7247\u3001\u57f9\u6839\u8106\u7247\u7b49\u4f20\u7edf\u96f6\u98df\u7684\u7edd\u4f73\u66ff\u4ee3\u54c1\u3002\u4eca\u5929\u5c31\u6765\u5c1d\u5c1d Sj\u00f8chips\uff0c\u53d1\u73b0\u8fd9\u6b3e\u6765\u81ea\u6d77\u6d0b\u7684\u5168\u65b0\u7f8e\u5473\u96f6\u98df\u5427\uff01<\/p>\t\t\t\t\t\t\t\t<\/div>\n\t\t\t\t<\/div>\n\t\t\t\t<div class=\"elementor-element elementor-element-814f247 elementor-grid-4 elementor-grid-tablet-3 elementor-grid-mobile-2 elementor-products-grid elementor-wc-products elementor-widget elementor-widget-woocommerce-products\" data-id=\"814f247\" data-element_type=\"widget\" data-e-type=\"widget\" data-widget_type=\"woocommerce-products.default\">\n\t\t\t\t<div class=\"elementor-widget-container\">\n\t\t\t\t\t<div class=\"woocommerce columns-4\"><ul class=\"products elementor-grid columns-4\">\n<li class=\"product type-product post-2670 status-publish first instock product_cat-lettsaltet-fiskesnacks product_cat-tranebaer product_tag-sunn-snacks product_tag-tranebaer has-post-thumbnail sale taxable shipping-taxable purchasable product-type-variable has-default-attributes\">\n\t<a href=\"https:\/\/fiskegull.no\/zh\/product\/fiskegull-med-paprika-108gr\/\" class=\"woocommerce-LoopProduct-link woocommerce-loop-product__link\">\n\t<span class=\"onsale\" data-no-translation=\"\" data-trp-gettext=\"\">\u9500\u552e\uff01<\/span>\n\t<img decoding=\"async\" width=\"300\" height=\"405\" src=\"https:\/\/eadn-wc02-16313031.nxedge.io\/wp-content\/uploads\/2025\/10\/Fiskesnacks-med-Paprika-3-300x405.png\" class=\"attachment-woocommerce_thumbnail size-woocommerce_thumbnail\" alt=\"\u8fa3\u6912\u7c89\u9c7c\u7247\" srcset=\"https:\/\/eadn-wc02-16313031.nxedge.io\/wp-content\/uploads\/2025\/10\/Fiskesnacks-med-Paprika-3-300x405.png 300w, https:\/\/eadn-wc02-16313031.nxedge.io\/wp-content\/uploads\/2025\/10\/Fiskesnacks-med-Paprika-3-222x300.png 222w, https:\/\/eadn-wc02-16313031.nxedge.io\/wp-content\/uploads\/2025\/10\/Fiskesnacks-med-Paprika-3-759x1024.png 759w, https:\/\/eadn-wc02-16313031.nxedge.io\/wp-content\/uploads\/2025\/10\/Fiskesnacks-med-Paprika-3-768x1037.png 768w, https:\/\/eadn-wc02-16313031.nxedge.io\/wp-content\/uploads\/2025\/10\/Fiskesnacks-med-Paprika-3-1138x1536.png 1138w, https:\/\/eadn-wc02-16313031.nxedge.io\/wp-content\/uploads\/2025\/10\/Fiskesnacks-med-Paprika-3-1320x1782.png 1320w, https:\/\/eadn-wc02-16313031.nxedge.io\/wp-content\/uploads\/2025\/10\/Fiskesnacks-med-Paprika-3-600x810.png 600w, https:\/\/eadn-wc02-16313031.nxedge.io\/wp-content\/uploads\/2025\/10\/Fiskesnacks-med-Paprika-3.png 1512w\" sizes=\"(max-width: 300px) 100vw, 300px\" \/><h2 class=\"woocommerce-loop-product__title\">\u9c7c\u5f62\u91d1\u9c7c\u96f6\u98df\uff0c\u542b\u7ea2\u8fa3\u6912\u7c89\uff0c108\u514b\u3002<\/h2>\n\t<span class=\"price\"><span class=\"woocommerce-Price-amount amount\" aria-hidden=\"true\"><bdi><span class=\"woocommerce-Price-currencySymbol\">&#107;&#114;<\/span>&nbsp;51,30<\/bdi><\/span> <span aria-hidden=\"true\">&ndash;<\/span> <span class=\"woocommerce-Price-amount amount\" aria-hidden=\"true\"><bdi><span class=\"woocommerce-Price-currencySymbol\">&#107;&#114;<\/span>&nbsp;7180,00<\/bdi><\/span><span class=\"screen-reader-text\" data-no-translation=\"\" data-trp-gettext=\"\">Price range: &#107;&#114;&nbsp;51,30 through &#107;&#114;&nbsp;7180,00<\/span> <small class=\"woocommerce-price-suffix\">\u4e0d\u542b\u589e\u503c\u7a0e<\/small><\/span>\n<\/a><a href=\"https:\/\/fiskegull.no\/zh\/product\/fiskegull-med-paprika-108gr\/\" aria-describedby=\"woocommerce_loop_add_to_cart_link_describedby_2670\" data-quantity=\"1\" class=\"button product_type_variable add_to_cart_button\" data-product_id=\"2670\" data-product_sku=\"\" aria-label=\"\u9009\u62e9\u201cFiskegull fiskesnacks med R\u00f8d Paprika 108gr.\u201d\u7684\u9009\u9879\" rel=\"nofollow\" data-no-translation=\"\" data-trp-gettext=\"\" data-no-translation-aria-label=\"\">\u9009\u62e9\u9009\u9879<\/a>\t<span id=\"woocommerce_loop_add_to_cart_link_describedby_2670\" class=\"screen-reader-text\">\n\t\t\u6b64\u4ea7\u54c1\u6709\u591a\u79cd\u578b\u53f7\u3002\u60a8\u53ef\u4ee5\u5728\u4ea7\u54c1\u9875\u9762\u4e0a\u9009\u62e9\u578b\u53f7\u3002\t<\/span>\n<\/li>\n<li class=\"product type-product post-2142 status-publish instock product_cat-lettsaltet-fiskesnacks product_cat-tranebaer product_tag-sunn-snacks product_tag-tranebaer has-post-thumbnail sale taxable shipping-taxable purchasable product-type-variable has-default-attributes\">\n\t<a href=\"https:\/\/fiskegull.no\/zh\/product\/fiskesnacks-med-tranebaer\/\" class=\"woocommerce-LoopProduct-link woocommerce-loop-product__link\">\n\t<span class=\"onsale\" data-no-translation=\"\" data-trp-gettext=\"\">\u9500\u552e\uff01<\/span>\n\t<img decoding=\"async\" width=\"300\" height=\"405\" src=\"https:\/\/eadn-wc02-16313031.nxedge.io\/wp-content\/uploads\/2024\/12\/Fiskesnacks-med-Tranebaer-108gr-300x405.png\" class=\"attachment-woocommerce_thumbnail size-woocommerce_thumbnail\" alt=\"\u8513\u8d8a\u8393\u9c7c\u8089\u96f6\u98df 108\u514b\" srcset=\"https:\/\/eadn-wc02-16313031.nxedge.io\/wp-content\/uploads\/2024\/12\/Fiskesnacks-med-Tranebaer-108gr-300x405.png 300w, https:\/\/eadn-wc02-16313031.nxedge.io\/wp-content\/uploads\/2024\/12\/Fiskesnacks-med-Tranebaer-108gr-222x300.png 222w, https:\/\/eadn-wc02-16313031.nxedge.io\/wp-content\/uploads\/2024\/12\/Fiskesnacks-med-Tranebaer-108gr-759x1024.png 759w, https:\/\/eadn-wc02-16313031.nxedge.io\/wp-content\/uploads\/2024\/12\/Fiskesnacks-med-Tranebaer-108gr-768x1037.png 768w, https:\/\/eadn-wc02-16313031.nxedge.io\/wp-content\/uploads\/2024\/12\/Fiskesnacks-med-Tranebaer-108gr-1138x1536.png 1138w, https:\/\/eadn-wc02-16313031.nxedge.io\/wp-content\/uploads\/2024\/12\/Fiskesnacks-med-Tranebaer-108gr-1320x1782.png 1320w, https:\/\/eadn-wc02-16313031.nxedge.io\/wp-content\/uploads\/2024\/12\/Fiskesnacks-med-Tranebaer-108gr-600x810.png 600w, https:\/\/eadn-wc02-16313031.nxedge.io\/wp-content\/uploads\/2024\/12\/Fiskesnacks-med-Tranebaer-108gr.png 1512w\" sizes=\"(max-width: 300px) 100vw, 300px\" \/><h2 class=\"woocommerce-loop-product__title\">\u8513\u8d8a\u8393\u5473\u91d1\u9c7c\u96f6\u98df 108\u514b<\/h2>\n\t<span class=\"price\"><span class=\"woocommerce-Price-amount amount\" aria-hidden=\"true\"><bdi><span class=\"woocommerce-Price-currencySymbol\">&#107;&#114;<\/span>&nbsp;51,30<\/bdi><\/span> <span aria-hidden=\"true\">&ndash;<\/span> <span class=\"woocommerce-Price-amount amount\" aria-hidden=\"true\"><bdi><span class=\"woocommerce-Price-currencySymbol\">&#107;&#114;<\/span>&nbsp;7180,00<\/bdi><\/span><span class=\"screen-reader-text\" data-no-translation=\"\" data-trp-gettext=\"\">Price range: &#107;&#114;&nbsp;51,30 through &#107;&#114;&nbsp;7180,00<\/span> <small class=\"woocommerce-price-suffix\">\u4e0d\u542b\u589e\u503c\u7a0e<\/small><\/span>\n<\/a><a href=\"https:\/\/fiskegull.no\/zh\/product\/fiskesnacks-med-tranebaer\/\" aria-describedby=\"woocommerce_loop_add_to_cart_link_describedby_2142\" data-quantity=\"1\" class=\"button product_type_variable add_to_cart_button\" data-product_id=\"2142\" data-product_sku=\"\" aria-label=\"\u9009\u62e9\u201cFiskegull fiskesnacks med Traneb\u00e6r 108gr.\u201d\u7684\u9009\u9879\" rel=\"nofollow\" data-no-translation=\"\" data-trp-gettext=\"\" data-no-translation-aria-label=\"\">\u9009\u62e9\u9009\u9879<\/a>\t<span id=\"woocommerce_loop_add_to_cart_link_describedby_2142\" class=\"screen-reader-text\">\n\t\t\u6b64\u4ea7\u54c1\u6709\u591a\u79cd\u578b\u53f7\u3002\u60a8\u53ef\u4ee5\u5728\u4ea7\u54c1\u9875\u9762\u4e0a\u9009\u62e9\u578b\u53f7\u3002\t<\/span>\n<\/li>\n<li class=\"product type-product post-2130 status-publish instock product_cat-lett-saltet product_tag-chips-alternativ product_tag-ferdig-a-spise product_tag-fish-skin-chips product_tag-fiskechips product_tag-fiskeprodukter product_tag-fiskesnacks product_tag-glutenfri-snacks product_tag-havsalt product_tag-healthy-snack product_tag-hoyt-proteininnhold product_tag-keto-snacks product_tag-kollagen product_tag-laksechips product_tag-lakseskinn product_tag-lav-karbo product_tag-lavkarbo-snacks product_tag-lettsaltet product_tag-matpakke product_tag-msg product_tag-naturlig-kollagen product_tag-norsk-fisk product_tag-omega-3 product_tag-proteinrik-snacks product_tag-proteinsnacks product_tag-quick-snack product_tag-saltet-snacks product_tag-spro-snacks product_tag-sprostekt-lakseskinn product_tag-sunn-snacks product_tag-sunnere-alternativ product_tag-treningssnacks product_tag-turmat product_tag-umami has-post-thumbnail sale taxable shipping-taxable purchasable product-type-variable has-default-attributes\">\n\t<a href=\"https:\/\/fiskegull.no\/zh\/product\/fiskegull-fiskesnacks-med-havsalt\/\" class=\"woocommerce-LoopProduct-link woocommerce-loop-product__link\">\n\t<span class=\"onsale\" data-no-translation=\"\" data-trp-gettext=\"\">\u9500\u552e\uff01<\/span>\n\t<img loading=\"lazy\" decoding=\"async\" width=\"300\" height=\"405\" src=\"https:\/\/eadn-wc02-16313031.nxedge.io\/wp-content\/uploads\/2024\/12\/Fiskesnacks-med-havsalt-108gr-300x405.png\" class=\"attachment-woocommerce_thumbnail size-woocommerce_thumbnail\" alt=\"\u6d77\u76d0\u9c7c\u8089\u96f6\u98df 108\u514b\" srcset=\"https:\/\/eadn-wc02-16313031.nxedge.io\/wp-content\/uploads\/2024\/12\/Fiskesnacks-med-havsalt-108gr-300x405.png 300w, https:\/\/eadn-wc02-16313031.nxedge.io\/wp-content\/uploads\/2024\/12\/Fiskesnacks-med-havsalt-108gr-222x300.png 222w, https:\/\/eadn-wc02-16313031.nxedge.io\/wp-content\/uploads\/2024\/12\/Fiskesnacks-med-havsalt-108gr-759x1024.png 759w, https:\/\/eadn-wc02-16313031.nxedge.io\/wp-content\/uploads\/2024\/12\/Fiskesnacks-med-havsalt-108gr-768x1037.png 768w, https:\/\/eadn-wc02-16313031.nxedge.io\/wp-content\/uploads\/2024\/12\/Fiskesnacks-med-havsalt-108gr-1138x1536.png 1138w, https:\/\/eadn-wc02-16313031.nxedge.io\/wp-content\/uploads\/2024\/12\/Fiskesnacks-med-havsalt-108gr-1320x1782.png 1320w, https:\/\/eadn-wc02-16313031.nxedge.io\/wp-content\/uploads\/2024\/12\/Fiskesnacks-med-havsalt-108gr-600x810.png 600w, https:\/\/eadn-wc02-16313031.nxedge.io\/wp-content\/uploads\/2024\/12\/Fiskesnacks-med-havsalt-108gr.png 1512w\" sizes=\"(max-width: 300px) 100vw, 300px\" \/><h2 class=\"woocommerce-loop-product__title\">\u6d77\u76d0\u5473\u9c7c\u5f62\u91d1\u9c7c\u96f6\u98df 108\u514b<\/h2>\n\t<span class=\"price\"><span class=\"woocommerce-Price-amount amount\" aria-hidden=\"true\"><bdi><span class=\"woocommerce-Price-currencySymbol\">&#107;&#114;<\/span>&nbsp;51,30<\/bdi><\/span> <span aria-hidden=\"true\">&ndash;<\/span> <span class=\"woocommerce-Price-amount amount\" aria-hidden=\"true\"><bdi><span class=\"woocommerce-Price-currencySymbol\">&#107;&#114;<\/span>&nbsp;7180,00<\/bdi><\/span><span class=\"screen-reader-text\" data-no-translation=\"\" data-trp-gettext=\"\">Price range: &#107;&#114;&nbsp;51,30 through &#107;&#114;&nbsp;7180,00<\/span> <small class=\"woocommerce-price-suffix\">\u4e0d\u542b\u589e\u503c\u7a0e<\/small><\/span>\n<\/a><a href=\"https:\/\/fiskegull.no\/zh\/product\/fiskegull-fiskesnacks-med-havsalt\/\" aria-describedby=\"woocommerce_loop_add_to_cart_link_describedby_2130\" data-quantity=\"1\" class=\"button product_type_variable add_to_cart_button\" data-product_id=\"2130\" data-product_sku=\"\" aria-label=\"\u9009\u62e9\u201cFiskegull fiskesnacks med havsalt 108gr.\u201d\u7684\u9009\u9879\" rel=\"nofollow\" data-no-translation=\"\" data-trp-gettext=\"\" data-no-translation-aria-label=\"\">\u9009\u62e9\u9009\u9879<\/a>\t<span id=\"woocommerce_loop_add_to_cart_link_describedby_2130\" class=\"screen-reader-text\">\n\t\t\u6b64\u4ea7\u54c1\u6709\u591a\u79cd\u578b\u53f7\u3002\u60a8\u53ef\u4ee5\u5728\u4ea7\u54c1\u9875\u9762\u4e0a\u9009\u62e9\u578b\u53f7\u3002\t<\/span>\n<\/li>\n<li class=\"product type-product post-2120 status-publish last instock product_cat-lettsaltet-fiskesnacks product_cat-wasabi product_tag-sunn-snacks product_tag-wasabi has-post-thumbnail sale taxable shipping-taxable purchasable product-type-variable has-default-attributes\">\n\t<a href=\"https:\/\/fiskegull.no\/zh\/product\/lett-saltet-fiskegull-med-wasabi-108gr\/\" class=\"woocommerce-LoopProduct-link woocommerce-loop-product__link\">\n\t<span class=\"onsale\" data-no-translation=\"\" data-trp-gettext=\"\">\u9500\u552e\uff01<\/span>\n\t<img loading=\"lazy\" decoding=\"async\" width=\"300\" height=\"405\" src=\"https:\/\/eadn-wc02-16313031.nxedge.io\/wp-content\/uploads\/2024\/12\/Fiskesnacks-med-Wasabi-108gr-300x405.png\" class=\"attachment-woocommerce_thumbnail size-woocommerce_thumbnail\" alt=\"\u82a5\u672b\u9c7c\u96f6\u98df 108\u514b\" srcset=\"https:\/\/eadn-wc02-16313031.nxedge.io\/wp-content\/uploads\/2024\/12\/Fiskesnacks-med-Wasabi-108gr-300x405.png 300w, https:\/\/eadn-wc02-16313031.nxedge.io\/wp-content\/uploads\/2024\/12\/Fiskesnacks-med-Wasabi-108gr-222x300.png 222w, https:\/\/eadn-wc02-16313031.nxedge.io\/wp-content\/uploads\/2024\/12\/Fiskesnacks-med-Wasabi-108gr-759x1024.png 759w, https:\/\/eadn-wc02-16313031.nxedge.io\/wp-content\/uploads\/2024\/12\/Fiskesnacks-med-Wasabi-108gr-768x1037.png 768w, https:\/\/eadn-wc02-16313031.nxedge.io\/wp-content\/uploads\/2024\/12\/Fiskesnacks-med-Wasabi-108gr-1138x1536.png 1138w, https:\/\/eadn-wc02-16313031.nxedge.io\/wp-content\/uploads\/2024\/12\/Fiskesnacks-med-Wasabi-108gr-1320x1782.png 1320w, https:\/\/eadn-wc02-16313031.nxedge.io\/wp-content\/uploads\/2024\/12\/Fiskesnacks-med-Wasabi-108gr-600x810.png 600w, https:\/\/eadn-wc02-16313031.nxedge.io\/wp-content\/uploads\/2024\/12\/Fiskesnacks-med-Wasabi-108gr.png 1512w\" sizes=\"(max-width: 300px) 100vw, 300px\" \/><h2 class=\"woocommerce-loop-product__title\">\u82a5\u672b\u5473\u9c7c\u5f62\u91d1\u9c7c\u96f6\u98df 108\u514b<\/h2>\n\t<span class=\"price\"><span class=\"woocommerce-Price-amount amount\" aria-hidden=\"true\"><bdi><span class=\"woocommerce-Price-currencySymbol\">&#107;&#114;<\/span>&nbsp;51,30<\/bdi><\/span> <span aria-hidden=\"true\">&ndash;<\/span> <span class=\"woocommerce-Price-amount amount\" aria-hidden=\"true\"><bdi><span class=\"woocommerce-Price-currencySymbol\">&#107;&#114;<\/span>&nbsp;7180,00<\/bdi><\/span><span class=\"screen-reader-text\" data-no-translation=\"\" data-trp-gettext=\"\">Price range: &#107;&#114;&nbsp;51,30 through &#107;&#114;&nbsp;7180,00<\/span> <small class=\"woocommerce-price-suffix\">\u4e0d\u542b\u589e\u503c\u7a0e<\/small><\/span>\n<\/a><a href=\"https:\/\/fiskegull.no\/zh\/product\/lett-saltet-fiskegull-med-wasabi-108gr\/\" aria-describedby=\"woocommerce_loop_add_to_cart_link_describedby_2120\" data-quantity=\"1\" class=\"button product_type_variable add_to_cart_button\" data-product_id=\"2120\" data-product_sku=\"\" aria-label=\"\u9009\u62e9\u201cFiskegull fiskesnacks med Wasabi 108gr.\u201d\u7684\u9009\u9879\" rel=\"nofollow\" data-no-translation=\"\" data-trp-gettext=\"\" data-no-translation-aria-label=\"\">\u9009\u62e9\u9009\u9879<\/a>\t<span id=\"woocommerce_loop_add_to_cart_link_describedby_2120\" class=\"screen-reader-text\">\n\t\t\u6b64\u4ea7\u54c1\u6709\u591a\u79cd\u578b\u53f7\u3002\u60a8\u53ef\u4ee5\u5728\u4ea7\u54c1\u9875\u9762\u4e0a\u9009\u62e9\u578b\u53f7\u3002\t<\/span>\n<\/li>\n<\/ul>\n<\/div>\t\t\t\t<\/div>\n\t\t\t\t<\/div>\n\t\t\t\t\t<\/div>\n\t\t\t\t<\/div>\n\t\t\t\t<\/div>","protected":false},"excerpt":{"rendered":"<p>Sj\u00f8chips-Sunn og Milj\u00f8vennlig Fiskesnacks fra Fjorden Sj\u00f8chips-Sunn Og Milj\u00f8vennlig Fiskesnacks Fra Fjorden\u200b &#8211; Like godt, mye sunnere Sj\u00f8chips er et unikt produkt laget av 100% norsk laks. Denne snacksen kombinerer viktige proteinkilder og omega-3 fettsyrer, helt uten tilsetningsstoffer. Sj\u00f8chips er et sunt alternativ til tradisjonelle snacks som potetgull og baconcrisp. Hvorfor Velge Sj\u00f8chips som Fiskegull? [&hellip;]<\/p>\n","protected":false},"author":1,"featured_media":3275,"parent":0,"menu_order":0,"comment_status":"closed","ping_status":"closed","template":"","meta":{"footnotes":""},"class_list":["post-1600","page","type-page","status-publish","has-post-thumbnail","hentry"],"jetpack-related-posts":[],"jetpack_sharing_enabled":true,"_links":{"self":[{"href":"https:\/\/fiskegull.no\/zh\/wp-json\/wp\/v2\/pages\/1600","targetHints":{"allow":["GET"]}}],"collection":[{"href":"https:\/\/fiskegull.no\/zh\/wp-json\/wp\/v2\/pages"}],"about":[{"href":"https:\/\/fiskegull.no\/zh\/wp-json\/wp\/v2\/types\/page"}],"author":[{"embeddable":true,"href":"https:\/\/fiskegull.no\/zh\/wp-json\/wp\/v2\/users\/1"}],"replies":[{"embeddable":true,"href":"https:\/\/fiskegull.no\/zh\/wp-json\/wp\/v2\/comments?post=1600"}],"version-history":[{"count":4,"href":"https:\/\/fiskegull.no\/zh\/wp-json\/wp\/v2\/pages\/1600\/revisions"}],"predecessor-version":[{"id":3279,"href":"https:\/\/fiskegull.no\/zh\/wp-json\/wp\/v2\/pages\/1600\/revisions\/3279"}],"wp:featuredmedia":[{"embeddable":true,"href":"https:\/\/fiskegull.no\/zh\/wp-json\/wp\/v2\/media\/3275"}],"wp:attachment":[{"href":"https:\/\/fiskegull.no\/zh\/wp-json\/wp\/v2\/media?parent=1600"}],"curies":[{"name":"wp","href":"https:\/\/api.w.org\/{rel}","templated":true}]}}