{"id":1554,"date":"2024-05-31T20:55:38","date_gmt":"2024-05-31T18:55:38","guid":{"rendered":"https:\/\/fb8feff000.nxcli.io\/?page_id=1554"},"modified":"2024-05-31T23:27:53","modified_gmt":"2024-05-31T21:27:53","slug":"fiskesnacks","status":"publish","type":"page","link":"https:\/\/fiskegull.no\/zh\/fiskesnacks\/","title":{"rendered":"\u9c7c\u8089\u96f6\u98df"},"content":{"rendered":"<div data-elementor-type=\"wp-page\" data-elementor-id=\"1554\" class=\"elementor elementor-1554\" data-elementor-post-type=\"page\">\n\t\t\t\t<div class=\"elementor-element elementor-element-78afd24 e-flex e-con-boxed e-con e-parent\" data-id=\"78afd24\" data-element_type=\"container\" data-e-type=\"container\">\n\t\t\t\t\t<div class=\"e-con-inner\">\n\t\t\t\t<div class=\"elementor-element elementor-element-8d2ad99 elementor-widget elementor-widget-heading\" data-id=\"8d2ad99\" data-element_type=\"widget\" data-e-type=\"widget\" data-widget_type=\"heading.default\">\n\t\t\t\t<div class=\"elementor-widget-container\">\n\t\t\t\t\t<h2 class=\"elementor-heading-title elementor-size-default\">Mener fiske-snacks kan \u00f8ke norsk sj\u00f8matkonsum\n<\/h2>\t\t\t\t<\/div>\n\t\t\t\t<\/div>\n\t\t\t\t\t<\/div>\n\t\t\t\t<\/div>\n\t\t<div class=\"elementor-element elementor-element-90ec711 e-flex e-con-boxed e-con e-parent\" data-id=\"90ec711\" data-element_type=\"container\" data-e-type=\"container\">\n\t\t\t\t\t<div class=\"e-con-inner\">\n\t\t\t\t<div class=\"elementor-element elementor-element-5b1270b elementor-widget elementor-widget-theme-post-featured-image elementor-widget-image\" data-id=\"5b1270b\" data-element_type=\"widget\" data-e-type=\"widget\" data-widget_type=\"theme-post-featured-image.default\">\n\t\t\t\t<div class=\"elementor-widget-container\">\n\t\t\t\t\t\t\t\t\t\t\t\t<figure class=\"wp-caption\">\n\t\t\t\t\t\t\t\t\t\t<img fetchpriority=\"high\" decoding=\"async\" width=\"800\" height=\"451\" src=\"https:\/\/eadn-wc02-16313031.nxedge.io\/wp-content\/uploads\/2024\/05\/Fiskesnacks-1024x577.jpg\" class=\"attachment-large size-large wp-image-1555\" alt=\"\" srcset=\"https:\/\/eadn-wc02-16313031.nxedge.io\/wp-content\/uploads\/2024\/05\/Fiskesnacks-1024x577.jpg 1024w, https:\/\/eadn-wc02-16313031.nxedge.io\/wp-content\/uploads\/2024\/05\/Fiskesnacks-600x338.jpg 600w, https:\/\/eadn-wc02-16313031.nxedge.io\/wp-content\/uploads\/2024\/05\/Fiskesnacks-300x169.jpg 300w, https:\/\/eadn-wc02-16313031.nxedge.io\/wp-content\/uploads\/2024\/05\/Fiskesnacks-768x433.jpg 768w, https:\/\/eadn-wc02-16313031.nxedge.io\/wp-content\/uploads\/2024\/05\/Fiskesnacks-1536x865.jpg 1536w, https:\/\/eadn-wc02-16313031.nxedge.io\/wp-content\/uploads\/2024\/05\/Fiskesnacks-2048x1154.jpg 2048w, https:\/\/eadn-wc02-16313031.nxedge.io\/wp-content\/uploads\/2024\/05\/Fiskesnacks-1320x744.jpg 1320w\" sizes=\"(max-width: 800px) 100vw, 800px\" \/>\t\t\t\t\t\t\t\t\t\t\t<figcaption class=\"widget-image-caption wp-caption-text\">Studenter ved UiT smaker Happy Crisp ved semesterstart i Troms\u00f8. Foto: Republic of Fish.<\/figcaption>\n\t\t\t\t\t\t\t\t\t\t<\/figure>\n\t\t\t\t\t\t\t\t\t<\/div>\n\t\t\t\t<\/div>\n\t\t\t\t\t<\/div>\n\t\t\t\t<\/div>\n\t\t<div class=\"elementor-element elementor-element-08390fc e-flex e-con-boxed e-con e-parent\" data-id=\"08390fc\" data-element_type=\"container\" data-e-type=\"container\">\n\t\t\t\t\t<div class=\"e-con-inner\">\n\t\t\t\t<div class=\"elementor-element elementor-element-c14ddaf elementor-widget elementor-widget-text-editor\" data-id=\"c14ddaf\" data-element_type=\"widget\" data-e-type=\"widget\" data-widget_type=\"text-editor.default\">\n\t\t\t\t<div class=\"elementor-widget-container\">\n\t\t\t\t\t\t\t\t\t<h2 class=\"subtitle\">Republic of Fish lager fiffig chips av fisk. Ronny Slettmo mener dette kan v\u00e6re l\u00f8sningen til et synkende sj\u00f8matkonsum hos yngre nordmenn.<\/h2><div class=\"meta\" data-element-guid=\"adebb2e8-dc16-4ab5-c6cd-9ce08d2f2544\"><div class=\"bylines\"><div class=\"byline column\" data-element-guid=\"e2b07481-88ad-46a4-ab02-356cf37c13e3\"><div class=\"content\">\u00a0<\/div><\/div><\/div><\/div>\t\t\t\t\t\t\t\t<\/div>\n\t\t\t\t<\/div>\n\t\t\t\t<div class=\"elementor-element elementor-element-68300bb elementor-widget elementor-widget-text-editor\" data-id=\"68300bb\" data-element_type=\"widget\" data-e-type=\"widget\" data-widget_type=\"text-editor.default\">\n\t\t\t\t<div class=\"elementor-widget-container\">\n\t\t\t\t\t\t\t\t\t<p>Fiskesnacks, Republic of Fish holder til i Troms\u00f8 og har brukt noen \u00e5r p\u00e5 \u00e5 utvikle produktet <em>Happy Crisps<\/em>, som er t\u00f8rket fisk tilsatt olivenolje og krydder.<\/p><p>Slettmo forteller at de har brukt mye tid p\u00e5 \u00e5 teste produktet, men at responsen ogs\u00e5 har v\u00e6rt overraskende positiv.<\/p><p>&#8211; Vi har v\u00e6rt mye tilstede p\u00e5 festivaler, universiteter og i butikker, og opplever at flesteparten kunne tenke seg \u00e5 spise dette som snacks.<\/p><p>Slettmo selv ser det som sv\u00e6rt alvorlig at spesielt unge mennesker spiser lite sj\u00f8mat. Han mener det handler om pris, tilgjengelighet, og hvor enkelt det er \u00e5 spise det.<\/p>\t\t\t\t\t\t\t\t<\/div>\n\t\t\t\t<\/div>\n\t\t\t\t<div class=\"elementor-element elementor-element-f1c19b3 elementor-widget elementor-widget-text-editor\" data-id=\"f1c19b3\" data-element_type=\"widget\" data-e-type=\"widget\" data-widget_type=\"text-editor.default\">\n\t\t\t\t<div class=\"elementor-widget-container\">\n\t\t\t\t\t\t\t\t\t<h2>&#8211; Det m\u00e5 v\u00e6re like lett som \u00e5 spise fisk som \u00e5 spise n\u00f8tter og sjokolade. Og s\u00e5 m\u00e5 det smake godt, poengterer han.<\/h2><h2>Innpass hos studentene<\/h2><p>Blant annet har universitet i Troms\u00f8 (UiT) n\u00e5 tatt inn produktene i deres kantiner, med begrunnelse om at de enkelt vil eksponere fisk til alle studenter og ansatte. Slettmo legger til at produktet ogs\u00e5 passer godt til dagens snack-trend, ettersom millenniumsgenerasjonen (f\u00f8dt 1980-1995) har andre spisevaner enn f\u00f8r.<\/p><figure class=\"column desktop-floatRight mobile-floatRight small-12 large-4 small-abs-12 large-abs-4\" data-element-guid=\"15ece286-21e7-44eb-e1e5-d62518969c2e\"><div class=\"content\"><div class=\"content\"><div class=\"img fullwidthTarget\"><picture><source srcset=\"https:\/\/image.kyst.no\/277428.jpg?imageId=277428&amp;width=706&amp;height=696&amp;format=jpg\" type=\"image\/jpeg\" media=\"(min-width: 768px)\" \/><source srcset=\"https:\/\/image.kyst.no\/277428.jpg?imageId=277428&amp;width=960&amp;height=946&amp;format=jpg\" type=\"image\/jpeg\" media=\"(max-width: 767px)\" \/><img decoding=\"async\" title=\"Happy Crisps. Foto: Republic of Fish.\" src=\"https:\/\/image.kyst.no\/277428.jpg?imageId=277428&amp;width=960&amp;height=946&amp;format=jpg\" alt=\"\" width=\"480\" height=\"473\" \/><\/picture><\/div><div class=\"caption\" data-showmore=\"Vis mer\">\u00a0<\/div><\/div><\/div><figcaption class=\"\">Happy Crisps. Foto: Republic of Fish.<\/figcaption><div class=\"content\"><div class=\"caption\" data-showmore=\"Vis mer\">\u00a0<\/div><\/div><\/figure><h2>&#8211; Unge mennesker er spesielt opptatt av \u00e5 spise naturlig mat, og bruker sunnere produkter. Spesielt er sunnere snacks en trend i dag, og derfor ser vi at dette faktisk er en l\u00f8sning som sl\u00e5r an.<\/h2><h2>H\u00f8ye n\u00e6ringsverdier<\/h2><p>I en pose Happy Crisps benyttes 150 gram naturlig fisk. Etter t\u00f8rking er volumet redusert til 1\/6 av opprinnelig volum ettersom vannet forsvinner, mens n\u00e6ringsstoffene blir igjen.<\/p><p>&#8211; Dette gir ekstremt h\u00f8ye n\u00e6ringsverdier, og h\u00f8yt protein innhold, informerer Slettmo.<\/p><p>Selv om produktet er noe lignende tradisjonell t\u00f8rrfisk-snack, lukter det mindre fisk og er mykere \u00e5 tygge. Dette er ogs\u00e5 en av grunnene til at de satser p\u00e5 eksponering b\u00e5de p\u00e5 gamlehjem og i hjemmetjenesten, ettersom eldre mennesker ofte sliter med \u00e5 f\u00e5 i seg nok protein.<\/p><h2>Motvirke nedgang i sj\u00f8matkonsumet<\/h2><p>Slettmo\u00a0h\u00e5per at produktet kan bli en l\u00f8sning for \u00e5 motvirke en synlig nedgang i landets sj\u00f8matkonsum, som kan ha en sammenheng med b\u00e5de pris og tilgjengelighet.<\/p><p>&#8211; Vi bruker jo fisk som r\u00e5stoff, og vi vet at det ikke er billig. I Norge jubler vi for h\u00f8ye laksepriser, men selv om dette gir \u00f8kt inntekt, gir det samtidig synkende konsum, poengterer han.<\/p><h2>Om Happy Crisps og Republic of Fish:\u00a0<\/h2><ul><li>I produktene brukes villfanget, mager fisk fra det nord\u00f8stlige Barentshavet.\u00a0Til n\u00e5 har det blitt brukt hyse, men fremover vil de g\u00e5 over til torsk fra samme omr\u00e5de. \u00c5rsaken er at torsk er lettere \u00e5 f\u00e5 tak i enn hyse.<\/li><li>I dag satses det p\u00e5 \u00e5 f\u00e5 produktet i butikk i alle de tre nord-norske fylkene, men Slettmo h\u00e5per de etter hvert f\u00e5r det ut i markeder over hele landet.<\/li><li>Republic of Fish har en fabrikk p\u00e5 Sommar\u00f8y hvor det jobber 2 ansatte. Tilsammen er de ogs\u00e5 fire som jobber med salg og markedsf\u00f8ring i Troms\u00f8.<\/li><li>Det har tatt ca to \u00e5r \u00e5 utvikle produktet.<\/li><\/ul>\t\t\t\t\t\t\t\t<\/div>\n\t\t\t\t<\/div>\n\t\t\t\t<div class=\"elementor-element elementor-element-45ae962 elementor-widget elementor-widget-text-editor\" data-id=\"45ae962\" data-element_type=\"widget\" data-e-type=\"widget\" data-widget_type=\"text-editor.default\">\n\t\t\t\t<div class=\"elementor-widget-container\">\n\t\t\t\t\t\t\t\t\t<p><span class=\"firstname\">Katarina<\/span>\u00a0<span class=\"lastname\">Berthelsen. <a href=\"https:\/\/www.kyst.no\/republic-of-fish\/mener-fiske-snacks-kan-oke-norsk-sjomatkonsum\/277383\" target=\"_blank\" rel=\"noopener\">Kyst.no<\/a><\/span><\/p>\t\t\t\t\t\t\t\t<\/div>\n\t\t\t\t<\/div>\n\t\t\t\t\t<\/div>\n\t\t\t\t<\/div>\n\t\t\t\t<\/div>","protected":false},"excerpt":{"rendered":"<p>Mener fiske-snacks kan \u00f8ke norsk sj\u00f8matkonsum Republic of Fish lager fiffig chips av fisk. Ronny Slettmo mener dette kan v\u00e6re l\u00f8sningen til et synkende sj\u00f8matkonsum hos yngre nordmenn. \u00a0 Fiskesnacks, Republic of Fish holder til i Troms\u00f8 og har brukt noen \u00e5r p\u00e5 \u00e5 utvikle produktet Happy Crisps, som er t\u00f8rket fisk tilsatt olivenolje og [&hellip;]<\/p>\n","protected":false},"author":1,"featured_media":1555,"parent":0,"menu_order":0,"comment_status":"closed","ping_status":"closed","template":"","meta":{"footnotes":""},"class_list":["post-1554","page","type-page","status-publish","has-post-thumbnail","hentry"],"jetpack-related-posts":[],"jetpack_sharing_enabled":true,"_links":{"self":[{"href":"https:\/\/fiskegull.no\/zh\/wp-json\/wp\/v2\/pages\/1554","targetHints":{"allow":["GET"]}}],"collection":[{"href":"https:\/\/fiskegull.no\/zh\/wp-json\/wp\/v2\/pages"}],"about":[{"href":"https:\/\/fiskegull.no\/zh\/wp-json\/wp\/v2\/types\/page"}],"author":[{"embeddable":true,"href":"https:\/\/fiskegull.no\/zh\/wp-json\/wp\/v2\/users\/1"}],"replies":[{"embeddable":true,"href":"https:\/\/fiskegull.no\/zh\/wp-json\/wp\/v2\/comments?post=1554"}],"version-history":[{"count":0,"href":"https:\/\/fiskegull.no\/zh\/wp-json\/wp\/v2\/pages\/1554\/revisions"}],"wp:featuredmedia":[{"embeddable":true,"href":"https:\/\/fiskegull.no\/zh\/wp-json\/wp\/v2\/media\/1555"}],"wp:attachment":[{"href":"https:\/\/fiskegull.no\/zh\/wp-json\/wp\/v2\/media?parent=1554"}],"curies":[{"name":"wp","href":"https:\/\/api.w.org\/{rel}","templated":true}]}}