{"id":1485,"date":"2024-05-31T15:16:11","date_gmt":"2024-05-31T13:16:11","guid":{"rendered":"https:\/\/fb8feff000.nxcli.io\/?page_id=1485"},"modified":"2024-05-31T22:55:31","modified_gmt":"2024-05-31T20:55:31","slug":"fiskechips","status":"publish","type":"page","link":"https:\/\/fiskegull.no\/zh\/fiskechips\/","title":{"rendered":"\u70b8\u9c7c\u85af\u6761"},"content":{"rendered":"<div data-elementor-type=\"wp-page\" data-elementor-id=\"1485\" class=\"elementor elementor-1485\" data-elementor-post-type=\"page\">\n\t\t\t\t<div class=\"elementor-element elementor-element-098e32f e-flex e-con-boxed e-con e-parent\" data-id=\"098e32f\" data-element_type=\"container\" data-e-type=\"container\">\n\t\t\t\t\t<div class=\"e-con-inner\">\n\t\t\t\t<div class=\"elementor-element elementor-element-f4ac0a9 elementor-widget elementor-widget-heading\" data-id=\"f4ac0a9\" data-element_type=\"widget\" data-e-type=\"widget\" data-widget_type=\"heading.default\">\n\t\t\t\t<div class=\"elementor-widget-container\">\n\t\t\t\t\t<h2 class=\"elementor-heading-title elementor-size-default\">\u9c7c\u76ae\u53ef\u4ee5\u5236\u6210\u9c7c\u80f6\uff0c\u662f\u5065\u5eb7\u7684\u96f6\u98df\u3002<\/h2>\t\t\t\t<\/div>\n\t\t\t\t<\/div>\n\t\t\t\t\t<\/div>\n\t\t\t\t<\/div>\n\t\t<div class=\"elementor-element elementor-element-690ff08 e-flex e-con-boxed e-con e-parent\" data-id=\"690ff08\" data-element_type=\"container\" data-e-type=\"container\">\n\t\t\t\t\t<div class=\"e-con-inner\">\n\t\t\t\t<div class=\"elementor-element elementor-element-d6f7b9f elementor-widget elementor-widget-text-editor\" data-id=\"d6f7b9f\" data-element_type=\"widget\" data-e-type=\"widget\" data-widget_type=\"text-editor.default\">\n\t\t\t\t<div class=\"elementor-widget-container\">\n\t\t\t\t\t\t\t\t\t<h4>Nytt prosjekt skal forvandle fiskeskinn fra dyref\u00f4r til sunn snacks for mennesker<\/h4><p><strong>Prosjektbeskrivelse:<\/strong> Fiskeskinn er et biprodukt fra fiskeindustrien som i dag hovedsakelig brukes som dyref\u00f4r. Et nytt prosjekt har som m\u00e5l \u00e5 redusere svinn ved \u00e5 forvandle fiskeskinn til h\u00f8yverdige ingredienser som fiskegelatin, hudpleieprodukter, og sunne snacks som fiskechips. Dette vil kreve ny kunnskap og teknologi, da det per i dag ikke produseres fiskegelatin eller fiskechips i Norge.<\/p><p><strong>Prosjektledelse og m\u00e5lsetting:<\/strong><\/p><ul><li><strong>\u7279\u8036\u00b7\u897f\u5f17\u68ee<\/strong>: En av gr\u00fcnderne bak prosjektet, fremhever behovet for \u00e5 utnytte sidestr\u00f8mmer og erfaring fra samarbeid med dansk industri for \u00e5 realisere det kommersielle potensialet til fiskeskinn.<\/li><li><strong>\u54c8\u6851\u00b7\u62c9\u7eb3<\/strong>: P\u00e5peker at markedet for fiskegelatin er i vekst, drevet av kulturelle og livsstilsbaserte forbrukerpreferanser. Han ser store muligheter for b\u00e5de fiskerin\u00e6ringen og n\u00e6ringsmiddelindustrien ved \u00e5 utvikle en b\u00e6rekraftig verdikjede i Norge.<\/li><li><strong>\u83ab\u6ed5\u00b7\u96c5\u5404\u5e03\u68ee<\/strong>: Har erfaring fra produksjonsbedrifter i Asia, og ser fordeler i \u00e5 etablere produksjon i Norge p\u00e5 grunn av de rene r\u00e5varene og det norske klimaet, noe som gir en markedsfordel i Europa.<\/li><\/ul><p><strong>Prosjektets omfang og muligheter:<\/strong><\/p>\t\t\t\t\t\t\t\t<\/div>\n\t\t\t\t<\/div>\n\t\t\t\t\t<\/div>\n\t\t\t\t<\/div>\n\t\t<div class=\"elementor-element elementor-element-3f9e746 e-flex e-con-boxed e-con e-parent\" data-id=\"3f9e746\" data-element_type=\"container\" data-e-type=\"container\">\n\t\t\t\t\t<div class=\"e-con-inner\">\n\t\t\t\t<div class=\"elementor-element elementor-element-c9be388 elementor-widget elementor-widget-image\" data-id=\"c9be388\" data-element_type=\"widget\" data-e-type=\"widget\" data-widget_type=\"image.default\">\n\t\t\t\t<div class=\"elementor-widget-container\">\n\t\t\t\t\t\t\t\t\t\t\t\t\t\t\t<img fetchpriority=\"high\" decoding=\"async\" width=\"717\" height=\"1024\" src=\"https:\/\/eadn-wc02-16313031.nxedge.io\/wp-content\/uploads\/2024\/05\/Fiskeskinn-blir-til-fiskegelatin-og-sunn-snacks-717x1024.png\" class=\"attachment-large size-large wp-image-1488\" alt=\"\u9c7c\u76ae\u53ef\u4ee5\u5236\u6210\u9c7c\u80f6\uff0c\u662f\u5065\u5eb7\u7684\u96f6\u98df\u3002\" srcset=\"https:\/\/eadn-wc02-16313031.nxedge.io\/wp-content\/uploads\/2024\/05\/Fiskeskinn-blir-til-fiskegelatin-og-sunn-snacks-717x1024.png 717w, https:\/\/eadn-wc02-16313031.nxedge.io\/wp-content\/uploads\/2024\/05\/Fiskeskinn-blir-til-fiskegelatin-og-sunn-snacks-600x857.png 600w, https:\/\/eadn-wc02-16313031.nxedge.io\/wp-content\/uploads\/2024\/05\/Fiskeskinn-blir-til-fiskegelatin-og-sunn-snacks-210x300.png 210w, https:\/\/eadn-wc02-16313031.nxedge.io\/wp-content\/uploads\/2024\/05\/Fiskeskinn-blir-til-fiskegelatin-og-sunn-snacks-768x1097.png 768w, https:\/\/eadn-wc02-16313031.nxedge.io\/wp-content\/uploads\/2024\/05\/Fiskeskinn-blir-til-fiskegelatin-og-sunn-snacks-1075x1536.png 1075w, https:\/\/eadn-wc02-16313031.nxedge.io\/wp-content\/uploads\/2024\/05\/Fiskeskinn-blir-til-fiskegelatin-og-sunn-snacks-1320x1886.png 1320w, https:\/\/eadn-wc02-16313031.nxedge.io\/wp-content\/uploads\/2024\/05\/Fiskeskinn-blir-til-fiskegelatin-og-sunn-snacks.png 1400w\" sizes=\"(max-width: 717px) 100vw, 717px\" \/>\t\t\t\t\t\t\t\t\t\t\t\t\t\t\t<\/div>\n\t\t\t\t<\/div>\n\t\t\t\t\t<\/div>\n\t\t\t\t<\/div>\n\t\t<div class=\"elementor-element elementor-element-0efd4e6 e-flex e-con-boxed e-con e-parent\" data-id=\"0efd4e6\" data-element_type=\"container\" data-e-type=\"container\">\n\t\t\t\t\t<div class=\"e-con-inner\">\n\t\t\t\t<div class=\"elementor-element elementor-element-c9195ea elementor-widget elementor-widget-text-editor\" data-id=\"c9195ea\" data-element_type=\"widget\" data-e-type=\"widget\" data-widget_type=\"text-editor.default\">\n\t\t\t\t<div class=\"elementor-widget-container\">\n\t\t\t\t\t\t\t\t\t<ul><li><strong>R\u00e5vareutnyttelse<\/strong>: Laks er den prim\u00e6re fisken i prosjektet, hvor restproduktene utgj\u00f8r 40-60 %. Ved \u00e5 utnytte disse restene kan det skapes h\u00f8yverdige produkter som fiskegelatin og fiskechips.<\/li><li><strong>Produksjon og testing<\/strong>: Prototyper av fiskegelatin skal utvikles og testes for mikroinnkapsling av olje og i hudpleieprodukter. Fiskechips skal gjennomg\u00e5 tester og pilotproduksjon med ulike smaksvariasjoner for \u00e5 m\u00e5le forbrukerrespons.<\/li><li><strong>Samarbeid med NTNU<\/strong>: NTNU skal bidra med kompetanse innen produksjonsmetoder, testing og kvalitetsvurdering av prototyper, samt fysisk og kjemisk karakterisering.<\/li><\/ul><p><strong>Forventede fordeler og fremtidige markedsmuligheter:<\/strong><\/p><ul><li><strong>B\u00e6rekraftig verdikjede<\/strong>: Utviklingen av en ny verdikjede for fiskegelatin og fiskechips vil bidra til redusert svinn og \u00f8kt verdiskapning i fiskeindustrien.<\/li><li><strong>\u5e02\u573a\u6f5c\u529b<\/strong>: \u00d8kt ettersp\u00f8rsel etter fiskegelatin forventes p\u00e5 grunn av endrede forbrukerpreferanser, noe som gir Norge muligheten til \u00e5 utvide sin posisjon innen matingredienser.<\/li><li><strong>Kommersielt potensial<\/strong>: Prosjektet vil bidra til at bedrifter kan starte produksjon med minimal risiko og investering, ved hjelp av resultater fra testing og pilotproduksjon.<\/li><\/ul><p>Dette prosjektet representerer en spennende mulighet for innovasjon innen fiskeindustrien, med potensial for \u00e5 forvandle biprodukter til verdifulle og ettertraktede produkter.<\/p>\t\t\t\t\t\t\t\t<\/div>\n\t\t\t\t<\/div>\n\t\t\t\t\t<\/div>\n\t\t\t\t<\/div>\n\t\t<div class=\"elementor-element elementor-element-eb58cd9 e-flex e-con-boxed e-con e-parent\" data-id=\"eb58cd9\" data-element_type=\"container\" data-e-type=\"container\">\n\t\t\t\t\t<div class=\"e-con-inner\">\n\t\t<div class=\"elementor-element elementor-element-de5f148 e-flex e-con-boxed e-con e-child\" data-id=\"de5f148\" data-element_type=\"container\" data-e-type=\"container\">\n\t\t\t\t\t<div class=\"e-con-inner\">\n\t\t\t\t<div class=\"elementor-element elementor-element-46632e8 elementor-widget elementor-widget-image\" data-id=\"46632e8\" data-element_type=\"widget\" data-e-type=\"widget\" data-widget_type=\"image.default\">\n\t\t\t\t<div class=\"elementor-widget-container\">\n\t\t\t\t\t\t\t\t\t\t\t\t\t\t\t<img decoding=\"async\" width=\"712\" height=\"511\" src=\"https:\/\/eadn-wc02-16313031.nxedge.io\/wp-content\/uploads\/2024\/05\/Fiskegull-snacks-4.jpg\" class=\"attachment-full size-full wp-image-1489\" alt=\"\" srcset=\"https:\/\/eadn-wc02-16313031.nxedge.io\/wp-content\/uploads\/2024\/05\/Fiskegull-snacks-4.jpg 712w, https:\/\/eadn-wc02-16313031.nxedge.io\/wp-content\/uploads\/2024\/05\/Fiskegull-snacks-4-600x431.jpg 600w, https:\/\/eadn-wc02-16313031.nxedge.io\/wp-content\/uploads\/2024\/05\/Fiskegull-snacks-4-300x215.jpg 300w\" sizes=\"(max-width: 712px) 100vw, 712px\" \/>\t\t\t\t\t\t\t\t\t\t\t\t\t\t\t<\/div>\n\t\t\t\t<\/div>\n\t\t\t\t\t<\/div>\n\t\t\t\t<\/div>\n\t\t\t\t\t<\/div>\n\t\t\t\t<\/div>\n\t\t\t\t<\/div>","protected":false},"excerpt":{"rendered":"<p>Fiskeskinn blir til fiskegelatin og sunn snacks Nytt prosjekt skal forvandle fiskeskinn fra dyref\u00f4r til sunn snacks for mennesker Prosjektbeskrivelse: Fiskeskinn er et biprodukt fra fiskeindustrien som i dag hovedsakelig brukes som dyref\u00f4r. Et nytt prosjekt har som m\u00e5l \u00e5 redusere svinn ved \u00e5 forvandle fiskeskinn til h\u00f8yverdige ingredienser som fiskegelatin, hudpleieprodukter, og sunne snacks [&hellip;]<\/p>\n","protected":false},"author":1,"featured_media":0,"parent":0,"menu_order":0,"comment_status":"closed","ping_status":"closed","template":"","meta":{"footnotes":""},"class_list":["post-1485","page","type-page","status-publish","hentry"],"jetpack-related-posts":[],"jetpack_sharing_enabled":true,"_links":{"self":[{"href":"https:\/\/fiskegull.no\/zh\/wp-json\/wp\/v2\/pages\/1485","targetHints":{"allow":["GET"]}}],"collection":[{"href":"https:\/\/fiskegull.no\/zh\/wp-json\/wp\/v2\/pages"}],"about":[{"href":"https:\/\/fiskegull.no\/zh\/wp-json\/wp\/v2\/types\/page"}],"author":[{"embeddable":true,"href":"https:\/\/fiskegull.no\/zh\/wp-json\/wp\/v2\/users\/1"}],"replies":[{"embeddable":true,"href":"https:\/\/fiskegull.no\/zh\/wp-json\/wp\/v2\/comments?post=1485"}],"version-history":[{"count":0,"href":"https:\/\/fiskegull.no\/zh\/wp-json\/wp\/v2\/pages\/1485\/revisions"}],"wp:attachment":[{"href":"https:\/\/fiskegull.no\/zh\/wp-json\/wp\/v2\/media?parent=1485"}],"curies":[{"name":"wp","href":"https:\/\/api.w.org\/{rel}","templated":true}]}}