{"id":2142,"date":"2024-12-21T12:27:57","date_gmt":"2024-12-21T11:27:57","guid":{"rendered":"https:\/\/fb8feff000.nxcli.io\/?post_type=product&#038;p=2142"},"modified":"2026-02-19T21:44:30","modified_gmt":"2026-02-19T20:44:30","slug":"fiskesnacks-med-tranebaer","status":"publish","type":"product","link":"https:\/\/fiskegull.no\/fi\/product\/fiskesnacks-med-tranebaer\/","title":{"rendered":"Kala-kultakala-snacksit karpaloilla 108 g."},"content":{"rendered":"<div data-elementor-type=\"product-post\" data-elementor-id=\"2142\" class=\"elementor elementor-2142\" data-elementor-post-type=\"product\">\n\t\t\t\t<div class=\"elementor-element elementor-element-60b09504 e-flex e-con-boxed e-con e-parent\" data-id=\"60b09504\" data-element_type=\"container\" data-e-type=\"container\">\n\t\t\t\t\t<div class=\"e-con-inner\">\n\t\t\t\t<div class=\"elementor-element elementor-element-633ca5e3 elementor-widget elementor-widget-text-editor\" data-id=\"633ca5e3\" data-element_type=\"widget\" data-e-type=\"widget\" data-widget_type=\"text-editor.default\">\n\t\t\t\t<div class=\"elementor-widget-container\">\n\t\t\t\t\t\t\t\t\t<h2>Kevyesti suolattu Fish Gold karpaloilla 108 g.<\/h2>\r\n<strong>Kevyesti suolattu kala Gold karpaloilla 108g \u2013 Terveytt\u00e4 ja makua t\u00e4ydellisess\u00e4 harmoniassa<\/strong>\r\n\r\nL\u00f6yd\u00e4 herkullinen ja ravitseva v\u00e4lipalavaihtoehto <strong>Kevyesti suolattu kalafilee karpaloilla<\/strong>T\u00e4m\u00e4 tuote yhdist\u00e4\u00e4 luonnollisten ainesosien hy\u00f6dyt, kuten <strong>lohen nahka<\/strong> ja <strong>karpalo<\/strong>, k\u00e4\u00e4rittyn\u00e4 rapeaksi ja maukkaaksi kokemukseksi. Kanssa <strong>67 % proteiinia<\/strong>T\u00e4m\u00e4 v\u00e4lipala sopii t\u00e4ydellisesti aktiivisille ihmisille ja lemmikeille, jotka tarvitsevat terveellisemm\u00e4n vaihtoehdon.\r\n<h3><strong>T\u00e4rkeimm\u00e4t ainesosat ja niiden hy\u00f6dyt<\/strong><\/h3>\r\n<ul>\r\n \t<li><strong>Lohennahka (70 %)<\/strong>\r\n<ul>\r\n \t<li>Erinomainen l\u00e4hde <strong>kollageeni<\/strong>, joka tukee el\u00e4inten ja ihmisten ihoa, niveli\u00e4 ja turkkia.<\/li>\r\n \t<li>Sis\u00e4lt\u00e4\u00e4 <strong>monityydyttym\u00e4tt\u00f6m\u00e4t rasvahapot<\/strong> mik\u00e4 on hy\u00f6dyllist\u00e4 syd\u00e4n- ja verisuoniterveydelle.<\/li>\r\n \t<li>Runsaasti <strong>omega-3-rasvahapot<\/strong>, mik\u00e4 edist\u00e4\u00e4 aivojen toimintaa ja v\u00e4hent\u00e4\u00e4 tulehdusta.<\/li>\r\n<\/ul>\r\n<\/li>\r\n \t<li><strong>Karpaloita (7 %)<\/strong>\r\n<ul>\r\n \t<li>Superfood-marja, jonka tiedet\u00e4\u00e4n vahvistavan <strong>virtsatiej\u00e4rjestelm\u00e4<\/strong>, sek\u00e4 ihmisill\u00e4 ett\u00e4 el\u00e4imill\u00e4.<\/li>\r\n \t<li>Luonnostaan \u200b\u200brunsaasti <strong>antioksidantit<\/strong> joka taistelee vapaita radikaaleja vastaan \u200b\u200bja edist\u00e4\u00e4 yleist\u00e4 terveytt\u00e4.<\/li>\r\n \t<li>Antaa herkulle ainutlaatuisen, <strong>raikas ja hapan maku<\/strong> joka tasapainottaa suolatun kalan nahan.<\/li>\r\n<\/ul>\r\n<\/li>\r\n \t<li><strong>Runsasproteiininen (67 %)<\/strong>\r\n<ul>\r\n \t<li>Edist\u00e4\u00e4 lihasten kasvua ja palautumista fyysisen rasituksen j\u00e4lkeen.<\/li>\r\n \t<li>T\u00e4ydellinen energianl\u00e4hteeksi aterioiden v\u00e4lill\u00e4 tai liikunnan j\u00e4lkeen.<\/li>\r\n<\/ul>\r\n<\/li>\r\n<\/ul>\r\n<h3><strong>Maku ja nautinto<\/strong><\/h3>\r\nKevyesti suolattu maku korostaa lohen nahan luonnollista umamia, ja karpalot lis\u00e4\u00e4v\u00e4t aromaattisen ja raikkaan kirpe\u00e4n vivahteen. T\u00e4m\u00e4 makuyhdistelm\u00e4 tekee siit\u00e4... <strong>monipuolinen v\u00e4lipala<\/strong> joka sopii sek\u00e4 yksin\u00e4\u00e4n ett\u00e4 lis\u00e4varusteena.\r\n<h3><strong>Terveys- ja ravitsemukselliset hy\u00f6dyt<\/strong><\/h3>\r\n<ul>\r\n \t<li><strong>V\u00e4h\u00e4hiilihydraattinen (10,4 g)<\/strong> \u2013 Ihanteellinen v\u00e4h\u00e4hiilihydraattisiin ruokavalioihin.<\/li>\r\n \t<li><strong>Monityydyttym\u00e4tt\u00f6m\u00e4t rasvahapot (9 g)<\/strong> paremman syd\u00e4nterveyden vuoksi.<\/li>\r\n \t<li><strong>Korkea energia-arvo (616 kcal)<\/strong> joka antaa pitk\u00e4kestoista kyll\u00e4isyyden tunnetta ja energiaa.<\/li>\r\n<\/ul>\r\n<h3><strong>K\u00e4ytt\u00f6 ja kest\u00e4vyys<\/strong><\/h3>\r\n<ul>\r\n \t<li><strong>Valmis sy\u00f6t\u00e4v\u00e4ksi:<\/strong> Avaa pussi ja nauti \u2013 t\u00e4ydellinen kiireisiin p\u00e4iviin.<\/li>\r\n \t<li><strong>Pitk\u00e4 s\u00e4ilyvyysaika:<\/strong> Karpaloiden luonnolliset ominaisuudet varmistavat, ett\u00e4 tuote kest\u00e4\u00e4 hyvin varastointia.<\/li>\r\n \t<li><strong>K\u00e4yt\u00e4nn\u00f6n koko:<\/strong> 108 g pakkausta kohden, ihanteellinen annosten hallintaan.<\/li>\r\n<\/ul>\r\n<h3><strong>Miksi valita kevyesti suolattu kalafilee karpaloilla?<\/strong><\/h3>\r\nT\u00e4m\u00e4 tuote ei ole pelkk\u00e4 v\u00e4lipala \u2013 se on ravitseva kokemus, joka edist\u00e4\u00e4 sek\u00e4 hyvinvointia ett\u00e4 nautintoa. Yhdistelm\u00e4 <strong>korkea proteiinipitoisuus<\/strong>, <strong>terveellisi\u00e4 rasvahappoja<\/strong>ja <strong>luonnolliset antioksidantit<\/strong> mik\u00e4 tekee siit\u00e4 fiksumman valinnan kaikille, jotka haluavat tasapainottaa maun ja terveyden. Anna itsellesi tai lemmikillesi hieman ekstraa \u2013 valitse <strong>Kevyesti suolattu kalafilee karpaloilla<\/strong>!\r\n<div>\r\n<table>\r\n<tbody>\r\n<tr>\r\n<td>Energia<\/td>\r\n<td>2579 (kJ) 616 kcal<\/td>\r\n<td>31%<\/td>\r\n<\/tr>\r\n<tr>\r\n<td>Rasva<\/td>\r\n<td>46,4 (g)<\/td>\r\n<td>77%<\/td>\r\n<\/tr>\r\n<tr>\r\n<td>josta<\/td>\r\n<td><\/td>\r\n<td><\/td>\r\n<\/tr>\r\n<tr>\r\n<td>tyydyttyneet rasvahapot<\/td>\r\n<td>8 (g)<\/td>\r\n<td>39%<\/td>\r\n<\/tr>\r\n<tr>\r\n<td>kertatyydyttym\u00e4tt\u00f6m\u00e4t rasvahapot<\/td>\r\n<td>15 (grammaa)<\/td>\r\n<td><\/td>\r\n<\/tr>\r\n<tr>\r\n<td>monityydyttym\u00e4tt\u00f6m\u00e4t rasvahapot<\/td>\r\n<td>9 (g)<\/td>\r\n<td><\/td>\r\n<\/tr>\r\n<tr>\r\n<td>Proteiini<\/td>\r\n<td>40,3 (g)<\/td>\r\n<td>67%<\/td>\r\n<\/tr>\r\n<tr>\r\n<td>Hiilihydraatit<\/td>\r\n<td>10,4 (g)<\/td>\r\n<td>3%<\/td>\r\n<\/tr>\r\n<tr>\r\n<td>josta<\/td>\r\n<td><\/td>\r\n<td><\/td>\r\n<\/tr>\r\n<tr>\r\n<td>glukoosi<\/td>\r\n<td>0,5 (g)<\/td>\r\n<td>1,1 %<\/td>\r\n<\/tr>\r\n<tr>\r\n<td>Suolaa<\/td>\r\n<td>675 mg<\/td>\r\n<td>34%<\/td>\r\n<\/tr>\r\n<\/tbody>\r\n<\/table>\r\nAinesosat: lohennahka (70 %), karpalot (7 %), t\u00e4rkkelys, suola, sy\u00f6t\u00e4v\u00e4 kasvi\u00f6ljy (sis\u00e4lt\u00e4\u00e4 antioksidanttia tert-butyylihydrokinonia), pippuri, natriumglutamaatti. Tekniset tiedot: netto 108 g\/pakkaus K\u00e4ytt\u00f6ohje: Avaa pussi. Valmis sy\u00f6t\u00e4v\u00e4ksi Valmistusp\u00e4iv\u00e4m\u00e4\u00e4r\u00e4: Katso t\u00e4lt\u00e4 sivulta painatus. Kollageeniproteiini muodostaa jopa 30 % kalannahan kuivapainosta. SIS\u00c4LT\u00c4\u00c4 KALATUOTTEITA. Ravintosis\u00e4lt\u00f6 per 100 g. NRV%\r\n\r\n<\/div>\t\t\t\t\t\t\t\t<\/div>\n\t\t\t\t<\/div>\n\t\t\t\t<div class=\"elementor-element elementor-element-92c70b7 elementor-widget-divider--view-line elementor-widget elementor-widget-divider\" data-id=\"92c70b7\" data-element_type=\"widget\" data-e-type=\"widget\" data-widget_type=\"divider.default\">\n\t\t\t\t<div class=\"elementor-widget-container\">\n\t\t\t\t\t\t\t<div class=\"elementor-divider\">\n\t\t\t<span class=\"elementor-divider-separator\">\n\t\t\t\t\t\t<\/span>\n\t\t<\/div>\n\t\t\t\t\t\t<\/div>\n\t\t\t\t<\/div>\n\t\t\t\t<div class=\"elementor-element elementor-element-32e6fff elementor-widget elementor-widget-heading\" data-id=\"32e6fff\" data-element_type=\"widget\" data-e-type=\"widget\" data-widget_type=\"heading.default\">\n\t\t\t\t<div class=\"elementor-widget-container\">\n\t\t\t\t\t<h2 class=\"elementor-heading-title elementor-size-default\">Auta meit\u00e4 l\u00f6yt\u00e4m\u00e4\u00e4n suosikkimakusi\n<\/h2>\t\t\t\t<\/div>\n\t\t\t\t<\/div>\n\t\t\t\t<div class=\"elementor-element elementor-element-8b6c73b elementor-widget elementor-widget-text-editor\" data-id=\"8b6c73b\" data-element_type=\"widget\" data-e-type=\"widget\" data-widget_type=\"text-editor.default\">\n\t\t\t\t<div class=\"elementor-widget-container\">\n\t\t\t\t\t\t\t\t\t<p>Maistuuko se pakaralta? Kyll\u00e4, kyll\u00e4 \u200b\u200b\u2013 mutta mik\u00e4 Fiskegull-maku on SINUN suosikkisi? Ja mik\u00e4 t\u00e4rkeint\u00e4: miksi? <img decoding=\"async\" class=\"emoji\" style=\"background-color: #ffffff;\" role=\"img\" draggable=\"false\" src=\"https:\/\/s.w.org\/images\/core\/emoji\/17.0.2\/svg\/1f914.svg\" alt=\"\ud83e\udd14\" \/>\u00a0Voit vapaasti jakaa rehellisen mielipiteesi, sill\u00e4 joka kuukausi arvomme satunnaisesti voittajan, joka saa yll\u00e4tyksen postitse. Kyll\u00e4, lahjomme sinut karkeilla kuullaksesi mielipiteesi.\u00a0<img decoding=\"async\" class=\"emoji\" style=\"background-color: #ffffff;\" role=\"img\" draggable=\"false\" src=\"https:\/\/s.w.org\/images\/core\/emoji\/17.0.2\/svg\/1f60e.svg\" alt=\"\ud83d\ude0e\" \/><\/p><div class=\"mb-1 mt-2 whitespace-pre-line leading-relaxed first:mt-0\" data-sentry-component=\"P\" data-sentry-source-file=\"p.tsx\">Paina peukkua yl\u00f6s tai alas \u2013 ja jos sinulla on jotain sanottavaa, kirjoita se alle. Luemme kaiken, lupaamme!<\/div>\t\t\t\t\t\t\t\t<\/div>\n\t\t\t\t<\/div>\n\t\t\t\t\t<\/div>\n\t\t\t\t<\/div>\n\t\t<div class=\"elementor-element elementor-element-6302398 e-flex e-con-boxed e-con e-parent\" data-id=\"6302398\" data-element_type=\"container\" data-e-type=\"container\">\n\t\t\t\t\t<div class=\"e-con-inner\">\n\t\t\t\t<div class=\"elementor-element elementor-element-b457a9b elementor-widget elementor-widget-shortcode\" data-id=\"b457a9b\" data-element_type=\"widget\" data-e-type=\"widget\" data-widget_type=\"shortcode.default\">\n\t\t\t\t<div class=\"elementor-widget-container\">\n\t\t\t\t\t\t\t<div class=\"elementor-shortcode\">    <div class=\"bootstrap-srm\">\n        <div class=\"d-flex align-items-center flex-column justify-content-center h-100\">\n            <div id=\"srm-funnel-3348\"\n                 class=\"srm-funnel bs-stepper mb-5 p-4 bg-white srm-funnel-3348 srm-funnel-shortcode\"\n                data-funnel_id=\"3348\">\n                <div class=\"bs-stepper-header\" role=\"tablist\">\n                                            <div class=\"srm-funnel-logo\"><img decoding=\"async\" src=\"https:\/\/eadn-wc02-16313031.nxedge.io\/wp-content\/uploads\/2024\/12\/Fiskesnacks-med-tranebaer-3.png\"\/><\/div>\n                                        <div class=\"header-steps\">\n                        <div class=\"step active\" data-target=\"#srm-funnel-3348-1\">\n                            <button type=\"button\" class=\"step-trigger\" role=\"tab\" aria-controls=\"srm-funnel-3348-1\"\n                                    id=\"srm-funnel-3348-1-trigger\">\n                                <span class=\"bs-stepper-circle\">1<\/span>\n                            <\/button>\n                        <\/div>\n                        <div class=\"line\"><\/div>\n                        <div class=\"step\" data-target=\"#srm-funnel-3348-2\">\n                            <button type=\"button\" class=\"step-trigger\" role=\"tab\" aria-controls=\"srm-funnel-3348-2\"\n                                    id=\"srm-funnel-3348-2-trigger\">\n                                <span class=\"bs-stepper-circle\">2<\/span>\n                            <\/button>\n                        <\/div>\n                        <div class=\"line\"><\/div>\n                        <div class=\"step\" data-target=\"#srm-funnel-3348-3\">\n                            <button type=\"button\" class=\"step-trigger\" role=\"tab\" aria-controls=\"srm-funnel-3348-3\"\n                                    id=\"srm-funnel-3348-3-trigger\">\n                                <span class=\"bs-stepper-circle\">3<\/span>\n                            <\/button>\n                        <\/div>\n                        <div class=\"line\"><\/div>\n                        <div class=\"step\" data-target=\"#srm-funnel-3348-4\">\n                            <button type=\"button\" class=\"step-trigger\" role=\"tab\" aria-controls=\"srm-funnel-3348-4\"\n                                    id=\"srm-funnel-3348-4-trigger\">\n                                <span class=\"bs-stepper-circle\">4<\/span>\n                            <\/button>\n                        <\/div>\n                        <div class=\"line\"><\/div>\n                        <div class=\"step\" data-target=\"#srm-funnel-3348-5\">\n                            <button type=\"button\" class=\"step-trigger\" role=\"tab\" aria-controls=\"srm-funnel-3348-5\"\n                                    id=\"srm-funnel-3348-5-trigger\">\n                                <span class=\"bs-stepper-circle\">5<\/span>\n                            <\/button>\n                        <\/div>\n                    <\/div>\n                <\/div>\n                <div class=\"bs-stepper-content\">\n                    <!-- STEP #1 | Negative or Positive feedback -->\n                    <div id=\"srm-funnel-3348-1\" class=\"bs-stepper-pane active\" role=\"tabpanel\"\n                         aria-labelledby=\"srm-funnel-3348-1-trigger\">\n                        <h3 class=\"srm-funnel-heading\">Ostaisitko t\u00e4t\u00e4 makua uudelleen? Onko Fish Gold karpalolla suosikkisi?<\/h3>\n                        <ul id=\"srm-funnel-questions\">\n                            <li id=\"srm-funnel-positive\" title=\"Kyll\u00e4\"\n                                class=\"fas fa-thumbs-up srm-funnel-decision srm-funnel-icon\"><\/li>\n                            <li id=\"srm-funnel-negative\" title=\"Ei\"\n                                class=\"fas fa-thumbs-down srm-funnel-decision srm-funnel-icon\"><\/li>\n                        <\/ul>\n                    <\/div>\n                    <!-- STEP #2 | Positive Feedback -->\n                    <div id=\"srm-funnel-3348-2\" class=\"bs-stepper-pane\" role=\"tabpanel\"\n                         aria-labelledby=\"srm-funnel-3348-2-trigger\">\n                        <div class=\"srm-funnel-prompt\"><h3>Hienoa! Antaisitko meille my\u00f6s 5 t\u00e4hte\u00e4 Googlessa?<\/h3>... kerrothan ajatuksesi.<\/div>\n                        <!-- Single or Multiple Destinations? -->\n                        <div class=\"bootstrap-srm\">\n    <button type=\"button\" class=\"btn btn-primary srm-funnel-single-submit\">J\u00e4t\u00e4 Google-arvostelu<\/button>\n<\/div>                    <\/div>\n                    <!-- STEP #3 | Negative Feedback -->\n                    <div id=\"srm-funnel-3348-3\" class=\"bs-stepper-pane\" role=\"tabpanel\"\n                         aria-labelledby=\"srm-funnel-3348-3-trigger\">\n                        <div class=\"srm-funnel-prompt\">Mik\u00e4 oli ongelma? Liian makea? Liian hapan? Liian vahva? Liian suolainen? Vai jokin aivan muu? \ud83e\udd14. Miten voimme parantaa sit\u00e4 tulevaisuudessa? Onko sinulla ehdotuksia makumuutoksista tai uusista mauista?<\/div>\n                        <form class=\"srm-funnel-form needs-validation\" novalidate onsubmit=\"return false\" action=\"\">\n                            <div class=\"form-group\">\n                                <div class=\"col-sm mb-3\">\n                                    <label for=\"srm-funnel-reviewer-text\">Your Feedback *<\/label>\n                                    <textarea class=\"form-control form-control-sm\" id=\"srm-funnel-reviewer-text\"\n                                              required\n placeholder=\"Leave your feedback.\"><\/textarea>\n                                    <div class=\"invalid-feedback\">Please provide feedback.<\/div>\n                                <\/div>\n                                                                    <div class=\"col-sm mb-3\">\n                                        <label for=\"srm-funnel-reviewer-name\">Full Name *<\/label>\n                                        <input type=\"text\" class=\"form-control form-control-sm\"\n                                               required id=\"srm-funnel-reviewer-name\"\n                                               placeholder=\"Your Name\">\n                                        <div class=\"invalid-feedback\">Anna nimesi.<\/div>\n                                    <\/div>\n                                                                                                    <div class=\"col-sm mb-3\">\n                                        <label for=\"srm-funnel-reviewer-email\">Email Address <\/label>\n                                        <input type=\"email\" class=\"form-control form-control-sm\"\n                                                                                              id=\"srm-funnel-reviewer-email\"\n                                               placeholder=\"Your Email\">\n                                        <div class=\"invalid-feedback\">Please enter a valid email.<\/div>\n                                    <\/div>\n                                                                                                    <div class=\"col-sm mb-3\">\n                                        <label for=\"srm-funnel-reviewer-phone\">Phone Number <\/label>\n                                        <input type=\"text\" class=\"form-control form-control-sm\"\n                                                                                              id=\"srm-funnel-reviewer-phone\"\n                                               placeholder=\"Your Phone\">\n                                        <div class=\"invalid-feedback\">Please enter your phone.<\/div>\n                                    <\/div>\n                                                                <!-- CAPTCHA FIELD -->\n<div class=\"col-sm mb-3\">\n    <label for=\"srm-funnel-reviewer-captcha\">Todista olevasi ihminen *<\/label>\n    <input type=\"text\"\n           class=\"form-control form-control-sm\"\n           id=\"srm-funnel-reviewer-captcha\"\n           required\n placeholder=\"Kirjoita n\u00e4ytetty numero\">\n    <div class=\"invalid-feedback\">V\u00e4\u00e4r\u00e4 vastaus. Yrit\u00e4 uudelleen.<\/div>\n<\/div>\n\n<!-- CAPTCHA Question -->\n<div class=\"col-sm mb-3\">\n    <span id=\"captcha-question\" class=\"fw-bold\"><\/span>\n    <button type=\"button\" id=\"captcha-refresh\" class=\"btn btn-link p-0 ms-2\">\u21bb P\u00e4ivit\u00e4<\/button>\n<\/div>\n                                <div class=\"col-sm mb-3\">\n                                                                            <a href=\"javascript:void(0)\" id=\"srm-funnel-feedback-skip\"\n                                           class=\"srm-funnel-link\">Pid\u00e4tk\u00f6 kaikista mauista yht\u00e4 paljon? Kirjoita sen sijaan arvostelu Googlessa.<\/a>\n                                                                        <p>\n                                        <button type=\"submit\" class=\"btn btn-primary\"\n                                                id=\"srm-funnel-feedback-submit\">L\u00e4het\u00e4 palautetta<\/button>\n                                    <\/p>\n                                    <span class=\"srm-funnel-required-indicator\">* indicates required fields<\/span>\n                                <\/div>\n                            <\/div>\n                        <input type=\"hidden\" name=\"trp-form-language\" value=\"fi\"\/><\/form>\n                    <\/div>\n                    <!-- STEP #4 | Thank You  -->\n                    <div id=\"srm-funnel-3348-4\" class=\"bs-stepper-pane\" role=\"tabpanel\"\n                         aria-labelledby=\"srm-funnel-3348-4-trigger\">\n                        <div class=\"srm-funnel-prompt\">Kiitos palautteestasi. Autat muita l\u00f6yt\u00e4m\u00e4\u00e4n suosikkimakunsa.<\/div>\n                    <\/div>\n                    <!-- STEP #5 | Skipped Feedback (Disabled Review Gating) -->\n                    <div id=\"srm-funnel-3348-5\" class=\"bs-stepper-pane\" role=\"tabpanel\"\n                         aria-labelledby=\"srm-funnel-3348-5-trigger\">\n                        <div class=\"srm-funnel-prompt\">Kirjoita arvostelu<\/div>\n                        <!-- Single or Multiple Destinations? -->\n                        <div class=\"bootstrap-srm\">\n    <button type=\"button\" class=\"btn btn-primary srm-funnel-single-submit\">J\u00e4t\u00e4 Google-arvostelu<\/button>\n<\/div>                    <\/div>\n                    <div class=\"srm-funnel-feedback-id\"><\/div>\n                                    <\/div>\n            <\/div>\n        <\/div>\n    <\/div>\n<\/div>\n\t\t\t\t\t\t<\/div>\n\t\t\t\t<\/div>\n\t\t\t\t<div class=\"elementor-element elementor-element-28c4682 elementor-widget-divider--view-line elementor-widget elementor-widget-divider\" data-id=\"28c4682\" data-element_type=\"widget\" data-e-type=\"widget\" data-widget_type=\"divider.default\">\n\t\t\t\t<div class=\"elementor-widget-container\">\n\t\t\t\t\t\t\t<div class=\"elementor-divider\">\n\t\t\t<span class=\"elementor-divider-separator\">\n\t\t\t\t\t\t<\/span>\n\t\t<\/div>\n\t\t\t\t\t\t<\/div>\n\t\t\t\t<\/div>\n\t\t\t\t\t<\/div>\n\t\t\t\t<\/div>\n\t\t\t\t<\/div>","protected":false},"excerpt":{"rendered":"<h3>Kevyesti suolattu Fish Gold karpaloilla 108 g.<\/h3>\n<p>Ainesosat: Lohennahka, karpalot, t\u00e4rkkelys, sy\u00f6t\u00e4v\u00e4 kasvi\u00f6ljy. Karpaloilla on eritt\u00e4in pitk\u00e4 s\u00e4ilyvyysaika ja ne ovat yksi kest\u00e4vimmist\u00e4 saatavilla olevista marjalajikkeista. Ne kest\u00e4v\u00e4t eritt\u00e4in hyvin varastointia. Ne maistuvat aromaattisilta, tuoreilta ja happamilta. Kuten tiedet\u00e4\u00e4n, karpalot auttavat my\u00f6s virtsatieinfektioihin sek\u00e4 ihmisill\u00e4 ett\u00e4 el\u00e4imill\u00e4. Valvontakomitean tuomio oli yht\u00e4 selke\u00e4 kuin muidenkin. Kuten yksi niin osuvasti sanoi: Vain mielikuvitus rajoittaa makuja. T\u00e4m\u00e4 on yksinkertaisesti fantastista.<\/p>","protected":false},"featured_media":2755,"comment_status":"open","ping_status":"closed","template":"","meta":{"jetpack_publicize_message":"","jetpack_publicize_feature_enabled":true,"jetpack_social_post_already_shared":true,"jetpack_social_options":{"image_generator_settings":{"template":"highway","default_image_id":0,"font":"","enabled":false},"version":2}},"product_brand":[38,40],"product_cat":[35,37],"product_tag":[39,43],"class_list":{"0":"post-2142","1":"product","2":"type-product","3":"status-publish","4":"has-post-thumbnail","6":"product_brand-fiskegull","7":"product_brand-seafoodnorway","8":"product_cat-lettsaltet-fiskesnacks","9":"product_cat-tranebaer","10":"product_tag-sunn-snacks","11":"product_tag-tranebaer","13":"first","14":"instock","15":"sale","16":"taxable","17":"shipping-taxable","18":"purchasable","19":"product-type-variable","20":"has-default-attributes"},"jetpack_publicize_connections":[],"jetpack-related-posts":[],"jetpack_sharing_enabled":true,"_links":{"self":[{"href":"https:\/\/fiskegull.no\/fi\/wp-json\/wp\/v2\/product\/2142","targetHints":{"allow":["GET"]}}],"collection":[{"href":"https:\/\/fiskegull.no\/fi\/wp-json\/wp\/v2\/product"}],"about":[{"href":"https:\/\/fiskegull.no\/fi\/wp-json\/wp\/v2\/types\/product"}],"replies":[{"embeddable":true,"href":"https:\/\/fiskegull.no\/fi\/wp-json\/wp\/v2\/comments?post=2142"}],"version-history":[{"count":11,"href":"https:\/\/fiskegull.no\/fi\/wp-json\/wp\/v2\/product\/2142\/revisions"}],"predecessor-version":[{"id":3379,"href":"https:\/\/fiskegull.no\/fi\/wp-json\/wp\/v2\/product\/2142\/revisions\/3379"}],"wp:featuredmedia":[{"embeddable":true,"href":"https:\/\/fiskegull.no\/fi\/wp-json\/wp\/v2\/media\/2755"}],"wp:attachment":[{"href":"https:\/\/fiskegull.no\/fi\/wp-json\/wp\/v2\/media?parent=2142"}],"wp:term":[{"taxonomy":"product_brand","embeddable":true,"href":"https:\/\/fiskegull.no\/fi\/wp-json\/wp\/v2\/product_brand?post=2142"},{"taxonomy":"product_cat","embeddable":true,"href":"https:\/\/fiskegull.no\/fi\/wp-json\/wp\/v2\/product_cat?post=2142"},{"taxonomy":"product_tag","embeddable":true,"href":"https:\/\/fiskegull.no\/fi\/wp-json\/wp\/v2\/product_tag?post=2142"}],"curies":[{"name":"wp","href":"https:\/\/api.w.org\/{rel}","templated":true}]}}