{"id":2120,"date":"2024-12-21T00:45:11","date_gmt":"2024-12-20T23:45:11","guid":{"rendered":"https:\/\/fb8feff000.nxcli.io\/?post_type=product&#038;p=2120"},"modified":"2026-02-19T21:41:38","modified_gmt":"2026-02-19T20:41:38","slug":"lett-saltet-fiskegull-med-wasabi-108gr","status":"publish","type":"product","link":"https:\/\/fiskegull.no\/fi\/product\/lett-saltet-fiskegull-med-wasabi-108gr\/","title":{"rendered":"Kala-kultakala-nalleja wasabilla 108 g."},"content":{"rendered":"<div data-elementor-type=\"product-post\" data-elementor-id=\"2120\" class=\"elementor elementor-2120\" data-elementor-post-type=\"product\">\n\t\t\t\t<div class=\"elementor-element elementor-element-71f14cf e-flex e-con-boxed e-con e-parent\" data-id=\"71f14cf\" data-element_type=\"container\" data-e-type=\"container\">\n\t\t\t\t\t<div class=\"e-con-inner\">\n\t\t\t\t<div class=\"elementor-element elementor-element-6d7f7f8f elementor-widget elementor-widget-text-editor\" data-id=\"6d7f7f8f\" data-element_type=\"widget\" data-e-type=\"widget\" data-widget_type=\"text-editor.default\">\n\t\t\t\t<div class=\"elementor-widget-container\">\n\t\t\t\t\t\t\t\t\t<h2>Kevyesti suolattu Fish Gold wasabilla 108 g.<\/h2>\r\n<strong>Kevyesti suolattu kalafilee wasabilla 108 g \u2013 Maukas ja ainutlaatuinen kokemus<\/strong>\r\n\r\nAnna napostelukokemuksellesi eksoottinen piristysruiske <strong>Kevyesti suolattu kalafilee wasabilla<\/strong>T\u00e4m\u00e4 tuote yhdist\u00e4\u00e4 <strong>rapea lohennahka<\/strong>, joka tunnetaan korkeasta pitoisuudestaan <strong>omega-3<\/strong>-rasvahappoja ja <strong>kollageeni<\/strong>, jossa on vahva aidon wasabin maku \u2013 kasvi, joka antaa ainutlaatuisen, mausteisen potkun. T\u00e4ydellinen niille, jotka haluavat jotain ekstraa olut- tai suship\u00f6yt\u00e4\u00e4n tai ylelliseksi v\u00e4lipalaksi viihtyisiin iltoihin vieraiden kanssa.\r\n\r\n<hr \/>\r\n\r\n<h3><strong>T\u00e4rkeimm\u00e4t ainesosat ja niiden hy\u00f6dyt<\/strong><\/h3>\r\n<ul>\r\n \t<li><strong>Lohen iho<\/strong>\r\n<ul>\r\n \t<li>Luonnollinen l\u00e4hde <strong>omega-3-rasvahapot<\/strong>, joka tukee syd\u00e4men ja aivojen terveytt\u00e4, v\u00e4hent\u00e4\u00e4 tulehdusta ja antaa iholle terveen hehkun.<\/li>\r\n \t<li>Sis\u00e4lt\u00e4\u00e4 jopa <strong>30 % kollageenia<\/strong>, joka auttaa vahvistamaan ihoa, hiuksia, kynsi\u00e4 ja niveli\u00e4.<\/li>\r\n \t<li>Korkea proteiinipitoisuus (<strong>67%)<\/strong>, v\u00e4ltt\u00e4m\u00e4t\u00f6n lihasten korjaantumiselle ja energiansaannille.<\/li>\r\n<\/ul>\r\n<\/li>\r\n \t<li><strong>Wasabi (7 %)<\/strong>\r\n<ul>\r\n \t<li>Ainutlaatuinen maku, joka tarjoaa tasapainoisen ja vahvan mausteel\u00e4myksen.<\/li>\r\n \t<li>Tunnettu kyvyst\u00e4\u00e4n her\u00e4tt\u00e4\u00e4 makunystyr\u00e4t ja luoda j\u00e4nnitt\u00e4v\u00e4n makuyhdistelm\u00e4n lohen nahan kanssa.<\/li>\r\n<\/ul>\r\n<\/li>\r\n \t<li><strong>V\u00e4h\u00e4hiilihydraattipitoisuus (10,4 g)<\/strong>\r\n<ul>\r\n \t<li>T\u00e4ydellinen v\u00e4h\u00e4hiilihydraattiseen ruokavalioon ja terveellisemp\u00e4n\u00e4 vaihtoehtona perinteisille naposteltaville.<\/li>\r\n<\/ul>\r\n<\/li>\r\n<\/ul>\r\n\r\n<hr \/>\r\n\r\n<h3><strong>Maku ja k\u00e4ytt\u00f6tarkoitukset<\/strong><\/h3>\r\nKalannahan rapea koostumus yhdistettyn\u00e4 wasabin vahvaan ja omaleimaiseen makuun tekee t\u00e4st\u00e4 tuotteesta... <strong>todellinen suosikki pubeissa<\/strong> ja kotona niille, jotka rakastavat maukasta v\u00e4lipalaa olutlasillisen kanssa. Valintakomitea osui asiaan parhaiten: \u201dPussi tuntuu pienelt\u00e4. Lis\u00e4\u00e4 haluat!\u201d\r\n\r\n<hr \/>\r\n\r\n<h3><strong>Ravintosis\u00e4lt\u00f6 (100 g:aa kohden)<\/strong><\/h3>\r\n<ul>\r\n \t<li><strong>Energia:<\/strong> 616 kcal<\/li>\r\n \t<li><strong>Rasva:<\/strong> 46,4 g (josta 9 g monityydyttym\u00e4tt\u00f6mi\u00e4 rasvoja)<\/li>\r\n \t<li><strong>Proteiini:<\/strong> 40,3 grammaa<\/li>\r\n \t<li><strong>Suolaa:<\/strong> 675 mg<\/li>\r\n<\/ul>\r\n\r\n<hr \/>\r\n\r\n<h3><strong>Terveyshy\u00f6dyt<\/strong><\/h3>\r\n<ul>\r\n \t<li><strong>Omega-3 ja kollageeni:<\/strong> T\u00e4rkeit\u00e4 rakennuspalikoita kehon toiminnoille, mukaan lukien syd\u00e4men terveys ja ihon kimmoisuus.<\/li>\r\n \t<li><strong>Proteiinipitoinen:<\/strong> Ihanteellinen terveellisen energian saamiseksi ja t\u00e4ytt\u00e4v\u00e4ksi vaihtoehdoksi muille v\u00e4lipaloille.<\/li>\r\n \t<li><strong>Terveysviranomaisten suosittelema:<\/strong> Auttaa t\u00e4ytt\u00e4m\u00e4\u00e4n suosituksen sis\u00e4llytt\u00e4\u00e4 kalaa ruokavalioon ainakin <strong>kolme kertaa viikossa<\/strong>.<\/li>\r\n<\/ul>\r\n\r\n<hr \/>\r\n\r\n<h3><strong>Tuotteen k\u00e4ytt\u00f6ohjeet<\/strong><\/h3>\r\n<ul>\r\n \t<li><strong>Suoraan laukusta:<\/strong> Valmis nauttimaan, milloin ja miss\u00e4 tahansa.<\/li>\r\n \t<li><strong>Lis\u00e4varusteina:<\/strong> T\u00e4ydellinen oluen kanssa tai rapeaksi v\u00e4lipalaksi sushin ja muun aasialaisen ruoan rinnalla.<\/li>\r\n \t<li><strong>Vieraille:<\/strong> Ainutlaatuinen v\u00e4lipala, joka tekee varmasti vaikutuksen, olitpa sitten pubi-illassa tai illallisjuhlissa kotona.<\/li>\r\n<\/ul>\r\n\r\n<hr \/>\r\n\r\n<h3><strong>Miksi valita kevyesti suolattu kalafilee wasabilla?<\/strong><\/h3>\r\nTasapainoisen maunsa ja korkean ravintoarvonsa ansiosta t\u00e4m\u00e4 tuote yhdist\u00e4\u00e4 nautinnon ja terveyden ainutlaatuisella tavalla. Rapea koostumus, voimakas wasabin maku ja monet terveyshy\u00f6dyt tekev\u00e4t t\u00e4st\u00e4 v\u00e4lipalasta ensisijaisen valinnan niille, jotka haluavat hieman ekstraa.\r\n\r\n<strong>Kevyesti suolattu kalafilee wasabilla \u2013 Hetkiin, jotka ansaitsevat jotain todella erityist\u00e4.<\/strong>\r\n\r\nRavintosis\u00e4lt\u00f6 per 100 g. NRV%\r\n<div>\r\n<table>\r\n<tbody>\r\n<tr>\r\n<td>Energia<\/td>\r\n<td>2579 (kJ) 616 kcal<\/td>\r\n<td>31%<\/td>\r\n<\/tr>\r\n<tr>\r\n<td>Rasva<\/td>\r\n<td>46,4 (g)<\/td>\r\n<td>77%<\/td>\r\n<\/tr>\r\n<tr>\r\n<td>josta<\/td>\r\n<td><\/td>\r\n<td><\/td>\r\n<\/tr>\r\n<tr>\r\n<td>tyydyttyneet rasvahapot<\/td>\r\n<td>8 (g)<\/td>\r\n<td>39%<\/td>\r\n<\/tr>\r\n<tr>\r\n<td>kertatyydyttym\u00e4tt\u00f6m\u00e4t rasvahapot<\/td>\r\n<td>15 (grammaa)<\/td>\r\n<td><\/td>\r\n<\/tr>\r\n<tr>\r\n<td>monityydyttym\u00e4tt\u00f6m\u00e4t rasvahapot<\/td>\r\n<td>9 (g)<\/td>\r\n<td><\/td>\r\n<\/tr>\r\n<tr>\r\n<td>Proteiini<\/td>\r\n<td>40,3 (g)<\/td>\r\n<td>67%<\/td>\r\n<\/tr>\r\n<tr>\r\n<td>Hiilihydraatit<\/td>\r\n<td>10,4 (g)<\/td>\r\n<td>3%<\/td>\r\n<\/tr>\r\n<tr>\r\n<td>josta<\/td>\r\n<td><\/td>\r\n<td><\/td>\r\n<\/tr>\r\n<tr>\r\n<td>glukoosi<\/td>\r\n<td>0,5 (g)<\/td>\r\n<td>1,1 %<\/td>\r\n<\/tr>\r\n<tr>\r\n<td>Suolaa<\/td>\r\n<td>675 mg<\/td>\r\n<td>34%<\/td>\r\n<\/tr>\r\n<\/tbody>\r\n<\/table>\r\nAinesosat: lohennahka (70 %), wasabi (7 %), t\u00e4rkkelys, suola, sy\u00f6t\u00e4v\u00e4 kasvi\u00f6ljy (sis\u00e4lt\u00e4\u00e4 antioksidanttia tert-butyylihydrokinonia), pippuri, natriumglutamaatti. Tekniset tiedot: netto 108 g\/pakkaus K\u00e4ytt\u00f6ohje: Avaa pussi. Valmis sy\u00f6t\u00e4v\u00e4ksi Valmistusp\u00e4iv\u00e4m\u00e4\u00e4r\u00e4: Katso t\u00e4lt\u00e4 sivulta painatus. Kollageeniproteiini muodostaa jopa 30 % kalannahan kuivapainosta. SIS\u00c4LT\u00c4\u00c4 KALATUOTTEITA.\r\n\r\n<\/div>\t\t\t\t\t\t\t\t<\/div>\n\t\t\t\t<\/div>\n\t\t\t\t<div class=\"elementor-element elementor-element-878c554 elementor-widget-divider--view-line elementor-widget elementor-widget-divider\" data-id=\"878c554\" data-element_type=\"widget\" data-e-type=\"widget\" data-widget_type=\"divider.default\">\n\t\t\t\t<div class=\"elementor-widget-container\">\n\t\t\t\t\t\t\t<div class=\"elementor-divider\">\n\t\t\t<span class=\"elementor-divider-separator\">\n\t\t\t\t\t\t<\/span>\n\t\t<\/div>\n\t\t\t\t\t\t<\/div>\n\t\t\t\t<\/div>\n\t\t\t\t\t<\/div>\n\t\t\t\t<\/div>\n\t\t<div class=\"elementor-element elementor-element-80fd08e e-flex e-con-boxed e-con e-parent\" data-id=\"80fd08e\" data-element_type=\"container\" data-e-type=\"container\">\n\t\t\t\t\t<div class=\"e-con-inner\">\n\t\t\t\t<div class=\"elementor-element elementor-element-95b4ca3 elementor-widget elementor-widget-heading\" data-id=\"95b4ca3\" data-element_type=\"widget\" data-e-type=\"widget\" data-widget_type=\"heading.default\">\n\t\t\t\t<div class=\"elementor-widget-container\">\n\t\t\t\t\t<h2 class=\"elementor-heading-title elementor-size-default\">Auta meit\u00e4 l\u00f6yt\u00e4m\u00e4\u00e4n suosikkimakusi\n<\/h2>\t\t\t\t<\/div>\n\t\t\t\t<\/div>\n\t\t\t\t<div class=\"elementor-element elementor-element-86edd28 elementor-widget elementor-widget-text-editor\" data-id=\"86edd28\" data-element_type=\"widget\" data-e-type=\"widget\" data-widget_type=\"text-editor.default\">\n\t\t\t\t<div class=\"elementor-widget-container\">\n\t\t\t\t\t\t\t\t\t<p>Maistuuko se pakaralta? Kyll\u00e4, kyll\u00e4 \u200b\u200b\u2013 mutta mik\u00e4 Fiskegull-maku on SINUN suosikkisi? Ja mik\u00e4 t\u00e4rkeint\u00e4: miksi? <img decoding=\"async\" class=\"emoji\" style=\"background-color: #ffffff;\" role=\"img\" draggable=\"false\" src=\"https:\/\/s.w.org\/images\/core\/emoji\/17.0.2\/svg\/1f914.svg\" alt=\"\ud83e\udd14\" \/>\u00a0Voit vapaasti jakaa rehellisen mielipiteesi, sill\u00e4 joka kuukausi arvomme satunnaisesti voittajan, joka saa yll\u00e4tyksen postitse. Kyll\u00e4, lahjomme sinut karkeilla kuullaksesi mielipiteesi.\u00a0<img decoding=\"async\" class=\"emoji\" style=\"background-color: #ffffff;\" role=\"img\" draggable=\"false\" src=\"https:\/\/s.w.org\/images\/core\/emoji\/17.0.2\/svg\/1f60e.svg\" alt=\"\ud83d\ude0e\" \/><\/p><div class=\"mb-1 mt-2 whitespace-pre-line leading-relaxed first:mt-0\" data-sentry-component=\"P\" data-sentry-source-file=\"p.tsx\">Paina peukkua yl\u00f6s tai alas \u2013 ja jos sinulla on jotain sanottavaa, kirjoita se alle. Luemme kaiken, lupaamme!<\/div>\t\t\t\t\t\t\t\t<\/div>\n\t\t\t\t<\/div>\n\t\t\t\t<div class=\"elementor-element elementor-element-2c07fcb elementor-widget elementor-widget-shortcode\" data-id=\"2c07fcb\" data-element_type=\"widget\" data-e-type=\"widget\" data-widget_type=\"shortcode.default\">\n\t\t\t\t<div class=\"elementor-widget-container\">\n\t\t\t\t\t\t\t<div class=\"elementor-shortcode\">    <div class=\"bootstrap-srm\">\n        <div class=\"d-flex align-items-center flex-column justify-content-center h-100\">\n            <div id=\"srm-funnel-3363\"\n                 class=\"srm-funnel bs-stepper mb-5 p-4 bg-white srm-funnel-3363 srm-funnel-shortcode\"\n                data-funnel_id=\"3363\">\n                <div class=\"bs-stepper-header\" role=\"tablist\">\n                                            <div class=\"srm-funnel-logo\"><img decoding=\"async\" src=\"https:\/\/eadn-wc02-16313031.nxedge.io\/wp-content\/uploads\/2024\/12\/Fiskesnacks-med-Wasabi-2.png\"\/><\/div>\n                                        <div class=\"header-steps\">\n                        <div class=\"step active\" data-target=\"#srm-funnel-3363-1\">\n                            <button type=\"button\" class=\"step-trigger\" role=\"tab\" aria-controls=\"srm-funnel-3363-1\"\n                                    id=\"srm-funnel-3363-1-trigger\">\n                                <span class=\"bs-stepper-circle\">1<\/span>\n                            <\/button>\n                        <\/div>\n                        <div class=\"line\"><\/div>\n                        <div class=\"step\" data-target=\"#srm-funnel-3363-2\">\n                            <button type=\"button\" class=\"step-trigger\" role=\"tab\" aria-controls=\"srm-funnel-3363-2\"\n                                    id=\"srm-funnel-3363-2-trigger\">\n                                <span class=\"bs-stepper-circle\">2<\/span>\n                            <\/button>\n                        <\/div>\n                        <div class=\"line\"><\/div>\n                        <div class=\"step\" data-target=\"#srm-funnel-3363-3\">\n                            <button type=\"button\" class=\"step-trigger\" role=\"tab\" aria-controls=\"srm-funnel-3363-3\"\n                                    id=\"srm-funnel-3363-3-trigger\">\n                                <span class=\"bs-stepper-circle\">3<\/span>\n                            <\/button>\n                        <\/div>\n                        <div class=\"line\"><\/div>\n                        <div class=\"step\" data-target=\"#srm-funnel-3363-4\">\n                            <button type=\"button\" class=\"step-trigger\" role=\"tab\" aria-controls=\"srm-funnel-3363-4\"\n                                    id=\"srm-funnel-3363-4-trigger\">\n                                <span class=\"bs-stepper-circle\">4<\/span>\n                            <\/button>\n                        <\/div>\n                        <div class=\"line\"><\/div>\n                        <div class=\"step\" data-target=\"#srm-funnel-3363-5\">\n                            <button type=\"button\" class=\"step-trigger\" role=\"tab\" aria-controls=\"srm-funnel-3363-5\"\n                                    id=\"srm-funnel-3363-5-trigger\">\n                                <span class=\"bs-stepper-circle\">5<\/span>\n                            <\/button>\n                        <\/div>\n                    <\/div>\n                <\/div>\n                <div class=\"bs-stepper-content\">\n                    <!-- STEP #1 | Negative or Positive feedback -->\n                    <div id=\"srm-funnel-3363-1\" class=\"bs-stepper-pane active\" role=\"tabpanel\"\n                         aria-labelledby=\"srm-funnel-3363-1-trigger\">\n                        <h3 class=\"srm-funnel-heading\">Ostaisitko t\u00e4t\u00e4 makua uudelleen? Onko Fish Gold wasabilla suosikkisi?<\/h3>\n                        <ul id=\"srm-funnel-questions\">\n                            <li id=\"srm-funnel-positive\" title=\"Kyll\u00e4\"\n                                class=\"fas fa-thumbs-up srm-funnel-decision srm-funnel-icon\"><\/li>\n                            <li id=\"srm-funnel-negative\" title=\"Ei\"\n                                class=\"fas fa-thumbs-down srm-funnel-decision srm-funnel-icon\"><\/li>\n                        <\/ul>\n                    <\/div>\n                    <!-- STEP #2 | Positive Feedback -->\n                    <div id=\"srm-funnel-3363-2\" class=\"bs-stepper-pane\" role=\"tabpanel\"\n                         aria-labelledby=\"srm-funnel-3363-2-trigger\">\n                        <div class=\"srm-funnel-prompt\"><h3>Hienoa! Antaisitko meille my\u00f6s 5 t\u00e4hte\u00e4 Googlessa?<\/h3>... kerrothan ajatuksesi.<\/div>\n                        <!-- Single or Multiple Destinations? -->\n                        <div class=\"bootstrap-srm\">\n    <button type=\"button\" class=\"btn btn-primary srm-funnel-single-submit\">J\u00e4t\u00e4 Google-arvostelu<\/button>\n<\/div>                    <\/div>\n                    <!-- STEP #3 | Negative Feedback -->\n                    <div id=\"srm-funnel-3363-3\" class=\"bs-stepper-pane\" role=\"tabpanel\"\n                         aria-labelledby=\"srm-funnel-3363-3-trigger\">\n                        <div class=\"srm-funnel-prompt\">Mik\u00e4 oli ongelma? Liian makea? Liian hapan? Liian vahva? Liian suolainen? Vai jokin aivan muu? \ud83e\udd14. Miten voimme parantaa sit\u00e4 tulevaisuudessa? Onko sinulla ehdotuksia makumuutoksista tai uusista mauista?<\/div>\n                        <form class=\"srm-funnel-form needs-validation\" novalidate onsubmit=\"return false\" action=\"\">\n                            <div class=\"form-group\">\n                                <div class=\"col-sm mb-3\">\n                                    <label for=\"srm-funnel-reviewer-text\">Your Feedback *<\/label>\n                                    <textarea class=\"form-control form-control-sm\" id=\"srm-funnel-reviewer-text\"\n                                              required\n placeholder=\"Leave your feedback.\"><\/textarea>\n                                    <div class=\"invalid-feedback\">Please provide feedback.<\/div>\n                                <\/div>\n                                                                    <div class=\"col-sm mb-3\">\n                                        <label for=\"srm-funnel-reviewer-name\">Full Name *<\/label>\n                                        <input type=\"text\" class=\"form-control form-control-sm\"\n                                               required id=\"srm-funnel-reviewer-name\"\n                                               placeholder=\"Your Name\">\n                                        <div class=\"invalid-feedback\">Anna nimesi.<\/div>\n                                    <\/div>\n                                                                                                    <div class=\"col-sm mb-3\">\n                                        <label for=\"srm-funnel-reviewer-email\">Email Address *<\/label>\n                                        <input type=\"email\" class=\"form-control form-control-sm\"\n                                               required id=\"srm-funnel-reviewer-email\"\n                                               placeholder=\"Your Email\">\n                                        <div class=\"invalid-feedback\">Please enter a valid email.<\/div>\n                                    <\/div>\n                                                                                                    <div class=\"col-sm mb-3\">\n                                        <label for=\"srm-funnel-reviewer-phone\">Phone Number <\/label>\n                                        <input type=\"text\" class=\"form-control form-control-sm\"\n                                                                                              id=\"srm-funnel-reviewer-phone\"\n                                               placeholder=\"Your Phone\">\n                                        <div class=\"invalid-feedback\">Please enter your phone.<\/div>\n                                    <\/div>\n                                                                <!-- CAPTCHA FIELD -->\n<div class=\"col-sm mb-3\">\n    <label for=\"srm-funnel-reviewer-captcha\">Todista olevasi ihminen *<\/label>\n    <input type=\"text\"\n           class=\"form-control form-control-sm\"\n           id=\"srm-funnel-reviewer-captcha\"\n           required\n placeholder=\"Kirjoita n\u00e4ytetty numero\">\n    <div class=\"invalid-feedback\">V\u00e4\u00e4r\u00e4 vastaus. Yrit\u00e4 uudelleen.<\/div>\n<\/div>\n\n<!-- CAPTCHA Question -->\n<div class=\"col-sm mb-3\">\n    <span id=\"captcha-question\" class=\"fw-bold\"><\/span>\n    <button type=\"button\" id=\"captcha-refresh\" class=\"btn btn-link p-0 ms-2\">\u21bb P\u00e4ivit\u00e4<\/button>\n<\/div>\n                                <div class=\"col-sm mb-3\">\n                                                                            <a href=\"javascript:void(0)\" id=\"srm-funnel-feedback-skip\"\n                                           class=\"srm-funnel-link\">Pid\u00e4tk\u00f6 kaikista mauista yht\u00e4 paljon? Kirjoita sen sijaan arvostelu Googlessa.<\/a>\n                                                                        <p>\n                                        <button type=\"submit\" class=\"btn btn-primary\"\n                                                id=\"srm-funnel-feedback-submit\">L\u00e4het\u00e4 palautetta<\/button>\n                                    <\/p>\n                                    <span class=\"srm-funnel-required-indicator\">* indicates required fields<\/span>\n                                <\/div>\n                            <\/div>\n                        <input type=\"hidden\" name=\"trp-form-language\" value=\"fi\"\/><\/form>\n                    <\/div>\n                    <!-- STEP #4 | Thank You  -->\n                    <div id=\"srm-funnel-3363-4\" class=\"bs-stepper-pane\" role=\"tabpanel\"\n                         aria-labelledby=\"srm-funnel-3363-4-trigger\">\n                        <div class=\"srm-funnel-prompt\">Kiitos palautteestasi. Autat muita l\u00f6yt\u00e4m\u00e4\u00e4n suosikkimakunsa.<\/div>\n                    <\/div>\n                    <!-- STEP #5 | Skipped Feedback (Disabled Review Gating) -->\n                    <div id=\"srm-funnel-3363-5\" class=\"bs-stepper-pane\" role=\"tabpanel\"\n                         aria-labelledby=\"srm-funnel-3363-5-trigger\">\n                        <div class=\"srm-funnel-prompt\">Kirjoita arvostelu<\/div>\n                        <!-- Single or Multiple Destinations? -->\n                        <div class=\"bootstrap-srm\">\n    <button type=\"button\" class=\"btn btn-primary srm-funnel-single-submit\">J\u00e4t\u00e4 Google-arvostelu<\/button>\n<\/div>                    <\/div>\n                    <div class=\"srm-funnel-feedback-id\"><\/div>\n                                    <\/div>\n            <\/div>\n        <\/div>\n    <\/div>\n<\/div>\n\t\t\t\t\t\t<\/div>\n\t\t\t\t<\/div>\n\t\t\t\t<div class=\"elementor-element elementor-element-8a593d5 elementor-widget-divider--view-line elementor-widget elementor-widget-divider\" data-id=\"8a593d5\" data-element_type=\"widget\" data-e-type=\"widget\" data-widget_type=\"divider.default\">\n\t\t\t\t<div class=\"elementor-widget-container\">\n\t\t\t\t\t\t\t<div class=\"elementor-divider\">\n\t\t\t<span class=\"elementor-divider-separator\">\n\t\t\t\t\t\t<\/span>\n\t\t<\/div>\n\t\t\t\t\t\t<\/div>\n\t\t\t\t<\/div>\n\t\t\t\t\t<\/div>\n\t\t\t\t<\/div>\n\t\t\t\t<\/div>","protected":false},"excerpt":{"rendered":"<h3>Kevyesti suolattu Fish Gold wasabilla 108 g.<\/h3>\n<p>Ainesosat; Lohennahka, wasabi, t\u00e4rkkelys, sy\u00f6t\u00e4v\u00e4 kasvi\u00f6ljy. Wasabi on kasvi, joka kasvaa p\u00e4\u00e4asiassa Australiassa. Ehk\u00e4p\u00e4 meille norjalaisille se tunnetaan parhaiten sushin ohella. Wasabi antaa lohennahalle lis\u00e4makua, ja kuten tarkastuskomitea osuvasti totesi; Pussi tuntuu pienelt\u00e4. Haluatko lis\u00e4\u00e4?<\/p>","protected":false},"featured_media":2759,"comment_status":"open","ping_status":"closed","template":"","meta":{"jetpack_publicize_message":"","jetpack_publicize_feature_enabled":true,"jetpack_social_post_already_shared":true,"jetpack_social_options":{"image_generator_settings":{"template":"highway","default_image_id":0,"font":"","enabled":false},"version":2}},"product_brand":[40,38],"product_cat":[35,41],"product_tag":[39,32],"class_list":{"0":"post-2120","1":"product","2":"type-product","3":"status-publish","4":"has-post-thumbnail","6":"product_brand-seafoodnorway","7":"product_brand-fiskegull","8":"product_cat-lettsaltet-fiskesnacks","9":"product_cat-wasabi","10":"product_tag-sunn-snacks","11":"product_tag-wasabi","13":"first","14":"instock","15":"sale","16":"taxable","17":"shipping-taxable","18":"purchasable","19":"product-type-variable","20":"has-default-attributes"},"jetpack_publicize_connections":[],"jetpack-related-posts":[],"jetpack_sharing_enabled":true,"_links":{"self":[{"href":"https:\/\/fiskegull.no\/fi\/wp-json\/wp\/v2\/product\/2120","targetHints":{"allow":["GET"]}}],"collection":[{"href":"https:\/\/fiskegull.no\/fi\/wp-json\/wp\/v2\/product"}],"about":[{"href":"https:\/\/fiskegull.no\/fi\/wp-json\/wp\/v2\/types\/product"}],"replies":[{"embeddable":true,"href":"https:\/\/fiskegull.no\/fi\/wp-json\/wp\/v2\/comments?post=2120"}],"version-history":[{"count":4,"href":"https:\/\/fiskegull.no\/fi\/wp-json\/wp\/v2\/product\/2120\/revisions"}],"predecessor-version":[{"id":3373,"href":"https:\/\/fiskegull.no\/fi\/wp-json\/wp\/v2\/product\/2120\/revisions\/3373"}],"wp:featuredmedia":[{"embeddable":true,"href":"https:\/\/fiskegull.no\/fi\/wp-json\/wp\/v2\/media\/2759"}],"wp:attachment":[{"href":"https:\/\/fiskegull.no\/fi\/wp-json\/wp\/v2\/media?parent=2120"}],"wp:term":[{"taxonomy":"product_brand","embeddable":true,"href":"https:\/\/fiskegull.no\/fi\/wp-json\/wp\/v2\/product_brand?post=2120"},{"taxonomy":"product_cat","embeddable":true,"href":"https:\/\/fiskegull.no\/fi\/wp-json\/wp\/v2\/product_cat?post=2120"},{"taxonomy":"product_tag","embeddable":true,"href":"https:\/\/fiskegull.no\/fi\/wp-json\/wp\/v2\/product_tag?post=2120"}],"curies":[{"name":"wp","href":"https:\/\/api.w.org\/{rel}","templated":true}]}}