{"id":2188,"date":"2024-12-21T15:45:45","date_gmt":"2024-12-21T14:45:45","guid":{"rendered":"https:\/\/fb8feff000.nxcli.io\/?page_id=2188"},"modified":"2024-12-21T15:57:23","modified_gmt":"2024-12-21T14:57:23","slug":"maarud-potetgull","status":"publish","type":"page","link":"https:\/\/fiskegull.no\/en\/maarud-potetgull\/","title":{"rendered":"Maarud potetgull"},"content":{"rendered":"<div data-elementor-type=\"wp-page\" data-elementor-id=\"2188\" class=\"elementor elementor-2188\" data-elementor-post-type=\"page\">\n\t\t\t\t<div class=\"elementor-element elementor-element-6225b77 e-flex e-con-boxed e-con e-parent\" data-id=\"6225b77\" data-element_type=\"container\" data-e-type=\"container\">\n\t\t\t\t\t<div class=\"e-con-inner\">\n\t\t\t\t<div class=\"elementor-element elementor-element-397a057 elementor-widget elementor-widget-heading\" data-id=\"397a057\" data-element_type=\"widget\" data-e-type=\"widget\" data-widget_type=\"heading.default\">\n\t\t\t\t<div class=\"elementor-widget-container\">\n\t\t\t\t\t<h2 class=\"elementor-heading-title elementor-size-default\">Maarud potetgull<\/h2>\t\t\t\t<\/div>\n\t\t\t\t<\/div>\n\t\t\t\t<div class=\"elementor-element elementor-element-93d8890 elementor-widget elementor-widget-theme-post-featured-image elementor-widget-image\" data-id=\"93d8890\" data-element_type=\"widget\" data-e-type=\"widget\" data-widget_type=\"theme-post-featured-image.default\">\n\t\t\t\t<div class=\"elementor-widget-container\">\n\t\t\t\t\t\t\t\t\t\t\t\t<figure class=\"wp-caption\">\n\t\t\t\t\t\t\t\t\t\t<img fetchpriority=\"high\" decoding=\"async\" width=\"1744\" height=\"1670\" src=\"https:\/\/eadn-wc02-16313031.nxedge.io\/wp-content\/uploads\/2024\/05\/Fiskegull-VS-Potetgull-1.png\" class=\"attachment-full size-full wp-image-1397\" alt=\"Can Fish Gold be a substitute for potato chips?\" srcset=\"https:\/\/eadn-wc02-16313031.nxedge.io\/wp-content\/uploads\/2024\/05\/Fiskegull-VS-Potetgull-1.png 1744w, https:\/\/eadn-wc02-16313031.nxedge.io\/wp-content\/uploads\/2024\/05\/Fiskegull-VS-Potetgull-1-600x575.png 600w, https:\/\/eadn-wc02-16313031.nxedge.io\/wp-content\/uploads\/2024\/05\/Fiskegull-VS-Potetgull-1-300x287.png 300w, https:\/\/eadn-wc02-16313031.nxedge.io\/wp-content\/uploads\/2024\/05\/Fiskegull-VS-Potetgull-1-1024x981.png 1024w, https:\/\/eadn-wc02-16313031.nxedge.io\/wp-content\/uploads\/2024\/05\/Fiskegull-VS-Potetgull-1-768x735.png 768w, https:\/\/eadn-wc02-16313031.nxedge.io\/wp-content\/uploads\/2024\/05\/Fiskegull-VS-Potetgull-1-1536x1471.png 1536w, https:\/\/eadn-wc02-16313031.nxedge.io\/wp-content\/uploads\/2024\/05\/Fiskegull-VS-Potetgull-1-1320x1264.png 1320w\" sizes=\"(max-width: 1744px) 100vw, 1744px\" \/>\t\t\t\t\t\t\t\t\t\t\t<figcaption class=\"widget-image-caption wp-caption-text\">Can Fish Gold be a substitute for potato chips?<\/figcaption>\n\t\t\t\t\t\t\t\t\t\t<\/figure>\n\t\t\t\t\t\t\t\t\t<\/div>\n\t\t\t\t<\/div>\n\t\t\t\t<div class=\"elementor-element elementor-element-1bbc928 elementor-widget elementor-widget-text-editor\" data-id=\"1bbc928\" data-element_type=\"widget\" data-e-type=\"widget\" data-widget_type=\"text-editor.default\">\n\t\t\t\t<div class=\"elementor-widget-container\">\n\t\t\t\t\t\t\t\t\t<h2>Maarud potetgull kjenner alle, og alle har vel spiste potetgull fra Maarud, men hva med \u00e5 pr\u00f8ve noe nytt?<\/h2><p>Fiskegull er et spennende alternativ til tradisjonelt potetgull, og kan v\u00e6re et litt sunnere valg for dem som \u00f8nsker \u00e5 pr\u00f8ve noe nytt. Fiskesnacks fra Fiskegull er laget med fisk, og er ofte sett p\u00e5 som et proteinrikt og n\u00e6ringsrikt alternativ til potetsnacks. Hvis du er ute etter noe annerledes enn de vanlige potetgullene fra Maarud, kan Fiskegull v\u00e6re et spennende valg.<\/p><h3>Hvorfor spise fiskesnacks i stedet for potetsnacks?<\/h3><ol><li><strong>H\u00f8yere proteininnhold<\/strong>: Fisk er en utmerket kilde til protein, noe som kan gj\u00f8re fiskesnacks mer mettende enn tradisjonelle potetbaserte snacks.<\/li><li><strong>Omega-3 fettsyrer<\/strong>: Fisk inneholder viktige omega-3 fettsyrer, som er kjent for sine helsefordeler, inkludert st\u00f8tte for hjertehelsen.<\/li><li><strong>Lavere kalorier og fett<\/strong>: Fiskesnacks kan ha lavere kalorier og fett enn potetgull, avhengig av tilberedningen.<\/li><li><strong>Sustainable choice<\/strong>: Fiskesnacks laget med b\u00e6rekraftige fiskemetoder kan v\u00e6re et mer milj\u00f8vennlig alternativ til potetgull, som krever mye ressurser for produksjon.<\/li><\/ol><h3>Smaksvarianter fra Fiskegull<\/h3><p>Fiskegull har en rekke unike smaksvarianter, hver med sitt eget s\u00e6rpreg. Her er noen av de spennende smakene du kan finne:<\/p><ol><li><strong>Sea salt<\/strong>: En enkel og ren smak som fremhever den naturlige smaken av fisken. Perfekt for de som \u00f8nsker en mild og balansert snacks uten ekstra krydder.<\/li><li><strong>Egg yolk<\/strong>: Denne varianten gir en kremet, rik smak, og eggeplommen tilf\u00f8rer en fyldig og litt s\u00f8t smak som gir et unikt preg p\u00e5 fiskesnacksen.<\/li><li><strong>Wasabi<\/strong>: En sterk og krydret variant som kombinerer den intense smaken av wasabi med fiskens naturlige smak. Perfekt for de som liker litt mer spenning i smaken.<\/li><li><strong>Cranberries<\/strong>: En s\u00f8tere variant som kombinerer den syrlige smaken av traneb\u00e6r med fiskesnacksen, og gir en fruktig og interessant kontrast til de mer tradisjonelle smakene.<\/li><\/ol><h3>Forskjellen p\u00e5 variantene:<\/h3><ul><li><strong>Sea salt<\/strong>: En klassisk og ren smak som fremhever fisken, perfekt for dem som \u00f8nsker en enkel, naturlig snacks uten mye ekstra krydder.<\/li><li><strong>Egg yolk<\/strong>: Denne varianten er mer kremet og rik p\u00e5 smak. Eggeplommen gir en mildere, nesten litt s\u00f8t smak, og kan appellere til de som foretrekker en fyldigere snacks.<\/li><li><strong>Wasabi<\/strong>: Her f\u00e5r du en krydret, litt sterkere smak som minner om den japanske wasabien. Denne varianten passer godt for dem som liker en intens smak og litt &#8220;kick&#8221;.<\/li><li><strong>Cranberries<\/strong>: Traneb\u00e6r gir en uvanlig s\u00f8tsyrlig smak som kontrasterer fint med fisken. Den er mer fruktig og s\u00f8t enn de andre variantene, og kan v\u00e6re et godt valg for de som liker en blanding av s\u00f8tt og salt.<\/li><\/ul><p>\u00c5 bytte ut potetsnacks med fiskesnacks kan v\u00e6re et spennende og sunt alternativ, spesielt med Fiskegulls varierte smaker. Hvis du er ute etter \u00e5 pr\u00f8ve noe nytt, kan disse smakene gi deg en unik og smakfull opplevelse!<\/p>\t\t\t\t\t\t\t\t<\/div>\n\t\t\t\t<\/div>\n\t\t\t\t<div class=\"elementor-element elementor-element-6cd7eee elementor-grid-4 elementor-grid-tablet-3 elementor-grid-mobile-2 elementor-products-grid elementor-wc-products elementor-widget elementor-widget-woocommerce-products\" data-id=\"6cd7eee\" data-element_type=\"widget\" data-e-type=\"widget\" data-widget_type=\"woocommerce-products.default\">\n\t\t\t\t<div class=\"elementor-widget-container\">\n\t\t\t\t\t<div class=\"woocommerce columns-4\"><ul class=\"products elementor-grid columns-4\">\n<li class=\"product type-product post-2670 status-publish first instock product_cat-lettsaltet-fiskesnacks product_cat-tranebaer product_tag-sunn-snacks product_tag-tranebaer has-post-thumbnail sale taxable shipping-taxable purchasable product-type-variable has-default-attributes\">\n\t<a href=\"https:\/\/fiskegull.no\/en\/product\/fiskegull-med-paprika-108gr\/\" class=\"woocommerce-LoopProduct-link woocommerce-loop-product__link\">\n\t<span class=\"onsale\" data-no-translation=\"\" data-trp-gettext=\"\">Sale!<\/span>\n\t<img decoding=\"async\" width=\"300\" height=\"405\" src=\"https:\/\/eadn-wc02-16313031.nxedge.io\/wp-content\/uploads\/2025\/10\/Fiskesnacks-med-Paprika-3-300x405.png\" class=\"attachment-woocommerce_thumbnail size-woocommerce_thumbnail\" alt=\"Fish snacks with Paprika\" srcset=\"https:\/\/eadn-wc02-16313031.nxedge.io\/wp-content\/uploads\/2025\/10\/Fiskesnacks-med-Paprika-3-300x405.png 300w, https:\/\/eadn-wc02-16313031.nxedge.io\/wp-content\/uploads\/2025\/10\/Fiskesnacks-med-Paprika-3-222x300.png 222w, https:\/\/eadn-wc02-16313031.nxedge.io\/wp-content\/uploads\/2025\/10\/Fiskesnacks-med-Paprika-3-759x1024.png 759w, https:\/\/eadn-wc02-16313031.nxedge.io\/wp-content\/uploads\/2025\/10\/Fiskesnacks-med-Paprika-3-768x1037.png 768w, https:\/\/eadn-wc02-16313031.nxedge.io\/wp-content\/uploads\/2025\/10\/Fiskesnacks-med-Paprika-3-1138x1536.png 1138w, https:\/\/eadn-wc02-16313031.nxedge.io\/wp-content\/uploads\/2025\/10\/Fiskesnacks-med-Paprika-3-1320x1782.png 1320w, https:\/\/eadn-wc02-16313031.nxedge.io\/wp-content\/uploads\/2025\/10\/Fiskesnacks-med-Paprika-3-600x810.png 600w, https:\/\/eadn-wc02-16313031.nxedge.io\/wp-content\/uploads\/2025\/10\/Fiskesnacks-med-Paprika-3.png 1512w\" sizes=\"(max-width: 300px) 100vw, 300px\" \/><h2 class=\"woocommerce-loop-product__title\">Fish gold fish snacks with Red Paprika 108gr.<\/h2>\n\t<span class=\"price\"><span class=\"woocommerce-Price-amount amount\" aria-hidden=\"true\"><bdi><span class=\"woocommerce-Price-currencySymbol\">&#107;&#114;<\/span>&nbsp;51,30<\/bdi><\/span> <span aria-hidden=\"true\">&ndash;<\/span> <span class=\"woocommerce-Price-amount amount\" aria-hidden=\"true\"><bdi><span class=\"woocommerce-Price-currencySymbol\">&#107;&#114;<\/span>&nbsp;7180,00<\/bdi><\/span><span class=\"screen-reader-text\" data-no-translation=\"\" data-trp-gettext=\"\">Price range: &#107;&#114;&nbsp;51,30 through &#107;&#114;&nbsp;7180,00<\/span> <small class=\"woocommerce-price-suffix\">excl. VAT<\/small><\/span>\n<\/a><a href=\"https:\/\/fiskegull.no\/en\/product\/fiskegull-med-paprika-108gr\/\" aria-describedby=\"woocommerce_loop_add_to_cart_link_describedby_2670\" data-quantity=\"1\" class=\"button product_type_variable add_to_cart_button\" data-product_id=\"2670\" data-product_sku=\"\" aria-label=\"Select options for \u201cFiskegull fiskesnacks med R\u00f8d Paprika 108gr.\u201d\" rel=\"nofollow\" data-no-translation=\"\" data-trp-gettext=\"\" data-no-translation-aria-label=\"\">Select options<\/a>\t<span id=\"woocommerce_loop_add_to_cart_link_describedby_2670\" class=\"screen-reader-text\">\n\t\tThis product has multiple variants. The options may be chosen on the product page\t<\/span>\n<\/li>\n<li class=\"product type-product post-2142 status-publish instock product_cat-lettsaltet-fiskesnacks product_cat-tranebaer product_tag-sunn-snacks product_tag-tranebaer has-post-thumbnail sale taxable shipping-taxable purchasable product-type-variable has-default-attributes\">\n\t<a href=\"https:\/\/fiskegull.no\/en\/product\/fiskesnacks-med-tranebaer\/\" class=\"woocommerce-LoopProduct-link woocommerce-loop-product__link\">\n\t<span class=\"onsale\" data-no-translation=\"\" data-trp-gettext=\"\">Sale!<\/span>\n\t<img decoding=\"async\" width=\"300\" height=\"405\" src=\"https:\/\/eadn-wc02-16313031.nxedge.io\/wp-content\/uploads\/2024\/12\/Fiskesnacks-med-Tranebaer-108gr-300x405.png\" class=\"attachment-woocommerce_thumbnail size-woocommerce_thumbnail\" alt=\"Fish snacks with cranberries 108gr.\" srcset=\"https:\/\/eadn-wc02-16313031.nxedge.io\/wp-content\/uploads\/2024\/12\/Fiskesnacks-med-Tranebaer-108gr-300x405.png 300w, https:\/\/eadn-wc02-16313031.nxedge.io\/wp-content\/uploads\/2024\/12\/Fiskesnacks-med-Tranebaer-108gr-222x300.png 222w, https:\/\/eadn-wc02-16313031.nxedge.io\/wp-content\/uploads\/2024\/12\/Fiskesnacks-med-Tranebaer-108gr-759x1024.png 759w, https:\/\/eadn-wc02-16313031.nxedge.io\/wp-content\/uploads\/2024\/12\/Fiskesnacks-med-Tranebaer-108gr-768x1037.png 768w, https:\/\/eadn-wc02-16313031.nxedge.io\/wp-content\/uploads\/2024\/12\/Fiskesnacks-med-Tranebaer-108gr-1138x1536.png 1138w, https:\/\/eadn-wc02-16313031.nxedge.io\/wp-content\/uploads\/2024\/12\/Fiskesnacks-med-Tranebaer-108gr-1320x1782.png 1320w, https:\/\/eadn-wc02-16313031.nxedge.io\/wp-content\/uploads\/2024\/12\/Fiskesnacks-med-Tranebaer-108gr-600x810.png 600w, https:\/\/eadn-wc02-16313031.nxedge.io\/wp-content\/uploads\/2024\/12\/Fiskesnacks-med-Tranebaer-108gr.png 1512w\" sizes=\"(max-width: 300px) 100vw, 300px\" \/><h2 class=\"woocommerce-loop-product__title\">Fish gold fish snacks with cranberries 108gr.<\/h2>\n\t<span class=\"price\"><span class=\"woocommerce-Price-amount amount\" aria-hidden=\"true\"><bdi><span class=\"woocommerce-Price-currencySymbol\">&#107;&#114;<\/span>&nbsp;51,30<\/bdi><\/span> <span aria-hidden=\"true\">&ndash;<\/span> <span class=\"woocommerce-Price-amount amount\" aria-hidden=\"true\"><bdi><span class=\"woocommerce-Price-currencySymbol\">&#107;&#114;<\/span>&nbsp;7180,00<\/bdi><\/span><span class=\"screen-reader-text\" data-no-translation=\"\" data-trp-gettext=\"\">Price range: &#107;&#114;&nbsp;51,30 through &#107;&#114;&nbsp;7180,00<\/span> <small class=\"woocommerce-price-suffix\">excl. VAT<\/small><\/span>\n<\/a><a href=\"https:\/\/fiskegull.no\/en\/product\/fiskesnacks-med-tranebaer\/\" aria-describedby=\"woocommerce_loop_add_to_cart_link_describedby_2142\" data-quantity=\"1\" class=\"button product_type_variable add_to_cart_button\" data-product_id=\"2142\" data-product_sku=\"\" aria-label=\"Select options for \u201cFiskegull fiskesnacks med Traneb\u00e6r 108gr.\u201d\" rel=\"nofollow\" data-no-translation=\"\" data-trp-gettext=\"\" data-no-translation-aria-label=\"\">Select options<\/a>\t<span id=\"woocommerce_loop_add_to_cart_link_describedby_2142\" class=\"screen-reader-text\">\n\t\tThis product has multiple variants. The options may be chosen on the product page\t<\/span>\n<\/li>\n<li class=\"product type-product post-2130 status-publish instock product_cat-lett-saltet product_tag-chips-alternativ product_tag-ferdig-a-spise product_tag-fish-skin-chips product_tag-fiskechips product_tag-fiskeprodukter product_tag-fiskesnacks product_tag-glutenfri-snacks product_tag-havsalt product_tag-healthy-snack product_tag-hoyt-proteininnhold product_tag-keto-snacks product_tag-kollagen product_tag-laksechips product_tag-lakseskinn product_tag-lav-karbo product_tag-lavkarbo-snacks product_tag-lettsaltet product_tag-matpakke product_tag-msg product_tag-naturlig-kollagen product_tag-norsk-fisk product_tag-omega-3 product_tag-proteinrik-snacks product_tag-proteinsnacks product_tag-quick-snack product_tag-saltet-snacks product_tag-spro-snacks product_tag-sprostekt-lakseskinn product_tag-sunn-snacks product_tag-sunnere-alternativ product_tag-treningssnacks product_tag-turmat product_tag-umami has-post-thumbnail sale taxable shipping-taxable purchasable product-type-variable has-default-attributes\">\n\t<a href=\"https:\/\/fiskegull.no\/en\/product\/fiskegull-fiskesnacks-med-havsalt\/\" class=\"woocommerce-LoopProduct-link woocommerce-loop-product__link\">\n\t<span class=\"onsale\" data-no-translation=\"\" data-trp-gettext=\"\">Sale!<\/span>\n\t<img loading=\"lazy\" decoding=\"async\" width=\"300\" height=\"405\" src=\"https:\/\/eadn-wc02-16313031.nxedge.io\/wp-content\/uploads\/2024\/12\/Fiskesnacks-med-havsalt-108gr-300x405.png\" class=\"attachment-woocommerce_thumbnail size-woocommerce_thumbnail\" alt=\"Fish snacks with sea salt 108gr.\" srcset=\"https:\/\/eadn-wc02-16313031.nxedge.io\/wp-content\/uploads\/2024\/12\/Fiskesnacks-med-havsalt-108gr-300x405.png 300w, https:\/\/eadn-wc02-16313031.nxedge.io\/wp-content\/uploads\/2024\/12\/Fiskesnacks-med-havsalt-108gr-222x300.png 222w, https:\/\/eadn-wc02-16313031.nxedge.io\/wp-content\/uploads\/2024\/12\/Fiskesnacks-med-havsalt-108gr-759x1024.png 759w, https:\/\/eadn-wc02-16313031.nxedge.io\/wp-content\/uploads\/2024\/12\/Fiskesnacks-med-havsalt-108gr-768x1037.png 768w, https:\/\/eadn-wc02-16313031.nxedge.io\/wp-content\/uploads\/2024\/12\/Fiskesnacks-med-havsalt-108gr-1138x1536.png 1138w, https:\/\/eadn-wc02-16313031.nxedge.io\/wp-content\/uploads\/2024\/12\/Fiskesnacks-med-havsalt-108gr-1320x1782.png 1320w, https:\/\/eadn-wc02-16313031.nxedge.io\/wp-content\/uploads\/2024\/12\/Fiskesnacks-med-havsalt-108gr-600x810.png 600w, https:\/\/eadn-wc02-16313031.nxedge.io\/wp-content\/uploads\/2024\/12\/Fiskesnacks-med-havsalt-108gr.png 1512w\" sizes=\"(max-width: 300px) 100vw, 300px\" \/><h2 class=\"woocommerce-loop-product__title\">Fish gold fish snacks with sea salt 108gr.<\/h2>\n\t<span class=\"price\"><span class=\"woocommerce-Price-amount amount\" aria-hidden=\"true\"><bdi><span class=\"woocommerce-Price-currencySymbol\">&#107;&#114;<\/span>&nbsp;51,30<\/bdi><\/span> <span aria-hidden=\"true\">&ndash;<\/span> <span class=\"woocommerce-Price-amount amount\" aria-hidden=\"true\"><bdi><span class=\"woocommerce-Price-currencySymbol\">&#107;&#114;<\/span>&nbsp;7180,00<\/bdi><\/span><span class=\"screen-reader-text\" data-no-translation=\"\" data-trp-gettext=\"\">Price range: &#107;&#114;&nbsp;51,30 through &#107;&#114;&nbsp;7180,00<\/span> <small class=\"woocommerce-price-suffix\">excl. VAT<\/small><\/span>\n<\/a><a href=\"https:\/\/fiskegull.no\/en\/product\/fiskegull-fiskesnacks-med-havsalt\/\" aria-describedby=\"woocommerce_loop_add_to_cart_link_describedby_2130\" data-quantity=\"1\" class=\"button product_type_variable add_to_cart_button\" data-product_id=\"2130\" data-product_sku=\"\" aria-label=\"Select options for \u201cFiskegull fiskesnacks med havsalt 108gr.\u201d\" rel=\"nofollow\" data-no-translation=\"\" data-trp-gettext=\"\" data-no-translation-aria-label=\"\">Select options<\/a>\t<span id=\"woocommerce_loop_add_to_cart_link_describedby_2130\" class=\"screen-reader-text\">\n\t\tThis product has multiple variants. The options may be chosen on the product page\t<\/span>\n<\/li>\n<li class=\"product type-product post-2120 status-publish last instock product_cat-lettsaltet-fiskesnacks product_cat-wasabi product_tag-sunn-snacks product_tag-wasabi has-post-thumbnail sale taxable shipping-taxable purchasable product-type-variable has-default-attributes\">\n\t<a href=\"https:\/\/fiskegull.no\/en\/product\/lett-saltet-fiskegull-med-wasabi-108gr\/\" class=\"woocommerce-LoopProduct-link woocommerce-loop-product__link\">\n\t<span class=\"onsale\" data-no-translation=\"\" data-trp-gettext=\"\">Sale!<\/span>\n\t<img loading=\"lazy\" decoding=\"async\" width=\"300\" height=\"405\" src=\"https:\/\/eadn-wc02-16313031.nxedge.io\/wp-content\/uploads\/2024\/12\/Fiskesnacks-med-Wasabi-108gr-300x405.png\" class=\"attachment-woocommerce_thumbnail size-woocommerce_thumbnail\" alt=\"Fish snacks with Wasabi 108gr.\" srcset=\"https:\/\/eadn-wc02-16313031.nxedge.io\/wp-content\/uploads\/2024\/12\/Fiskesnacks-med-Wasabi-108gr-300x405.png 300w, https:\/\/eadn-wc02-16313031.nxedge.io\/wp-content\/uploads\/2024\/12\/Fiskesnacks-med-Wasabi-108gr-222x300.png 222w, https:\/\/eadn-wc02-16313031.nxedge.io\/wp-content\/uploads\/2024\/12\/Fiskesnacks-med-Wasabi-108gr-759x1024.png 759w, https:\/\/eadn-wc02-16313031.nxedge.io\/wp-content\/uploads\/2024\/12\/Fiskesnacks-med-Wasabi-108gr-768x1037.png 768w, https:\/\/eadn-wc02-16313031.nxedge.io\/wp-content\/uploads\/2024\/12\/Fiskesnacks-med-Wasabi-108gr-1138x1536.png 1138w, https:\/\/eadn-wc02-16313031.nxedge.io\/wp-content\/uploads\/2024\/12\/Fiskesnacks-med-Wasabi-108gr-1320x1782.png 1320w, https:\/\/eadn-wc02-16313031.nxedge.io\/wp-content\/uploads\/2024\/12\/Fiskesnacks-med-Wasabi-108gr-600x810.png 600w, https:\/\/eadn-wc02-16313031.nxedge.io\/wp-content\/uploads\/2024\/12\/Fiskesnacks-med-Wasabi-108gr.png 1512w\" sizes=\"(max-width: 300px) 100vw, 300px\" \/><h2 class=\"woocommerce-loop-product__title\">Fish gold fish snacks with Wasabi 108gr.<\/h2>\n\t<span class=\"price\"><span class=\"woocommerce-Price-amount amount\" aria-hidden=\"true\"><bdi><span class=\"woocommerce-Price-currencySymbol\">&#107;&#114;<\/span>&nbsp;51,30<\/bdi><\/span> <span aria-hidden=\"true\">&ndash;<\/span> <span class=\"woocommerce-Price-amount amount\" aria-hidden=\"true\"><bdi><span class=\"woocommerce-Price-currencySymbol\">&#107;&#114;<\/span>&nbsp;7180,00<\/bdi><\/span><span class=\"screen-reader-text\" data-no-translation=\"\" data-trp-gettext=\"\">Price range: &#107;&#114;&nbsp;51,30 through &#107;&#114;&nbsp;7180,00<\/span> <small class=\"woocommerce-price-suffix\">excl. VAT<\/small><\/span>\n<\/a><a href=\"https:\/\/fiskegull.no\/en\/product\/lett-saltet-fiskegull-med-wasabi-108gr\/\" aria-describedby=\"woocommerce_loop_add_to_cart_link_describedby_2120\" data-quantity=\"1\" class=\"button product_type_variable add_to_cart_button\" data-product_id=\"2120\" data-product_sku=\"\" aria-label=\"Select options for \u201cFiskegull fiskesnacks med Wasabi 108gr.\u201d\" rel=\"nofollow\" data-no-translation=\"\" data-trp-gettext=\"\" data-no-translation-aria-label=\"\">Select options<\/a>\t<span id=\"woocommerce_loop_add_to_cart_link_describedby_2120\" class=\"screen-reader-text\">\n\t\tThis product has multiple variants. The options may be chosen on the product page\t<\/span>\n<\/li>\n<\/ul>\n<\/div>\t\t\t\t<\/div>\n\t\t\t\t<\/div>\n\t\t\t\t\t<\/div>\n\t\t\t\t<\/div>\n\t\t\t\t<\/div>","protected":false},"excerpt":{"rendered":"<p>Maarud potetgull Maarud potetgull kjenner alle, og alle har vel spiste potetgull fra Maarud, men hva med \u00e5 pr\u00f8ve noe nytt? Fiskegull er et spennende alternativ til tradisjonelt potetgull, og kan v\u00e6re et litt sunnere valg for dem som \u00f8nsker \u00e5 pr\u00f8ve noe nytt. Fiskesnacks fra Fiskegull er laget med fisk, og er ofte sett [&hellip;]<\/p>\n","protected":false},"author":1,"featured_media":1397,"parent":0,"menu_order":0,"comment_status":"closed","ping_status":"closed","template":"","meta":{"footnotes":""},"class_list":["post-2188","page","type-page","status-publish","has-post-thumbnail","hentry"],"jetpack-related-posts":[],"jetpack_sharing_enabled":true,"_links":{"self":[{"href":"https:\/\/fiskegull.no\/en\/wp-json\/wp\/v2\/pages\/2188","targetHints":{"allow":["GET"]}}],"collection":[{"href":"https:\/\/fiskegull.no\/en\/wp-json\/wp\/v2\/pages"}],"about":[{"href":"https:\/\/fiskegull.no\/en\/wp-json\/wp\/v2\/types\/page"}],"author":[{"embeddable":true,"href":"https:\/\/fiskegull.no\/en\/wp-json\/wp\/v2\/users\/1"}],"replies":[{"embeddable":true,"href":"https:\/\/fiskegull.no\/en\/wp-json\/wp\/v2\/comments?post=2188"}],"version-history":[{"count":4,"href":"https:\/\/fiskegull.no\/en\/wp-json\/wp\/v2\/pages\/2188\/revisions"}],"predecessor-version":[{"id":2193,"href":"https:\/\/fiskegull.no\/en\/wp-json\/wp\/v2\/pages\/2188\/revisions\/2193"}],"wp:featuredmedia":[{"embeddable":true,"href":"https:\/\/fiskegull.no\/en\/wp-json\/wp\/v2\/media\/1397"}],"wp:attachment":[{"href":"https:\/\/fiskegull.no\/en\/wp-json\/wp\/v2\/media?parent=2188"}],"curies":[{"name":"wp","href":"https:\/\/api.w.org\/{rel}","templated":true}]}}