{"id":1877,"date":"2024-06-18T12:22:55","date_gmt":"2024-06-18T10:22:55","guid":{"rendered":"https:\/\/fb8feff000.nxcli.io\/?page_id=1877"},"modified":"2024-12-21T21:42:04","modified_gmt":"2024-12-21T20:42:04","slug":"bacongull","status":"publish","type":"page","link":"https:\/\/fiskegull.no\/en\/bacongull\/","title":{"rendered":"Bacongull"},"content":{"rendered":"<div data-elementor-type=\"wp-page\" data-elementor-id=\"1877\" class=\"elementor elementor-1877\" data-elementor-post-type=\"page\">\n\t\t\t\t<div class=\"elementor-element elementor-element-05ccacc e-flex e-con-boxed e-con e-parent\" data-id=\"05ccacc\" data-element_type=\"container\" data-e-type=\"container\">\n\t\t\t\t\t<div class=\"e-con-inner\">\n\t\t\t\t<div class=\"elementor-element elementor-element-1632082 elementor-widget elementor-widget-heading\" data-id=\"1632082\" data-element_type=\"widget\" data-e-type=\"widget\" data-widget_type=\"heading.default\">\n\t\t\t\t<div class=\"elementor-widget-container\">\n\t\t\t\t\t<h1 class=\"elementor-heading-title elementor-size-default\">Bacongull<\/h1>\t\t\t\t<\/div>\n\t\t\t\t<\/div>\n\t\t\t\t<div class=\"elementor-element elementor-element-3aec87e elementor-widget elementor-widget-theme-post-featured-image elementor-widget-image\" data-id=\"3aec87e\" data-element_type=\"widget\" data-e-type=\"widget\" data-widget_type=\"theme-post-featured-image.default\">\n\t\t\t\t<div class=\"elementor-widget-container\">\n\t\t\t\t\t\t\t\t\t\t\t\t<figure class=\"wp-caption\">\n\t\t\t\t\t\t\t\t\t\t<img fetchpriority=\"high\" decoding=\"async\" width=\"717\" height=\"1024\" src=\"https:\/\/eadn-wc02-16313031.nxedge.io\/wp-content\/uploads\/2024\/06\/Bacongull-717x1024.png\" class=\"attachment-large size-large wp-image-1878\" alt=\"Bacongull\" srcset=\"https:\/\/eadn-wc02-16313031.nxedge.io\/wp-content\/uploads\/2024\/06\/Bacongull-717x1024.png 717w, https:\/\/eadn-wc02-16313031.nxedge.io\/wp-content\/uploads\/2024\/06\/Bacongull-600x857.png 600w, https:\/\/eadn-wc02-16313031.nxedge.io\/wp-content\/uploads\/2024\/06\/Bacongull-210x300.png 210w, https:\/\/eadn-wc02-16313031.nxedge.io\/wp-content\/uploads\/2024\/06\/Bacongull-768x1097.png 768w, https:\/\/eadn-wc02-16313031.nxedge.io\/wp-content\/uploads\/2024\/06\/Bacongull-1075x1536.png 1075w, https:\/\/eadn-wc02-16313031.nxedge.io\/wp-content\/uploads\/2024\/06\/Bacongull-1320x1886.png 1320w, https:\/\/eadn-wc02-16313031.nxedge.io\/wp-content\/uploads\/2024\/06\/Bacongull.png 1400w\" sizes=\"(max-width: 717px) 100vw, 717px\" \/>\t\t\t\t\t\t\t\t\t\t\t<figcaption class=\"widget-image-caption wp-caption-text\"><\/figcaption>\n\t\t\t\t\t\t\t\t\t\t<\/figure>\n\t\t\t\t\t\t\t\t\t<\/div>\n\t\t\t\t<\/div>\n\t\t\t\t<div class=\"elementor-element elementor-element-a355a77 elementor-widget elementor-widget-text-editor\" data-id=\"a355a77\" data-element_type=\"widget\" data-e-type=\"widget\" data-widget_type=\"text-editor.default\">\n\t\t\t\t<div class=\"elementor-widget-container\">\n\t\t\t\t\t\t\t\t\t<h2>Fish Gold, an Alternative to Bacon Gold \u2013 A Healthy and Tasty Novelty<\/h2><p><strong>Fish Meal: A Healthier Alternative to Bacon Meal<\/strong><\/p><p>Maarud Bacongull has been a favorite since 1969, made from pork rind fried in sunflower oil, with a delicious taste of spices and salt without flavor enhancers. Bacongull is known for its high protein content, but do snacks need to be made from pork? How about trying something new and healthy, like Fiskegul?<\/p><p><strong>Introduction of Fish Gold<\/strong><\/p><p>Fish gold is made from crispy and tasty salmon skin, which provides a whole new snacking experience. By using fish skin, which is not new in cooking, you get a snack that combines great taste with health benefits. Fish gold tastes like the best fish chips you can imagine, and will surprise you with its delicate taste and texture.<\/p><p><strong>Health Benefits of Fish Gold<\/strong><\/p><p>Myndighetene anbefaler \u00e5 spise fisk to til tre ganger i uken, og halvparten av dette b\u00f8r v\u00e6re fet fisk som laks. Fet fisk er rik p\u00e5 langkjedede omega-3 fettsyrer (DHA og EPA), som er kjent for \u00e5 redusere risikoen for hjerte- og karsykdommer. Fisk inneholder ogs\u00e5 mye protein og lite karbohydrater, noe som bidrar til en sunn balanse av n\u00e6ringsstoffer i kostholdet.<\/p><p><strong>Fish Meal \u2013 A Tasty Source of Nutrition<\/strong><\/p><p>Fiskegull er ikke bare sunt, men ogs\u00e5 utrolig smakfullt. Denne snacksen er en utmerket kilde til de n\u00f8dvendige n\u00e6ringsstoffene fra fisk, og gj\u00f8r det enklere \u00e5 inkludere fisk i kostholdet ditt p\u00e5 en behagelig m\u00e5te. Ved \u00e5 velge Fiskegull som ditt favorittsnacks, kan du nyte en smakfull opplevelse samtidig som du tar vare p\u00e5 helsen din.<\/p><p><strong>Summary<\/strong><\/p><ul><li><strong>Healthy and nutritious:<\/strong> Fiskegull er en sunn snacks laget av lakseskinn, rik p\u00e5 protein og omega-3 fettsyrer.<\/li><li><strong>Easy to include fish in your diet:<\/strong> Ved \u00e5 erstatte tradisjonelle snacks med Fiskegull, f\u00e5r du i deg viktige n\u00e6ringsstoffer fra fisk p\u00e5 en enkel og smakfull m\u00e5te.<\/li><li><strong>Positive surprise:<\/strong> Fish gold tastes fantastic and provides a new, delicious snacking experience.<\/li><\/ul><p><strong>Try Fiskegull today and discover a new favorite snack that is both tasty and healthy!<\/strong><\/p>\t\t\t\t\t\t\t\t<\/div>\n\t\t\t\t<\/div>\n\t\t\t\t<div class=\"elementor-element elementor-element-2093c9d elementor-grid-4 elementor-grid-tablet-3 elementor-grid-mobile-2 elementor-products-grid elementor-wc-products elementor-widget elementor-widget-woocommerce-products\" data-id=\"2093c9d\" data-element_type=\"widget\" data-e-type=\"widget\" data-widget_type=\"woocommerce-products.default\">\n\t\t\t\t<div class=\"elementor-widget-container\">\n\t\t\t\t\t<div class=\"woocommerce columns-4\"><ul class=\"products elementor-grid columns-4\">\n<li class=\"product type-product post-2670 status-publish first instock product_cat-lettsaltet-fiskesnacks product_cat-tranebaer product_tag-sunn-snacks product_tag-tranebaer has-post-thumbnail sale taxable shipping-taxable purchasable product-type-variable has-default-attributes\">\n\t<a href=\"https:\/\/fiskegull.no\/en\/product\/fiskegull-med-paprika-108gr\/\" class=\"woocommerce-LoopProduct-link woocommerce-loop-product__link\">\n\t<span class=\"onsale\" data-no-translation=\"\" data-trp-gettext=\"\">Sale!<\/span>\n\t<img decoding=\"async\" width=\"300\" height=\"405\" src=\"https:\/\/eadn-wc02-16313031.nxedge.io\/wp-content\/uploads\/2025\/10\/Fiskesnacks-med-Paprika-3-300x405.png\" class=\"attachment-woocommerce_thumbnail size-woocommerce_thumbnail\" alt=\"Fish snacks with Paprika\" srcset=\"https:\/\/eadn-wc02-16313031.nxedge.io\/wp-content\/uploads\/2025\/10\/Fiskesnacks-med-Paprika-3-300x405.png 300w, https:\/\/eadn-wc02-16313031.nxedge.io\/wp-content\/uploads\/2025\/10\/Fiskesnacks-med-Paprika-3-222x300.png 222w, https:\/\/eadn-wc02-16313031.nxedge.io\/wp-content\/uploads\/2025\/10\/Fiskesnacks-med-Paprika-3-759x1024.png 759w, https:\/\/eadn-wc02-16313031.nxedge.io\/wp-content\/uploads\/2025\/10\/Fiskesnacks-med-Paprika-3-768x1037.png 768w, https:\/\/eadn-wc02-16313031.nxedge.io\/wp-content\/uploads\/2025\/10\/Fiskesnacks-med-Paprika-3-1138x1536.png 1138w, https:\/\/eadn-wc02-16313031.nxedge.io\/wp-content\/uploads\/2025\/10\/Fiskesnacks-med-Paprika-3-1320x1782.png 1320w, https:\/\/eadn-wc02-16313031.nxedge.io\/wp-content\/uploads\/2025\/10\/Fiskesnacks-med-Paprika-3-600x810.png 600w, https:\/\/eadn-wc02-16313031.nxedge.io\/wp-content\/uploads\/2025\/10\/Fiskesnacks-med-Paprika-3.png 1512w\" sizes=\"(max-width: 300px) 100vw, 300px\" \/><h2 class=\"woocommerce-loop-product__title\">Fish gold fish snacks with Red Paprika 108gr.<\/h2>\n\t<span class=\"price\"><span class=\"woocommerce-Price-amount amount\" aria-hidden=\"true\"><bdi><span class=\"woocommerce-Price-currencySymbol\">&#107;&#114;<\/span>&nbsp;51,30<\/bdi><\/span> <span aria-hidden=\"true\">&ndash;<\/span> <span class=\"woocommerce-Price-amount amount\" aria-hidden=\"true\"><bdi><span class=\"woocommerce-Price-currencySymbol\">&#107;&#114;<\/span>&nbsp;7180,00<\/bdi><\/span><span class=\"screen-reader-text\" data-no-translation=\"\" data-trp-gettext=\"\">Price range: &#107;&#114;&nbsp;51,30 through &#107;&#114;&nbsp;7180,00<\/span> <small class=\"woocommerce-price-suffix\">excl. VAT<\/small><\/span>\n<\/a><a href=\"https:\/\/fiskegull.no\/en\/product\/fiskegull-med-paprika-108gr\/\" aria-describedby=\"woocommerce_loop_add_to_cart_link_describedby_2670\" data-quantity=\"1\" class=\"button product_type_variable add_to_cart_button\" data-product_id=\"2670\" data-product_sku=\"\" aria-label=\"Select options for \u201cFiskegull fiskesnacks med R\u00f8d Paprika 108gr.\u201d\" rel=\"nofollow\" data-no-translation=\"\" data-trp-gettext=\"\" data-no-translation-aria-label=\"\">Select options<\/a>\t<span id=\"woocommerce_loop_add_to_cart_link_describedby_2670\" class=\"screen-reader-text\">\n\t\tThis product has multiple variants. The options may be chosen on the product page\t<\/span>\n<\/li>\n<li class=\"product type-product post-2142 status-publish instock product_cat-lettsaltet-fiskesnacks product_cat-tranebaer product_tag-sunn-snacks product_tag-tranebaer has-post-thumbnail sale taxable shipping-taxable purchasable product-type-variable has-default-attributes\">\n\t<a href=\"https:\/\/fiskegull.no\/en\/product\/fiskesnacks-med-tranebaer\/\" class=\"woocommerce-LoopProduct-link woocommerce-loop-product__link\">\n\t<span class=\"onsale\" data-no-translation=\"\" data-trp-gettext=\"\">Sale!<\/span>\n\t<img decoding=\"async\" width=\"300\" height=\"405\" src=\"https:\/\/eadn-wc02-16313031.nxedge.io\/wp-content\/uploads\/2024\/12\/Fiskesnacks-med-Tranebaer-108gr-300x405.png\" class=\"attachment-woocommerce_thumbnail size-woocommerce_thumbnail\" alt=\"Fish snacks with cranberries 108gr.\" srcset=\"https:\/\/eadn-wc02-16313031.nxedge.io\/wp-content\/uploads\/2024\/12\/Fiskesnacks-med-Tranebaer-108gr-300x405.png 300w, https:\/\/eadn-wc02-16313031.nxedge.io\/wp-content\/uploads\/2024\/12\/Fiskesnacks-med-Tranebaer-108gr-222x300.png 222w, https:\/\/eadn-wc02-16313031.nxedge.io\/wp-content\/uploads\/2024\/12\/Fiskesnacks-med-Tranebaer-108gr-759x1024.png 759w, https:\/\/eadn-wc02-16313031.nxedge.io\/wp-content\/uploads\/2024\/12\/Fiskesnacks-med-Tranebaer-108gr-768x1037.png 768w, https:\/\/eadn-wc02-16313031.nxedge.io\/wp-content\/uploads\/2024\/12\/Fiskesnacks-med-Tranebaer-108gr-1138x1536.png 1138w, https:\/\/eadn-wc02-16313031.nxedge.io\/wp-content\/uploads\/2024\/12\/Fiskesnacks-med-Tranebaer-108gr-1320x1782.png 1320w, https:\/\/eadn-wc02-16313031.nxedge.io\/wp-content\/uploads\/2024\/12\/Fiskesnacks-med-Tranebaer-108gr-600x810.png 600w, https:\/\/eadn-wc02-16313031.nxedge.io\/wp-content\/uploads\/2024\/12\/Fiskesnacks-med-Tranebaer-108gr.png 1512w\" sizes=\"(max-width: 300px) 100vw, 300px\" \/><h2 class=\"woocommerce-loop-product__title\">Fish gold fish snacks with cranberries 108gr.<\/h2>\n\t<span class=\"price\"><span class=\"woocommerce-Price-amount amount\" aria-hidden=\"true\"><bdi><span class=\"woocommerce-Price-currencySymbol\">&#107;&#114;<\/span>&nbsp;51,30<\/bdi><\/span> <span aria-hidden=\"true\">&ndash;<\/span> <span class=\"woocommerce-Price-amount amount\" aria-hidden=\"true\"><bdi><span class=\"woocommerce-Price-currencySymbol\">&#107;&#114;<\/span>&nbsp;7180,00<\/bdi><\/span><span class=\"screen-reader-text\" data-no-translation=\"\" data-trp-gettext=\"\">Price range: &#107;&#114;&nbsp;51,30 through &#107;&#114;&nbsp;7180,00<\/span> <small class=\"woocommerce-price-suffix\">excl. VAT<\/small><\/span>\n<\/a><a href=\"https:\/\/fiskegull.no\/en\/product\/fiskesnacks-med-tranebaer\/\" aria-describedby=\"woocommerce_loop_add_to_cart_link_describedby_2142\" data-quantity=\"1\" class=\"button product_type_variable add_to_cart_button\" data-product_id=\"2142\" data-product_sku=\"\" aria-label=\"Select options for \u201cFiskegull fiskesnacks med Traneb\u00e6r 108gr.\u201d\" rel=\"nofollow\" data-no-translation=\"\" data-trp-gettext=\"\" data-no-translation-aria-label=\"\">Select options<\/a>\t<span id=\"woocommerce_loop_add_to_cart_link_describedby_2142\" class=\"screen-reader-text\">\n\t\tThis product has multiple variants. The options may be chosen on the product page\t<\/span>\n<\/li>\n<li class=\"product type-product post-2130 status-publish instock product_cat-lett-saltet product_tag-chips-alternativ product_tag-ferdig-a-spise product_tag-fish-skin-chips product_tag-fiskechips product_tag-fiskeprodukter product_tag-fiskesnacks product_tag-glutenfri-snacks product_tag-havsalt product_tag-healthy-snack product_tag-hoyt-proteininnhold product_tag-keto-snacks product_tag-kollagen product_tag-laksechips product_tag-lakseskinn product_tag-lav-karbo product_tag-lavkarbo-snacks product_tag-lettsaltet product_tag-matpakke product_tag-msg product_tag-naturlig-kollagen product_tag-norsk-fisk product_tag-omega-3 product_tag-proteinrik-snacks product_tag-proteinsnacks product_tag-quick-snack product_tag-saltet-snacks product_tag-spro-snacks product_tag-sprostekt-lakseskinn product_tag-sunn-snacks product_tag-sunnere-alternativ product_tag-treningssnacks product_tag-turmat product_tag-umami has-post-thumbnail sale taxable shipping-taxable purchasable product-type-variable has-default-attributes\">\n\t<a href=\"https:\/\/fiskegull.no\/en\/product\/fiskegull-fiskesnacks-med-havsalt\/\" class=\"woocommerce-LoopProduct-link woocommerce-loop-product__link\">\n\t<span class=\"onsale\" data-no-translation=\"\" data-trp-gettext=\"\">Sale!<\/span>\n\t<img loading=\"lazy\" decoding=\"async\" width=\"300\" height=\"405\" src=\"https:\/\/eadn-wc02-16313031.nxedge.io\/wp-content\/uploads\/2024\/12\/Fiskesnacks-med-havsalt-108gr-300x405.png\" class=\"attachment-woocommerce_thumbnail size-woocommerce_thumbnail\" alt=\"Fish snacks with sea salt 108gr.\" srcset=\"https:\/\/eadn-wc02-16313031.nxedge.io\/wp-content\/uploads\/2024\/12\/Fiskesnacks-med-havsalt-108gr-300x405.png 300w, https:\/\/eadn-wc02-16313031.nxedge.io\/wp-content\/uploads\/2024\/12\/Fiskesnacks-med-havsalt-108gr-222x300.png 222w, https:\/\/eadn-wc02-16313031.nxedge.io\/wp-content\/uploads\/2024\/12\/Fiskesnacks-med-havsalt-108gr-759x1024.png 759w, https:\/\/eadn-wc02-16313031.nxedge.io\/wp-content\/uploads\/2024\/12\/Fiskesnacks-med-havsalt-108gr-768x1037.png 768w, https:\/\/eadn-wc02-16313031.nxedge.io\/wp-content\/uploads\/2024\/12\/Fiskesnacks-med-havsalt-108gr-1138x1536.png 1138w, https:\/\/eadn-wc02-16313031.nxedge.io\/wp-content\/uploads\/2024\/12\/Fiskesnacks-med-havsalt-108gr-1320x1782.png 1320w, https:\/\/eadn-wc02-16313031.nxedge.io\/wp-content\/uploads\/2024\/12\/Fiskesnacks-med-havsalt-108gr-600x810.png 600w, https:\/\/eadn-wc02-16313031.nxedge.io\/wp-content\/uploads\/2024\/12\/Fiskesnacks-med-havsalt-108gr.png 1512w\" sizes=\"(max-width: 300px) 100vw, 300px\" \/><h2 class=\"woocommerce-loop-product__title\">Fish gold fish snacks with sea salt 108gr.<\/h2>\n\t<span class=\"price\"><span class=\"woocommerce-Price-amount amount\" aria-hidden=\"true\"><bdi><span class=\"woocommerce-Price-currencySymbol\">&#107;&#114;<\/span>&nbsp;51,30<\/bdi><\/span> <span aria-hidden=\"true\">&ndash;<\/span> <span class=\"woocommerce-Price-amount amount\" aria-hidden=\"true\"><bdi><span class=\"woocommerce-Price-currencySymbol\">&#107;&#114;<\/span>&nbsp;7180,00<\/bdi><\/span><span class=\"screen-reader-text\" data-no-translation=\"\" data-trp-gettext=\"\">Price range: &#107;&#114;&nbsp;51,30 through &#107;&#114;&nbsp;7180,00<\/span> <small class=\"woocommerce-price-suffix\">excl. VAT<\/small><\/span>\n<\/a><a href=\"https:\/\/fiskegull.no\/en\/product\/fiskegull-fiskesnacks-med-havsalt\/\" aria-describedby=\"woocommerce_loop_add_to_cart_link_describedby_2130\" data-quantity=\"1\" class=\"button product_type_variable add_to_cart_button\" data-product_id=\"2130\" data-product_sku=\"\" aria-label=\"Select options for \u201cFiskegull fiskesnacks med havsalt 108gr.\u201d\" rel=\"nofollow\" data-no-translation=\"\" data-trp-gettext=\"\" data-no-translation-aria-label=\"\">Select options<\/a>\t<span id=\"woocommerce_loop_add_to_cart_link_describedby_2130\" class=\"screen-reader-text\">\n\t\tThis product has multiple variants. The options may be chosen on the product page\t<\/span>\n<\/li>\n<li class=\"product type-product post-2120 status-publish last instock product_cat-lettsaltet-fiskesnacks product_cat-wasabi product_tag-sunn-snacks product_tag-wasabi has-post-thumbnail sale taxable shipping-taxable purchasable product-type-variable has-default-attributes\">\n\t<a href=\"https:\/\/fiskegull.no\/en\/product\/lett-saltet-fiskegull-med-wasabi-108gr\/\" class=\"woocommerce-LoopProduct-link woocommerce-loop-product__link\">\n\t<span class=\"onsale\" data-no-translation=\"\" data-trp-gettext=\"\">Sale!<\/span>\n\t<img loading=\"lazy\" decoding=\"async\" width=\"300\" height=\"405\" src=\"https:\/\/eadn-wc02-16313031.nxedge.io\/wp-content\/uploads\/2024\/12\/Fiskesnacks-med-Wasabi-108gr-300x405.png\" class=\"attachment-woocommerce_thumbnail size-woocommerce_thumbnail\" alt=\"Fish snacks with Wasabi 108gr.\" srcset=\"https:\/\/eadn-wc02-16313031.nxedge.io\/wp-content\/uploads\/2024\/12\/Fiskesnacks-med-Wasabi-108gr-300x405.png 300w, https:\/\/eadn-wc02-16313031.nxedge.io\/wp-content\/uploads\/2024\/12\/Fiskesnacks-med-Wasabi-108gr-222x300.png 222w, https:\/\/eadn-wc02-16313031.nxedge.io\/wp-content\/uploads\/2024\/12\/Fiskesnacks-med-Wasabi-108gr-759x1024.png 759w, https:\/\/eadn-wc02-16313031.nxedge.io\/wp-content\/uploads\/2024\/12\/Fiskesnacks-med-Wasabi-108gr-768x1037.png 768w, https:\/\/eadn-wc02-16313031.nxedge.io\/wp-content\/uploads\/2024\/12\/Fiskesnacks-med-Wasabi-108gr-1138x1536.png 1138w, https:\/\/eadn-wc02-16313031.nxedge.io\/wp-content\/uploads\/2024\/12\/Fiskesnacks-med-Wasabi-108gr-1320x1782.png 1320w, https:\/\/eadn-wc02-16313031.nxedge.io\/wp-content\/uploads\/2024\/12\/Fiskesnacks-med-Wasabi-108gr-600x810.png 600w, https:\/\/eadn-wc02-16313031.nxedge.io\/wp-content\/uploads\/2024\/12\/Fiskesnacks-med-Wasabi-108gr.png 1512w\" sizes=\"(max-width: 300px) 100vw, 300px\" \/><h2 class=\"woocommerce-loop-product__title\">Fish gold fish snacks with Wasabi 108gr.<\/h2>\n\t<span class=\"price\"><span class=\"woocommerce-Price-amount amount\" aria-hidden=\"true\"><bdi><span class=\"woocommerce-Price-currencySymbol\">&#107;&#114;<\/span>&nbsp;51,30<\/bdi><\/span> <span aria-hidden=\"true\">&ndash;<\/span> <span class=\"woocommerce-Price-amount amount\" aria-hidden=\"true\"><bdi><span class=\"woocommerce-Price-currencySymbol\">&#107;&#114;<\/span>&nbsp;7180,00<\/bdi><\/span><span class=\"screen-reader-text\" data-no-translation=\"\" data-trp-gettext=\"\">Price range: &#107;&#114;&nbsp;51,30 through &#107;&#114;&nbsp;7180,00<\/span> <small class=\"woocommerce-price-suffix\">excl. VAT<\/small><\/span>\n<\/a><a href=\"https:\/\/fiskegull.no\/en\/product\/lett-saltet-fiskegull-med-wasabi-108gr\/\" aria-describedby=\"woocommerce_loop_add_to_cart_link_describedby_2120\" data-quantity=\"1\" class=\"button product_type_variable add_to_cart_button\" data-product_id=\"2120\" data-product_sku=\"\" aria-label=\"Select options for \u201cFiskegull fiskesnacks med Wasabi 108gr.\u201d\" rel=\"nofollow\" data-no-translation=\"\" data-trp-gettext=\"\" data-no-translation-aria-label=\"\">Select options<\/a>\t<span id=\"woocommerce_loop_add_to_cart_link_describedby_2120\" class=\"screen-reader-text\">\n\t\tThis product has multiple variants. The options may be chosen on the product page\t<\/span>\n<\/li>\n<\/ul>\n<\/div>\t\t\t\t<\/div>\n\t\t\t\t<\/div>\n\t\t\t\t\t<\/div>\n\t\t\t\t<\/div>\n\t\t\t\t<\/div>","protected":false},"excerpt":{"rendered":"<p>Bacongull Fiskegull, alternativ til\u00a0Bacongull \u2013 En Sunn og Smakfull Nyhet Fiskegull: Et Sunnere Alternativ til Bacongull Maarud Bacongull har v\u00e6rt en favoritt siden 1969, laget av svinesvor fritert i solsikkeolje, med en deilig smak av krydder og salt uten smaksforsterker. Bacongull er kjent for sitt h\u00f8ye proteininnhold, men trenger snacks \u00e5 v\u00e6re laget av gris? [&hellip;]<\/p>\n","protected":false},"author":1,"featured_media":1878,"parent":0,"menu_order":0,"comment_status":"closed","ping_status":"closed","template":"","meta":{"footnotes":""},"class_list":["post-1877","page","type-page","status-publish","has-post-thumbnail","hentry"],"jetpack-related-posts":[],"jetpack_sharing_enabled":true,"_links":{"self":[{"href":"https:\/\/fiskegull.no\/en\/wp-json\/wp\/v2\/pages\/1877","targetHints":{"allow":["GET"]}}],"collection":[{"href":"https:\/\/fiskegull.no\/en\/wp-json\/wp\/v2\/pages"}],"about":[{"href":"https:\/\/fiskegull.no\/en\/wp-json\/wp\/v2\/types\/page"}],"author":[{"embeddable":true,"href":"https:\/\/fiskegull.no\/en\/wp-json\/wp\/v2\/users\/1"}],"replies":[{"embeddable":true,"href":"https:\/\/fiskegull.no\/en\/wp-json\/wp\/v2\/comments?post=1877"}],"version-history":[{"count":12,"href":"https:\/\/fiskegull.no\/en\/wp-json\/wp\/v2\/pages\/1877\/revisions"}],"predecessor-version":[{"id":2225,"href":"https:\/\/fiskegull.no\/en\/wp-json\/wp\/v2\/pages\/1877\/revisions\/2225"}],"wp:featuredmedia":[{"embeddable":true,"href":"https:\/\/fiskegull.no\/en\/wp-json\/wp\/v2\/media\/1878"}],"wp:attachment":[{"href":"https:\/\/fiskegull.no\/en\/wp-json\/wp\/v2\/media?parent=1877"}],"curies":[{"name":"wp","href":"https:\/\/api.w.org\/{rel}","templated":true}]}}