{"id":1600,"date":"2024-05-31T23:34:17","date_gmt":"2024-05-31T21:34:17","guid":{"rendered":"https:\/\/fb8feff000.nxcli.io\/?page_id=1600"},"modified":"2026-02-17T01:02:54","modified_gmt":"2026-02-17T00:02:54","slug":"sjochips","status":"publish","type":"page","link":"https:\/\/fiskegull.no\/en\/sjochips\/","title":{"rendered":"Sea Chips, Healthy and Environmentally Friendly Fish Snacks from the Fjord"},"content":{"rendered":"<div data-elementor-type=\"wp-page\" data-elementor-id=\"1600\" class=\"elementor elementor-1600\" data-elementor-post-type=\"page\">\n\t\t\t\t<div class=\"elementor-element elementor-element-56d9020 e-flex e-con-boxed e-con e-parent\" data-id=\"56d9020\" data-element_type=\"container\" data-e-type=\"container\">\n\t\t\t\t\t<div class=\"e-con-inner\">\n\t\t\t\t<div class=\"elementor-element elementor-element-15c3dfd elementor-widget elementor-widget-heading\" data-id=\"15c3dfd\" data-element_type=\"widget\" data-e-type=\"widget\" data-widget_type=\"heading.default\">\n\t\t\t\t<div class=\"elementor-widget-container\">\n\t\t\t\t\t<h2 class=\"elementor-heading-title elementor-size-default\">Sea Chips - Healthy and Eco-Friendly Fish Snacks from the Fjord<\/h2>\t\t\t\t<\/div>\n\t\t\t\t<\/div>\n\t\t\t\t\t<\/div>\n\t\t\t\t<\/div>\n\t\t<div class=\"elementor-element elementor-element-c833cb0 e-flex e-con-boxed e-con e-parent\" data-id=\"c833cb0\" data-element_type=\"container\" data-e-type=\"container\" data-settings=\"{&quot;background_background&quot;:&quot;classic&quot;}\">\n\t\t\t\t\t<div class=\"e-con-inner\">\n\t\t\t\t<div class=\"elementor-element elementor-element-d71cdda elementor-widget elementor-widget-text-editor\" data-id=\"d71cdda\" data-element_type=\"widget\" data-e-type=\"widget\" data-widget_type=\"text-editor.default\">\n\t\t\t\t<div class=\"elementor-widget-container\">\n\t\t\t\t\t\t\t\t\t<p>Sea Chips - Healthy and Environmentally Friendly Fish Snacks From the Fjord - Just as good, much healthier<\/p><p>Sj\u00f8chips is a unique product made from 100% Norwegian salmon. This snack combines important sources of protein and omega-3 fatty acids, completely without additives. Sj\u00f8chips are a healthy alternative to traditional snacks such as potato chips and bacon crisps.<\/p>\t\t\t\t\t\t\t\t<\/div>\n\t\t\t\t<\/div>\n\t\t\t\t<div class=\"elementor-element elementor-element-43e4c1a elementor-widget elementor-widget-image\" data-id=\"43e4c1a\" data-element_type=\"widget\" data-e-type=\"widget\" data-widget_type=\"image.default\">\n\t\t\t\t<div class=\"elementor-widget-container\">\n\t\t\t\t\t\t\t\t\t\t\t\t\t\t\t<img fetchpriority=\"high\" decoding=\"async\" width=\"768\" height=\"1097\" src=\"https:\/\/eadn-wc02-16313031.nxedge.io\/wp-content\/uploads\/2024\/05\/Sjochips-768x1097.png\" class=\"attachment-medium_large size-medium_large wp-image-1603\" alt=\"Sea chips\" srcset=\"https:\/\/eadn-wc02-16313031.nxedge.io\/wp-content\/uploads\/2024\/05\/Sjochips-768x1097.png 768w, https:\/\/eadn-wc02-16313031.nxedge.io\/wp-content\/uploads\/2024\/05\/Sjochips-600x857.png 600w, https:\/\/eadn-wc02-16313031.nxedge.io\/wp-content\/uploads\/2024\/05\/Sjochips-210x300.png 210w, https:\/\/eadn-wc02-16313031.nxedge.io\/wp-content\/uploads\/2024\/05\/Sjochips-717x1024.png 717w, https:\/\/eadn-wc02-16313031.nxedge.io\/wp-content\/uploads\/2024\/05\/Sjochips-1075x1536.png 1075w, https:\/\/eadn-wc02-16313031.nxedge.io\/wp-content\/uploads\/2024\/05\/Sjochips-1434x2048.png 1434w, https:\/\/eadn-wc02-16313031.nxedge.io\/wp-content\/uploads\/2024\/05\/Sjochips-1320x1886.png 1320w\" sizes=\"(max-width: 768px) 100vw, 768px\" \/>\t\t\t\t\t\t\t\t\t\t\t\t\t\t\t<\/div>\n\t\t\t\t<\/div>\n\t\t\t\t\t<\/div>\n\t\t\t\t<\/div>\n\t\t<div class=\"elementor-element elementor-element-aecbddd e-flex e-con-boxed e-con e-parent\" data-id=\"aecbddd\" data-element_type=\"container\" data-e-type=\"container\">\n\t\t\t\t\t<div class=\"e-con-inner\">\n\t\t\t\t<div class=\"elementor-element elementor-element-2845dbd elementor-widget elementor-widget-text-editor\" data-id=\"2845dbd\" data-element_type=\"widget\" data-e-type=\"widget\" data-widget_type=\"text-editor.default\">\n\t\t\t\t<div class=\"elementor-widget-container\">\n\t\t\t\t\t\t\t\t\t<h3>Why Choose Sea Chips as Fish Food?<\/h3><p><strong>Nutritious and Healthy:<\/strong><\/p><ul><li><strong>Protein:<\/strong> Sea chips are an excellent source of protein, which is important for muscle growth and overall health.<\/li><li><strong>Omega-3 Fatty Acids:<\/strong> These essential fatty acids are known to promote heart health, brain function, and reduce inflammation.<\/li><li><strong>Vitamin E:<\/strong> Contributes to healthy skin and protects cells from oxidative stress.<\/li><li><strong>Collagen:<\/strong> Supports skin elasticity and joint health.<\/li><\/ul><p><strong>Environmentally Friendly and Sustainable:<\/strong><\/p><ul><li>By using fish skin, a by-product of the fishing industry, we reduce food waste and contribute to more sustainable food production. Sj\u00f8chips utilizes fish skin from sustainable fish farms, which are traceable and ethically harvested.<\/li><\/ul><p><strong>Versatile:<\/strong><\/p><ul><li>Sea chips can be enjoyed on their own as a healthy snack, used as a topping on salads or sandwiches, or as a tasty ingredient in various dishes. The product is naturally gluten-free, making it a safe option for those with gluten intolerance.<\/li><\/ul><h3>Safety and Quality<\/h3><p><strong>Mercury and Contaminants:<\/strong><\/p><ul><li>Although fish can contain mercury and other toxins, we have selected fish from sources with low levels of these substances. It is important to choose fish that are known to have low levels of mercury to ensure health benefits without the risk of contamination.<\/li><\/ul><h3>The production process<\/h3><p><strong>Cleaning and Preparation:<\/strong><\/p><ul><li>We start with fresh fish skin and ensure thorough cleaning, both on the inside and by removing the scales on the outside.<\/li><\/ul><p><strong>Spices and Flavor:<\/strong><\/p><ul><li>The fish skin is then seasoned with a carefully selected blend of salt and other spices to give it the perfect taste. Sea chips come in several flavors, including lightly salted, egg yolk, wasabi and cranberry.<\/li><\/ul><p><strong>Drying and Deep Frying:<\/strong><\/p><ul><li>To achieve the ideal texture, the fish skin is dried or deep-fried. Drying produces a crispy and healthy snack, while deep-frying produces an extra crispy texture.<\/li><\/ul><h3>Benefits of Fish Skin<\/h3><p><strong>Muscle Growth and Immunity:<\/strong><\/p><ul><li>Fish skin contains protein that is essential for muscle building and immune defense. Proteins such as histones and transferrin in fish skin help strengthen immunity.<\/li><\/ul><p><strong>Heart health:<\/strong><\/p><ul><li>Omega-3 fatty acids in fish skin protect the heart, support healthy pregnancy and reduce the risk of brain diseases.<\/li><\/ul><p><strong>Disgusting:<\/strong><\/p><ul><li>Collagen and vitamin E in fish skin contribute to healthy skin and can improve skin elasticity and appearance.<\/li><\/ul><p><strong>Low Carbohydrate Content:<\/strong><\/p><ul><li>Fish skin contains few carbohydrates, which is beneficial for energy balance and for avoiding excess fat storage in the body.<\/li><\/ul><h3>Summary<\/h3><p><strong>Sea chips<\/strong> is a healthy, sustainable and incredibly tasty snack that offers a range of health benefits. It is made from 100% Norwegian salmon and contains no additives, making it an excellent alternative to traditional snacks such as potato chips and bacon crisps. Try Sj\u00f8chips today and discover a new favorite snack from the sea!<\/p>\t\t\t\t\t\t\t\t<\/div>\n\t\t\t\t<\/div>\n\t\t\t\t<div class=\"elementor-element elementor-element-814f247 elementor-grid-4 elementor-grid-tablet-3 elementor-grid-mobile-2 elementor-products-grid elementor-wc-products elementor-widget elementor-widget-woocommerce-products\" data-id=\"814f247\" data-element_type=\"widget\" data-e-type=\"widget\" data-widget_type=\"woocommerce-products.default\">\n\t\t\t\t<div class=\"elementor-widget-container\">\n\t\t\t\t\t<div class=\"woocommerce columns-4\"><ul class=\"products elementor-grid columns-4\">\n<li class=\"product type-product post-2670 status-publish first instock product_cat-lettsaltet-fiskesnacks product_cat-tranebaer product_tag-sunn-snacks product_tag-tranebaer has-post-thumbnail sale taxable shipping-taxable purchasable product-type-variable has-default-attributes\">\n\t<a href=\"https:\/\/fiskegull.no\/en\/product\/fiskegull-med-paprika-108gr\/\" class=\"woocommerce-LoopProduct-link woocommerce-loop-product__link\">\n\t<span class=\"onsale\" data-no-translation=\"\" data-trp-gettext=\"\">Sale!<\/span>\n\t<img decoding=\"async\" width=\"300\" height=\"405\" src=\"https:\/\/eadn-wc02-16313031.nxedge.io\/wp-content\/uploads\/2025\/10\/Fiskesnacks-med-Paprika-3-300x405.png\" class=\"attachment-woocommerce_thumbnail size-woocommerce_thumbnail\" alt=\"Fish snacks with Paprika\" srcset=\"https:\/\/eadn-wc02-16313031.nxedge.io\/wp-content\/uploads\/2025\/10\/Fiskesnacks-med-Paprika-3-300x405.png 300w, https:\/\/eadn-wc02-16313031.nxedge.io\/wp-content\/uploads\/2025\/10\/Fiskesnacks-med-Paprika-3-222x300.png 222w, https:\/\/eadn-wc02-16313031.nxedge.io\/wp-content\/uploads\/2025\/10\/Fiskesnacks-med-Paprika-3-759x1024.png 759w, https:\/\/eadn-wc02-16313031.nxedge.io\/wp-content\/uploads\/2025\/10\/Fiskesnacks-med-Paprika-3-768x1037.png 768w, https:\/\/eadn-wc02-16313031.nxedge.io\/wp-content\/uploads\/2025\/10\/Fiskesnacks-med-Paprika-3-1138x1536.png 1138w, https:\/\/eadn-wc02-16313031.nxedge.io\/wp-content\/uploads\/2025\/10\/Fiskesnacks-med-Paprika-3-1320x1782.png 1320w, https:\/\/eadn-wc02-16313031.nxedge.io\/wp-content\/uploads\/2025\/10\/Fiskesnacks-med-Paprika-3-600x810.png 600w, https:\/\/eadn-wc02-16313031.nxedge.io\/wp-content\/uploads\/2025\/10\/Fiskesnacks-med-Paprika-3.png 1512w\" sizes=\"(max-width: 300px) 100vw, 300px\" \/><h2 class=\"woocommerce-loop-product__title\">Fish gold fish snacks with Red Paprika 108gr.<\/h2>\n\t<span class=\"price\"><span class=\"woocommerce-Price-amount amount\" aria-hidden=\"true\"><bdi><span class=\"woocommerce-Price-currencySymbol\">&#107;&#114;<\/span>&nbsp;51,30<\/bdi><\/span> <span aria-hidden=\"true\">&ndash;<\/span> <span class=\"woocommerce-Price-amount amount\" aria-hidden=\"true\"><bdi><span class=\"woocommerce-Price-currencySymbol\">&#107;&#114;<\/span>&nbsp;7180,00<\/bdi><\/span><span class=\"screen-reader-text\" data-no-translation=\"\" data-trp-gettext=\"\">Price range: &#107;&#114;&nbsp;51,30 through &#107;&#114;&nbsp;7180,00<\/span> <small class=\"woocommerce-price-suffix\">excl. VAT<\/small><\/span>\n<\/a><a href=\"https:\/\/fiskegull.no\/en\/product\/fiskegull-med-paprika-108gr\/\" aria-describedby=\"woocommerce_loop_add_to_cart_link_describedby_2670\" data-quantity=\"1\" class=\"button product_type_variable add_to_cart_button\" data-product_id=\"2670\" data-product_sku=\"\" aria-label=\"Select options for \u201cFiskegull fiskesnacks med R\u00f8d Paprika 108gr.\u201d\" rel=\"nofollow\" data-no-translation=\"\" data-trp-gettext=\"\" data-no-translation-aria-label=\"\">Select options<\/a>\t<span id=\"woocommerce_loop_add_to_cart_link_describedby_2670\" class=\"screen-reader-text\">\n\t\tThis product has multiple variants. The options may be chosen on the product page\t<\/span>\n<\/li>\n<li class=\"product type-product post-2142 status-publish instock product_cat-lettsaltet-fiskesnacks product_cat-tranebaer product_tag-sunn-snacks product_tag-tranebaer has-post-thumbnail sale taxable shipping-taxable purchasable product-type-variable has-default-attributes\">\n\t<a href=\"https:\/\/fiskegull.no\/en\/product\/fiskesnacks-med-tranebaer\/\" class=\"woocommerce-LoopProduct-link woocommerce-loop-product__link\">\n\t<span class=\"onsale\" data-no-translation=\"\" data-trp-gettext=\"\">Sale!<\/span>\n\t<img decoding=\"async\" width=\"300\" height=\"405\" src=\"https:\/\/eadn-wc02-16313031.nxedge.io\/wp-content\/uploads\/2024\/12\/Fiskesnacks-med-Tranebaer-108gr-300x405.png\" class=\"attachment-woocommerce_thumbnail size-woocommerce_thumbnail\" alt=\"Fish snacks with cranberries 108gr.\" srcset=\"https:\/\/eadn-wc02-16313031.nxedge.io\/wp-content\/uploads\/2024\/12\/Fiskesnacks-med-Tranebaer-108gr-300x405.png 300w, https:\/\/eadn-wc02-16313031.nxedge.io\/wp-content\/uploads\/2024\/12\/Fiskesnacks-med-Tranebaer-108gr-222x300.png 222w, https:\/\/eadn-wc02-16313031.nxedge.io\/wp-content\/uploads\/2024\/12\/Fiskesnacks-med-Tranebaer-108gr-759x1024.png 759w, https:\/\/eadn-wc02-16313031.nxedge.io\/wp-content\/uploads\/2024\/12\/Fiskesnacks-med-Tranebaer-108gr-768x1037.png 768w, https:\/\/eadn-wc02-16313031.nxedge.io\/wp-content\/uploads\/2024\/12\/Fiskesnacks-med-Tranebaer-108gr-1138x1536.png 1138w, https:\/\/eadn-wc02-16313031.nxedge.io\/wp-content\/uploads\/2024\/12\/Fiskesnacks-med-Tranebaer-108gr-1320x1782.png 1320w, https:\/\/eadn-wc02-16313031.nxedge.io\/wp-content\/uploads\/2024\/12\/Fiskesnacks-med-Tranebaer-108gr-600x810.png 600w, https:\/\/eadn-wc02-16313031.nxedge.io\/wp-content\/uploads\/2024\/12\/Fiskesnacks-med-Tranebaer-108gr.png 1512w\" sizes=\"(max-width: 300px) 100vw, 300px\" \/><h2 class=\"woocommerce-loop-product__title\">Fish gold fish snacks with cranberries 108gr.<\/h2>\n\t<span class=\"price\"><span class=\"woocommerce-Price-amount amount\" aria-hidden=\"true\"><bdi><span class=\"woocommerce-Price-currencySymbol\">&#107;&#114;<\/span>&nbsp;51,30<\/bdi><\/span> <span aria-hidden=\"true\">&ndash;<\/span> <span class=\"woocommerce-Price-amount amount\" aria-hidden=\"true\"><bdi><span class=\"woocommerce-Price-currencySymbol\">&#107;&#114;<\/span>&nbsp;7180,00<\/bdi><\/span><span class=\"screen-reader-text\" data-no-translation=\"\" data-trp-gettext=\"\">Price range: &#107;&#114;&nbsp;51,30 through &#107;&#114;&nbsp;7180,00<\/span> <small class=\"woocommerce-price-suffix\">excl. VAT<\/small><\/span>\n<\/a><a href=\"https:\/\/fiskegull.no\/en\/product\/fiskesnacks-med-tranebaer\/\" aria-describedby=\"woocommerce_loop_add_to_cart_link_describedby_2142\" data-quantity=\"1\" class=\"button product_type_variable add_to_cart_button\" data-product_id=\"2142\" data-product_sku=\"\" aria-label=\"Select options for \u201cFiskegull fiskesnacks med Traneb\u00e6r 108gr.\u201d\" rel=\"nofollow\" data-no-translation=\"\" data-trp-gettext=\"\" data-no-translation-aria-label=\"\">Select options<\/a>\t<span id=\"woocommerce_loop_add_to_cart_link_describedby_2142\" class=\"screen-reader-text\">\n\t\tThis product has multiple variants. The options may be chosen on the product page\t<\/span>\n<\/li>\n<li class=\"product type-product post-2130 status-publish instock product_cat-lett-saltet product_tag-chips-alternativ product_tag-ferdig-a-spise product_tag-fish-skin-chips product_tag-fiskechips product_tag-fiskeprodukter product_tag-fiskesnacks product_tag-glutenfri-snacks product_tag-havsalt product_tag-healthy-snack product_tag-hoyt-proteininnhold product_tag-keto-snacks product_tag-kollagen product_tag-laksechips product_tag-lakseskinn product_tag-lav-karbo product_tag-lavkarbo-snacks product_tag-lettsaltet product_tag-matpakke product_tag-msg product_tag-naturlig-kollagen product_tag-norsk-fisk product_tag-omega-3 product_tag-proteinrik-snacks product_tag-proteinsnacks product_tag-quick-snack product_tag-saltet-snacks product_tag-spro-snacks product_tag-sprostekt-lakseskinn product_tag-sunn-snacks product_tag-sunnere-alternativ product_tag-treningssnacks product_tag-turmat product_tag-umami has-post-thumbnail sale taxable shipping-taxable purchasable product-type-variable has-default-attributes\">\n\t<a href=\"https:\/\/fiskegull.no\/en\/product\/fiskegull-fiskesnacks-med-havsalt\/\" class=\"woocommerce-LoopProduct-link woocommerce-loop-product__link\">\n\t<span class=\"onsale\" data-no-translation=\"\" data-trp-gettext=\"\">Sale!<\/span>\n\t<img loading=\"lazy\" decoding=\"async\" width=\"300\" height=\"405\" src=\"https:\/\/eadn-wc02-16313031.nxedge.io\/wp-content\/uploads\/2024\/12\/Fiskesnacks-med-havsalt-108gr-300x405.png\" class=\"attachment-woocommerce_thumbnail size-woocommerce_thumbnail\" alt=\"Fish snacks with sea salt 108gr.\" srcset=\"https:\/\/eadn-wc02-16313031.nxedge.io\/wp-content\/uploads\/2024\/12\/Fiskesnacks-med-havsalt-108gr-300x405.png 300w, https:\/\/eadn-wc02-16313031.nxedge.io\/wp-content\/uploads\/2024\/12\/Fiskesnacks-med-havsalt-108gr-222x300.png 222w, https:\/\/eadn-wc02-16313031.nxedge.io\/wp-content\/uploads\/2024\/12\/Fiskesnacks-med-havsalt-108gr-759x1024.png 759w, https:\/\/eadn-wc02-16313031.nxedge.io\/wp-content\/uploads\/2024\/12\/Fiskesnacks-med-havsalt-108gr-768x1037.png 768w, https:\/\/eadn-wc02-16313031.nxedge.io\/wp-content\/uploads\/2024\/12\/Fiskesnacks-med-havsalt-108gr-1138x1536.png 1138w, https:\/\/eadn-wc02-16313031.nxedge.io\/wp-content\/uploads\/2024\/12\/Fiskesnacks-med-havsalt-108gr-1320x1782.png 1320w, https:\/\/eadn-wc02-16313031.nxedge.io\/wp-content\/uploads\/2024\/12\/Fiskesnacks-med-havsalt-108gr-600x810.png 600w, https:\/\/eadn-wc02-16313031.nxedge.io\/wp-content\/uploads\/2024\/12\/Fiskesnacks-med-havsalt-108gr.png 1512w\" sizes=\"(max-width: 300px) 100vw, 300px\" \/><h2 class=\"woocommerce-loop-product__title\">Fish gold fish snacks with sea salt 108gr.<\/h2>\n\t<span class=\"price\"><span class=\"woocommerce-Price-amount amount\" aria-hidden=\"true\"><bdi><span class=\"woocommerce-Price-currencySymbol\">&#107;&#114;<\/span>&nbsp;51,30<\/bdi><\/span> <span aria-hidden=\"true\">&ndash;<\/span> <span class=\"woocommerce-Price-amount amount\" aria-hidden=\"true\"><bdi><span class=\"woocommerce-Price-currencySymbol\">&#107;&#114;<\/span>&nbsp;7180,00<\/bdi><\/span><span class=\"screen-reader-text\" data-no-translation=\"\" data-trp-gettext=\"\">Price range: &#107;&#114;&nbsp;51,30 through &#107;&#114;&nbsp;7180,00<\/span> <small class=\"woocommerce-price-suffix\">excl. VAT<\/small><\/span>\n<\/a><a href=\"https:\/\/fiskegull.no\/en\/product\/fiskegull-fiskesnacks-med-havsalt\/\" aria-describedby=\"woocommerce_loop_add_to_cart_link_describedby_2130\" data-quantity=\"1\" class=\"button product_type_variable add_to_cart_button\" data-product_id=\"2130\" data-product_sku=\"\" aria-label=\"Select options for \u201cFiskegull fiskesnacks med havsalt 108gr.\u201d\" rel=\"nofollow\" data-no-translation=\"\" data-trp-gettext=\"\" data-no-translation-aria-label=\"\">Select options<\/a>\t<span id=\"woocommerce_loop_add_to_cart_link_describedby_2130\" class=\"screen-reader-text\">\n\t\tThis product has multiple variants. The options may be chosen on the product page\t<\/span>\n<\/li>\n<li class=\"product type-product post-2120 status-publish last instock product_cat-lettsaltet-fiskesnacks product_cat-wasabi product_tag-sunn-snacks product_tag-wasabi has-post-thumbnail sale taxable shipping-taxable purchasable product-type-variable has-default-attributes\">\n\t<a href=\"https:\/\/fiskegull.no\/en\/product\/lett-saltet-fiskegull-med-wasabi-108gr\/\" class=\"woocommerce-LoopProduct-link woocommerce-loop-product__link\">\n\t<span class=\"onsale\" data-no-translation=\"\" data-trp-gettext=\"\">Sale!<\/span>\n\t<img loading=\"lazy\" decoding=\"async\" width=\"300\" height=\"405\" src=\"https:\/\/eadn-wc02-16313031.nxedge.io\/wp-content\/uploads\/2024\/12\/Fiskesnacks-med-Wasabi-108gr-300x405.png\" class=\"attachment-woocommerce_thumbnail size-woocommerce_thumbnail\" alt=\"Fish snacks with Wasabi 108gr.\" srcset=\"https:\/\/eadn-wc02-16313031.nxedge.io\/wp-content\/uploads\/2024\/12\/Fiskesnacks-med-Wasabi-108gr-300x405.png 300w, https:\/\/eadn-wc02-16313031.nxedge.io\/wp-content\/uploads\/2024\/12\/Fiskesnacks-med-Wasabi-108gr-222x300.png 222w, https:\/\/eadn-wc02-16313031.nxedge.io\/wp-content\/uploads\/2024\/12\/Fiskesnacks-med-Wasabi-108gr-759x1024.png 759w, https:\/\/eadn-wc02-16313031.nxedge.io\/wp-content\/uploads\/2024\/12\/Fiskesnacks-med-Wasabi-108gr-768x1037.png 768w, https:\/\/eadn-wc02-16313031.nxedge.io\/wp-content\/uploads\/2024\/12\/Fiskesnacks-med-Wasabi-108gr-1138x1536.png 1138w, https:\/\/eadn-wc02-16313031.nxedge.io\/wp-content\/uploads\/2024\/12\/Fiskesnacks-med-Wasabi-108gr-1320x1782.png 1320w, https:\/\/eadn-wc02-16313031.nxedge.io\/wp-content\/uploads\/2024\/12\/Fiskesnacks-med-Wasabi-108gr-600x810.png 600w, https:\/\/eadn-wc02-16313031.nxedge.io\/wp-content\/uploads\/2024\/12\/Fiskesnacks-med-Wasabi-108gr.png 1512w\" sizes=\"(max-width: 300px) 100vw, 300px\" \/><h2 class=\"woocommerce-loop-product__title\">Fish gold fish snacks with Wasabi 108gr.<\/h2>\n\t<span class=\"price\"><span class=\"woocommerce-Price-amount amount\" aria-hidden=\"true\"><bdi><span class=\"woocommerce-Price-currencySymbol\">&#107;&#114;<\/span>&nbsp;51,30<\/bdi><\/span> <span aria-hidden=\"true\">&ndash;<\/span> <span class=\"woocommerce-Price-amount amount\" aria-hidden=\"true\"><bdi><span class=\"woocommerce-Price-currencySymbol\">&#107;&#114;<\/span>&nbsp;7180,00<\/bdi><\/span><span class=\"screen-reader-text\" data-no-translation=\"\" data-trp-gettext=\"\">Price range: &#107;&#114;&nbsp;51,30 through &#107;&#114;&nbsp;7180,00<\/span> <small class=\"woocommerce-price-suffix\">excl. VAT<\/small><\/span>\n<\/a><a href=\"https:\/\/fiskegull.no\/en\/product\/lett-saltet-fiskegull-med-wasabi-108gr\/\" aria-describedby=\"woocommerce_loop_add_to_cart_link_describedby_2120\" data-quantity=\"1\" class=\"button product_type_variable add_to_cart_button\" data-product_id=\"2120\" data-product_sku=\"\" aria-label=\"Select options for \u201cFiskegull fiskesnacks med Wasabi 108gr.\u201d\" rel=\"nofollow\" data-no-translation=\"\" data-trp-gettext=\"\" data-no-translation-aria-label=\"\">Select options<\/a>\t<span id=\"woocommerce_loop_add_to_cart_link_describedby_2120\" class=\"screen-reader-text\">\n\t\tThis product has multiple variants. The options may be chosen on the product page\t<\/span>\n<\/li>\n<\/ul>\n<\/div>\t\t\t\t<\/div>\n\t\t\t\t<\/div>\n\t\t\t\t\t<\/div>\n\t\t\t\t<\/div>\n\t\t\t\t<\/div>","protected":false},"excerpt":{"rendered":"<p>Sj\u00f8chips-Sunn og Milj\u00f8vennlig Fiskesnacks fra Fjorden Sj\u00f8chips-Sunn Og Milj\u00f8vennlig Fiskesnacks Fra Fjorden\u200b &#8211; Like godt, mye sunnere Sj\u00f8chips er et unikt produkt laget av 100% norsk laks. Denne snacksen kombinerer viktige proteinkilder og omega-3 fettsyrer, helt uten tilsetningsstoffer. Sj\u00f8chips er et sunt alternativ til tradisjonelle snacks som potetgull og baconcrisp. Hvorfor Velge Sj\u00f8chips som Fiskegull? [&hellip;]<\/p>\n","protected":false},"author":1,"featured_media":3275,"parent":0,"menu_order":0,"comment_status":"closed","ping_status":"closed","template":"","meta":{"footnotes":""},"class_list":["post-1600","page","type-page","status-publish","has-post-thumbnail","hentry"],"jetpack-related-posts":[],"jetpack_sharing_enabled":true,"_links":{"self":[{"href":"https:\/\/fiskegull.no\/en\/wp-json\/wp\/v2\/pages\/1600","targetHints":{"allow":["GET"]}}],"collection":[{"href":"https:\/\/fiskegull.no\/en\/wp-json\/wp\/v2\/pages"}],"about":[{"href":"https:\/\/fiskegull.no\/en\/wp-json\/wp\/v2\/types\/page"}],"author":[{"embeddable":true,"href":"https:\/\/fiskegull.no\/en\/wp-json\/wp\/v2\/users\/1"}],"replies":[{"embeddable":true,"href":"https:\/\/fiskegull.no\/en\/wp-json\/wp\/v2\/comments?post=1600"}],"version-history":[{"count":4,"href":"https:\/\/fiskegull.no\/en\/wp-json\/wp\/v2\/pages\/1600\/revisions"}],"predecessor-version":[{"id":3279,"href":"https:\/\/fiskegull.no\/en\/wp-json\/wp\/v2\/pages\/1600\/revisions\/3279"}],"wp:featuredmedia":[{"embeddable":true,"href":"https:\/\/fiskegull.no\/en\/wp-json\/wp\/v2\/media\/3275"}],"wp:attachment":[{"href":"https:\/\/fiskegull.no\/en\/wp-json\/wp\/v2\/media?parent=1600"}],"curies":[{"name":"wp","href":"https:\/\/api.w.org\/{rel}","templated":true}]}}