{"id":2142,"date":"2024-12-21T12:27:57","date_gmt":"2024-12-21T11:27:57","guid":{"rendered":"https:\/\/fb8feff000.nxcli.io\/?post_type=product&#038;p=2142"},"modified":"2026-02-19T21:44:30","modified_gmt":"2026-02-19T20:44:30","slug":"fiskesnacks-med-tranebaer","status":"publish","type":"product","link":"https:\/\/fiskegull.no\/de\/product\/fiskesnacks-med-tranebaer\/","title":{"rendered":"Fisch-Goldfisch-Snacks mit Cranberries 108g."},"content":{"rendered":"<div data-elementor-type=\"product-post\" data-elementor-id=\"2142\" class=\"elementor elementor-2142\" data-elementor-post-type=\"product\">\n\t\t\t\t<div class=\"elementor-element elementor-element-60b09504 e-flex e-con-boxed e-con e-parent\" data-id=\"60b09504\" data-element_type=\"container\" data-e-type=\"container\">\n\t\t\t\t\t<div class=\"e-con-inner\">\n\t\t\t\t<div class=\"elementor-element elementor-element-633ca5e3 elementor-widget elementor-widget-text-editor\" data-id=\"633ca5e3\" data-element_type=\"widget\" data-e-type=\"widget\" data-widget_type=\"text-editor.default\">\n\t\t\t\t<div class=\"elementor-widget-container\">\n\t\t\t\t\t\t\t\t\t<h2>Leicht gesalzener Fisch Gold mit Preiselbeeren 108 g.<\/h2>\r\n<strong>Leicht gesalzener Fisch Gold mit Cranberries 108g \u2013 Gesundheit und Geschmack in perfekter Harmonie<\/strong>\r\n\r\nEntdecken Sie eine k\u00f6stliche und nahrhafte Snack-Option mit <strong>Leicht gesalzenes Fischfilet mit Preiselbeeren<\/strong>Dieses Produkt vereint die Vorteile nat\u00fcrlicher Inhaltsstoffe wie <strong>Lachshaut<\/strong> Und <strong>Preiselbeere<\/strong>, verpackt in ein knuspriges und schmackhaftes Erlebnis. Mit <strong>67 % Protein<\/strong>Dieser Snack ist perfekt f\u00fcr aktive Menschen und Haustiere, die eine ges\u00fcndere Alternative ben\u00f6tigen.\r\n<h3><strong>Hauptbestandteile und ihre Vorteile<\/strong><\/h3>\r\n<ul>\r\n \t<li><strong>Lachshaut (70%)<\/strong>\r\n<ul>\r\n \t<li>Eine ausgezeichnete Quelle f\u00fcr <strong>Kollagen<\/strong>, das Haut, Gelenke und Fell bei Tieren und Menschen unterst\u00fctzt.<\/li>\r\n \t<li>Enth\u00e4lt <strong>mehrfach unges\u00e4ttigte Fetts\u00e4uren<\/strong> was sich positiv auf die Herz-Kreislauf-Gesundheit auswirkt.<\/li>\r\n \t<li>Reich an <strong>Omega-3-Fetts\u00e4uren<\/strong>Dies tr\u00e4gt zu einer besseren Gehirnfunktion bei und reduziert Entz\u00fcndungen.<\/li>\r\n<\/ul>\r\n<\/li>\r\n \t<li><strong>Cranberries (7%)<\/strong>\r\n<ul>\r\n \t<li>Eine Superfood-Beere, die daf\u00fcr bekannt ist, zu st\u00e4rken <strong>Harnsystem<\/strong>, sowohl bei Menschen als auch bei Tieren.<\/li>\r\n \t<li>Von Natur aus reich an <strong>Antioxidantien<\/strong> das freie Radikale bek\u00e4mpft und die allgemeine Gesundheit f\u00f6rdert.<\/li>\r\n \t<li>Verleiht dem Snack eine einzigartige Note <strong>frischer und s\u00e4uerlicher Geschmack<\/strong> was den Geschmack der gesalzenen Fischhaut ausgleicht.<\/li>\r\n<\/ul>\r\n<\/li>\r\n \t<li><strong>Hoher Proteingehalt (67 %)<\/strong>\r\n<ul>\r\n \t<li>Tr\u00e4gt zum Muskelaufbau und zur Regeneration nach k\u00f6rperlicher Aktivit\u00e4t bei.<\/li>\r\n \t<li>Ideal als Energiequelle zwischen den Mahlzeiten oder nach dem Sport.<\/li>\r\n<\/ul>\r\n<\/li>\r\n<\/ul>\r\n<h3><strong>Geschmack und Genuss<\/strong><\/h3>\r\nDer leicht gesalzene Geschmack hebt den nat\u00fcrlichen Umami-Geschmack der Lachshaut hervor, w\u00e4hrend die Cranberries eine aromatische und frische S\u00e4urenote beisteuern. Diese Geschmackskombination macht es zu einem <strong>vielseitiger Snack<\/strong> das sich sowohl allein als auch als Accessoire eignet.\r\n<h3><strong>Gesundheitliche und ern\u00e4hrungsphysiologische Vorteile<\/strong><\/h3>\r\n<ul>\r\n \t<li><strong>Niedriger Kohlenhydratgehalt (10,4 g)<\/strong> \u2013 Ideal f\u00fcr kohlenhydratarme Di\u00e4ten.<\/li>\r\n \t<li><strong>Mehrfach unges\u00e4ttigte Fetts\u00e4uren (9 g)<\/strong> f\u00fcr eine bessere Herzgesundheit.<\/li>\r\n \t<li><strong>Hoher Energiewert (616 kcal)<\/strong> das f\u00fcr anhaltende S\u00e4ttigung und Energie sorgt.<\/li>\r\n<\/ul>\r\n<h3><strong>Gebrauch und Haltbarkeit<\/strong><\/h3>\r\n<ul>\r\n \t<li><strong>Verzehrfertig:<\/strong> Tasche \u00f6ffnen und genie\u00dfen \u2013 perfekt f\u00fcr stressige Tage.<\/li>\r\n \t<li><strong>Lange Haltbarkeit:<\/strong> Die nat\u00fcrlichen Eigenschaften der Cranberries gew\u00e4hrleisten, dass das Produkt gut lagerf\u00e4hig ist.<\/li>\r\n \t<li><strong>Praktische Gr\u00f6\u00dfe:<\/strong> 108 g pro Packung, ideal zur Portionskontrolle.<\/li>\r\n<\/ul>\r\n<h3><strong>Warum sollte man sich f\u00fcr leicht gesalzenes Fischfilet mit Preiselbeeren entscheiden?<\/strong><\/h3>\r\nDieses Produkt ist mehr als nur ein Snack \u2013 es ist ein nahrhaftes Erlebnis, das Wohlbefinden und Genuss f\u00f6rdert. Die Kombination aus <strong>hoher Proteingehalt<\/strong>, <strong>gesunde Fetts\u00e4uren<\/strong>, Und <strong>nat\u00fcrliche Antioxidantien<\/strong> Das macht es zur kl\u00fcgeren Wahl f\u00fcr alle, die Geschmack und Gesundheit in Einklang bringen m\u00f6chten. G\u00f6nnen Sie sich oder Ihrem Haustier das gewisse Extra \u2013 w\u00e4hlen Sie <strong>Leicht gesalzenes Fischfilet mit Preiselbeeren<\/strong>!\r\n<div>\r\n<table>\r\n<tbody>\r\n<tr>\r\n<td>Energie<\/td>\r\n<td>2579 kJ (kJ) 616 kcal<\/td>\r\n<td>31%<\/td>\r\n<\/tr>\r\n<tr>\r\n<td>Fett<\/td>\r\n<td>46,4 (g)<\/td>\r\n<td>77%<\/td>\r\n<\/tr>\r\n<tr>\r\n<td>von denen<\/td>\r\n<td><\/td>\r\n<td><\/td>\r\n<\/tr>\r\n<tr>\r\n<td>ges\u00e4ttigte Fetts\u00e4uren<\/td>\r\n<td>8 (g)<\/td>\r\n<td>39%<\/td>\r\n<\/tr>\r\n<tr>\r\n<td>einfach unges\u00e4ttigte Fetts\u00e4uren<\/td>\r\n<td>15 (g)<\/td>\r\n<td><\/td>\r\n<\/tr>\r\n<tr>\r\n<td>mehrfach unges\u00e4ttigte Fetts\u00e4uren<\/td>\r\n<td>9 (g)<\/td>\r\n<td><\/td>\r\n<\/tr>\r\n<tr>\r\n<td>Protein<\/td>\r\n<td>40,3 (g)<\/td>\r\n<td>67%<\/td>\r\n<\/tr>\r\n<tr>\r\n<td>Kohlenhydrate<\/td>\r\n<td>10,4 (g)<\/td>\r\n<td>3%<\/td>\r\n<\/tr>\r\n<tr>\r\n<td>von denen<\/td>\r\n<td><\/td>\r\n<td><\/td>\r\n<\/tr>\r\n<tr>\r\n<td>Glucose<\/td>\r\n<td>0,5 (g)<\/td>\r\n<td>1,1 %<\/td>\r\n<\/tr>\r\n<tr>\r\n<td>Salz<\/td>\r\n<td>675 (mg)<\/td>\r\n<td>34%<\/td>\r\n<\/tr>\r\n<\/tbody>\r\n<\/table>\r\nZutaten: Lachshaut (70 %), Cranberries (7 %), St\u00e4rke, Salz, pflanzliches Speise\u00f6l (einschlie\u00dflich Antioxidationsmittel tert-Butylhydrochinon), Pfeffer, Mononatriumglutamat. Spezifikation: Nettogewicht 108 g\/Packung. Zubereitung: Beutel \u00f6ffnen. Verzehrfertig. Produktionsdatum: Siehe Aufdruck auf dieser Seite. Kollagenprotein macht bis zu 30 % des Trockengewichts der Fischhaut aus. ENTH\u00c4LT FISCHPRODUKTE. N\u00e4hrwertangaben pro 100 g: NRV %\r\n\r\n<\/div>\t\t\t\t\t\t\t\t<\/div>\n\t\t\t\t<\/div>\n\t\t\t\t<div class=\"elementor-element elementor-element-92c70b7 elementor-widget-divider--view-line elementor-widget elementor-widget-divider\" data-id=\"92c70b7\" data-element_type=\"widget\" data-e-type=\"widget\" data-widget_type=\"divider.default\">\n\t\t\t\t<div class=\"elementor-widget-container\">\n\t\t\t\t\t\t\t<div class=\"elementor-divider\">\n\t\t\t<span class=\"elementor-divider-separator\">\n\t\t\t\t\t\t<\/span>\n\t\t<\/div>\n\t\t\t\t\t\t<\/div>\n\t\t\t\t<\/div>\n\t\t\t\t<div class=\"elementor-element elementor-element-32e6fff elementor-widget elementor-widget-heading\" data-id=\"32e6fff\" data-element_type=\"widget\" data-e-type=\"widget\" data-widget_type=\"heading.default\">\n\t\t\t\t<div class=\"elementor-widget-container\">\n\t\t\t\t\t<h2 class=\"elementor-heading-title elementor-size-default\">Helfen Sie uns, Ihren Lieblingsgeschmack zu finden.\n<\/h2>\t\t\t\t<\/div>\n\t\t\t\t<\/div>\n\t\t\t\t<div class=\"elementor-element elementor-element-8b6c73b elementor-widget elementor-widget-text-editor\" data-id=\"8b6c73b\" data-element_type=\"widget\" data-e-type=\"widget\" data-widget_type=\"text-editor.default\">\n\t\t\t\t<div class=\"elementor-widget-container\">\n\t\t\t\t\t\t\t\t\t<p>Schmeckt es wie Hintern? Ja, ja \u2013 aber welche Fiskegull-Sorte ist DEIN Favorit? Und vor allem: Warum? <img decoding=\"async\" class=\"emoji\" style=\"background-color: #ffffff;\" role=\"img\" draggable=\"false\" src=\"https:\/\/s.w.org\/images\/core\/emoji\/17.0.2\/svg\/1f914.svg\" alt=\"\ud83e\udd14\" \/>\u00a0Teilen Sie uns gerne Ihre ehrliche Meinung mit, denn jeden Monat verlosen wir unter allen Teilnehmern eine \u00dcberraschung per Post. Ja, wir bestechen Sie mit S\u00fc\u00dfigkeiten, damit Sie Ihre Meinung h\u00f6ren.\u00a0<img decoding=\"async\" class=\"emoji\" style=\"background-color: #ffffff;\" role=\"img\" draggable=\"false\" src=\"https:\/\/s.w.org\/images\/core\/emoji\/17.0.2\/svg\/1f60e.svg\" alt=\"\ud83d\ude0e\" \/><\/p><div class=\"mb-1 mt-2 whitespace-pre-line leading-relaxed first:mt-0\" data-sentry-component=\"P\" data-sentry-source-file=\"p.tsx\">Dr\u00fcckt Daumen hoch oder runter \u2013 und wenn ihr etwas sagen wollt, schreibt es gerne unten. Wir lesen alles, versprochen!<\/div>\t\t\t\t\t\t\t\t<\/div>\n\t\t\t\t<\/div>\n\t\t\t\t\t<\/div>\n\t\t\t\t<\/div>\n\t\t<div class=\"elementor-element elementor-element-6302398 e-flex e-con-boxed e-con e-parent\" data-id=\"6302398\" data-element_type=\"container\" data-e-type=\"container\">\n\t\t\t\t\t<div class=\"e-con-inner\">\n\t\t\t\t<div class=\"elementor-element elementor-element-b457a9b elementor-widget elementor-widget-shortcode\" data-id=\"b457a9b\" data-element_type=\"widget\" data-e-type=\"widget\" data-widget_type=\"shortcode.default\">\n\t\t\t\t<div class=\"elementor-widget-container\">\n\t\t\t\t\t\t\t<div class=\"elementor-shortcode\">    <div class=\"bootstrap-srm\">\n        <div class=\"d-flex align-items-center flex-column justify-content-center h-100\">\n            <div id=\"srm-funnel-3348\"\n                 class=\"srm-funnel bs-stepper mb-5 p-4 bg-white srm-funnel-3348 srm-funnel-shortcode\"\n                data-funnel_id=\"3348\">\n                <div class=\"bs-stepper-header\" role=\"tablist\">\n                                            <div class=\"srm-funnel-logo\"><img decoding=\"async\" src=\"https:\/\/eadn-wc02-16313031.nxedge.io\/wp-content\/uploads\/2024\/12\/Fiskesnacks-med-tranebaer-3.png\"\/><\/div>\n                                        <div class=\"header-steps\">\n                        <div class=\"step active\" data-target=\"#srm-funnel-3348-1\">\n                            <button type=\"button\" class=\"step-trigger\" role=\"tab\" aria-controls=\"srm-funnel-3348-1\"\n                                    id=\"srm-funnel-3348-1-trigger\">\n                                <span class=\"bs-stepper-circle\">1<\/span>\n                            <\/button>\n                        <\/div>\n                        <div class=\"line\"><\/div>\n                        <div class=\"step\" data-target=\"#srm-funnel-3348-2\">\n                            <button type=\"button\" class=\"step-trigger\" role=\"tab\" aria-controls=\"srm-funnel-3348-2\"\n                                    id=\"srm-funnel-3348-2-trigger\">\n                                <span class=\"bs-stepper-circle\">2<\/span>\n                            <\/button>\n                        <\/div>\n                        <div class=\"line\"><\/div>\n                        <div class=\"step\" data-target=\"#srm-funnel-3348-3\">\n                            <button type=\"button\" class=\"step-trigger\" role=\"tab\" aria-controls=\"srm-funnel-3348-3\"\n                                    id=\"srm-funnel-3348-3-trigger\">\n                                <span class=\"bs-stepper-circle\">3<\/span>\n                            <\/button>\n                        <\/div>\n                        <div class=\"line\"><\/div>\n                        <div class=\"step\" data-target=\"#srm-funnel-3348-4\">\n                            <button type=\"button\" class=\"step-trigger\" role=\"tab\" aria-controls=\"srm-funnel-3348-4\"\n                                    id=\"srm-funnel-3348-4-trigger\">\n                                <span class=\"bs-stepper-circle\">4<\/span>\n                            <\/button>\n                        <\/div>\n                        <div class=\"line\"><\/div>\n                        <div class=\"step\" data-target=\"#srm-funnel-3348-5\">\n                            <button type=\"button\" class=\"step-trigger\" role=\"tab\" aria-controls=\"srm-funnel-3348-5\"\n                                    id=\"srm-funnel-3348-5-trigger\">\n                                <span class=\"bs-stepper-circle\">5<\/span>\n                            <\/button>\n                        <\/div>\n                    <\/div>\n                <\/div>\n                <div class=\"bs-stepper-content\">\n                    <!-- STEP #1 | Negative or Positive feedback -->\n                    <div id=\"srm-funnel-3348-1\" class=\"bs-stepper-pane active\" role=\"tabpanel\"\n                         aria-labelledby=\"srm-funnel-3348-1-trigger\">\n                        <h3 class=\"srm-funnel-heading\">W\u00fcrden Sie diese Geschmacksrichtung wieder kaufen? Ist Fish Gold mit Cranberry Ihre Lieblingssorte?<\/h3>\n                        <ul id=\"srm-funnel-questions\">\n                            <li id=\"srm-funnel-positive\" title=\"Ja\"\n                                class=\"fas fa-thumbs-up srm-funnel-decision srm-funnel-icon\"><\/li>\n                            <li id=\"srm-funnel-negative\" title=\"NEIN\"\n                                class=\"fas fa-thumbs-down srm-funnel-decision srm-funnel-icon\"><\/li>\n                        <\/ul>\n                    <\/div>\n                    <!-- STEP #2 | Positive Feedback -->\n                    <div id=\"srm-funnel-3348-2\" class=\"bs-stepper-pane\" role=\"tabpanel\"\n                         aria-labelledby=\"srm-funnel-3348-2-trigger\">\n                        <div class=\"srm-funnel-prompt\"><h3>Wunderbar! Geben Sie uns bitte auch 5 Sterne bei Google?<\/h3>... teilen Sie uns bitte Ihre Gedanken mit.<\/div>\n                        <!-- Single or Multiple Destinations? -->\n                        <div class=\"bootstrap-srm\">\n    <button type=\"button\" class=\"btn btn-primary srm-funnel-single-submit\">Hinterlassen Sie eine Google-Rezension<\/button>\n<\/div>                    <\/div>\n                    <!-- STEP #3 | Negative Feedback -->\n                    <div id=\"srm-funnel-3348-3\" class=\"bs-stepper-pane\" role=\"tabpanel\"\n                         aria-labelledby=\"srm-funnel-3348-3-trigger\">\n                        <div class=\"srm-funnel-prompt\">Woran lag es? Zu s\u00fc\u00df? Zu sauer? Zu intensiv? Zu salzig? Oder etwas ganz anderes? \ud83e\udd14 Wie k\u00f6nnen wir es in Zukunft verbessern? Habt ihr Vorschl\u00e4ge f\u00fcr Geschmacks\u00e4nderungen oder neue Geschmacksrichtungen?<\/div>\n                        <form class=\"srm-funnel-form needs-validation\" novalidate onsubmit=\"return false\" action=\"\">\n                            <div class=\"form-group\">\n                                <div class=\"col-sm mb-3\">\n                                    <label for=\"srm-funnel-reviewer-text\">Ihr Feedback *<\/label>\n                                    <textarea class=\"form-control form-control-sm\" id=\"srm-funnel-reviewer-text\"\n                                              required\n placeholder=\"Hinterlassen Sie Ihr Feedback.\"><\/textarea>\n                                    <div class=\"invalid-feedback\">Bitte geben Sie uns Feedback.<\/div>\n                                <\/div>\n                                                                    <div class=\"col-sm mb-3\">\n                                        <label for=\"srm-funnel-reviewer-name\">Vollst\u00e4ndiger Name *<\/label>\n                                        <input type=\"text\" class=\"form-control form-control-sm\"\n                                               required id=\"srm-funnel-reviewer-name\"\n                                               placeholder=\"Ihr Name\">\n                                        <div class=\"invalid-feedback\">Bitte geben Sie Ihren Namen ein.<\/div>\n                                    <\/div>\n                                                                                                    <div class=\"col-sm mb-3\">\n                                        <label for=\"srm-funnel-reviewer-email\">E-Mail-Adresse <\/label>\n                                        <input type=\"email\" class=\"form-control form-control-sm\"\n                                                                                              id=\"srm-funnel-reviewer-email\"\n                                               placeholder=\"Ihre E-Mail\">\n                                        <div class=\"invalid-feedback\">Bitte geben Sie eine g\u00fcltige E-Mail-Adresse ein.<\/div>\n                                    <\/div>\n                                                                                                    <div class=\"col-sm mb-3\">\n                                        <label for=\"srm-funnel-reviewer-phone\">Telefonnummer <\/label>\n                                        <input type=\"text\" class=\"form-control form-control-sm\"\n                                                                                              id=\"srm-funnel-reviewer-phone\"\n                                               placeholder=\"Ihr Telefon\">\n                                        <div class=\"invalid-feedback\">Bitte geben Sie Ihre Telefonnummer ein.<\/div>\n                                    <\/div>\n                                                                <!-- CAPTCHA FIELD -->\n<div class=\"col-sm mb-3\">\n    <label for=\"srm-funnel-reviewer-captcha\">Beweise, dass du ein Mensch bist *<\/label>\n    <input type=\"text\"\n           class=\"form-control form-control-sm\"\n           id=\"srm-funnel-reviewer-captcha\"\n           required\n placeholder=\"Geben Sie die angezeigte Nummer ein.\">\n    <div class=\"invalid-feedback\">Falsche Antwort. Versuchen Sie es erneut.<\/div>\n<\/div>\n\n<!-- CAPTCHA Question -->\n<div class=\"col-sm mb-3\">\n    <span id=\"captcha-question\" class=\"fw-bold\"><\/span>\n    <button type=\"button\" id=\"captcha-refresh\" class=\"btn btn-link p-0 ms-2\">\u21bb Aktualisieren<\/button>\n<\/div>\n                                <div class=\"col-sm mb-3\">\n                                                                            <a href=\"javascript:void(0)\" id=\"srm-funnel-feedback-skip\"\n                                           class=\"srm-funnel-link\">M\u00f6gen Sie alle Geschmacksrichtungen gleicherma\u00dfen? Schreiben Sie stattdessen eine Rezension auf Google.<\/a>\n                                                                        <p>\n                                        <button type=\"submit\" class=\"btn btn-primary\"\n                                                id=\"srm-funnel-feedback-submit\">Feedback senden<\/button>\n                                    <\/p>\n                                    <span class=\"srm-funnel-required-indicator\">* kennzeichnet Pflichtfelder<\/span>\n                                <\/div>\n                            <\/div>\n                        <input type=\"hidden\" name=\"trp-form-language\" value=\"de\"\/><\/form>\n                    <\/div>\n                    <!-- STEP #4 | Thank You  -->\n                    <div id=\"srm-funnel-3348-4\" class=\"bs-stepper-pane\" role=\"tabpanel\"\n                         aria-labelledby=\"srm-funnel-3348-4-trigger\">\n                        <div class=\"srm-funnel-prompt\">Vielen Dank f\u00fcr Ihr Feedback. Sie helfen damit anderen, ihren Lieblingsgeschmack zu finden.<\/div>\n                    <\/div>\n                    <!-- STEP #5 | Skipped Feedback (Disabled Review Gating) -->\n                    <div id=\"srm-funnel-3348-5\" class=\"bs-stepper-pane\" role=\"tabpanel\"\n                         aria-labelledby=\"srm-funnel-3348-5-trigger\">\n                        <div class=\"srm-funnel-prompt\">Schreiben Sie eine Rezension<\/div>\n                        <!-- Single or Multiple Destinations? -->\n                        <div class=\"bootstrap-srm\">\n    <button type=\"button\" class=\"btn btn-primary srm-funnel-single-submit\">Hinterlassen Sie eine Google-Rezension<\/button>\n<\/div>                    <\/div>\n                    <div class=\"srm-funnel-feedback-id\"><\/div>\n                                    <\/div>\n            <\/div>\n        <\/div>\n    <\/div>\n<\/div>\n\t\t\t\t\t\t<\/div>\n\t\t\t\t<\/div>\n\t\t\t\t<div class=\"elementor-element elementor-element-28c4682 elementor-widget-divider--view-line elementor-widget elementor-widget-divider\" data-id=\"28c4682\" data-element_type=\"widget\" data-e-type=\"widget\" data-widget_type=\"divider.default\">\n\t\t\t\t<div class=\"elementor-widget-container\">\n\t\t\t\t\t\t\t<div class=\"elementor-divider\">\n\t\t\t<span class=\"elementor-divider-separator\">\n\t\t\t\t\t\t<\/span>\n\t\t<\/div>\n\t\t\t\t\t\t<\/div>\n\t\t\t\t<\/div>\n\t\t\t\t\t<\/div>\n\t\t\t\t<\/div>\n\t\t\t\t<\/div>","protected":false},"excerpt":{"rendered":"<h3>Leicht gesalzener Fisch Gold mit Preiselbeeren 108 g.<\/h3>\n<p>Zutaten: Lachshaut, Preiselbeeren, St\u00e4rke, Speise\u00f6l. Preiselbeeren sind sehr lange haltbar und geh\u00f6ren zu den robustesten Beerensorten. Sie sind sehr gut lagerf\u00e4hig. Ihr Geschmack ist aromatisch, frisch und leicht s\u00e4uerlich. Preiselbeeren helfen bekannterma\u00dfen auch bei Harnwegsinfektionen, sowohl bei Menschen als auch bei Tieren. Das Urteil des Kontrollausschusses war ebenso eindeutig wie das der anderen. Wie jemand so treffend sagte: Nur die eigene Fantasie setzt den Aromen Grenzen. Einfach fantastisch!<\/p>","protected":false},"featured_media":2755,"comment_status":"open","ping_status":"closed","template":"","meta":{"jetpack_publicize_message":"","jetpack_publicize_feature_enabled":true,"jetpack_social_post_already_shared":true,"jetpack_social_options":{"image_generator_settings":{"template":"highway","default_image_id":0,"font":"","enabled":false},"version":2}},"product_brand":[38,40],"product_cat":[35,37],"product_tag":[39,43],"class_list":{"0":"post-2142","1":"product","2":"type-product","3":"status-publish","4":"has-post-thumbnail","6":"product_brand-fiskegull","7":"product_brand-seafoodnorway","8":"product_cat-lettsaltet-fiskesnacks","9":"product_cat-tranebaer","10":"product_tag-sunn-snacks","11":"product_tag-tranebaer","13":"first","14":"instock","15":"sale","16":"taxable","17":"shipping-taxable","18":"purchasable","19":"product-type-variable","20":"has-default-attributes"},"jetpack_publicize_connections":[],"jetpack-related-posts":[],"jetpack_sharing_enabled":true,"_links":{"self":[{"href":"https:\/\/fiskegull.no\/de\/wp-json\/wp\/v2\/product\/2142","targetHints":{"allow":["GET"]}}],"collection":[{"href":"https:\/\/fiskegull.no\/de\/wp-json\/wp\/v2\/product"}],"about":[{"href":"https:\/\/fiskegull.no\/de\/wp-json\/wp\/v2\/types\/product"}],"replies":[{"embeddable":true,"href":"https:\/\/fiskegull.no\/de\/wp-json\/wp\/v2\/comments?post=2142"}],"version-history":[{"count":11,"href":"https:\/\/fiskegull.no\/de\/wp-json\/wp\/v2\/product\/2142\/revisions"}],"predecessor-version":[{"id":3379,"href":"https:\/\/fiskegull.no\/de\/wp-json\/wp\/v2\/product\/2142\/revisions\/3379"}],"wp:featuredmedia":[{"embeddable":true,"href":"https:\/\/fiskegull.no\/de\/wp-json\/wp\/v2\/media\/2755"}],"wp:attachment":[{"href":"https:\/\/fiskegull.no\/de\/wp-json\/wp\/v2\/media?parent=2142"}],"wp:term":[{"taxonomy":"product_brand","embeddable":true,"href":"https:\/\/fiskegull.no\/de\/wp-json\/wp\/v2\/product_brand?post=2142"},{"taxonomy":"product_cat","embeddable":true,"href":"https:\/\/fiskegull.no\/de\/wp-json\/wp\/v2\/product_cat?post=2142"},{"taxonomy":"product_tag","embeddable":true,"href":"https:\/\/fiskegull.no\/de\/wp-json\/wp\/v2\/product_tag?post=2142"}],"curies":[{"name":"wp","href":"https:\/\/api.w.org\/{rel}","templated":true}]}}