{"id":2120,"date":"2024-12-21T00:45:11","date_gmt":"2024-12-20T23:45:11","guid":{"rendered":"https:\/\/fb8feff000.nxcli.io\/?post_type=product&#038;p=2120"},"modified":"2026-02-19T21:41:38","modified_gmt":"2026-02-19T20:41:38","slug":"lett-saltet-fiskegull-med-wasabi-108gr","status":"publish","type":"product","link":"https:\/\/fiskegull.no\/de\/product\/lett-saltet-fiskegull-med-wasabi-108gr\/","title":{"rendered":"Fisch-Goldfisch-Snacks mit Wasabi 108g."},"content":{"rendered":"<div data-elementor-type=\"product-post\" data-elementor-id=\"2120\" class=\"elementor elementor-2120\" data-elementor-post-type=\"product\">\n\t\t\t\t<div class=\"elementor-element elementor-element-71f14cf e-flex e-con-boxed e-con e-parent\" data-id=\"71f14cf\" data-element_type=\"container\" data-e-type=\"container\">\n\t\t\t\t\t<div class=\"e-con-inner\">\n\t\t\t\t<div class=\"elementor-element elementor-element-6d7f7f8f elementor-widget elementor-widget-text-editor\" data-id=\"6d7f7f8f\" data-element_type=\"widget\" data-e-type=\"widget\" data-widget_type=\"text-editor.default\">\n\t\t\t\t<div class=\"elementor-widget-container\">\n\t\t\t\t\t\t\t\t\t<h2>Leicht gesalzener Fisch Gold mit Wasabi 108 g.<\/h2>\r\n<strong>Lett Saltet Fiskegull med Wasabi 108g \u2013 En Smakfull og Eksklusiv Opplevelse<\/strong>\r\n\r\nGi snacksopplevelsen et eksotisk l\u00f8ft med <strong>Lett Saltet Fiskegull med Wasabi<\/strong>Dieses Produkt kombiniert <strong>spr\u00f8tt lakseskinn<\/strong>, kjent for sitt h\u00f8ye innhold av <strong>omega-3<\/strong>-Fetts\u00e4uren und <strong>Kollagen<\/strong>, med en kraftig smak av ekte wasabi \u2013 en plante som gir en unik, krydret sting. Perfekt for deg som \u00f8nsker noe ekstra til \u00f8l- eller sushibordet, eller som en luksuri\u00f8s snack til koselige kvelder med gjester.\r\n\r\n<hr \/>\r\n\r\n<h3><strong>Hovedingredienser og Deres Fordeler<\/strong><\/h3>\r\n<ul>\r\n \t<li><strong>Lachshaut<\/strong>\r\n<ul>\r\n \t<li>En naturlig kilde til <strong>Omega-3-Fetts\u00e4uren<\/strong>, som st\u00f8tter hjerte- og hjernehelse, reduserer betennelser og gir huden en sunn gl\u00f8d.<\/li>\r\n \t<li>Inneholder opptil <strong>30% kollagen<\/strong>, som bidrar til \u00e5 styrke hud, h\u00e5r, negler og ledd.<\/li>\r\n \t<li>H\u00f8yt proteininnhold (<strong>67%)<\/strong>, essensielt for muskelreparasjon og energitilf\u00f8rsel.<\/li>\r\n<\/ul>\r\n<\/li>\r\n \t<li><strong>Wasabi (7%)<\/strong>\r\n<ul>\r\n \t<li>En unik smakstilsetning som gir en balansert, sterk krydderopplevelse.<\/li>\r\n \t<li>Kjent for sin evne til \u00e5 vekke smaksl\u00f8kene til live, og skape en spennende smakskombinasjon med lakseskinnet.<\/li>\r\n<\/ul>\r\n<\/li>\r\n \t<li><strong>Lavt karbohydratinnhold (10,4 g)<\/strong>\r\n<ul>\r\n \t<li>Passer perfekt for lavkarbo-kosthold og som et sunnere alternativ til tradisjonelle snacks.<\/li>\r\n<\/ul>\r\n<\/li>\r\n<\/ul>\r\n\r\n<hr \/>\r\n\r\n<h3><strong>Smak og Bruksomr\u00e5der<\/strong><\/h3>\r\nDen spr\u00f8 konsistensen av fiskeskinn kombinert med den sterke og karakteristiske smaken av wasabi gj\u00f8r dette produktet til en <strong>sann favoritt p\u00e5 puber<\/strong> og hjemme hos de som elsker en smakfull snack til et glass \u00f8l. Kontrollkomiteen sa det best: &#8220;Posen f\u00f8les liten ut. Vil ha mer!&#8221;\r\n\r\n<hr \/>\r\n\r\n<h3><strong>N\u00e6ringsinnhold (per 100 g)<\/strong><\/h3>\r\n<ul>\r\n \t<li><strong>Energie:<\/strong> 616 kcal<\/li>\r\n \t<li><strong>Fett:<\/strong> 46,4 g (hvorav 9 g flerumettet fett)<\/li>\r\n \t<li><strong>Protein:<\/strong> 40,3 g<\/li>\r\n \t<li><strong>Salz:<\/strong> 675 mg<\/li>\r\n<\/ul>\r\n\r\n<hr \/>\r\n\r\n<h3><strong>Fordeler for Helsen<\/strong><\/h3>\r\n<ul>\r\n \t<li><strong>Omega-3 og kollagen:<\/strong> Wichtige Bausteine \u200b\u200bf\u00fcr K\u00f6rperfunktionen, einschlie\u00dflich Herzgesundheit und Hautelastizit\u00e4t.<\/li>\r\n \t<li><strong>Proteinrik:<\/strong> Ideell for et sunt energiniv\u00e5 og som et mettende alternativ til andre snacks.<\/li>\r\n \t<li><strong>Anbefalt av helsemyndighetene:<\/strong> Bidrar til \u00e5 oppfylle r\u00e5det om \u00e5 inkludere fisk i kostholdet minst <strong>tre ganger i uken<\/strong>.<\/li>\r\n<\/ul>\r\n\r\n<hr \/>\r\n\r\n<h3><strong>Slik Bruker Du Produktet<\/strong><\/h3>\r\n<ul>\r\n \t<li><strong>Rett fra posen:<\/strong> Klar til \u00e5 nytes, n\u00e5r som helst og hvor som helst.<\/li>\r\n \t<li><strong>Als Zubeh\u00f6r:<\/strong> Perfekt til \u00f8l eller som en spr\u00f8 snack ved siden av sushi og annen asiatisk mat.<\/li>\r\n \t<li><strong>For gjester:<\/strong> En eksklusiv snack som garantert imponerer, enten du har pubkveld eller middagsselskap hjemme.<\/li>\r\n<\/ul>\r\n\r\n<hr \/>\r\n\r\n<h3><strong>Hvorfor Velge Lett Saltet Fiskegull med Wasabi?<\/strong><\/h3>\r\nMed sin balanserte smak og h\u00f8ye n\u00e6ringsverdi er dette et produkt som kombinerer nytelse og helse p\u00e5 en unik m\u00e5te. Den spr\u00f8 teksturen, den kraftige wasabismaken og de mange helsemessige fordelene gj\u00f8r denne snacksen til et f\u00f8rstevalg for de som \u00f8nsker det lille ekstra.\r\n\r\n<strong>Lett Saltet Fiskegull med Wasabi \u2013 For \u00f8yeblikkene som fortjener noe helt spesielt.<\/strong>\r\n\r\nN\u00e6ringsinnhold per. 100 gr. NRV%\r\n<div>\r\n<table>\r\n<tbody>\r\n<tr>\r\n<td>Energie<\/td>\r\n<td>2579 kJ (kJ) 616 kcal<\/td>\r\n<td>31%<\/td>\r\n<\/tr>\r\n<tr>\r\n<td>Fett<\/td>\r\n<td>46,4 (g)<\/td>\r\n<td>77%<\/td>\r\n<\/tr>\r\n<tr>\r\n<td>von denen<\/td>\r\n<td><\/td>\r\n<td><\/td>\r\n<\/tr>\r\n<tr>\r\n<td>ges\u00e4ttigte Fetts\u00e4uren<\/td>\r\n<td>8 (g)<\/td>\r\n<td>39%<\/td>\r\n<\/tr>\r\n<tr>\r\n<td>einfach unges\u00e4ttigte Fetts\u00e4uren<\/td>\r\n<td>15 (g)<\/td>\r\n<td><\/td>\r\n<\/tr>\r\n<tr>\r\n<td>mehrfach unges\u00e4ttigte Fetts\u00e4uren<\/td>\r\n<td>9 (g)<\/td>\r\n<td><\/td>\r\n<\/tr>\r\n<tr>\r\n<td>Protein<\/td>\r\n<td>40,3 (g)<\/td>\r\n<td>67%<\/td>\r\n<\/tr>\r\n<tr>\r\n<td>Kohlenhydrate<\/td>\r\n<td>10,4 (g)<\/td>\r\n<td>3%<\/td>\r\n<\/tr>\r\n<tr>\r\n<td>von denen<\/td>\r\n<td><\/td>\r\n<td><\/td>\r\n<\/tr>\r\n<tr>\r\n<td>Glucose<\/td>\r\n<td>0,5 (g)<\/td>\r\n<td>1,1 %<\/td>\r\n<\/tr>\r\n<tr>\r\n<td>Salz<\/td>\r\n<td>675 (mg)<\/td>\r\n<td>34%<\/td>\r\n<\/tr>\r\n<\/tbody>\r\n<\/table>\r\nIngredienser: lakseskinn (70%), wasabi (7%), stivelse, salt, spiselig vegetabilsk olje (inkludert antioxidant tert-butylhydrokinon), pepper, mononatriumglutamat. Spesifikasjon: netto 108g\/pakke Slik spiser du: Bare \u00e5pne posen. Klar til \u00e5 spise Produksjonsdato: Se trykk p\u00e5 denne siden Kollagenprotein utgj\u00f8r opptil 30 % av t\u00f8rrvekten av fiskeskinn INNEHOLDER FISKEPRODUKTER\r\n\r\n<\/div>\t\t\t\t\t\t\t\t<\/div>\n\t\t\t\t<\/div>\n\t\t\t\t<div class=\"elementor-element elementor-element-878c554 elementor-widget-divider--view-line elementor-widget elementor-widget-divider\" data-id=\"878c554\" data-element_type=\"widget\" data-e-type=\"widget\" data-widget_type=\"divider.default\">\n\t\t\t\t<div class=\"elementor-widget-container\">\n\t\t\t\t\t\t\t<div class=\"elementor-divider\">\n\t\t\t<span class=\"elementor-divider-separator\">\n\t\t\t\t\t\t<\/span>\n\t\t<\/div>\n\t\t\t\t\t\t<\/div>\n\t\t\t\t<\/div>\n\t\t\t\t\t<\/div>\n\t\t\t\t<\/div>\n\t\t<div class=\"elementor-element elementor-element-80fd08e e-flex e-con-boxed e-con e-parent\" data-id=\"80fd08e\" data-element_type=\"container\" data-e-type=\"container\">\n\t\t\t\t\t<div class=\"e-con-inner\">\n\t\t\t\t<div class=\"elementor-element elementor-element-95b4ca3 elementor-widget elementor-widget-heading\" data-id=\"95b4ca3\" data-element_type=\"widget\" data-e-type=\"widget\" data-widget_type=\"heading.default\">\n\t\t\t\t<div class=\"elementor-widget-container\">\n\t\t\t\t\t<h2 class=\"elementor-heading-title elementor-size-default\">Helfen Sie uns, Ihren Lieblingsgeschmack zu finden.\n<\/h2>\t\t\t\t<\/div>\n\t\t\t\t<\/div>\n\t\t\t\t<div class=\"elementor-element elementor-element-86edd28 elementor-widget elementor-widget-text-editor\" data-id=\"86edd28\" data-element_type=\"widget\" data-e-type=\"widget\" data-widget_type=\"text-editor.default\">\n\t\t\t\t<div class=\"elementor-widget-container\">\n\t\t\t\t\t\t\t\t\t<p>Schmeckt es wie Hintern? Ja, ja \u2013 aber welche Fiskegull-Sorte ist DEIN Favorit? Und vor allem: Warum? <img decoding=\"async\" class=\"emoji\" style=\"background-color: #ffffff;\" role=\"img\" draggable=\"false\" src=\"https:\/\/s.w.org\/images\/core\/emoji\/17.0.2\/svg\/1f914.svg\" alt=\"\ud83e\udd14\" \/>\u00a0Teilen Sie uns gerne Ihre ehrliche Meinung mit, denn jeden Monat verlosen wir unter allen Teilnehmern eine \u00dcberraschung per Post. Ja, wir bestechen Sie mit S\u00fc\u00dfigkeiten, damit Sie Ihre Meinung h\u00f6ren.\u00a0<img decoding=\"async\" class=\"emoji\" style=\"background-color: #ffffff;\" role=\"img\" draggable=\"false\" src=\"https:\/\/s.w.org\/images\/core\/emoji\/17.0.2\/svg\/1f60e.svg\" alt=\"\ud83d\ude0e\" \/><\/p><div class=\"mb-1 mt-2 whitespace-pre-line leading-relaxed first:mt-0\" data-sentry-component=\"P\" data-sentry-source-file=\"p.tsx\">Dr\u00fcckt Daumen hoch oder runter \u2013 und wenn ihr etwas sagen wollt, schreibt es gerne unten. Wir lesen alles, versprochen!<\/div>\t\t\t\t\t\t\t\t<\/div>\n\t\t\t\t<\/div>\n\t\t\t\t<div class=\"elementor-element elementor-element-2c07fcb elementor-widget elementor-widget-shortcode\" data-id=\"2c07fcb\" data-element_type=\"widget\" data-e-type=\"widget\" data-widget_type=\"shortcode.default\">\n\t\t\t\t<div class=\"elementor-widget-container\">\n\t\t\t\t\t\t\t<div class=\"elementor-shortcode\">    <div class=\"bootstrap-srm\">\n        <div class=\"d-flex align-items-center flex-column justify-content-center h-100\">\n            <div id=\"srm-funnel-3363\"\n                 class=\"srm-funnel bs-stepper mb-5 p-4 bg-white srm-funnel-3363 srm-funnel-shortcode\"\n                data-funnel_id=\"3363\">\n                <div class=\"bs-stepper-header\" role=\"tablist\">\n                                            <div class=\"srm-funnel-logo\"><img decoding=\"async\" src=\"https:\/\/eadn-wc02-16313031.nxedge.io\/wp-content\/uploads\/2024\/12\/Fiskesnacks-med-Wasabi-2.png\"\/><\/div>\n                                        <div class=\"header-steps\">\n                        <div class=\"step active\" data-target=\"#srm-funnel-3363-1\">\n                            <button type=\"button\" class=\"step-trigger\" role=\"tab\" aria-controls=\"srm-funnel-3363-1\"\n                                    id=\"srm-funnel-3363-1-trigger\">\n                                <span class=\"bs-stepper-circle\">1<\/span>\n                            <\/button>\n                        <\/div>\n                        <div class=\"line\"><\/div>\n                        <div class=\"step\" data-target=\"#srm-funnel-3363-2\">\n                            <button type=\"button\" class=\"step-trigger\" role=\"tab\" aria-controls=\"srm-funnel-3363-2\"\n                                    id=\"srm-funnel-3363-2-trigger\">\n                                <span class=\"bs-stepper-circle\">2<\/span>\n                            <\/button>\n                        <\/div>\n                        <div class=\"line\"><\/div>\n                        <div class=\"step\" data-target=\"#srm-funnel-3363-3\">\n                            <button type=\"button\" class=\"step-trigger\" role=\"tab\" aria-controls=\"srm-funnel-3363-3\"\n                                    id=\"srm-funnel-3363-3-trigger\">\n                                <span class=\"bs-stepper-circle\">3<\/span>\n                            <\/button>\n                        <\/div>\n                        <div class=\"line\"><\/div>\n                        <div class=\"step\" data-target=\"#srm-funnel-3363-4\">\n                            <button type=\"button\" class=\"step-trigger\" role=\"tab\" aria-controls=\"srm-funnel-3363-4\"\n                                    id=\"srm-funnel-3363-4-trigger\">\n                                <span class=\"bs-stepper-circle\">4<\/span>\n                            <\/button>\n                        <\/div>\n                        <div class=\"line\"><\/div>\n                        <div class=\"step\" data-target=\"#srm-funnel-3363-5\">\n                            <button type=\"button\" class=\"step-trigger\" role=\"tab\" aria-controls=\"srm-funnel-3363-5\"\n                                    id=\"srm-funnel-3363-5-trigger\">\n                                <span class=\"bs-stepper-circle\">5<\/span>\n                            <\/button>\n                        <\/div>\n                    <\/div>\n                <\/div>\n                <div class=\"bs-stepper-content\">\n                    <!-- STEP #1 | Negative or Positive feedback -->\n                    <div id=\"srm-funnel-3363-1\" class=\"bs-stepper-pane active\" role=\"tabpanel\"\n                         aria-labelledby=\"srm-funnel-3363-1-trigger\">\n                        <h3 class=\"srm-funnel-heading\">W\u00fcrden Sie diese Geschmacksrichtung wieder kaufen? Ist Fish Gold mit Wasabi Ihre Lieblingssorte?<\/h3>\n                        <ul id=\"srm-funnel-questions\">\n                            <li id=\"srm-funnel-positive\" title=\"Ja\"\n                                class=\"fas fa-thumbs-up srm-funnel-decision srm-funnel-icon\"><\/li>\n                            <li id=\"srm-funnel-negative\" title=\"NEIN\"\n                                class=\"fas fa-thumbs-down srm-funnel-decision srm-funnel-icon\"><\/li>\n                        <\/ul>\n                    <\/div>\n                    <!-- STEP #2 | Positive Feedback -->\n                    <div id=\"srm-funnel-3363-2\" class=\"bs-stepper-pane\" role=\"tabpanel\"\n                         aria-labelledby=\"srm-funnel-3363-2-trigger\">\n                        <div class=\"srm-funnel-prompt\"><h3>Wunderbar! Geben Sie uns bitte auch 5 Sterne bei Google?<\/h3>... teilen Sie uns bitte Ihre Gedanken mit.<\/div>\n                        <!-- Single or Multiple Destinations? -->\n                        <div class=\"bootstrap-srm\">\n    <button type=\"button\" class=\"btn btn-primary srm-funnel-single-submit\">Hinterlassen Sie eine Google-Rezension<\/button>\n<\/div>                    <\/div>\n                    <!-- STEP #3 | Negative Feedback -->\n                    <div id=\"srm-funnel-3363-3\" class=\"bs-stepper-pane\" role=\"tabpanel\"\n                         aria-labelledby=\"srm-funnel-3363-3-trigger\">\n                        <div class=\"srm-funnel-prompt\">Woran lag es? Zu s\u00fc\u00df? Zu sauer? Zu intensiv? Zu salzig? Oder etwas ganz anderes? \ud83e\udd14 Wie k\u00f6nnen wir es in Zukunft verbessern? Habt ihr Vorschl\u00e4ge f\u00fcr Geschmacks\u00e4nderungen oder neue Geschmacksrichtungen?<\/div>\n                        <form class=\"srm-funnel-form needs-validation\" novalidate onsubmit=\"return false\" action=\"\">\n                            <div class=\"form-group\">\n                                <div class=\"col-sm mb-3\">\n                                    <label for=\"srm-funnel-reviewer-text\">Ihr Feedback *<\/label>\n                                    <textarea class=\"form-control form-control-sm\" id=\"srm-funnel-reviewer-text\"\n                                              required\n placeholder=\"Hinterlassen Sie Ihr Feedback.\"><\/textarea>\n                                    <div class=\"invalid-feedback\">Bitte geben Sie uns Feedback.<\/div>\n                                <\/div>\n                                                                    <div class=\"col-sm mb-3\">\n                                        <label for=\"srm-funnel-reviewer-name\">Vollst\u00e4ndiger Name *<\/label>\n                                        <input type=\"text\" class=\"form-control form-control-sm\"\n                                               required id=\"srm-funnel-reviewer-name\"\n                                               placeholder=\"Ihr Name\">\n                                        <div class=\"invalid-feedback\">Bitte geben Sie Ihren Namen ein.<\/div>\n                                    <\/div>\n                                                                                                    <div class=\"col-sm mb-3\">\n                                        <label for=\"srm-funnel-reviewer-email\">E-Mail-Adresse *<\/label>\n                                        <input type=\"email\" class=\"form-control form-control-sm\"\n                                               required id=\"srm-funnel-reviewer-email\"\n                                               placeholder=\"Ihre E-Mail\">\n                                        <div class=\"invalid-feedback\">Bitte geben Sie eine g\u00fcltige E-Mail-Adresse ein.<\/div>\n                                    <\/div>\n                                                                                                    <div class=\"col-sm mb-3\">\n                                        <label for=\"srm-funnel-reviewer-phone\">Telefonnummer <\/label>\n                                        <input type=\"text\" class=\"form-control form-control-sm\"\n                                                                                              id=\"srm-funnel-reviewer-phone\"\n                                               placeholder=\"Ihr Telefon\">\n                                        <div class=\"invalid-feedback\">Bitte geben Sie Ihre Telefonnummer ein.<\/div>\n                                    <\/div>\n                                                                <!-- CAPTCHA FIELD -->\n<div class=\"col-sm mb-3\">\n    <label for=\"srm-funnel-reviewer-captcha\">Beweise, dass du ein Mensch bist *<\/label>\n    <input type=\"text\"\n           class=\"form-control form-control-sm\"\n           id=\"srm-funnel-reviewer-captcha\"\n           required\n placeholder=\"Geben Sie die angezeigte Nummer ein.\">\n    <div class=\"invalid-feedback\">Falsche Antwort. Versuchen Sie es erneut.<\/div>\n<\/div>\n\n<!-- CAPTCHA Question -->\n<div class=\"col-sm mb-3\">\n    <span id=\"captcha-question\" class=\"fw-bold\"><\/span>\n    <button type=\"button\" id=\"captcha-refresh\" class=\"btn btn-link p-0 ms-2\">\u21bb Aktualisieren<\/button>\n<\/div>\n                                <div class=\"col-sm mb-3\">\n                                                                            <a href=\"javascript:void(0)\" id=\"srm-funnel-feedback-skip\"\n                                           class=\"srm-funnel-link\">M\u00f6gen Sie alle Geschmacksrichtungen gleicherma\u00dfen? Schreiben Sie stattdessen eine Rezension auf Google.<\/a>\n                                                                        <p>\n                                        <button type=\"submit\" class=\"btn btn-primary\"\n                                                id=\"srm-funnel-feedback-submit\">Feedback senden<\/button>\n                                    <\/p>\n                                    <span class=\"srm-funnel-required-indicator\">* kennzeichnet Pflichtfelder<\/span>\n                                <\/div>\n                            <\/div>\n                        <input type=\"hidden\" name=\"trp-form-language\" value=\"de\"\/><\/form>\n                    <\/div>\n                    <!-- STEP #4 | Thank You  -->\n                    <div id=\"srm-funnel-3363-4\" class=\"bs-stepper-pane\" role=\"tabpanel\"\n                         aria-labelledby=\"srm-funnel-3363-4-trigger\">\n                        <div class=\"srm-funnel-prompt\">Vielen Dank f\u00fcr Ihr Feedback. Sie helfen anderen, ihren Lieblingsgeschmack zu finden.<\/div>\n                    <\/div>\n                    <!-- STEP #5 | Skipped Feedback (Disabled Review Gating) -->\n                    <div id=\"srm-funnel-3363-5\" class=\"bs-stepper-pane\" role=\"tabpanel\"\n                         aria-labelledby=\"srm-funnel-3363-5-trigger\">\n                        <div class=\"srm-funnel-prompt\">Schreiben Sie eine Rezension<\/div>\n                        <!-- Single or Multiple Destinations? -->\n                        <div class=\"bootstrap-srm\">\n    <button type=\"button\" class=\"btn btn-primary srm-funnel-single-submit\">Hinterlassen Sie eine Google-Rezension<\/button>\n<\/div>                    <\/div>\n                    <div class=\"srm-funnel-feedback-id\"><\/div>\n                                    <\/div>\n            <\/div>\n        <\/div>\n    <\/div>\n<\/div>\n\t\t\t\t\t\t<\/div>\n\t\t\t\t<\/div>\n\t\t\t\t<div class=\"elementor-element elementor-element-8a593d5 elementor-widget-divider--view-line elementor-widget elementor-widget-divider\" data-id=\"8a593d5\" data-element_type=\"widget\" data-e-type=\"widget\" data-widget_type=\"divider.default\">\n\t\t\t\t<div class=\"elementor-widget-container\">\n\t\t\t\t\t\t\t<div class=\"elementor-divider\">\n\t\t\t<span class=\"elementor-divider-separator\">\n\t\t\t\t\t\t<\/span>\n\t\t<\/div>\n\t\t\t\t\t\t<\/div>\n\t\t\t\t<\/div>\n\t\t\t\t\t<\/div>\n\t\t\t\t<\/div>\n\t\t\t\t<\/div>","protected":false},"excerpt":{"rendered":"<h3>Leicht gesalzener Fisch Gold mit Wasabi 108 g.<\/h3>\n<p>Zutaten: Lachshaut, Wasabi, St\u00e4rke, Speise\u00f6l. Wasabi ist eine Pflanze, die haupts\u00e4chlich in Australien w\u00e4chst. Uns Norwegern ist er wohl am besten im Zusammenhang mit Sushi bekannt. Wasabi verleiht der Lachshaut ein zus\u00e4tzliches Aroma, wie die Kontrollkommission treffend feststellte. Die T\u00fcte wirkt klein. Mehr davon?<\/p>","protected":false},"featured_media":2759,"comment_status":"open","ping_status":"closed","template":"","meta":{"jetpack_publicize_message":"","jetpack_publicize_feature_enabled":true,"jetpack_social_post_already_shared":true,"jetpack_social_options":{"image_generator_settings":{"template":"highway","default_image_id":0,"font":"","enabled":false},"version":2}},"product_brand":[40,38],"product_cat":[35,41],"product_tag":[39,32],"class_list":{"0":"post-2120","1":"product","2":"type-product","3":"status-publish","4":"has-post-thumbnail","6":"product_brand-seafoodnorway","7":"product_brand-fiskegull","8":"product_cat-lettsaltet-fiskesnacks","9":"product_cat-wasabi","10":"product_tag-sunn-snacks","11":"product_tag-wasabi","13":"first","14":"instock","15":"sale","16":"taxable","17":"shipping-taxable","18":"purchasable","19":"product-type-variable","20":"has-default-attributes"},"jetpack_publicize_connections":[],"jetpack-related-posts":[],"jetpack_sharing_enabled":true,"_links":{"self":[{"href":"https:\/\/fiskegull.no\/de\/wp-json\/wp\/v2\/product\/2120","targetHints":{"allow":["GET"]}}],"collection":[{"href":"https:\/\/fiskegull.no\/de\/wp-json\/wp\/v2\/product"}],"about":[{"href":"https:\/\/fiskegull.no\/de\/wp-json\/wp\/v2\/types\/product"}],"replies":[{"embeddable":true,"href":"https:\/\/fiskegull.no\/de\/wp-json\/wp\/v2\/comments?post=2120"}],"version-history":[{"count":4,"href":"https:\/\/fiskegull.no\/de\/wp-json\/wp\/v2\/product\/2120\/revisions"}],"predecessor-version":[{"id":3373,"href":"https:\/\/fiskegull.no\/de\/wp-json\/wp\/v2\/product\/2120\/revisions\/3373"}],"wp:featuredmedia":[{"embeddable":true,"href":"https:\/\/fiskegull.no\/de\/wp-json\/wp\/v2\/media\/2759"}],"wp:attachment":[{"href":"https:\/\/fiskegull.no\/de\/wp-json\/wp\/v2\/media?parent=2120"}],"wp:term":[{"taxonomy":"product_brand","embeddable":true,"href":"https:\/\/fiskegull.no\/de\/wp-json\/wp\/v2\/product_brand?post=2120"},{"taxonomy":"product_cat","embeddable":true,"href":"https:\/\/fiskegull.no\/de\/wp-json\/wp\/v2\/product_cat?post=2120"},{"taxonomy":"product_tag","embeddable":true,"href":"https:\/\/fiskegull.no\/de\/wp-json\/wp\/v2\/product_tag?post=2120"}],"curies":[{"name":"wp","href":"https:\/\/api.w.org\/{rel}","templated":true}]}}