{"id":9,"date":"2024-05-22T21:22:39","date_gmt":"2024-05-22T19:22:39","guid":{"rendered":"https:\/\/fb8feff000.nxcli.io\/?page_id=9"},"modified":"2024-05-31T16:13:10","modified_gmt":"2024-05-31T14:13:10","slug":"laksechips","status":"publish","type":"page","link":"https:\/\/fiskegull.no\/de\/laksechips\/","title":{"rendered":"Laksechips"},"content":{"rendered":"\t\t<div data-elementor-type=\"wp-post\" data-elementor-id=\"9\" class=\"elementor elementor-9\" data-elementor-post-type=\"page\">\n\t\t\t\t<div class=\"elementor-element elementor-element-81e07ef e-flex e-con-boxed e-con e-parent\" data-id=\"81e07ef\" data-element_type=\"container\" data-e-type=\"container\">\n\t\t\t\t\t<div class=\"e-con-inner\">\n\t\t\t\t<div class=\"elementor-element elementor-element-468e3f6 elementor-widget elementor-widget-heading\" data-id=\"468e3f6\" data-element_type=\"widget\" data-e-type=\"widget\" data-widget_type=\"heading.default\">\n\t\t\t\t<div class=\"elementor-widget-container\">\n\t\t\t\t\t<h2 class=\"elementor-heading-title elementor-size-default\">Laksechips<\/h2>\t\t\t\t<\/div>\n\t\t\t\t<\/div>\n\t\t\t\t\t<\/div>\n\t\t\t\t<\/div>\n\t\t<div class=\"elementor-element elementor-element-4e794e3 e-flex e-con-boxed e-con e-parent\" data-id=\"4e794e3\" data-element_type=\"container\" data-e-type=\"container\">\n\t\t\t\t\t<div class=\"e-con-inner\">\n\t\t\t\t<div class=\"elementor-element elementor-element-5c01f2c elementor-widget elementor-widget-image\" data-id=\"5c01f2c\" data-element_type=\"widget\" data-e-type=\"widget\" data-widget_type=\"image.default\">\n\t\t\t\t<div class=\"elementor-widget-container\">\n\t\t\t\t\t\t\t\t\t\t\t\t<figure class=\"wp-caption\">\n\t\t\t\t\t\t\t\t\t\t<img fetchpriority=\"high\" decoding=\"async\" width=\"800\" height=\"330\" src=\"https:\/\/eadn-wc02-16313031.nxedge.io\/wp-content\/uploads\/2024\/05\/Laksechips-1024x422.png\" class=\"attachment-large size-large wp-image-1517\" alt=\"Laksechips\" srcset=\"https:\/\/eadn-wc02-16313031.nxedge.io\/wp-content\/uploads\/2024\/05\/Laksechips-1024x422.png 1024w, https:\/\/eadn-wc02-16313031.nxedge.io\/wp-content\/uploads\/2024\/05\/Laksechips-600x248.png 600w, https:\/\/eadn-wc02-16313031.nxedge.io\/wp-content\/uploads\/2024\/05\/Laksechips-300x124.png 300w, https:\/\/eadn-wc02-16313031.nxedge.io\/wp-content\/uploads\/2024\/05\/Laksechips-768x317.png 768w, https:\/\/eadn-wc02-16313031.nxedge.io\/wp-content\/uploads\/2024\/05\/Laksechips-1536x634.png 1536w, https:\/\/eadn-wc02-16313031.nxedge.io\/wp-content\/uploads\/2024\/05\/Laksechips-1320x545.png 1320w, https:\/\/eadn-wc02-16313031.nxedge.io\/wp-content\/uploads\/2024\/05\/Laksechips.png 1813w\" sizes=\"(max-width: 800px) 100vw, 800px\" \/>\t\t\t\t\t\t\t\t\t\t\t<figcaption class=\"widget-image-caption wp-caption-text\">Laksechips<\/figcaption>\n\t\t\t\t\t\t\t\t\t\t<\/figure>\n\t\t\t\t\t\t\t\t\t<\/div>\n\t\t\t\t<\/div>\n\t\t\t\t\t<\/div>\n\t\t\t\t<\/div>\n\t\t<div class=\"elementor-element elementor-element-6e358a4 e-flex e-con-boxed e-con e-parent\" data-id=\"6e358a4\" data-element_type=\"container\" data-e-type=\"container\">\n\t\t\t\t\t<div class=\"e-con-inner\">\n\t\t\t\t<div class=\"elementor-element elementor-element-93119a6 elementor-widget elementor-widget-text-editor\" data-id=\"93119a6\" data-element_type=\"widget\" data-e-type=\"widget\" data-widget_type=\"text-editor.default\">\n\t\t\t\t<div class=\"elementor-widget-container\">\n\t\t\t\t\t\t\t\t\t<div class=\"flex-shrink-0 flex flex-col relative items-end\"><div><div class=\"pt-0.5 juice:pt-0\"><div class=\"gizmo-bot-avatar flex h-6 w-6 items-center justify-center overflow-hidden rounded-full juice:h-8 juice:w-8\"><div class=\"relative p-1 rounded-sm flex items-center justify-center bg-token-main-surface-primary text-token-text-primary h-8 w-8\">\u00a0<\/div><\/div><\/div><\/div><\/div><div class=\"group\/conversation-turn relative flex w-full min-w-0 flex-col agent-turn\"><div class=\"flex-col gap-1 md:gap-3\"><div class=\"flex flex-grow flex-col max-w-full\"><div class=\"min-h-[20px] text-message flex flex-col items-start whitespace-pre-wrap break-words [.text-message+&amp;]:mt-5 juice:w-full juice:items-end overflow-x-auto gap-2\" dir=\"auto\" data-message-author-role=\"assistant\" data-message-id=\"1f4dd938-600b-4b8e-a175-847dd0160c75\"><div class=\"flex w-full flex-col gap-1 juice:empty:hidden juice:first:pt-[3px]\"><div class=\"markdown prose w-full break-words dark:prose-invert light\"><h3>Fiskegull: Deilig og Sunn Snacks fra Havet!<\/h3><p><strong>Produksjonsprosess og Utvikling:<\/strong> Vi i Fiskegull har brukt mye tid p\u00e5 pr\u00f8veproduksjon og testing av ulike smaker for \u00e5 sikre at v\u00e5r fiskesnacks er spr\u00f8 og smaker likt hver gang. N\u00e5 er vi i gang med en emisjonsrunde for \u00e5 starte salget og bringe v\u00e5r deilige chips ut til forbrukerne.<\/p><p><strong>Smaksvarianter:<\/strong><\/p><ul><li><strong>Lettsaltet Fiskegull<\/strong><\/li><li><strong>Fiskegull med Eggeplomme<\/strong><\/li><li><strong>Under Utvikling:<\/strong><ul><li><strong>Fiskegull med Wasabi<\/strong><\/li><li><strong>Fiskegull med Traneb\u00e6r<\/strong><\/li><\/ul><\/li><\/ul><p><strong>B\u00e6rekraft og Ern\u00e6ring:<\/strong> V\u00e5re produkter er laget av b\u00e6rekraftig dyrket lakseskinn, som er b\u00e5de deilig og n\u00e6ringsrikt. Lakseskinn er rikt p\u00e5 proteiner, vitamin B og D, mineraler som niacin og fosfor, samt omega-3-fettsyrer. Disse n\u00e6ringsstoffene stimulerer hjernen, st\u00f8tter hjertet og beskytter nervesystemet.<\/p><p><strong>Fordeler ved \u00e5 bruke hele fisken:<\/strong> N\u00e5r laksen vi spiser er h\u00f8stet p\u00e5 en etisk, ren, sporbar og b\u00e6rekraftig m\u00e5te, er det viktig \u00e5 bruke s\u00e5 mange deler av fisken som mulig. Tilberedt riktig, er lakseskinn en ern\u00e6ringsbombe med en herlig tekstur.<\/p><p><strong>Barn og Familier:<\/strong> Laksechips er en flott introduksjon for barn til den rike kulinariske verdenen av lakseskinn. Disse snacksene er laget av 100 % luftt\u00f8rket laks, og er et h\u00f8ykvalitetsprotein fullpakket med nyttige omega-3-fettsyrer som hjelper til med generell helse.<\/p><p><strong>Naturlig Variasjon:<\/strong> V\u00e6r oppmerksom p\u00e5 at dette er et naturprodukt, s\u00e5 farge og st\u00f8rrelse kan variere litt.<\/p><p><strong>Bruksm\u00e5ter:<\/strong> Laksechips er utrolig spr\u00f8 og deilig, og kan brukes som en sunn sj\u00f8matsnacks, sm\u00f8rbr\u00f8dtilsetning eller salattopping. Dette &#8220;sj\u00f8matbaconet&#8221; er en flott vri p\u00e5 bacon og egg for en pescatarisk frokost. Produktet er naturlig glutenfritt og en fin m\u00e5te \u00e5 redusere matsvinn p\u00e5. Det er enkelt \u00e5 lage og tar bare noen f\u00e5 minutter.<\/p><p><strong>Sammendrag:<\/strong> Fiskegull er ikke bare en velsmakende snacks, men ogs\u00e5 et b\u00e6rekraftig og n\u00e6ringsrikt valg for hele familien. Med flere smaksvarianter under utvikling, jobber vi hardt for \u00e5 bringe dere den beste fiskechipsen, som vil bli familiens nye favorittmatbit!<\/p><\/div><\/div><\/div><\/div><\/div><\/div>\t\t\t\t\t\t\t\t<\/div>\n\t\t\t\t<\/div>\n\t\t\t\t<div class=\"elementor-element elementor-element-5ec780c elementor-widget elementor-widget-image\" data-id=\"5ec780c\" data-element_type=\"widget\" data-e-type=\"widget\" data-widget_type=\"image.default\">\n\t\t\t\t<div class=\"elementor-widget-container\">\n\t\t\t\t\t\t\t\t\t\t\t\t<figure class=\"wp-caption\">\n\t\t\t\t\t\t\t\t\t\t<img decoding=\"async\" width=\"2500\" height=\"1668\" src=\"https:\/\/eadn-wc02-16313031.nxedge.io\/wp-content\/uploads\/2024\/05\/Laksechips.jpg\" class=\"attachment-full size-full wp-image-1518\" alt=\"Laksechips\" srcset=\"https:\/\/eadn-wc02-16313031.nxedge.io\/wp-content\/uploads\/2024\/05\/Laksechips.jpg 2500w, https:\/\/eadn-wc02-16313031.nxedge.io\/wp-content\/uploads\/2024\/05\/Laksechips-600x400.jpg 600w, https:\/\/eadn-wc02-16313031.nxedge.io\/wp-content\/uploads\/2024\/05\/Laksechips-300x200.jpg 300w, https:\/\/eadn-wc02-16313031.nxedge.io\/wp-content\/uploads\/2024\/05\/Laksechips-1024x683.jpg 1024w, https:\/\/eadn-wc02-16313031.nxedge.io\/wp-content\/uploads\/2024\/05\/Laksechips-768x512.jpg 768w, https:\/\/eadn-wc02-16313031.nxedge.io\/wp-content\/uploads\/2024\/05\/Laksechips-1536x1025.jpg 1536w, https:\/\/eadn-wc02-16313031.nxedge.io\/wp-content\/uploads\/2024\/05\/Laksechips-2048x1366.jpg 2048w, https:\/\/eadn-wc02-16313031.nxedge.io\/wp-content\/uploads\/2024\/05\/Laksechips-1320x881.jpg 1320w\" sizes=\"(max-width: 2500px) 100vw, 2500px\" \/>\t\t\t\t\t\t\t\t\t\t\t<figcaption class=\"widget-image-caption wp-caption-text\">Laksechips<\/figcaption>\n\t\t\t\t\t\t\t\t\t\t<\/figure>\n\t\t\t\t\t\t\t\t\t<\/div>\n\t\t\t\t<\/div>\n\t\t\t\t\t<\/div>\n\t\t\t\t<\/div>\n\t\t\t\t<\/div>\n\t\t","protected":false},"excerpt":{"rendered":"<p>Laksechips Laksechips \u00a0 Fiskegull: Deilig og Sunn Snacks fra Havet! Produksjonsprosess og Utvikling: Vi i Fiskegull har brukt mye tid p\u00e5 pr\u00f8veproduksjon og testing av ulike smaker for \u00e5 sikre at v\u00e5r fiskesnacks er spr\u00f8 og smaker likt hver gang. N\u00e5 er vi i gang med en emisjonsrunde for \u00e5 starte salget og bringe v\u00e5r [&hellip;]<\/p>\n","protected":false},"author":1,"featured_media":0,"parent":0,"menu_order":0,"comment_status":"closed","ping_status":"closed","template":"","meta":{"footnotes":""},"class_list":["post-9","page","type-page","status-publish","hentry"],"jetpack-related-posts":[],"jetpack_sharing_enabled":true,"_links":{"self":[{"href":"https:\/\/fiskegull.no\/de\/wp-json\/wp\/v2\/pages\/9","targetHints":{"allow":["GET"]}}],"collection":[{"href":"https:\/\/fiskegull.no\/de\/wp-json\/wp\/v2\/pages"}],"about":[{"href":"https:\/\/fiskegull.no\/de\/wp-json\/wp\/v2\/types\/page"}],"author":[{"embeddable":true,"href":"https:\/\/fiskegull.no\/de\/wp-json\/wp\/v2\/users\/1"}],"replies":[{"embeddable":true,"href":"https:\/\/fiskegull.no\/de\/wp-json\/wp\/v2\/comments?post=9"}],"version-history":[{"count":0,"href":"https:\/\/fiskegull.no\/de\/wp-json\/wp\/v2\/pages\/9\/revisions"}],"wp:attachment":[{"href":"https:\/\/fiskegull.no\/de\/wp-json\/wp\/v2\/media?parent=9"}],"curies":[{"name":"wp","href":"https:\/\/api.w.org\/{rel}","templated":true}]}}