{"id":2463,"date":"2025-01-03T10:51:48","date_gmt":"2025-01-03T09:51:48","guid":{"rendered":"https:\/\/fb8feff000.nxcli.io\/?page_id=2463"},"modified":"2026-02-22T22:33:14","modified_gmt":"2026-02-22T21:33:14","slug":"betingelser","status":"publish","type":"page","link":"https:\/\/fiskegull.no\/de\/betingelser\/","title":{"rendered":"Bedingungen"},"content":{"rendered":"<div data-elementor-type=\"wp-page\" data-elementor-id=\"2463\" class=\"elementor elementor-2463\" data-elementor-post-type=\"page\">\n\t\t\t\t<div class=\"elementor-element elementor-element-619422d e-flex e-con-boxed e-con e-parent\" data-id=\"619422d\" data-element_type=\"container\" data-e-type=\"container\">\n\t\t\t\t\t<div class=\"e-con-inner\">\n\t\t\t\t<div class=\"elementor-element elementor-element-3c982209 elementor-widget elementor-widget-text-editor\" data-id=\"3c982209\" data-element_type=\"widget\" data-e-type=\"widget\" data-widget_type=\"text-editor.default\">\n\t\t\t\t<div class=\"elementor-widget-container\">\n\t\t\t\t\t\t\t\t\t<h2 data-pm-slice=\"1 1 []\">Verkaufsbedingungen von Fiskegull AS \u2013 Sicherer Online-Einkauf von Fischsnacks<\/h2>\n<p>Willkommen bei Fiskegull! Hier finden Sie unsere vollst\u00e4ndigen Gesch\u00e4ftsbedingungen f\u00fcr den Kauf von Fischsnacks, Fischleckereien und anderen Produkten in unserem Online-Shop. Diese Gesch\u00e4ftsbedingungen sichern Ihre Rechte als Verbraucher beim Online-Shopping.<\/p>\n<h2>Ihre Rechte beim Online-Kauf von Fischsnacks<\/h2>\n<p>Dieser Kauf unterliegt dem norwegischen Verbraucherrecht, insbesondere dem Vertragsgesetz, dem Verbraucherkaufgesetz, dem Marketinggesetz, dem Widerrufsrechtgesetz und dem E-Commerce-Gesetz. Diese Gesetze gew\u00e4hren Ihnen als Verbraucher starke Rechte beim Online-Kauf von Lebensmitteln und Snacks.<\/p>\n<p>Die Verkaufsbedingungen wurden gem\u00e4\u00df den Empfehlungen der norwegischen Verbraucherschutzbeh\u00f6rde erstellt und gew\u00e4hrleisten einen sicheren Handel. Lesen Sie mehr \u00fcber Ihre Rechte unter <a class=\"text-blue-600 underline hover:text-blue-800 transition-colors\" href=\"https:\/\/www.forbrukertilsynet.no\" target=\"_blank\" rel=\"noopener noreferrer nofollow\">Die Website der Verbraucherschutzbeh\u00f6rde<\/a>.<\/p>\n<h2>1. Was umfasst die Vereinbarung?<\/h2>\n<p>Wenn Sie bei Fiskegull Fischsnacks kaufen, gilt folgende Vereinbarung:<\/p>\n<ul>\n<li>\n<p>Diese Verkaufsbedingungen<\/p>\n<\/li>\n<li>\n<p>Die in der Bestelll\u00f6sung enthaltenen Informationen<\/p>\n<\/li>\n<li>\n<p>Alle separat vereinbarten Bedingungen<\/p>\n<\/li>\n<\/ul>\n<p>Im Falle eines Widerspruchs hat die gesonderte Vereinbarung Vorrang, sofern sie nicht gegen zwingende Rechtsvorschriften verst\u00f6\u00dft. Die Vereinbarung wird durch die einschl\u00e4gigen gesetzlichen Bestimmungen f\u00fcr Verbraucherk\u00e4ufe erg\u00e4nzt.<\/p>\n<h2>2. Kontaktinformationen<\/h2>\n<p><strong>Verk\u00e4ufer:<\/strong><\/p>\n<ul>\n<li>\n<p>Firmenname: FISKEGULL AS<\/p>\n<\/li>\n<li>\n<p>Adresse: Titanveien 3D, 3154 Tolvsr\u00f8d<\/p>\n<\/li>\n<li>\n<p>E-Mail: <a class=\"text-blue-600 underline hover:text-blue-800 transition-colors\" href=\"mailto:post@fiskegull.no\" target=\"_blank\" rel=\"noopener noreferrer nofollow\">post@fiskegull.no<\/a><\/p>\n<\/li>\n<li>\n<p>Telefon: 93036228<\/p>\n<\/li>\n<li>\n<p>Organisationsnummer: 923365974<\/p>\n<\/li>\n<\/ul>\n<p><strong>K\u00e4ufer:<\/strong> Der Kunde, der die Bestellung in unserem Online-Shop aufgibt.<\/p>\n<h2>3. Preise f\u00fcr Fischsnacks und -produkte<\/h2>\n<p>Alle Preise in unserem Online-Shop sind in NOK angegeben und beinhalten:<\/p>\n<ul>\n<li>\n<p>Mehrwertsteuer (MwSt.)<\/p>\n<\/li>\n<li>\n<p>Alle Geb\u00fchren<\/p>\n<\/li>\n<li>\n<p>Zus\u00e4tzliche Kosten<\/p>\n<\/li>\n<\/ul>\n<p>Der angezeigte Gesamtpreis ist der Endpreis. Versandkosten werden Ihnen vor Abschluss des Kaufs deutlich angezeigt. Sie zahlen keine Kosten, \u00fcber die wir Sie vor dem Kauf nicht informiert haben.<\/p>\n<h2>4. Wann ist der Kaufvertrag verbindlich?<\/h2>\n<p>Die Vereinbarung ist f\u00fcr beide Parteien bindend, sobald Sie Ihre Bestellung an uns gesendet haben.<\/p>\n<p><strong>Ausnahme:<\/strong> Im Falle offensichtlicher Tippfehler in Preis- oder Produktinformationen ist die Vereinbarung nicht bindend, wenn die andere Partei den Fehler bemerkt hat oder h\u00e4tte bemerken m\u00fcssen.<\/p>\n<h2>5. Zahlungsalternativen<\/h2>\n<p>Wir bieten Ihnen folgende Zahlungsmethoden f\u00fcr Ihre Fischsnacks an:<\/p>\n<p><strong>Karte (Visa\/Mastercard\/Vipps):<\/strong><\/p>\n<ul>\n<li>\n<p>Der Kaufpreis wird mit der Bestellung reserviert.<\/p>\n<\/li>\n<li>\n<p>Die Karte wird belastet, sobald der Artikel versendet wird.<\/p>\n<\/li>\n<\/ul>\n<p><strong>Rechnung:<\/strong><\/p>\n<ul>\n<li>\n<p>Die Rechnung wird nach dem Versand ausgestellt.<\/p>\n<\/li>\n<li>\n<p>Zahlungsfrist: Mindestens 14 Tage ab Zahlungseingang<\/p>\n<\/li>\n<li>\n<p>Nicht verf\u00fcgbar f\u00fcr K\u00e4ufer unter 18 Jahren.<\/p>\n<\/li>\n<\/ul>\n<p>Wir behalten uns vor, die Zahlung ab dem Zeitpunkt des Versands der Ware zu verlangen.<\/p>\n<h2>6. Lieferung von Fischsnacks<\/h2>\n<p><strong>Lieferzeit:<\/strong><\/p>\n<ul>\n<li>\n<p>Normalerweise 2-5 Werktage nach Bestellung<\/p>\n<\/li>\n<li>\n<p>Maximal 30 Tage, sofern nichts anderes vereinbart ist<\/p>\n<\/li>\n<\/ul>\n<p><strong>Lieferort:<\/strong> An die von Ihnen angegebene Adresse, sofern nichts anderes vereinbart ist.<\/p>\n<p><strong>Wann erfolgt die Lieferung?<\/strong> Wenn Sie oder Ihr Vertreter die Packung mit den Fischsnacks \u00fcbernommen haben.<\/p>\n<h2>7. Verantwortung f\u00fcr die G\u00fcter w\u00e4hrend des Transports<\/h2>\n<p>Die Gefahr f\u00fcr die Ware geht auf Sie \u00fcber, sobald Sie oder Ihr Vertreter die Lieferung entgegengenommen haben. Bis dahin tragen wir die Verantwortung f\u00fcr die Produkte.<\/p>\n<h2>8. Widerrufsrecht \u2013 14-t\u00e4giges R\u00fcckgaberecht<\/h2>\n<p>Du hast <strong>14-t\u00e4giges Widerrufsrecht<\/strong> beim Kauf von Fischsnacks und anderen Waren von Fiskegull.<\/p>\n<h3>So nutzen Sie Ihr Widerrufsrecht:<\/h3>\n<p><strong>Stornierungsfrist:<\/strong><\/p>\n<ul>\n<li>\n<p>14 Tage ab dem Datum, an dem Sie den Artikel erhalten haben<\/p>\n<\/li>\n<li>\n<p>Beinhaltet alle Kalendertage<\/p>\n<\/li>\n<li>\n<p>Die Benachrichtigung muss vor Ablauf der Frist versendet werden.<\/p>\n<\/li>\n<\/ul>\n<p><strong>Wie man ein Widerrufsrecht meldet:<\/strong> Nachricht senden an <a class=\"text-blue-600 underline hover:text-blue-800 transition-colors\" href=\"mailto:post@fiskegull.no\" target=\"_blank\" rel=\"noopener noreferrer nofollow\">post@fiskegull.no<\/a> mit:<\/p>\n<ul>\n<li>\n<p>Bestellnummer<\/p>\n<\/li>\n<li>\n<p>Welche Artikel bereust du?<\/p>\n<\/li>\n<li>\n<p>R\u00fcckerstattung beantragt<\/p>\n<\/li>\n<\/ul>\n<p><strong>Zur\u00fcckkehren:<\/strong><\/p>\n<ul>\n<li>\n<p>Der Artikel muss ohne unangemessene Verz\u00f6gerung, sp\u00e4testens jedoch 14 Tage nach Benachrichtigung, zur\u00fcckgesendet werden.<\/p>\n<\/li>\n<li>\n<p>Sie tragen die R\u00fccksendekosten.<\/p>\n<\/li>\n<li>\n<p>Senden an: Fiskegull AS, Titanveien 3D, 3154 Tolvsr\u00f8d<\/p>\n<\/li>\n<\/ul>\n<p><strong>Artikelzustand:<\/strong><\/p>\n<ul>\n<li>\n<p>Sie k\u00f6nnen das Produkt sorgf\u00e4ltig testen, um die Qualit\u00e4t zu beurteilen.<\/p>\n<\/li>\n<li>\n<p>Der Artikel muss im Wesentlichen im gleichen Zustand zur\u00fcckgegeben werden.<\/p>\n<\/li>\n<li>\n<p>Normale Tests beeintr\u00e4chtigen das Widerrufsrecht nicht.<\/p>\n<\/li>\n<li>\n<p>Unge\u00f6ffnete Packungen mit Fischsnacks werden in ihrer Originalverpackung zur\u00fcckgeschickt.<\/p>\n<\/li>\n<\/ul>\n<p><strong>Erstattung:<\/strong> Wir erstatten Ihnen den Kaufpreis innerhalb von 14 Tagen nach Erhalt der R\u00fccksendung oder des Versandnachweises.<\/p>\n<h3>Verl\u00e4ngerte Stornierungsfrist:<\/h3>\n<p>Wenn wir Sie vor dem Kauf nicht \u00fcber Ihr Widerrufsrecht informiert haben, verl\u00e4ngert sich die Frist auf 12 Monate. Sollten wir Sie innerhalb dieser 12 Monate \u00fcber Ihr Widerrufsrecht informieren, haben Sie ab dem Zeitpunkt des Erhalts der Information 14 Tage Zeit, vom Widerruf Gebrauch zu machen.<\/p>\n<h2>9. Lieferverz\u00f6gerung \u2013 Ihre Rechte<\/h2>\n<p>Wenn wir die Fischsnacks oder andere Waren nicht zum vereinbarten Zeitpunkt liefern und dies nicht auf Ihr Verschulden zur\u00fcckzuf\u00fchren ist, haben Sie folgende Rechte:<\/p>\n<p><strong>Erf\u00fcllung:<\/strong><\/p>\n<ul>\n<li>\n<p>Sie k\u00f6nnen die Lieferung des Artikels anfordern.<\/p>\n<\/li>\n<li>\n<p>Setzen Sie eine angemessene Verl\u00e4ngerungsfrist.<\/p>\n<\/li>\n<\/ul>\n<p><strong>Aufzucht:<\/strong><\/p>\n<ul>\n<li>\n<p>Falls wir innerhalb der zus\u00e4tzlichen Frist nicht liefern, k\u00f6nnen Sie Ihre Bestellung stornieren.<\/p>\n<\/li>\n<li>\n<p>Bei sofortiger Stornierung, falls wir die Lieferung verweigern<\/p>\n<\/li>\n<li>\n<p>Wenn die Lieferzeit f\u00fcr den Kauf entscheidend war<\/p>\n<\/li>\n<\/ul>\n<p><strong>Entsch\u00e4digung:<\/strong> Sie k\u00f6nnen Schadensersatz f\u00fcr Verluste geltend machen, die durch die Verz\u00f6gerung entstanden sind, es sei denn, die Verz\u00f6gerung beruht auf Umst\u00e4nden, die au\u00dferhalb unserer Kontrolle liegen.<\/p>\n<h2>10. Reklamationen im Falle von M\u00e4ngeln<\/h2>\n<h3>Beschwerdefrist f\u00fcr Lebensmittel:<\/h3>\n<ul>\n<li>\n<p><strong>2 Monate<\/strong> ab dem Zeitpunkt, an dem Sie den Mangel entdeckt haben oder h\u00e4tten entdecken m\u00fcssen<\/p>\n<\/li>\n<li>\n<p><strong>2 Jahre<\/strong> ab dem Zeitpunkt des Warenerhalts (allgemeine Reklamationsfrist)<\/p>\n<\/li>\n<li>\n<p>F\u00fcr Lebensmittel gilt auch das Verfallsdatum.<\/p>\n<\/li>\n<\/ul>\n<h3>Ihre Rechte im Falle eines Mangels:<\/h3>\n<p><strong>Korrektur oder Wiedereinreichung:<\/strong> Sie k\u00f6nnen w\u00e4hlen, ob der Mangel behoben werden soll oder ob Sie ein gleichwertiges Produkt erhalten. Wir behalten uns das Recht vor, Einspruch zu erheben, falls dies unm\u00f6glich oder unverh\u00e4ltnism\u00e4\u00dfig teuer ist.<\/p>\n<p><strong>Preisreduzierung:<\/strong> Wird der Artikel nicht repariert oder ersetzt, k\u00f6nnen Sie eine Preisminderung in H\u00f6he der Wertminderung geltend machen.<\/p>\n<p><strong>Aufzucht:<\/strong> Im Falle eines erheblichen Mangels k\u00f6nnen Sie den Kauf stornieren, wenn der Artikel nicht repariert oder ersetzt wird.<\/p>\n<p><strong>So werben Sie:<\/strong> Senden Sie eine E-Mail an <a class=\"text-blue-600 underline hover:text-blue-800 transition-colors\" href=\"mailto:post@fiskegull.no\" target=\"_blank\" rel=\"noopener noreferrer nofollow\">post@fiskegull.no<\/a> mit:<\/p>\n<ul>\n<li>\n<p>Bestellnummer<\/p>\n<\/li>\n<li>\n<p>Beschreibung des Mangels<\/p>\n<\/li>\n<li>\n<p>Bilder, falls relevant<\/p>\n<\/li>\n<li>\n<p>Ablaufdatum auf dem Produkt<\/p>\n<\/li>\n<li>\n<p>Gew\u00fcnschte L\u00f6sung<\/p>\n<\/li>\n<\/ul>\n<h2>11. Unsere Rechte im Falle des Zahlungsverzugs<\/h2>\n<p>Wenn Sie nicht zahlen oder Ihren Verpflichtungen nicht nachkommen, k\u00f6nnen wir:<\/p>\n<p><strong>Erf\u00fcllung:<\/strong> Sie werden aufgefordert, den Kaufpreis zu zahlen<\/p>\n<p><strong>Aufzucht:<\/strong> Bei erheblichem Zahlungsverzug wird der Vertrag gek\u00fcndigt.<\/p>\n<p><strong>Verzugszinsen:<\/strong> Bei versp\u00e4teter Zahlung werden Zinsen gem\u00e4\u00df dem Gesetz \u00fcber Verzugszinsen verlangt.<\/p>\n<p><strong>Inkasso:<\/strong> Senden Sie die Forderung nach vorheriger Benachrichtigung an ein Inkassob\u00fcro.<\/p>\n<p><strong>Geb\u00fchr f\u00fcr nicht abgeholte Waren:<\/strong> Wir berechnen Ihnen die tats\u00e4chlich entstandenen Kosten, wenn Sie die bestellten Artikel nicht abholen (gilt nicht f\u00fcr K\u00e4ufer unter 18 Jahren).<\/p>\n<h2>12. Gew\u00e4hrleistung f\u00fcr Produkte<\/h2>\n<p>Jegliche Garantien von uns oder dem Hersteller gelten zus\u00e4tzlich zu Ihren gesetzlichen Rechten. Die Garantie schr\u00e4nkt Ihr Recht auf Anspr\u00fcche wegen Lieferverz\u00f6gerung oder M\u00e4ngeln nicht ein.<\/p>\n<h2>13. Datenschutz und Verarbeitung personenbezogener Daten<\/h2>\n<p>Fiskegull AS ist der Verantwortliche f\u00fcr Ihre personenbezogenen Daten.<\/p>\n<p><strong>Was sammeln wir?<\/strong><\/p>\n<ul>\n<li>\n<p>Name, Adresse und Kontaktdaten<\/p>\n<\/li>\n<li>\n<p>Bestellinformationen<\/p>\n<\/li>\n<li>\n<p>Nur das, was zum Abschluss des Kaufs notwendig ist<\/p>\n<\/li>\n<\/ul>\n<p><strong>Ihre Rechte:<\/strong> Wir halten uns an die Datenschutz-Grundverordnung (DSGVO). Ihre Daten werden nur dann weitergegeben, wenn dies zur Vertragserf\u00fcllung erforderlich oder gesetzlich vorgeschrieben ist.<\/p>\n<p>Weitere Informationen finden Sie in unserer vollst\u00e4ndigen Datenschutzerkl\u00e4rung.<\/p>\n<h2>14. Beschwerden und Streitbeilegung<\/h2>\n<p><strong>Nehmen Sie zuerst Kontakt mit uns auf:<\/strong> Sollten Sie Probleme mit Ihrer Bestellung von Fischsnacks haben, kontaktieren Sie uns bitte unter <a class=\"text-blue-600 underline hover:text-blue-800 transition-colors\" href=\"mailto:post@fiskegull.no\" target=\"_blank\" rel=\"noopener noreferrer nofollow\">post@fiskegull.no<\/a> Oder rufen Sie uns unter 93036228 an. Wir l\u00f6sen die meisten F\u00e4lle schnell und unkompliziert.<\/p>\n<p><strong>Der Verbraucherrat:<\/strong> Sollten wir keine Einigung erzielen, k\u00f6nnen Sie sich zur kostenlosen Vermittlung an den Norwegischen Verbraucherrat wenden:<\/p>\n<ul>\n<li>\n<p>Telefon: 23 400 500<\/p>\n<\/li>\n<li>\n<p>Webseite: <a class=\"text-blue-600 underline hover:text-blue-800 transition-colors\" href=\"http:\/\/www.forbrukerradet.no\" target=\"_blank\" rel=\"noopener noreferrer nofollow\">www.forbrukerradet.no<\/a><\/p>\n<\/li>\n<\/ul>\n<p><strong>EU-Beschwerdeportal:<\/strong> F\u00fcr Verbraucher mit Wohnsitz in anderen EU-L\u00e4ndern: <a class=\"text-blue-600 underline hover:text-blue-800 transition-colors\" href=\"http:\/\/ec.europa.eu\/odr\" target=\"_blank\" rel=\"noopener noreferrer nofollow\">http:\/\/ec.europa.eu\/odr<\/a><\/p>\n<hr \/>\n<h2>H\u00e4ufig gestellte Fragen zum Kauf von Fischsnacks<\/h2>\n<p><strong>Wie lange ist die Lieferzeit f\u00fcr Fischsnacks von Fiskegull?<\/strong> Normalerweise 2-5 Werktage innerhalb Norwegens.<\/p>\n<p><strong>Kann ich ge\u00f6ffnete Packungen Fischsnacks zur\u00fcckgeben?<\/strong> Ja, innerhalb der 14-t\u00e4gigen Widerrufsfrist, sofern sich der Artikel in im Wesentlichen gleichem Zustand befindet und sicher zur\u00fcckgesendet werden kann.<\/p>\n<p><strong>Wie hoch sind die Versandkosten f\u00fcr Fischsnacks?<\/strong> Die Versandkosten werden Ihnen im Bestellprozess vor Abschluss Ihres Kaufs deutlich angezeigt.<\/p>\n<p><strong>Wie lange darf ich f\u00fcr Lebensmittel werben?<\/strong> 2 Jahre ab Erhalt des Artikels. Bei Lebensmitteln gilt zus\u00e4tzlich das Verfallsdatum.<\/p>\n<p><strong>Sind Fischsnacks von Fiskegull f\u00fcr Allergiker geeignet?<\/strong> Informationen zu Allergenen finden Sie in der Produktinformation. Bei Fragen zu Allergenen kontaktieren Sie uns bitte.<\/p>\n<p><strong>Wie werden Fischsnacks gelagert?<\/strong> F\u00fcr optimale Qualit\u00e4t und Haltbarkeit beachten Sie bitte die Lagerungshinweise auf der Produktverpackung.<\/p>\n<hr \/>\n<p><em>Letzte Aktualisierung: November 2025<\/em><\/p>\n<p><strong>Kontaktieren Sie Fiskegull AS:<\/strong> E-Mail: <a class=\"text-blue-600 underline hover:text-blue-800 transition-colors\" href=\"mailto:post@fiskegull.no\" target=\"_blank\" rel=\"noopener noreferrer nofollow\">post@fiskegull.no<\/a> | Telefon: 93036228 | Adresse: Titanveien 3D, 3154 Tolvsr\u00f8d<\/p>\n<p><strong>Fischsnacks sicher online kaufen<\/strong> \u2013 Wir liefern gesunde und schmackhafte Fischprodukte in ganz Norwegen.<\/p>\t\t\t\t\t\t\t\t<\/div>\n\t\t\t\t<\/div>\n\t\t\t\t<div class=\"elementor-element elementor-element-7d3f065 elementor-widget elementor-widget-image\" data-id=\"7d3f065\" data-element_type=\"widget\" data-e-type=\"widget\" data-widget_type=\"image.default\">\n\t\t\t\t<div class=\"elementor-widget-container\">\n\t\t\t\t\t\t\t\t\t\t\t\t<figure class=\"wp-caption\">\n\t\t\t\t\t\t\t\t\t\t<img fetchpriority=\"high\" decoding=\"async\" width=\"1950\" height=\"1244\" src=\"https:\/\/eadn-wc02-16313031.nxedge.io\/wp-content\/uploads\/2026\/02\/Bli-kjent-med-Fiskegull.png\" class=\"attachment-full size-full wp-image-3281\" alt=\"Lernen Sie Fiskegull kennen\" srcset=\"https:\/\/eadn-wc02-16313031.nxedge.io\/wp-content\/uploads\/2026\/02\/Bli-kjent-med-Fiskegull.png 1950w, https:\/\/eadn-wc02-16313031.nxedge.io\/wp-content\/uploads\/2026\/02\/Bli-kjent-med-Fiskegull-300x191.png 300w, https:\/\/eadn-wc02-16313031.nxedge.io\/wp-content\/uploads\/2026\/02\/Bli-kjent-med-Fiskegull-1024x653.png 1024w, https:\/\/eadn-wc02-16313031.nxedge.io\/wp-content\/uploads\/2026\/02\/Bli-kjent-med-Fiskegull-768x490.png 768w, https:\/\/eadn-wc02-16313031.nxedge.io\/wp-content\/uploads\/2026\/02\/Bli-kjent-med-Fiskegull-1536x980.png 1536w, https:\/\/eadn-wc02-16313031.nxedge.io\/wp-content\/uploads\/2026\/02\/Bli-kjent-med-Fiskegull-18x12.png 18w, https:\/\/eadn-wc02-16313031.nxedge.io\/wp-content\/uploads\/2026\/02\/Bli-kjent-med-Fiskegull-1320x842.png 1320w, https:\/\/eadn-wc02-16313031.nxedge.io\/wp-content\/uploads\/2026\/02\/Bli-kjent-med-Fiskegull-600x383.png 600w\" sizes=\"(max-width: 1950px) 100vw, 1950px\" \/>\t\t\t\t\t\t\t\t\t\t\t<figcaption class=\"widget-image-caption wp-caption-text\">Lernen Sie Fiskegull kennen<\/figcaption>\n\t\t\t\t\t\t\t\t\t\t<\/figure>\n\t\t\t\t\t\t\t\t\t<\/div>\n\t\t\t\t<\/div>\n\t\t\t\t\t<\/div>\n\t\t\t\t<\/div>\n\t\t\t\t<\/div>","protected":false},"excerpt":{"rendered":"<p>Salgsbetingelser for Fiskegull AS &#8211; Trygg Netthandel av Fiskesnacks Velkommen til Fiskegull! Her finner du v\u00e5re komplette salgsbetingelser for kj\u00f8p av fiskesnacks, fiskegodbiter og andre produkter i v\u00e5r nettbutikk. Disse vilk\u00e5rene sikrer dine rettigheter som forbruker ved netthandel. Dine Rettigheter ved Kj\u00f8p av Fiskesnacks Online Dette kj\u00f8pet er regulert av norsk forbrukerlovgivning, inkludert avtaleloven, forbrukerkj\u00f8psloven, [&hellip;]<\/p>\n","protected":false},"author":1,"featured_media":2809,"parent":0,"menu_order":0,"comment_status":"closed","ping_status":"closed","template":"","meta":{"footnotes":""},"class_list":["post-2463","page","type-page","status-publish","has-post-thumbnail","hentry"],"jetpack-related-posts":[],"jetpack_sharing_enabled":true,"_links":{"self":[{"href":"https:\/\/fiskegull.no\/de\/wp-json\/wp\/v2\/pages\/2463","targetHints":{"allow":["GET"]}}],"collection":[{"href":"https:\/\/fiskegull.no\/de\/wp-json\/wp\/v2\/pages"}],"about":[{"href":"https:\/\/fiskegull.no\/de\/wp-json\/wp\/v2\/types\/page"}],"author":[{"embeddable":true,"href":"https:\/\/fiskegull.no\/de\/wp-json\/wp\/v2\/users\/1"}],"replies":[{"embeddable":true,"href":"https:\/\/fiskegull.no\/de\/wp-json\/wp\/v2\/comments?post=2463"}],"version-history":[{"count":13,"href":"https:\/\/fiskegull.no\/de\/wp-json\/wp\/v2\/pages\/2463\/revisions"}],"predecessor-version":[{"id":3394,"href":"https:\/\/fiskegull.no\/de\/wp-json\/wp\/v2\/pages\/2463\/revisions\/3394"}],"wp:featuredmedia":[{"embeddable":true,"href":"https:\/\/fiskegull.no\/de\/wp-json\/wp\/v2\/media\/2809"}],"wp:attachment":[{"href":"https:\/\/fiskegull.no\/de\/wp-json\/wp\/v2\/media?parent=2463"}],"curies":[{"name":"wp","href":"https:\/\/api.w.org\/{rel}","templated":true}]}}