{"id":1806,"date":"2024-06-02T08:34:51","date_gmt":"2024-06-02T06:34:51","guid":{"rendered":"https:\/\/fb8feff000.nxcli.io\/?page_id=1806"},"modified":"2024-06-02T08:46:55","modified_gmt":"2024-06-02T06:46:55","slug":"vil-oke-sjomatkonsumet-med-20-prosent","status":"publish","type":"page","link":"https:\/\/fiskegull.no\/de\/vil-oke-sjomatkonsumet-med-20-prosent\/","title":{"rendered":"Vil \u00f8ke sj\u00f8matkonsumet med 20 prosent"},"content":{"rendered":"<div data-elementor-type=\"wp-page\" data-elementor-id=\"1806\" class=\"elementor elementor-1806\" data-elementor-post-type=\"page\">\n\t\t\t\t<div class=\"elementor-element elementor-element-d37e3ed e-flex e-con-boxed e-con e-parent\" data-id=\"d37e3ed\" data-element_type=\"container\" data-e-type=\"container\">\n\t\t\t\t\t<div class=\"e-con-inner\">\n\t\t\t\t<div class=\"elementor-element elementor-element-bac67b4 elementor-widget elementor-widget-heading\" data-id=\"bac67b4\" data-element_type=\"widget\" data-e-type=\"widget\" data-widget_type=\"heading.default\">\n\t\t\t\t<div class=\"elementor-widget-container\">\n\t\t\t\t\t<h2 class=\"elementor-heading-title elementor-size-default\">Vil \u00f8ke sj\u00f8matkonsumet med 20 prosent<\/h2>\t\t\t\t<\/div>\n\t\t\t\t<\/div>\n\t\t\t\t<div class=\"elementor-element elementor-element-87f6d49 elementor-widget elementor-widget-text-editor\" data-id=\"87f6d49\" data-element_type=\"widget\" data-e-type=\"widget\" data-widget_type=\"text-editor.default\">\n\t\t\t\t<div class=\"elementor-widget-container\">\n\t\t\t\t\t\t\t\t\t<p>Regjeringen vil jobbe for \u00e5 \u00f8ke forbruket av sj\u00f8mat med 20 prosent de neste fem \u00e5rene for \u00e5 bedre folkehelsen. &#8211; Et flott og ambisi\u00f8st m\u00e5l.<\/p><p>For kort tid siden fikk vi vite at norske barn spiser nesten dobbelt s\u00e5 mye s\u00f8tsaker som fisk. Gode vaner skapes tidlig, s\u00e5 det er viktig at Fiskegull inng\u00e5r i snacks tilbudet til b\u00e5de barn og voksne.<\/p>\t\t\t\t\t\t\t\t<\/div>\n\t\t\t\t<\/div>\n\t\t\t\t\t<\/div>\n\t\t\t\t<\/div>\n\t\t<div class=\"elementor-element elementor-element-b302cb6 e-flex e-con-boxed e-con e-parent\" data-id=\"b302cb6\" data-element_type=\"container\" data-e-type=\"container\">\n\t\t\t\t\t<div class=\"e-con-inner\">\n\t\t\t\t<div class=\"elementor-element elementor-element-8584d20 elementor-widget elementor-widget-image\" data-id=\"8584d20\" data-element_type=\"widget\" data-e-type=\"widget\" data-widget_type=\"image.default\">\n\t\t\t\t<div class=\"elementor-widget-container\">\n\t\t\t\t\t\t\t\t\t\t\t\t\t\t\t<img fetchpriority=\"high\" decoding=\"async\" width=\"800\" height=\"659\" src=\"https:\/\/eadn-wc02-16313031.nxedge.io\/wp-content\/uploads\/2024\/06\/Vil-Oke-Sjomatkonsumet-Med-20-Prosent\u200b.png\" class=\"attachment-large size-large wp-image-1812\" alt=\"Vil \u00d8ke Sj\u00f8matkonsumet Med 20 Prosent\u200b\" srcset=\"https:\/\/eadn-wc02-16313031.nxedge.io\/wp-content\/uploads\/2024\/06\/Vil-Oke-Sjomatkonsumet-Med-20-Prosent\u200b.png 1024w, https:\/\/eadn-wc02-16313031.nxedge.io\/wp-content\/uploads\/2024\/06\/Vil-Oke-Sjomatkonsumet-Med-20-Prosent\u200b-600x494.png 600w, https:\/\/eadn-wc02-16313031.nxedge.io\/wp-content\/uploads\/2024\/06\/Vil-Oke-Sjomatkonsumet-Med-20-Prosent\u200b-300x247.png 300w, https:\/\/eadn-wc02-16313031.nxedge.io\/wp-content\/uploads\/2024\/06\/Vil-Oke-Sjomatkonsumet-Med-20-Prosent\u200b-768x632.png 768w\" sizes=\"(max-width: 800px) 100vw, 800px\" \/>\t\t\t\t\t\t\t\t\t\t\t\t\t\t\t<\/div>\n\t\t\t\t<\/div>\n\t\t\t\t\t<\/div>\n\t\t\t\t<\/div>\n\t\t<div class=\"elementor-element elementor-element-b62e2c0 e-flex e-con-boxed e-con e-parent\" data-id=\"b62e2c0\" data-element_type=\"container\" data-e-type=\"container\">\n\t\t\t\t\t<div class=\"e-con-inner\">\n\t\t\t\t<div class=\"elementor-element elementor-element-f28e6ce elementor-widget elementor-widget-text-editor\" data-id=\"f28e6ce\" data-element_type=\"widget\" data-e-type=\"widget\" data-widget_type=\"text-editor.default\">\n\t\t\t\t<div class=\"elementor-widget-container\">\n\t\t\t\t\t\t\t\t\t<p>I kostr\u00e5d fra b\u00e5de 2011 og 2023 og i en stortingsmelding fra 1975 st\u00e5r det at \u00ab \u2026 man burde \u00f8ke forbruket av fisk og fiskeprodukter vesentlig\u00bb! Likevel utvikler det seg i feil retning.<\/p><p>Kun 2 prosent av maten v\u00e5r kommer fra sj\u00f8mat.<\/p><p>Fiskegull er snacks fra 100% sj\u00f8mat.<\/p><p><strong>Warum Goldfische?<\/strong><\/p><ol><li><strong>Unvergleichlicher Geschmack<\/strong>: Fiskegull smaker som verdens beste fiskechips. Kombinasjonen av perfekt krydderbalanse og kvaliteten p\u00e5 fisken gir en uimotst\u00e5elig smak.<\/li><li><strong>Gesundheitliche Vorteile<\/strong>: Fiskegull inneholder viktige n\u00e6ringsstoffer som omega-3 fettsyrer (DHA og EPA) og kollagen, som er essensielt for sunn hud, h\u00e5r, negler, brusk, leddb\u00e5nd, ben og \u00f8yne.<\/li><li><strong>Von den Beh\u00f6rden empfohlen<\/strong>: Ved \u00e5 spise fisk to til tre ganger i uken, inkludert fet fisk, kan du redusere risikoen for hjerte- og karsykdommer og andre helseproblemer. Fiskegull gj\u00f8r det enkelt \u00e5 f\u00f8lge disse anbefalingene.<\/li><li><strong>Praktisch und geschmackvoll<\/strong>: Fiskegull er ikke bare sunt, men ogs\u00e5 en praktisk og deilig snacks som kan nytes n\u00e5r som helst. Den er ideell for de som \u00f8nsker en rask og n\u00e6ringsrik snack som ogs\u00e5 smaker fantastisk.<\/li><\/ol><p>\u00a0<\/p>\t\t\t\t\t\t\t\t<\/div>\n\t\t\t\t<\/div>\n\t\t\t\t\t<\/div>\n\t\t\t\t<\/div>\n\t\t<div class=\"elementor-element elementor-element-25f4dc5 e-flex e-con-boxed e-con e-parent\" data-id=\"25f4dc5\" data-element_type=\"container\" data-e-type=\"container\">\n\t\t\t\t\t<div class=\"e-con-inner\">\n\t\t\t\t<div class=\"elementor-element elementor-element-3c82fa0 elementor-widget elementor-widget-image\" data-id=\"3c82fa0\" data-element_type=\"widget\" data-e-type=\"widget\" data-widget_type=\"image.default\">\n\t\t\t\t<div class=\"elementor-widget-container\">\n\t\t\t\t\t\t\t\t\t\t\t\t<figure class=\"wp-caption\">\n\t\t\t\t\t\t\t\t\t\t<img decoding=\"async\" width=\"717\" height=\"1024\" src=\"https:\/\/eadn-wc02-16313031.nxedge.io\/wp-content\/uploads\/2024\/06\/Vil-Oke-Sjomatkonsumet-Med-20-Prosent\u200b-2-717x1024.png\" class=\"attachment-large size-large wp-image-1813\" alt=\"Vil \u00d8ke Sj\u00f8matkonsumet Med 20 Prosent\u200b\" srcset=\"https:\/\/eadn-wc02-16313031.nxedge.io\/wp-content\/uploads\/2024\/06\/Vil-Oke-Sjomatkonsumet-Med-20-Prosent\u200b-2-717x1024.png 717w, https:\/\/eadn-wc02-16313031.nxedge.io\/wp-content\/uploads\/2024\/06\/Vil-Oke-Sjomatkonsumet-Med-20-Prosent\u200b-2-600x857.png 600w, https:\/\/eadn-wc02-16313031.nxedge.io\/wp-content\/uploads\/2024\/06\/Vil-Oke-Sjomatkonsumet-Med-20-Prosent\u200b-2-210x300.png 210w, https:\/\/eadn-wc02-16313031.nxedge.io\/wp-content\/uploads\/2024\/06\/Vil-Oke-Sjomatkonsumet-Med-20-Prosent\u200b-2-768x1097.png 768w, https:\/\/eadn-wc02-16313031.nxedge.io\/wp-content\/uploads\/2024\/06\/Vil-Oke-Sjomatkonsumet-Med-20-Prosent\u200b-2-1075x1536.png 1075w, https:\/\/eadn-wc02-16313031.nxedge.io\/wp-content\/uploads\/2024\/06\/Vil-Oke-Sjomatkonsumet-Med-20-Prosent\u200b-2-1320x1886.png 1320w, https:\/\/eadn-wc02-16313031.nxedge.io\/wp-content\/uploads\/2024\/06\/Vil-Oke-Sjomatkonsumet-Med-20-Prosent\u200b-2.png 1400w\" sizes=\"(max-width: 717px) 100vw, 717px\" \/>\t\t\t\t\t\t\t\t\t\t\t<figcaption class=\"widget-image-caption wp-caption-text\">Vil \u00d8ke Sj\u00f8matkonsumet Med 20 Prosent\u200b<\/figcaption>\n\t\t\t\t\t\t\t\t\t\t<\/figure>\n\t\t\t\t\t\t\t\t\t<\/div>\n\t\t\t\t<\/div>\n\t\t\t\t\t<\/div>\n\t\t\t\t<\/div>\n\t\t<div class=\"elementor-element elementor-element-c48bc83 e-flex e-con-boxed e-con e-parent\" data-id=\"c48bc83\" data-element_type=\"container\" data-e-type=\"container\">\n\t\t\t\t\t<div class=\"e-con-inner\">\n\t\t\t\t<div class=\"elementor-element elementor-element-40615f1 elementor-align-center elementor-widget elementor-widget-button\" data-id=\"40615f1\" data-element_type=\"widget\" data-e-type=\"widget\" data-widget_type=\"button.default\">\n\t\t\t\t<div class=\"elementor-widget-container\">\n\t\t\t\t\t\t\t\t\t<div class=\"elementor-button-wrapper\">\n\t\t\t\t\t<a class=\"elementor-button elementor-button-link elementor-size-sm\" href=\"https:\/\/fiskegull.no\/de\/vare-produkter\/\">\n\t\t\t\t\t\t<span class=\"elementor-button-content-wrapper\">\n\t\t\t\t\t\t\t\t\t<span class=\"elementor-button-text\">Unsere Produkte<\/span>\n\t\t\t\t\t<\/span>\n\t\t\t\t\t<\/a>\n\t\t\t\t<\/div>\n\t\t\t\t\t\t\t\t<\/div>\n\t\t\t\t<\/div>\n\t\t\t\t\t<\/div>\n\t\t\t\t<\/div>\n\t\t\t\t<\/div>","protected":false},"excerpt":{"rendered":"<p>Vil \u00f8ke sj\u00f8matkonsumet med 20 prosent Regjeringen vil jobbe for \u00e5 \u00f8ke forbruket av sj\u00f8mat med 20 prosent de neste fem \u00e5rene for \u00e5 bedre folkehelsen. &#8211; Et flott og ambisi\u00f8st m\u00e5l. For kort tid siden fikk vi vite at norske barn spiser nesten dobbelt s\u00e5 mye s\u00f8tsaker som fisk. Gode vaner skapes tidlig, s\u00e5 [&hellip;]<\/p>\n","protected":false},"author":1,"featured_media":0,"parent":0,"menu_order":0,"comment_status":"closed","ping_status":"closed","template":"","meta":{"footnotes":""},"class_list":["post-1806","page","type-page","status-publish","hentry"],"jetpack-related-posts":[],"jetpack_sharing_enabled":true,"_links":{"self":[{"href":"https:\/\/fiskegull.no\/de\/wp-json\/wp\/v2\/pages\/1806","targetHints":{"allow":["GET"]}}],"collection":[{"href":"https:\/\/fiskegull.no\/de\/wp-json\/wp\/v2\/pages"}],"about":[{"href":"https:\/\/fiskegull.no\/de\/wp-json\/wp\/v2\/types\/page"}],"author":[{"embeddable":true,"href":"https:\/\/fiskegull.no\/de\/wp-json\/wp\/v2\/users\/1"}],"replies":[{"embeddable":true,"href":"https:\/\/fiskegull.no\/de\/wp-json\/wp\/v2\/comments?post=1806"}],"version-history":[{"count":0,"href":"https:\/\/fiskegull.no\/de\/wp-json\/wp\/v2\/pages\/1806\/revisions"}],"wp:attachment":[{"href":"https:\/\/fiskegull.no\/de\/wp-json\/wp\/v2\/media?parent=1806"}],"curies":[{"name":"wp","href":"https:\/\/api.w.org\/{rel}","templated":true}]}}