{"id":1659,"date":"2024-06-01T13:42:32","date_gmt":"2024-06-01T11:42:32","guid":{"rendered":"https:\/\/fb8feff000.nxcli.io\/?page_id=1659"},"modified":"2024-06-01T14:05:11","modified_gmt":"2024-06-01T12:05:11","slug":"baconsvor-vs-fiskeskinn","status":"publish","type":"page","link":"https:\/\/fiskegull.no\/de\/baconsvor-vs-fiskeskinn\/","title":{"rendered":"Baconsvor VS Fiskeskinn"},"content":{"rendered":"<div data-elementor-type=\"wp-page\" data-elementor-id=\"1659\" class=\"elementor elementor-1659\" data-elementor-post-type=\"page\">\n\t\t\t\t<div class=\"elementor-element elementor-element-67523a7 e-flex e-con-boxed e-con e-parent\" data-id=\"67523a7\" data-element_type=\"container\" data-e-type=\"container\">\n\t\t\t\t\t<div class=\"e-con-inner\">\n\t\t\t\t<div class=\"elementor-element elementor-element-2a1e1cf elementor-widget elementor-widget-heading\" data-id=\"2a1e1cf\" data-element_type=\"widget\" data-e-type=\"widget\" data-widget_type=\"heading.default\">\n\t\t\t\t<div class=\"elementor-widget-container\">\n\t\t\t\t\t<h2 class=\"elementor-heading-title elementor-size-default\">Baconsvor VS Fiskeskinn<\/h2>\t\t\t\t<\/div>\n\t\t\t\t<\/div>\n\t\t\t\t<div class=\"elementor-element elementor-element-c32b01f elementor-widget elementor-widget-text-editor\" data-id=\"c32b01f\" data-element_type=\"widget\" data-e-type=\"widget\" data-widget_type=\"text-editor.default\">\n\t\t\t\t<div class=\"elementor-widget-container\">\n\t\t\t\t\t\t\t\t\t<p>Benevningen er nok noe forskjellig fra produsent til produsent, men&nbsp;<b>BACONCRISP er som regel laget p\u00e5 mais og den typen er ikke karbofri.<\/b>&nbsp;<b>Baconsvor er karbofri<\/b>, og MAARUD BACONGULL er ogs\u00e5 tiln\u00e6rmet karbofri. BACONSNACKS best\u00e5r i stor del av hvetemel, vegetabilsk olje og krydder og er laget for \u00e5 etterligne baconsvor.<\/p><p>Er du p\u00e5 lavkarbo og lyst p\u00e5 snacks&#8230; baconcrisp, ja takk!<\/p><p>MEN, visste du at det finnes et bedre alternativ? Som smaker omtrent som Baconsvor, men som er laget av fiskeskinn?<br>Die Beh\u00f6rden empfehlen, zwei- bis dreimal pro Woche Fisch zu essen.<\/p><p>F\u00fcr eine optimale Gesundheit wird empfohlen, dass etwa die H\u00e4lfte Ihres Fischkonsums aus fettem Fisch besteht. Denn fetter Fisch und andere Meeresfr\u00fcchte werden unter anderem mit einem geringeren Risiko f\u00fcr Herz-Kreislauf-Erkrankungen in Verbindung gebracht. Die richtige N\u00e4hrstoffbalance in Ihrer Ern\u00e4hrung, wie beispielsweise wenige Kohlenhydrate, viel Eiwei\u00df und langkettige Omega-3-Fetts\u00e4uren (DHA und EPA), die in Fisch enthalten sind, kann erhebliche gesundheitliche Vorteile mit sich bringen.<\/p><p>Fiskegull \u2013 En smakfull kilde til n\u00e6ring<\/p><p>Fiskegull er ikke bare sunt, men ogs\u00e5 utrolig smakfullt. Det smaker som verdens beste fiskechips, og du vil bli positivt overrasket over hvor godt det er. \u00c5 velge fiskegull som ditt favoritt snacks kan gj\u00f8re det enklere og mer behagelig \u00e5 f\u00e5 i seg de n\u00f8dvendige n\u00e6ringsstoffene fra fisk.<\/p>\t\t\t\t\t\t\t\t<\/div>\n\t\t\t\t<\/div>\n\t\t\t\t\t<\/div>\n\t\t\t\t<\/div>\n\t\t<div class=\"elementor-element elementor-element-dfa1fd6 e-flex e-con-boxed e-con e-parent\" data-id=\"dfa1fd6\" data-element_type=\"container\" data-e-type=\"container\">\n\t\t\t\t\t<div class=\"e-con-inner\">\n\t\t\t\t<div class=\"elementor-element elementor-element-94b275c elementor-widget elementor-widget-image\" data-id=\"94b275c\" data-element_type=\"widget\" data-e-type=\"widget\" data-widget_type=\"image.default\">\n\t\t\t\t<div class=\"elementor-widget-container\">\n\t\t\t\t\t\t\t\t\t\t\t\t<figure class=\"wp-caption\">\n\t\t\t\t\t\t\t\t\t\t<img fetchpriority=\"high\" decoding=\"async\" width=\"800\" height=\"534\" src=\"https:\/\/eadn-wc02-16313031.nxedge.io\/wp-content\/uploads\/2024\/06\/Baconsvor-VS-Fiskeskinn\u200b-1024x683.jpg\" class=\"attachment-large size-large wp-image-1661\" alt=\"Baconsvor VS Fiskeskinn\u200b\" srcset=\"https:\/\/eadn-wc02-16313031.nxedge.io\/wp-content\/uploads\/2024\/06\/Baconsvor-VS-Fiskeskinn\u200b-1024x683.jpg 1024w, https:\/\/eadn-wc02-16313031.nxedge.io\/wp-content\/uploads\/2024\/06\/Baconsvor-VS-Fiskeskinn\u200b-600x400.jpg 600w, https:\/\/eadn-wc02-16313031.nxedge.io\/wp-content\/uploads\/2024\/06\/Baconsvor-VS-Fiskeskinn\u200b-300x200.jpg 300w, https:\/\/eadn-wc02-16313031.nxedge.io\/wp-content\/uploads\/2024\/06\/Baconsvor-VS-Fiskeskinn\u200b-768x512.jpg 768w, https:\/\/eadn-wc02-16313031.nxedge.io\/wp-content\/uploads\/2024\/06\/Baconsvor-VS-Fiskeskinn\u200b-1536x1025.jpg 1536w, https:\/\/eadn-wc02-16313031.nxedge.io\/wp-content\/uploads\/2024\/06\/Baconsvor-VS-Fiskeskinn\u200b-2048x1366.jpg 2048w, https:\/\/eadn-wc02-16313031.nxedge.io\/wp-content\/uploads\/2024\/06\/Baconsvor-VS-Fiskeskinn\u200b-1320x881.jpg 1320w\" sizes=\"(max-width: 800px) 100vw, 800px\" \/>\t\t\t\t\t\t\t\t\t\t\t<figcaption class=\"widget-image-caption wp-caption-text\">Baconsvor VS Fiskeskinn\u200b<\/figcaption>\n\t\t\t\t\t\t\t\t\t\t<\/figure>\n\t\t\t\t\t\t\t\t\t<\/div>\n\t\t\t\t<\/div>\n\t\t\t\t<div class=\"elementor-element elementor-element-b7b1515 elementor-widget elementor-widget-text-editor\" data-id=\"b7b1515\" data-element_type=\"widget\" data-e-type=\"widget\" data-widget_type=\"text-editor.default\">\n\t\t\t\t<div class=\"elementor-widget-container\">\n\t\t\t\t\t\t\t\t\t<h3>Myndighetene Anbefaler: Spis Fisk To til Tre Ganger i Uken<\/h3><p>For optimal helse anbefales det at omtrent halvparten av fiskekonsumet er fet fisk. Dette skyldes at fet fisk og annen sj\u00f8mat er assosiert med redusert risiko for blant annet hjerte- og karsykdommer. Den riktige balansen av n\u00e6ringsstoffer i kostholdet, som lite karbohydrater, mye protein og langkjedede omega-3 fettsyrer (DHA og EPA) som finnes i fisk, kan ha betydelige helsemessige fordeler.<\/p><h3>Fischmehl \u2013 \u200b\u200bEine schmackhafte N\u00e4hrstoffquelle<\/h3><p><strong>Fischgold<\/strong> er ikke bare sunt, men ogs\u00e5 utrolig smakfullt. Det smaker som verdens beste fiskechips, og du vil bli positivt overrasket over hvor godt det er. \u00c5 velge Fiskegull som ditt favorittsnacks kan gj\u00f8re det enklere og mer behagelig \u00e5 f\u00e5 i seg de n\u00f8dvendige n\u00e6ringsstoffene fra fisk.<\/p><h4>Helsefordeler med Fiskegull:<\/h4><ul><li><strong>Proteinreich<\/strong>: Bidrar til muskelvekst og generell kroppsstyrke.<\/li><li><strong>Omega-3-Fetts\u00e4uren<\/strong>Unterst\u00fctzt die Herz- und Gehirngesundheit.<\/li><li><strong>Kollagen<\/strong>: Forbedrer hudhelse og leddfunksjon.<\/li><\/ul><p>Fiskegull tilbyr en deilig og spr\u00f8 opplevelse, laget av 100% norsk laks, rik p\u00e5 viktige proteiner og omega-3 fettsyrer, og helt uten tilsetningsstoffer. Dette gj\u00f8r det til en perfekt snacks for de som \u00f8nsker \u00e5 spise sunt og holde seg i form.<\/p><h4>Hvorfor Velge Fiskegull?<\/h4><ul><li><strong>Nachhaltig<\/strong>: Ved \u00e5 bruke et biprodukt fra fiskeindustrien, bidrar vi til \u00e5 redusere matsvinn og fremme b\u00e6rekraftig matproduksjon.<\/li><li><strong>Nahrhaft<\/strong>: Inneholder lite karbohydrater, men mye protein og sunne fettsyrer som st\u00f8tter hjertehelse, hudhelse og generell velv\u00e6re.<\/li><li><strong>Naturlig og Sunt<\/strong>: Uten kunstige tilsetningsstoffer og fullpakket med naturlige n\u00e6ringsstoffer som omega-3 fettsyrer, kollagen og protein.<\/li><\/ul><p>\u00a0<\/p><p><strong>Fiskegull &#8211; Sunn og milj\u00f8vennlig snacks, rett fra havet!<\/strong><\/p>\t\t\t\t\t\t\t\t<\/div>\n\t\t\t\t<\/div>\n\t\t\t\t\t<\/div>\n\t\t\t\t<\/div>\n\t\t<div class=\"elementor-element elementor-element-275cac9 e-flex e-con-boxed e-con e-parent\" data-id=\"275cac9\" data-element_type=\"container\" data-e-type=\"container\">\n\t\t\t\t\t<div class=\"e-con-inner\">\n\t\t\t\t<div class=\"elementor-element elementor-element-c554247 elementor-widget elementor-widget-image\" data-id=\"c554247\" data-element_type=\"widget\" data-e-type=\"widget\" data-widget_type=\"image.default\">\n\t\t\t\t<div class=\"elementor-widget-container\">\n\t\t\t\t\t\t\t\t\t\t\t\t\t\t\t<img decoding=\"async\" width=\"717\" height=\"1024\" src=\"https:\/\/eadn-wc02-16313031.nxedge.io\/wp-content\/uploads\/2024\/06\/Baconsvor-VS-Fiskeskinn\u200b-717x1024.png\" class=\"attachment-large size-large wp-image-1663\" alt=\"\" srcset=\"https:\/\/eadn-wc02-16313031.nxedge.io\/wp-content\/uploads\/2024\/06\/Baconsvor-VS-Fiskeskinn\u200b-717x1024.png 717w, https:\/\/eadn-wc02-16313031.nxedge.io\/wp-content\/uploads\/2024\/06\/Baconsvor-VS-Fiskeskinn\u200b-600x857.png 600w, https:\/\/eadn-wc02-16313031.nxedge.io\/wp-content\/uploads\/2024\/06\/Baconsvor-VS-Fiskeskinn\u200b-210x300.png 210w, https:\/\/eadn-wc02-16313031.nxedge.io\/wp-content\/uploads\/2024\/06\/Baconsvor-VS-Fiskeskinn\u200b-768x1097.png 768w, https:\/\/eadn-wc02-16313031.nxedge.io\/wp-content\/uploads\/2024\/06\/Baconsvor-VS-Fiskeskinn\u200b-1075x1536.png 1075w, https:\/\/eadn-wc02-16313031.nxedge.io\/wp-content\/uploads\/2024\/06\/Baconsvor-VS-Fiskeskinn\u200b-1320x1886.png 1320w, https:\/\/eadn-wc02-16313031.nxedge.io\/wp-content\/uploads\/2024\/06\/Baconsvor-VS-Fiskeskinn\u200b.png 1400w\" sizes=\"(max-width: 717px) 100vw, 717px\" \/>\t\t\t\t\t\t\t\t\t\t\t\t\t\t\t<\/div>\n\t\t\t\t<\/div>\n\t\t\t\t\t<\/div>\n\t\t\t\t<\/div>\n\t\t\t\t<\/div>","protected":false},"excerpt":{"rendered":"<p>Baconsvor VS Fiskeskinn Benevningen er nok noe forskjellig fra produsent til produsent, men&nbsp;BACONCRISP er som regel laget p\u00e5 mais og den typen er ikke karbofri.&nbsp;Baconsvor er karbofri, og MAARUD BACONGULL er ogs\u00e5 tiln\u00e6rmet karbofri. BACONSNACKS best\u00e5r i stor del av hvetemel, vegetabilsk olje og krydder og er laget for \u00e5 etterligne baconsvor. Er du p\u00e5 [&hellip;]<\/p>\n","protected":false},"author":1,"featured_media":0,"parent":0,"menu_order":0,"comment_status":"closed","ping_status":"closed","template":"","meta":{"footnotes":""},"class_list":["post-1659","page","type-page","status-publish","hentry"],"jetpack-related-posts":[],"jetpack_sharing_enabled":true,"_links":{"self":[{"href":"https:\/\/fiskegull.no\/de\/wp-json\/wp\/v2\/pages\/1659","targetHints":{"allow":["GET"]}}],"collection":[{"href":"https:\/\/fiskegull.no\/de\/wp-json\/wp\/v2\/pages"}],"about":[{"href":"https:\/\/fiskegull.no\/de\/wp-json\/wp\/v2\/types\/page"}],"author":[{"embeddable":true,"href":"https:\/\/fiskegull.no\/de\/wp-json\/wp\/v2\/users\/1"}],"replies":[{"embeddable":true,"href":"https:\/\/fiskegull.no\/de\/wp-json\/wp\/v2\/comments?post=1659"}],"version-history":[{"count":0,"href":"https:\/\/fiskegull.no\/de\/wp-json\/wp\/v2\/pages\/1659\/revisions"}],"wp:attachment":[{"href":"https:\/\/fiskegull.no\/de\/wp-json\/wp\/v2\/media?parent=1659"}],"curies":[{"name":"wp","href":"https:\/\/api.w.org\/{rel}","templated":true}]}}